{"id":85329,"date":"2020-04-25T23:50:52","date_gmt":"2020-04-25T23:50:52","guid":{"rendered":"https:\/\/1875.ch\/philosophy\/"},"modified":"2020-10-29T00:49:31","modified_gmt":"2020-10-29T00:49:31","slug":"philosophie","status":"publish","type":"page","link":"https:\/\/1875.ch\/de\/branchen\/institutionelle-kunden\/philosophie\/","title":{"rendered":"Philosophie"},"content":{"rendered":"<div class=\"wpb-content-wrapper\"><p>[vc_row row_height_percent=&#8220;0&#8243; override_padding=&#8220;yes&#8220; h_padding=&#8220;2&#8243; top_padding=&#8220;5&#8243; bottom_padding=&#8220;2&#8243; overlay_alpha=&#8220;50&#8243; gutter_size=&#8220;3&#8243; column_width_percent=&#8220;100&#8243; shift_y=&#8220;0&#8243; z_index=&#8220;0&#8243;][vc_column column_width_percent=&#8220;100&#8243; align_horizontal=&#8220;align_center&#8220; gutter_size=&#8220;3&#8243; overlay_alpha=&#8220;50&#8243; shift_x=&#8220;0&#8243; shift_y=&#8220;0&#8243; shift_y_down=&#8220;0&#8243; z_index=&#8220;0&#8243; medium_width=&#8220;0&#8243; mobile_width=&#8220;0&#8243; width=&#8220;1\/1&#8243;][vc_custom_heading heading_semantic=&#8220;h1&#8243; separator=&#8220;yes&#8220; separator_color=&#8220;yes&#8220; sub_lead=&#8220;yes&#8220; css_animation=&#8220;curtain&#8220; animation_delay=&#8220;200&#8243;]Institutionelle Kunden:<br \/>\nZugelassen durch die FINMA[\/vc_custom_heading][\/vc_column][\/vc_row][vc_row row_height_percent=&#8220;0&#8243; overlay_alpha=&#8220;50&#8243; gutter_size=&#8220;3&#8243; column_width_percent=&#8220;100&#8243; shift_y=&#8220;0&#8243; z_index=&#8220;0&#8243;][vc_column width=&#8220;1\/1&#8243;][vc_column_text]<\/p>\n<h4>Als unabh\u00e4ngiger Verm\u00f6gensverwalter mit FINMA-Zulassung sichert\u00a0<strong>1875 FINANCE<\/strong>\u00a0institutionellen Anlegern einen robusten Anlageprozess zu, der die Gesamtheit der Anlagerestriktionen und auch die Governance-Grunds\u00e4tze ber\u00fccksichtigt.<\/h4>\n<p>[\/vc_column_text][\/vc_column][\/vc_row][vc_row row_height_percent=&#8220;0&#8243; override_padding=&#8220;yes&#8220; h_padding=&#8220;2&#8243; top_padding=&#8220;3&#8243; bottom_padding=&#8220;3&#8243; overlay_alpha=&#8220;50&#8243; gutter_size=&#8220;3&#8243; column_width_percent=&#8220;100&#8243; shift_y=&#8220;0&#8243; z_index=&#8220;0&#8243;][vc_column column_width_percent=&#8220;100&#8243; gutter_size=&#8220;2&#8243; override_padding=&#8220;yes&#8220; column_padding=&#8220;0&#8243; overlay_alpha=&#8220;50&#8243; shift_x=&#8220;0&#8243; shift_y=&#8220;0&#8243; shift_y_down=&#8220;0&#8243; z_index=&#8220;0&#8243; medium_width=&#8220;0&#8243; mobile_width=&#8220;0&#8243; radius=&#8220;sm&#8220; width=&#8220;1\/1&#8243;][vc_row_inner row_inner_height_percent=&#8220;0&#8243; overlay_alpha=&#8220;50&#8243; gutter_size=&#8220;4&#8243; shift_y=&#8220;0&#8243; z_index=&#8220;0&#8243; limit_content=&#8220;&#8220;][vc_column_inner column_width_percent=&#8220;100&#8243; gutter_size=&#8220;3&#8243; font_family=&#8220;font-175345&#8243; overlay_alpha=&#8220;50&#8243; shift_x=&#8220;0&#8243; shift_y=&#8220;0&#8243; shift_y_down=&#8220;0&#8243; z_index=&#8220;0&#8243; medium_width=&#8220;3&#8243; mobile_width=&#8220;0&#8243; css_animation=&#8220;right-t-left&#8220; width=&#8220;1\/2&#8243;][vc_icon position=&#8220;left&#8220; icon=&#8220;fa fa-strategy&#8220; icon_image=&#8220;84790&#8243; icon_color=&#8220;accent&#8220; media_size=&#8220;64&#8243; text_font=&#8220;font-931455&#8243; text_weight=&#8220;300&#8243; text_space=&#8220;fontspace-781688&#8243;]<strong>Unsere Anlagephilosophie<\/strong>\u00a0beruht auf einem quantitativen Modell der Verm\u00f6gensallokation, das<strong>\u00a0kognitive Verzerrungen<\/strong>\u00a0des Menschen korrigiert.[\/vc_icon][\/vc_column_inner][vc_column_inner column_width_percent=&#8220;100&#8243; gutter_size=&#8220;3&#8243; font_family=&#8220;font-175345&#8243; overlay_alpha=&#8220;50&#8243; shift_x=&#8220;0&#8243; shift_y=&#8220;0&#8243; shift_y_down=&#8220;0&#8243; z_index=&#8220;0&#8243; medium_width=&#8220;3&#8243; mobile_width=&#8220;0&#8243; css_animation=&#8220;right-t-left&#8220; animation_delay=&#8220;200&#8243; width=&#8220;1\/2&#8243;][vc_icon position=&#8220;left&#8220; icon=&#8220;fa fa-circle-compass&#8220; icon_image=&#8220;85060&#8243; icon_color=&#8220;accent&#8220; media_size=&#8220;64&#8243; text_weight=&#8220;300&#8243; text_space=&#8220;fontspace-781688&#8243;]Um das Gesamtrisikos des Portfolios zu minimieren, bewirtschaften wir aktiv die W\u00e4hrungen, um\u00a0<strong>haupts\u00e4chlich in der Referenzw\u00e4hrung\u00a0<\/strong>unserer Kunden zu bleiben.[\/vc_icon][\/vc_column_inner][\/vc_row_inner][vc_row_inner row_inner_height_percent=&#8220;0&#8243; overlay_alpha=&#8220;50&#8243; gutter_size=&#8220;4&#8243; shift_y=&#8220;0&#8243; z_index=&#8220;0&#8243; limit_content=&#8220;&#8220;][vc_column_inner column_width_percent=&#8220;100&#8243; gutter_size=&#8220;3&#8243; font_family=&#8220;font-175345&#8243; overlay_alpha=&#8220;50&#8243; shift_x=&#8220;0&#8243; shift_y=&#8220;0&#8243; shift_y_down=&#8220;0&#8243; z_index=&#8220;0&#8243; medium_width=&#8220;3&#8243; mobile_width=&#8220;0&#8243; css_animation=&#8220;right-t-left&#8220; width=&#8220;1\/2&#8243;][vc_icon position=&#8220;left&#8220; icon=&#8220;fa fa-strategy&#8220; icon_image=&#8220;84781&#8243; icon_color=&#8220;accent&#8220; media_size=&#8220;64&#8243; text_weight=&#8220;300&#8243; text_space=&#8220;fontspace-781688&#8243;]Zu\u00a0<strong>Optimierung von Risiken<\/strong>\u00a0und zu deren \u00dcberwachung kommen Tools zum Einsatz, um das Verh\u00e4ltnis von Risiko \/ Rendite des Portfolios zu optimieren.[\/vc_icon][\/vc_column_inner][vc_column_inner column_width_percent=&#8220;100&#8243; gutter_size=&#8220;3&#8243; font_family=&#8220;font-175345&#8243; overlay_alpha=&#8220;50&#8243; shift_x=&#8220;0&#8243; shift_y=&#8220;0&#8243; shift_y_down=&#8220;0&#8243; z_index=&#8220;0&#8243; medium_width=&#8220;3&#8243; mobile_width=&#8220;0&#8243; css_animation=&#8220;right-t-left&#8220; animation_delay=&#8220;200&#8243; width=&#8220;1\/2&#8243;][vc_icon position=&#8220;left&#8220; icon=&#8220;fa fa-circle-compass&#8220; icon_image=&#8220;84814&#8243; icon_color=&#8220;accent&#8220; media_size=&#8220;64&#8243; text_weight=&#8220;300&#8243; text_space=&#8220;fontspace-781688&#8243;]<strong>Transparenz<\/strong>,\u00a0<strong>Liquidit\u00e4t<\/strong>,\u00a0<strong>Qualit\u00e4t<\/strong>\u00a0und\u00a0<strong>Kosten<\/strong>\u00a0sind die zentralen Auswahlkriterien f\u00fcr die Selektion von Anlageinstrumenten.[\/vc_icon][\/vc_column_inner][\/vc_row_inner][vc_row_inner row_inner_height_percent=&#8220;0&#8243; overlay_alpha=&#8220;50&#8243; gutter_size=&#8220;4&#8243; shift_y=&#8220;0&#8243; z_index=&#8220;0&#8243; limit_content=&#8220;&#8220;][vc_column_inner column_width_percent=&#8220;100&#8243; gutter_size=&#8220;3&#8243; font_family=&#8220;font-175345&#8243; overlay_alpha=&#8220;50&#8243; shift_x=&#8220;0&#8243; shift_y=&#8220;0&#8243; shift_y_down=&#8220;0&#8243; z_index=&#8220;0&#8243; medium_width=&#8220;3&#8243; mobile_width=&#8220;0&#8243; css_animation=&#8220;right-t-left&#8220; width=&#8220;1\/2&#8243;][vc_icon position=&#8220;left&#8220; icon=&#8220;fa fa-strategy&#8220; icon_image=&#8220;84806&#8243; icon_color=&#8220;accent&#8220; media_size=&#8220;64&#8243; text_weight=&#8220;300&#8243; text_space=&#8220;fontspace-781688&#8243;]Wir glauben, dass das Erzielen von Performance haupts\u00e4chlich vom\u00a0<strong>Verst\u00e4ndnis der verschiedenen der M\u00e4rkte<\/strong>\u00a0abh\u00e4ngt.[\/vc_icon][\/vc_column_inner][vc_column_inner column_width_percent=&#8220;100&#8243; gutter_size=&#8220;3&#8243; font_family=&#8220;font-175345&#8243; overlay_alpha=&#8220;50&#8243; shift_x=&#8220;0&#8243; shift_y=&#8220;0&#8243; shift_y_down=&#8220;0&#8243; z_index=&#8220;0&#8243; medium_width=&#8220;3&#8243; mobile_width=&#8220;0&#8243; css_animation=&#8220;right-t-left&#8220; animation_delay=&#8220;200&#8243; width=&#8220;1\/2&#8243;][vc_icon position=&#8220;left&#8220; icon=&#8220;fa fa-circle-compass&#8220; icon_image=&#8220;84784&#8243; icon_color=&#8220;accent&#8220; media_size=&#8220;64&#8243; text_weight=&#8220;300&#8243; text_space=&#8220;fontspace-781688&#8243;]Obwohl wir\u00a0<strong>quantitative Tools<\/strong>\u00a0verwenden, so bleiben doch<strong>\u00a0Erfahrung<\/strong>\u00a0und\u00a0<strong>Selbst-Erlebtes<\/strong>\u00a0die wichtigsten Faktoren zur Schaffung von Performance.[\/vc_icon][\/vc_column_inner][\/vc_row_inner][\/vc_column][\/vc_row][vc_row unlock_row_content=&#8220;yes&#8220; row_height_percent=&#8220;0&#8243; override_padding=&#8220;yes&#8220; h_padding=&#8220;0&#8243; top_padding=&#8220;4&#8243; bottom_padding=&#8220;0&#8243; back_color=&#8220;color-lxmt&#8220; overlay_alpha=&#8220;50&#8243; equal_height=&#8220;yes&#8220; gutter_size=&#8220;0&#8243; column_width_percent=&#8220;100&#8243; shift_y=&#8220;0&#8243; z_index=&#8220;0&#8243; enable_top_divider=&#8220;default&#8220; top_divider_inv=&#8220;step_2_3&#8243; shape_top_invert=&#8220;yes&#8220; shape_top_h_use_pixel=&#8220;true&#8220; shape_top_height_percent=&#8220;100&#8243; shape_top_opacity=&#8220;100&#8243; shape_top_index=&#8220;0&#8243; shape_top_responsive=&#8220;yes&#8220; shape_top_tablet_hide=&#8220;yes&#8220; shape_top_mobile_hide=&#8220;yes&#8220;][vc_column column_width_use_pixel=&#8220;yes&#8220; position_horizontal=&#8220;right&#8220; position_vertical=&#8220;middle&#8220; gutter_size=&#8220;3&#8243; override_padding=&#8220;yes&#8220; column_padding=&#8220;3&#8243; font_family=&#8220;font-175345&#8243; overlay_alpha=&#8220;50&#8243; shift_x=&#8220;0&#8243; shift_y=&#8220;0&#8243; shift_y_down=&#8220;0&#8243; z_index=&#8220;0&#8243; medium_width=&#8220;0&#8243; mobile_width=&#8220;0&#8243; css_animation=&#8220;bottom-t-top&#8220; animation_delay=&#8220;200&#8243; width=&#8220;7\/12&#8243; column_width_pixel=&#8220;652&#8243;][vc_custom_heading heading_semantic=&#8220;h3&#8243; text_size=&#8220;h3&#8243; text_weight=&#8220;300&#8243; text_height=&#8220;fontheight-357766&#8243; text_space=&#8220;fontspace-781688&#8243; css_animation=&#8220;curtain&#8220; animation_delay=&#8220;200&#8243;]Asymmetrischer Ansatz[\/vc_custom_heading][vc_column_text text_lead=&#8220;yes&#8220;]Wir begleiten Sie bei der Verwaltung Ihrer Verm\u00f6genswerte, um Ihnen eine nachvollziehbare und asymmetrische Performance zu bieten, wobei wir uns auf die Kompetenzen unserer Plattform zur\u00fcckgreifen. Wir greifen auf einen disziplinierten und reproduzierbaren Prozess zur\u00fcck, der es erlaubt, ausgehend von einer strategischen Allokation ein optimales Investment-Raster f\u00fcr jedes Portfolio zu bestimmen.<\/p>\n<p>Aufgrund der systematischen Analyse von hunderten von volks- und finanzwirtschaftlichen Variablen schliesst diese Methodologie subjektive Faktoren aus und sichert eine im Vergleich zum Referenzindex best\u00e4ndige und \u00fcberdurchschnittliche Performance. Bei\u00a0<strong>1875 FINANCE<\/strong>\u00a0dient dieses einzigartige Tool institutionellen Kunden wie auch Privatkunden.[\/vc_column_text][\/vc_column][vc_column column_width_percent=&#8220;100&#8243; gutter_size=&#8220;3&#8243; overlay_alpha=&#8220;50&#8243; shift_x=&#8220;0&#8243; shift_y=&#8220;0&#8243; shift_y_down=&#8220;0&#8243; z_index=&#8220;0&#8243; medium_width=&#8220;0&#8243; mobile_width=&#8220;0&#8243; width=&#8220;5\/12&#8243;][vc_single_image media=&#8220;83927&#8243; media_width_percent=&#8220;100&#8243; media_ratio=&#8220;three-two&#8220; shadow=&#8220;yes&#8220;][\/vc_column][\/vc_row][vc_row unlock_row_content=&#8220;yes&#8220; row_height_percent=&#8220;0&#8243; override_padding=&#8220;yes&#8220; h_padding=&#8220;0&#8243; top_padding=&#8220;4&#8243; bottom_padding=&#8220;0&#8243; back_color=&#8220;color-xsdn&#8220; overlay_alpha=&#8220;50&#8243; equal_height=&#8220;yes&#8220; gutter_size=&#8220;0&#8243; column_width_percent=&#8220;100&#8243; shift_y=&#8220;0&#8243; z_index=&#8220;0&#8243; enable_top_divider=&#8220;default&#8220; top_divider_inv=&#8220;step_3_4&#8243; shape_top_invert=&#8220;yes&#8220; shape_top_flip=&#8220;yes&#8220; shape_top_h_use_pixel=&#8220;true&#8220; shape_top_height_percent=&#8220;100&#8243; shape_top_color=&#8220;color-210407&#8243; shape_top_opacity=&#8220;100&#8243; shape_top_index=&#8220;0&#8243; shape_top_responsive=&#8220;yes&#8220; shape_top_tablet_hide=&#8220;yes&#8220; shape_top_mobile_hide=&#8220;yes&#8220; inverted_device_order=&#8220;yes&#8220;][vc_column column_width_percent=&#8220;100&#8243; gutter_size=&#8220;3&#8243; overlay_alpha=&#8220;50&#8243; shift_x=&#8220;0&#8243; shift_y=&#8220;0&#8243; shift_y_down=&#8220;0&#8243; z_index=&#8220;0&#8243; medium_width=&#8220;0&#8243; mobile_width=&#8220;0&#8243; width=&#8220;5\/12&#8243;][vc_single_image media=&#8220;83993&#8243; media_width_percent=&#8220;100&#8243; media_ratio=&#8220;three-two&#8220; shadow=&#8220;yes&#8220;][\/vc_column][vc_column column_width_use_pixel=&#8220;yes&#8220; position_horizontal=&#8220;left&#8220; position_vertical=&#8220;middle&#8220; gutter_size=&#8220;3&#8243; override_padding=&#8220;yes&#8220; column_padding=&#8220;3&#8243; font_family=&#8220;font-175345&#8243; overlay_alpha=&#8220;50&#8243; shift_x=&#8220;0&#8243; shift_y=&#8220;0&#8243; shift_y_down=&#8220;0&#8243; z_index=&#8220;0&#8243; medium_width=&#8220;0&#8243; mobile_width=&#8220;0&#8243; css_animation=&#8220;bottom-t-top&#8220; animation_delay=&#8220;200&#8243; width=&#8220;7\/12&#8243; column_width_pixel=&#8220;652&#8243;][vc_custom_heading heading_semantic=&#8220;h3&#8243; text_size=&#8220;h3&#8243; text_weight=&#8220;300&#8243; text_height=&#8220;fontheight-357766&#8243; text_space=&#8220;fontspace-781688&#8243; css_animation=&#8220;curtain&#8220; animation_delay=&#8220;200&#8243;]Konstante Performance[\/vc_custom_heading][vc_column_text text_lead=&#8220;yes&#8220;]Unseren institutionellen Kunden bieten wir dementsprechend Folgendes:[\/vc_column_text][uncode_list larger=&#8220;yes&#8220; icon=&#8220;fa fa-arrow-right-thick&#8220; icon_color=&#8220;accent&#8220;]<\/p>\n<ul>\n<li>Eine konstante und best\u00e4ndige Performance, die \u00fcber den Referenzindizes liegt, um dem langfristigen Renditebedarf gerecht zu werden.<\/li>\n<li>Ein asymmetrisches und verlauf-stabiles Risikoprofil, das die Wahrscheinlichkeit von Wertminderungen bei Marktkorrekturen reduziert.<\/li>\n<li>Eine best\u00e4ndige und verantwortungsvolle Verwaltung, die im Einklang mit den Anforderungen einer guten Governance stehen.<\/li>\n<li>Direktanlagen in liquide und transparente Titel, um eine bessere Effizienz der Verm\u00f6genswerte zu gew\u00e4hrleisten.<\/li>\n<\/ul>\n<p>[\/uncode_list][\/vc_column][\/vc_row][vc_row][vc_column width=&#8220;1\/1&#8243;][uncode_block id=&#8220;85656&#8243;][\/vc_column][\/vc_row]<\/p>\n<\/div>","protected":false},"excerpt":{"rendered":"<p>[vc_row row_height_percent=&#8220;0&#8243; override_padding=&#8220;yes&#8220; h_padding=&#8220;2&#8243; top_padding=&#8220;5&#8243; bottom_padding=&#8220;2&#8243; overlay_alpha=&#8220;50&#8243; gutter_size=&#8220;3&#8243; column_width_percent=&#8220;100&#8243; shift_y=&#8220;0&#8243; z_index=&#8220;0&#8243;][vc_column column_width_percent=&#8220;100&#8243; align_horizontal=&#8220;align_center&#8220; gutter_size=&#8220;3&#8243; overlay_alpha=&#8220;50&#8243; shift_x=&#8220;0&#8243; shift_y=&#8220;0&#8243; shift_y_down=&#8220;0&#8243; z_index=&#8220;0&#8243; medium_width=&#8220;0&#8243; [&hellip;]<\/p>\n","protected":false},"author":12,"featured_media":0,"parent":85331,"menu_order":0,"comment_status":"closed","ping_status":"closed","template":"","meta":{"_monsterinsights_skip_tracking":false,"_monsterinsights_sitenote_active":false,"_monsterinsights_sitenote_note":"","_monsterinsights_sitenote_category":0,"footnotes":""},"class_list":["post-85329","page","type-page","status-publish","hentry","page_category-institutional-clients-fr-de"],"yoast_head":"<!-- This site is optimized with the Yoast SEO plugin v27.3 - https:\/\/yoast.com\/product\/yoast-seo-wordpress\/ -->\n<title>Philosophie - 1875 Finance<\/title>\n<meta name=\"robots\" content=\"index, follow, max-snippet:-1, max-image-preview:large, max-video-preview:-1\" \/>\n<link rel=\"canonical\" href=\"https:\/\/1875.ch\/de\/branchen\/institutionelle-kunden\/philosophie\/\" \/>\n<meta property=\"og:locale\" content=\"de_DE\" \/>\n<meta property=\"og:type\" content=\"article\" \/>\n<meta property=\"og:title\" content=\"Philosophie - 1875 Finance\" \/>\n<meta property=\"og:description\" content=\"[vc_row row_height_percent=&#8220;0&#8243; override_padding=&#8220;yes&#8220; h_padding=&#8220;2&#8243; top_padding=&#8220;5&#8243; bottom_padding=&#8220;2&#8243; overlay_alpha=&#8220;50&#8243; gutter_size=&#8220;3&#8243; column_width_percent=&#8220;100&#8243; shift_y=&#8220;0&#8243; z_index=&#8220;0&#8243;][vc_column column_width_percent=&#8220;100&#8243; align_horizontal=&#8220;align_center&#8220; gutter_size=&#8220;3&#8243; overlay_alpha=&#8220;50&#8243; shift_x=&#8220;0&#8243; shift_y=&#8220;0&#8243; shift_y_down=&#8220;0&#8243; z_index=&#8220;0&#8243; medium_width=&#8220;0&#8243; [&hellip;]\" \/>\n<meta property=\"og:url\" content=\"https:\/\/1875.ch\/de\/branchen\/institutionelle-kunden\/philosophie\/\" \/>\n<meta property=\"og:site_name\" content=\"1875 Finance\" \/>\n<meta property=\"article:publisher\" content=\"https:\/\/www.facebook.com\/1875finance\/?fref=ts\" \/>\n<meta property=\"article:modified_time\" content=\"2020-10-29T00:49:31+00:00\" \/>\n<meta name=\"twitter:card\" content=\"summary_large_image\" \/>\n<meta name=\"twitter:label1\" content=\"Gesch\u00e4tzte Lesezeit\" \/>\n\t<meta name=\"twitter:data1\" content=\"7\u00a0Minuten\" \/>\n<script type=\"application\/ld+json\" class=\"yoast-schema-graph\">{\"@context\":\"https:\\\/\\\/schema.org\",\"@graph\":[{\"@type\":\"WebPage\",\"@id\":\"https:\\\/\\\/1875.ch\\\/de\\\/branchen\\\/institutionelle-kunden\\\/philosophie\\\/\",\"url\":\"https:\\\/\\\/1875.ch\\\/de\\\/branchen\\\/institutionelle-kunden\\\/philosophie\\\/\",\"name\":\"Philosophie - 1875 Finance\",\"isPartOf\":{\"@id\":\"https:\\\/\\\/1875.ch\\\/de\\\/#website\"},\"datePublished\":\"2020-04-25T23:50:52+00:00\",\"dateModified\":\"2020-10-29T00:49:31+00:00\",\"breadcrumb\":{\"@id\":\"https:\\\/\\\/1875.ch\\\/de\\\/branchen\\\/institutionelle-kunden\\\/philosophie\\\/#breadcrumb\"},\"inLanguage\":\"de\",\"potentialAction\":[{\"@type\":\"ReadAction\",\"target\":[\"https:\\\/\\\/1875.ch\\\/de\\\/branchen\\\/institutionelle-kunden\\\/philosophie\\\/\"]}]},{\"@type\":\"BreadcrumbList\",\"@id\":\"https:\\\/\\\/1875.ch\\\/de\\\/branchen\\\/institutionelle-kunden\\\/philosophie\\\/#breadcrumb\",\"itemListElement\":[{\"@type\":\"ListItem\",\"position\":1,\"name\":\"Home\",\"item\":\"https:\\\/\\\/1875.ch\\\/de\\\/\"},{\"@type\":\"ListItem\",\"position\":2,\"name\":\"Branchen\",\"item\":\"https:\\\/\\\/1875.ch\\\/de\\\/branchen\\\/\"},{\"@type\":\"ListItem\",\"position\":3,\"name\":\"Institutionelle Kunden\",\"item\":\"https:\\\/\\\/1875.ch\\\/de\\\/branchen\\\/institutionelle-kunden\\\/\"},{\"@type\":\"ListItem\",\"position\":4,\"name\":\"Philosophie\"}]},{\"@type\":\"WebSite\",\"@id\":\"https:\\\/\\\/1875.ch\\\/de\\\/#website\",\"url\":\"https:\\\/\\\/1875.ch\\\/de\\\/\",\"name\":\"1875 Finance\",\"description\":\"The Financial Place to Be\",\"publisher\":{\"@id\":\"https:\\\/\\\/1875.ch\\\/de\\\/#organization\"},\"potentialAction\":[{\"@type\":\"SearchAction\",\"target\":{\"@type\":\"EntryPoint\",\"urlTemplate\":\"https:\\\/\\\/1875.ch\\\/de\\\/?s={search_term_string}\"},\"query-input\":{\"@type\":\"PropertyValueSpecification\",\"valueRequired\":true,\"valueName\":\"search_term_string\"}}],\"inLanguage\":\"de\"},{\"@type\":\"Organization\",\"@id\":\"https:\\\/\\\/1875.ch\\\/de\\\/#organization\",\"name\":\"1875 Finance\",\"url\":\"https:\\\/\\\/1875.ch\\\/de\\\/\",\"logo\":{\"@type\":\"ImageObject\",\"inLanguage\":\"de\",\"@id\":\"https:\\\/\\\/1875.ch\\\/de\\\/#\\\/schema\\\/logo\\\/image\\\/\",\"url\":\"https:\\\/\\\/1875.ch\\\/wp-content\\\/uploads\\\/2020\\\/03\\\/1875-logo.png\",\"contentUrl\":\"https:\\\/\\\/1875.ch\\\/wp-content\\\/uploads\\\/2020\\\/03\\\/1875-logo.png\",\"width\":220,\"height\":220,\"caption\":\"1875 Finance\"},\"image\":{\"@id\":\"https:\\\/\\\/1875.ch\\\/de\\\/#\\\/schema\\\/logo\\\/image\\\/\"},\"sameAs\":[\"https:\\\/\\\/www.facebook.com\\\/1875finance\\\/?fref=ts\",\"https:\\\/\\\/www.youtube.com\\\/channel\\\/UCZA0ykjGQrrEA3GBFkn8cAg\"]}]}<\/script>\n<!-- \/ Yoast SEO plugin. -->","yoast_head_json":{"title":"Philosophie - 1875 Finance","robots":{"index":"index","follow":"follow","max-snippet":"max-snippet:-1","max-image-preview":"max-image-preview:large","max-video-preview":"max-video-preview:-1"},"canonical":"https:\/\/1875.ch\/de\/branchen\/institutionelle-kunden\/philosophie\/","og_locale":"de_DE","og_type":"article","og_title":"Philosophie - 1875 Finance","og_description":"[vc_row row_height_percent=&#8220;0&#8243; override_padding=&#8220;yes&#8220; h_padding=&#8220;2&#8243; top_padding=&#8220;5&#8243; bottom_padding=&#8220;2&#8243; overlay_alpha=&#8220;50&#8243; gutter_size=&#8220;3&#8243; column_width_percent=&#8220;100&#8243; shift_y=&#8220;0&#8243; z_index=&#8220;0&#8243;][vc_column column_width_percent=&#8220;100&#8243; align_horizontal=&#8220;align_center&#8220; gutter_size=&#8220;3&#8243; overlay_alpha=&#8220;50&#8243; shift_x=&#8220;0&#8243; shift_y=&#8220;0&#8243; shift_y_down=&#8220;0&#8243; z_index=&#8220;0&#8243; medium_width=&#8220;0&#8243; [&hellip;]","og_url":"https:\/\/1875.ch\/de\/branchen\/institutionelle-kunden\/philosophie\/","og_site_name":"1875 Finance","article_publisher":"https:\/\/www.facebook.com\/1875finance\/?fref=ts","article_modified_time":"2020-10-29T00:49:31+00:00","twitter_card":"summary_large_image","twitter_misc":{"Gesch\u00e4tzte Lesezeit":"7\u00a0Minuten"},"schema":{"@context":"https:\/\/schema.org","@graph":[{"@type":"WebPage","@id":"https:\/\/1875.ch\/de\/branchen\/institutionelle-kunden\/philosophie\/","url":"https:\/\/1875.ch\/de\/branchen\/institutionelle-kunden\/philosophie\/","name":"Philosophie - 1875 Finance","isPartOf":{"@id":"https:\/\/1875.ch\/de\/#website"},"datePublished":"2020-04-25T23:50:52+00:00","dateModified":"2020-10-29T00:49:31+00:00","breadcrumb":{"@id":"https:\/\/1875.ch\/de\/branchen\/institutionelle-kunden\/philosophie\/#breadcrumb"},"inLanguage":"de","potentialAction":[{"@type":"ReadAction","target":["https:\/\/1875.ch\/de\/branchen\/institutionelle-kunden\/philosophie\/"]}]},{"@type":"BreadcrumbList","@id":"https:\/\/1875.ch\/de\/branchen\/institutionelle-kunden\/philosophie\/#breadcrumb","itemListElement":[{"@type":"ListItem","position":1,"name":"Home","item":"https:\/\/1875.ch\/de\/"},{"@type":"ListItem","position":2,"name":"Branchen","item":"https:\/\/1875.ch\/de\/branchen\/"},{"@type":"ListItem","position":3,"name":"Institutionelle Kunden","item":"https:\/\/1875.ch\/de\/branchen\/institutionelle-kunden\/"},{"@type":"ListItem","position":4,"name":"Philosophie"}]},{"@type":"WebSite","@id":"https:\/\/1875.ch\/de\/#website","url":"https:\/\/1875.ch\/de\/","name":"1875 Finance","description":"The Financial Place to Be","publisher":{"@id":"https:\/\/1875.ch\/de\/#organization"},"potentialAction":[{"@type":"SearchAction","target":{"@type":"EntryPoint","urlTemplate":"https:\/\/1875.ch\/de\/?s={search_term_string}"},"query-input":{"@type":"PropertyValueSpecification","valueRequired":true,"valueName":"search_term_string"}}],"inLanguage":"de"},{"@type":"Organization","@id":"https:\/\/1875.ch\/de\/#organization","name":"1875 Finance","url":"https:\/\/1875.ch\/de\/","logo":{"@type":"ImageObject","inLanguage":"de","@id":"https:\/\/1875.ch\/de\/#\/schema\/logo\/image\/","url":"https:\/\/1875.ch\/wp-content\/uploads\/2020\/03\/1875-logo.png","contentUrl":"https:\/\/1875.ch\/wp-content\/uploads\/2020\/03\/1875-logo.png","width":220,"height":220,"caption":"1875 Finance"},"image":{"@id":"https:\/\/1875.ch\/de\/#\/schema\/logo\/image\/"},"sameAs":["https:\/\/www.facebook.com\/1875finance\/?fref=ts","https:\/\/www.youtube.com\/channel\/UCZA0ykjGQrrEA3GBFkn8cAg"]}]}},"_links":{"self":[{"href":"https:\/\/1875.ch\/de\/wp-json\/wp\/v2\/pages\/85329","targetHints":{"allow":["GET"]}}],"collection":[{"href":"https:\/\/1875.ch\/de\/wp-json\/wp\/v2\/pages"}],"about":[{"href":"https:\/\/1875.ch\/de\/wp-json\/wp\/v2\/types\/page"}],"author":[{"embeddable":true,"href":"https:\/\/1875.ch\/de\/wp-json\/wp\/v2\/users\/12"}],"replies":[{"embeddable":true,"href":"https:\/\/1875.ch\/de\/wp-json\/wp\/v2\/comments?post=85329"}],"version-history":[{"count":1,"href":"https:\/\/1875.ch\/de\/wp-json\/wp\/v2\/pages\/85329\/revisions"}],"predecessor-version":[{"id":86873,"href":"https:\/\/1875.ch\/de\/wp-json\/wp\/v2\/pages\/85329\/revisions\/86873"}],"up":[{"embeddable":true,"href":"https:\/\/1875.ch\/de\/wp-json\/wp\/v2\/pages\/85331"}],"wp:attachment":[{"href":"https:\/\/1875.ch\/de\/wp-json\/wp\/v2\/media?parent=85329"}],"curies":[{"name":"wp","href":"https:\/\/api.w.org\/{rel}","templated":true}]}}