{"id":85351,"date":"2020-04-20T01:38:35","date_gmt":"2020-04-20T01:38:35","guid":{"rendered":"https:\/\/1875.ch\/metiers\/multi-family-office\/reporting-and-consolidation\/"},"modified":"2020-10-29T01:10:58","modified_gmt":"2020-10-29T01:10:58","slug":"reporting-und-konsolidierung","status":"publish","type":"page","link":"https:\/\/1875.ch\/de\/branchen\/multi-family-office\/reporting-und-konsolidierung\/","title":{"rendered":"Reporting und Konsolidierung"},"content":{"rendered":"<div class=\"wpb-content-wrapper\"><p>[vc_row row_height_percent=&#8220;0&#8243; override_padding=&#8220;yes&#8220; h_padding=&#8220;2&#8243; top_padding=&#8220;5&#8243; bottom_padding=&#8220;2&#8243; overlay_alpha=&#8220;50&#8243; gutter_size=&#8220;3&#8243; column_width_percent=&#8220;100&#8243; shift_y=&#8220;0&#8243; z_index=&#8220;0&#8243;][vc_column column_width_percent=&#8220;100&#8243; align_horizontal=&#8220;align_center&#8220; gutter_size=&#8220;3&#8243; overlay_alpha=&#8220;50&#8243; shift_x=&#8220;0&#8243; shift_y=&#8220;0&#8243; shift_y_down=&#8220;0&#8243; z_index=&#8220;0&#8243; medium_width=&#8220;0&#8243; mobile_width=&#8220;0&#8243; width=&#8220;1\/1&#8243;][vc_custom_heading heading_semantic=&#8220;h1&#8243; separator=&#8220;yes&#8220; separator_color=&#8220;yes&#8220; sub_lead=&#8220;yes&#8220; css_animation=&#8220;curtain&#8220; animation_delay=&#8220;200&#8243;]Multi-Family Office:<br \/>\nZuverl\u00e4ssigkeit und Vertrauen[\/vc_custom_heading][\/vc_column][\/vc_row][vc_row row_height_percent=&#8220;0&#8243; overlay_alpha=&#8220;50&#8243; gutter_size=&#8220;3&#8243; column_width_percent=&#8220;100&#8243; shift_y=&#8220;0&#8243; z_index=&#8220;0&#8243;][vc_column width=&#8220;1\/1&#8243;][vc_column_text]<\/p>\n<h4>F\u00fcr eine effiziente Verwaltung Ihres Verm\u00f6gens ist der Zugang zu einer pr\u00e4zisen und konsolidierten Sichtweise Ihres Verm\u00f6gens unerl\u00e4sslich. Wir investieren laufend in die Entwicklung leistungsf\u00e4higster Systeme, um unseren Kunden optimale Reporting- und Konsolidierungsl\u00f6sungen f\u00fcr Ihre finanziellen und nicht-finanziellen Verm\u00f6genswerte anzubieten.<\/h4>\n<p>[\/vc_column_text][\/vc_column][\/vc_row][vc_row row_height_percent=&#8220;0&#8243; override_padding=&#8220;yes&#8220; h_padding=&#8220;7&#8243; top_padding=&#8220;2&#8243; bottom_padding=&#8220;2&#8243; overlay_alpha=&#8220;50&#8243; gutter_size=&#8220;3&#8243; column_width_percent=&#8220;100&#8243; shift_y=&#8220;0&#8243; z_index=&#8220;0&#8243;][vc_column column_width_percent=&#8220;100&#8243; gutter_size=&#8220;3&#8243; overlay_alpha=&#8220;50&#8243; shift_x=&#8220;0&#8243; shift_y=&#8220;0&#8243; shift_y_down=&#8220;0&#8243; z_index=&#8220;0&#8243; medium_width=&#8220;0&#8243; mobile_width=&#8220;0&#8243; width=&#8220;1\/1&#8243;][vc_single_image media=&#8220;83204&#8243; media_width_percent=&#8220;100&#8243; css_animation=&#8220;alpha-anim&#8220; animation_speed=&#8220;500&#8243; animation_delay=&#8220;500&#8243;][\/vc_column][\/vc_row][vc_row row_height_percent=&#8220;0&#8243; override_padding=&#8220;yes&#8220; h_padding=&#8220;2&#8243; top_padding=&#8220;2&#8243; bottom_padding=&#8220;5&#8243; overlay_alpha=&#8220;50&#8243; gutter_size=&#8220;3&#8243; column_width_percent=&#8220;100&#8243; shift_y=&#8220;0&#8243; z_index=&#8220;0&#8243;][vc_column width=&#8220;1\/2&#8243;][vc_column_text text_lead=&#8220;yes&#8220;]Auf Anfrage oder in vereinbarten periodischen Abst\u00e4nden erstellen wir f\u00fcr unsere Kunden ein eigens von\u00a0<strong>1875 FINANCE<\/strong>\u00a0entwickeltes Reporting, wie eine detaillierte Analyse des Portfolios und dessen Performance.[\/vc_column_text][\/vc_column][vc_column width=&#8220;1\/2&#8243;][vc_column_text text_lead=&#8220;yes&#8220;]<\/p>\n<h4>Konsolidierung<\/h4>\n<p>F\u00fcr diejenigen Kunden oder Familien, die \u00fcber Konten bei mehreren Banken verf\u00fcgen, konsolidieren wir in gew\u00fcnschten zeitliche Abst\u00e4nden Konsolidierungen der Verm\u00f6genswerte.<\/p>\n<p>Die Bankdaten werden uns dank unserer technologischen Tools automatisch jeden Tag geliefert.<br \/>\n<a href=\"https:\/\/1875.ch\/wp-content\/uploads\/2019\/09\/2019-05-17-Anonymus-Reporting.pdf\">Siehe ein Beispiel f\u00fcr ein Reporting (im PDF-Format)<\/a>[\/vc_column_text][\/vc_column][\/vc_row][vc_row][vc_column width=&#8220;1\/1&#8243;][uncode_block id=&#8220;84977&#8243;][\/vc_column][\/vc_row]<\/p>\n<\/div>","protected":false},"excerpt":{"rendered":"<p>[vc_row row_height_percent=&#8220;0&#8243; override_padding=&#8220;yes&#8220; h_padding=&#8220;2&#8243; top_padding=&#8220;5&#8243; bottom_padding=&#8220;2&#8243; overlay_alpha=&#8220;50&#8243; gutter_size=&#8220;3&#8243; column_width_percent=&#8220;100&#8243; shift_y=&#8220;0&#8243; z_index=&#8220;0&#8243;][vc_column column_width_percent=&#8220;100&#8243; align_horizontal=&#8220;align_center&#8220; gutter_size=&#8220;3&#8243; overlay_alpha=&#8220;50&#8243; shift_x=&#8220;0&#8243; shift_y=&#8220;0&#8243; shift_y_down=&#8220;0&#8243; z_index=&#8220;0&#8243; medium_width=&#8220;0&#8243; [&hellip;]<\/p>\n","protected":false},"author":12,"featured_media":0,"parent":85345,"menu_order":0,"comment_status":"closed","ping_status":"closed","template":"","meta":{"_monsterinsights_skip_tracking":false,"_monsterinsights_sitenote_active":false,"_monsterinsights_sitenote_note":"","_monsterinsights_sitenote_category":0,"footnotes":""},"class_list":["post-85351","page","type-page","status-publish","hentry","page_category-multi-family-office-de"],"yoast_head":"<!-- This site is optimized with the Yoast SEO plugin v27.3 - https:\/\/yoast.com\/product\/yoast-seo-wordpress\/ -->\n<title>Reporting und Konsolidierung - 1875 Finance<\/title>\n<meta name=\"robots\" content=\"index, follow, max-snippet:-1, max-image-preview:large, max-video-preview:-1\" \/>\n<link rel=\"canonical\" href=\"https:\/\/1875.ch\/de\/branchen\/multi-family-office\/reporting-und-konsolidierung\/\" \/>\n<meta property=\"og:locale\" content=\"de_DE\" \/>\n<meta property=\"og:type\" content=\"article\" \/>\n<meta property=\"og:title\" content=\"Reporting und Konsolidierung - 1875 Finance\" \/>\n<meta property=\"og:description\" content=\"[vc_row row_height_percent=&#8220;0&#8243; override_padding=&#8220;yes&#8220; h_padding=&#8220;2&#8243; top_padding=&#8220;5&#8243; bottom_padding=&#8220;2&#8243; overlay_alpha=&#8220;50&#8243; gutter_size=&#8220;3&#8243; column_width_percent=&#8220;100&#8243; shift_y=&#8220;0&#8243; z_index=&#8220;0&#8243;][vc_column column_width_percent=&#8220;100&#8243; align_horizontal=&#8220;align_center&#8220; gutter_size=&#8220;3&#8243; overlay_alpha=&#8220;50&#8243; shift_x=&#8220;0&#8243; shift_y=&#8220;0&#8243; shift_y_down=&#8220;0&#8243; z_index=&#8220;0&#8243; medium_width=&#8220;0&#8243; [&hellip;]\" \/>\n<meta property=\"og:url\" content=\"https:\/\/1875.ch\/de\/branchen\/multi-family-office\/reporting-und-konsolidierung\/\" \/>\n<meta property=\"og:site_name\" content=\"1875 Finance\" \/>\n<meta property=\"article:publisher\" content=\"https:\/\/www.facebook.com\/1875finance\/?fref=ts\" \/>\n<meta property=\"article:modified_time\" content=\"2020-10-29T01:10:58+00:00\" \/>\n<meta name=\"twitter:card\" content=\"summary_large_image\" \/>\n<meta name=\"twitter:label1\" content=\"Gesch\u00e4tzte Lesezeit\" \/>\n\t<meta name=\"twitter:data1\" content=\"2\u00a0Minuten\" \/>\n<script type=\"application\/ld+json\" class=\"yoast-schema-graph\">{\"@context\":\"https:\\\/\\\/schema.org\",\"@graph\":[{\"@type\":\"WebPage\",\"@id\":\"https:\\\/\\\/1875.ch\\\/de\\\/branchen\\\/multi-family-office\\\/reporting-und-konsolidierung\\\/\",\"url\":\"https:\\\/\\\/1875.ch\\\/de\\\/branchen\\\/multi-family-office\\\/reporting-und-konsolidierung\\\/\",\"name\":\"Reporting und Konsolidierung - 1875 Finance\",\"isPartOf\":{\"@id\":\"https:\\\/\\\/1875.ch\\\/de\\\/#website\"},\"datePublished\":\"2020-04-20T01:38:35+00:00\",\"dateModified\":\"2020-10-29T01:10:58+00:00\",\"breadcrumb\":{\"@id\":\"https:\\\/\\\/1875.ch\\\/de\\\/branchen\\\/multi-family-office\\\/reporting-und-konsolidierung\\\/#breadcrumb\"},\"inLanguage\":\"de\",\"potentialAction\":[{\"@type\":\"ReadAction\",\"target\":[\"https:\\\/\\\/1875.ch\\\/de\\\/branchen\\\/multi-family-office\\\/reporting-und-konsolidierung\\\/\"]}]},{\"@type\":\"BreadcrumbList\",\"@id\":\"https:\\\/\\\/1875.ch\\\/de\\\/branchen\\\/multi-family-office\\\/reporting-und-konsolidierung\\\/#breadcrumb\",\"itemListElement\":[{\"@type\":\"ListItem\",\"position\":1,\"name\":\"Home\",\"item\":\"https:\\\/\\\/1875.ch\\\/de\\\/\"},{\"@type\":\"ListItem\",\"position\":2,\"name\":\"Branchen\",\"item\":\"https:\\\/\\\/1875.ch\\\/de\\\/branchen\\\/\"},{\"@type\":\"ListItem\",\"position\":3,\"name\":\"Multi-Family Office\",\"item\":\"https:\\\/\\\/1875.ch\\\/de\\\/branchen\\\/multi-family-office\\\/\"},{\"@type\":\"ListItem\",\"position\":4,\"name\":\"Reporting und Konsolidierung\"}]},{\"@type\":\"WebSite\",\"@id\":\"https:\\\/\\\/1875.ch\\\/de\\\/#website\",\"url\":\"https:\\\/\\\/1875.ch\\\/de\\\/\",\"name\":\"1875 Finance\",\"description\":\"The Financial Place to Be\",\"publisher\":{\"@id\":\"https:\\\/\\\/1875.ch\\\/de\\\/#organization\"},\"potentialAction\":[{\"@type\":\"SearchAction\",\"target\":{\"@type\":\"EntryPoint\",\"urlTemplate\":\"https:\\\/\\\/1875.ch\\\/de\\\/?s={search_term_string}\"},\"query-input\":{\"@type\":\"PropertyValueSpecification\",\"valueRequired\":true,\"valueName\":\"search_term_string\"}}],\"inLanguage\":\"de\"},{\"@type\":\"Organization\",\"@id\":\"https:\\\/\\\/1875.ch\\\/de\\\/#organization\",\"name\":\"1875 Finance\",\"url\":\"https:\\\/\\\/1875.ch\\\/de\\\/\",\"logo\":{\"@type\":\"ImageObject\",\"inLanguage\":\"de\",\"@id\":\"https:\\\/\\\/1875.ch\\\/de\\\/#\\\/schema\\\/logo\\\/image\\\/\",\"url\":\"https:\\\/\\\/1875.ch\\\/wp-content\\\/uploads\\\/2020\\\/03\\\/1875-logo.png\",\"contentUrl\":\"https:\\\/\\\/1875.ch\\\/wp-content\\\/uploads\\\/2020\\\/03\\\/1875-logo.png\",\"width\":220,\"height\":220,\"caption\":\"1875 Finance\"},\"image\":{\"@id\":\"https:\\\/\\\/1875.ch\\\/de\\\/#\\\/schema\\\/logo\\\/image\\\/\"},\"sameAs\":[\"https:\\\/\\\/www.facebook.com\\\/1875finance\\\/?fref=ts\",\"https:\\\/\\\/www.youtube.com\\\/channel\\\/UCZA0ykjGQrrEA3GBFkn8cAg\"]}]}<\/script>\n<!-- \/ Yoast SEO plugin. -->","yoast_head_json":{"title":"Reporting und Konsolidierung - 1875 Finance","robots":{"index":"index","follow":"follow","max-snippet":"max-snippet:-1","max-image-preview":"max-image-preview:large","max-video-preview":"max-video-preview:-1"},"canonical":"https:\/\/1875.ch\/de\/branchen\/multi-family-office\/reporting-und-konsolidierung\/","og_locale":"de_DE","og_type":"article","og_title":"Reporting und Konsolidierung - 1875 Finance","og_description":"[vc_row row_height_percent=&#8220;0&#8243; override_padding=&#8220;yes&#8220; h_padding=&#8220;2&#8243; top_padding=&#8220;5&#8243; bottom_padding=&#8220;2&#8243; overlay_alpha=&#8220;50&#8243; gutter_size=&#8220;3&#8243; column_width_percent=&#8220;100&#8243; shift_y=&#8220;0&#8243; z_index=&#8220;0&#8243;][vc_column column_width_percent=&#8220;100&#8243; align_horizontal=&#8220;align_center&#8220; gutter_size=&#8220;3&#8243; overlay_alpha=&#8220;50&#8243; shift_x=&#8220;0&#8243; shift_y=&#8220;0&#8243; shift_y_down=&#8220;0&#8243; z_index=&#8220;0&#8243; medium_width=&#8220;0&#8243; [&hellip;]","og_url":"https:\/\/1875.ch\/de\/branchen\/multi-family-office\/reporting-und-konsolidierung\/","og_site_name":"1875 Finance","article_publisher":"https:\/\/www.facebook.com\/1875finance\/?fref=ts","article_modified_time":"2020-10-29T01:10:58+00:00","twitter_card":"summary_large_image","twitter_misc":{"Gesch\u00e4tzte Lesezeit":"2\u00a0Minuten"},"schema":{"@context":"https:\/\/schema.org","@graph":[{"@type":"WebPage","@id":"https:\/\/1875.ch\/de\/branchen\/multi-family-office\/reporting-und-konsolidierung\/","url":"https:\/\/1875.ch\/de\/branchen\/multi-family-office\/reporting-und-konsolidierung\/","name":"Reporting und Konsolidierung - 1875 Finance","isPartOf":{"@id":"https:\/\/1875.ch\/de\/#website"},"datePublished":"2020-04-20T01:38:35+00:00","dateModified":"2020-10-29T01:10:58+00:00","breadcrumb":{"@id":"https:\/\/1875.ch\/de\/branchen\/multi-family-office\/reporting-und-konsolidierung\/#breadcrumb"},"inLanguage":"de","potentialAction":[{"@type":"ReadAction","target":["https:\/\/1875.ch\/de\/branchen\/multi-family-office\/reporting-und-konsolidierung\/"]}]},{"@type":"BreadcrumbList","@id":"https:\/\/1875.ch\/de\/branchen\/multi-family-office\/reporting-und-konsolidierung\/#breadcrumb","itemListElement":[{"@type":"ListItem","position":1,"name":"Home","item":"https:\/\/1875.ch\/de\/"},{"@type":"ListItem","position":2,"name":"Branchen","item":"https:\/\/1875.ch\/de\/branchen\/"},{"@type":"ListItem","position":3,"name":"Multi-Family Office","item":"https:\/\/1875.ch\/de\/branchen\/multi-family-office\/"},{"@type":"ListItem","position":4,"name":"Reporting und Konsolidierung"}]},{"@type":"WebSite","@id":"https:\/\/1875.ch\/de\/#website","url":"https:\/\/1875.ch\/de\/","name":"1875 Finance","description":"The Financial Place to Be","publisher":{"@id":"https:\/\/1875.ch\/de\/#organization"},"potentialAction":[{"@type":"SearchAction","target":{"@type":"EntryPoint","urlTemplate":"https:\/\/1875.ch\/de\/?s={search_term_string}"},"query-input":{"@type":"PropertyValueSpecification","valueRequired":true,"valueName":"search_term_string"}}],"inLanguage":"de"},{"@type":"Organization","@id":"https:\/\/1875.ch\/de\/#organization","name":"1875 Finance","url":"https:\/\/1875.ch\/de\/","logo":{"@type":"ImageObject","inLanguage":"de","@id":"https:\/\/1875.ch\/de\/#\/schema\/logo\/image\/","url":"https:\/\/1875.ch\/wp-content\/uploads\/2020\/03\/1875-logo.png","contentUrl":"https:\/\/1875.ch\/wp-content\/uploads\/2020\/03\/1875-logo.png","width":220,"height":220,"caption":"1875 Finance"},"image":{"@id":"https:\/\/1875.ch\/de\/#\/schema\/logo\/image\/"},"sameAs":["https:\/\/www.facebook.com\/1875finance\/?fref=ts","https:\/\/www.youtube.com\/channel\/UCZA0ykjGQrrEA3GBFkn8cAg"]}]}},"_links":{"self":[{"href":"https:\/\/1875.ch\/de\/wp-json\/wp\/v2\/pages\/85351","targetHints":{"allow":["GET"]}}],"collection":[{"href":"https:\/\/1875.ch\/de\/wp-json\/wp\/v2\/pages"}],"about":[{"href":"https:\/\/1875.ch\/de\/wp-json\/wp\/v2\/types\/page"}],"author":[{"embeddable":true,"href":"https:\/\/1875.ch\/de\/wp-json\/wp\/v2\/users\/12"}],"replies":[{"embeddable":true,"href":"https:\/\/1875.ch\/de\/wp-json\/wp\/v2\/comments?post=85351"}],"version-history":[{"count":1,"href":"https:\/\/1875.ch\/de\/wp-json\/wp\/v2\/pages\/85351\/revisions"}],"predecessor-version":[{"id":86884,"href":"https:\/\/1875.ch\/de\/wp-json\/wp\/v2\/pages\/85351\/revisions\/86884"}],"up":[{"embeddable":true,"href":"https:\/\/1875.ch\/de\/wp-json\/wp\/v2\/pages\/85345"}],"wp:attachment":[{"href":"https:\/\/1875.ch\/de\/wp-json\/wp\/v2\/media?parent=85351"}],"curies":[{"name":"wp","href":"https:\/\/api.w.org\/{rel}","templated":true}]}}