{"id":85385,"date":"2020-04-19T23:16:39","date_gmt":"2020-04-19T23:16:39","guid":{"rendered":"https:\/\/1875.ch\/metiers\/private-clients\/wealth-planning\/"},"modified":"2020-10-29T01:40:56","modified_gmt":"2020-10-29T01:40:56","slug":"vermoegensplanung","status":"publish","type":"page","link":"https:\/\/1875.ch\/de\/branchen\/privatkunden\/vermoegensplanung\/","title":{"rendered":"Verm\u00f6gensplanung"},"content":{"rendered":"<div class=\"wpb-content-wrapper\"><p>[vc_row row_height_percent=&#8220;0&#8243; override_padding=&#8220;yes&#8220; h_padding=&#8220;2&#8243; top_padding=&#8220;5&#8243; bottom_padding=&#8220;2&#8243; overlay_alpha=&#8220;50&#8243; gutter_size=&#8220;3&#8243; column_width_percent=&#8220;100&#8243; shift_y=&#8220;0&#8243; z_index=&#8220;0&#8243;][vc_column column_width_percent=&#8220;100&#8243; align_horizontal=&#8220;align_center&#8220; gutter_size=&#8220;3&#8243; overlay_alpha=&#8220;50&#8243; shift_x=&#8220;0&#8243; shift_y=&#8220;0&#8243; shift_y_down=&#8220;0&#8243; z_index=&#8220;0&#8243; medium_width=&#8220;0&#8243; mobile_width=&#8220;0&#8243; width=&#8220;1\/1&#8243;][vc_custom_heading heading_semantic=&#8220;h1&#8243; separator=&#8220;yes&#8220; separator_color=&#8220;yes&#8220; sub_lead=&#8220;yes&#8220; css_animation=&#8220;curtain&#8220; animation_delay=&#8220;200&#8243;]Privatkunden:<br \/>\nKompetenzen und Planung[\/vc_custom_heading][\/vc_column][\/vc_row][vc_row row_height_percent=&#8220;0&#8243; overlay_alpha=&#8220;50&#8243; gutter_size=&#8220;3&#8243; column_width_percent=&#8220;100&#8243; shift_y=&#8220;0&#8243; z_index=&#8220;0&#8243;][vc_column width=&#8220;1\/1&#8243;][vc_column_text]<\/p>\n<h4>Ein Verm\u00f6gen muss k\u00fcnftige Ereignisse laufend vorwegnehmen und \u00fcber die Zeit hinweg gut aufgestellt sein. Zudem muss es die bestm\u00f6gliche Strukturierung gew\u00e4hrleisten und eine gute Verm\u00f6gensplanung sicherstellen. Bei\u00a0<strong>1875 FINANCE<\/strong>\u00a0finden Sie die Gesamtheit jener Kompetenzen, die f\u00fcr eine performanceorientierte und bed\u00fcrfnisgerechte Verm\u00f6gensverwaltung notwendig sind.<\/h4>\n<p>[\/vc_column_text][\/vc_column][\/vc_row][vc_row row_height_percent=&#8220;0&#8243; override_padding=&#8220;yes&#8220; h_padding=&#8220;2&#8243; top_padding=&#8220;2&#8243; bottom_padding=&#8220;5&#8243; overlay_alpha=&#8220;50&#8243; gutter_size=&#8220;3&#8243; column_width_percent=&#8220;100&#8243; shift_y=&#8220;0&#8243; z_index=&#8220;0&#8243;][vc_column width=&#8220;1\/2&#8243;][vc_column_text text_lead=&#8220;yes&#8220;]Um uns bestm\u00f6glich Ihren Bed\u00fcrfnisse anzupassen, bieten wir unseren Kunden zahlreiche Optionen. Gleichermassen, dank unseres Prinzips einer offenen Architektur, involvieren wir verschiedene Experten, wie Rechtsanw\u00e4lte, Notare, Steuerexperten und Treuh\u00e4nder.<\/p>\n<h4>Verm\u00f6gensstrukturen<\/h4>\n<p>Die Strukturierung eines Verm\u00f6gens erm\u00f6glicht die Optimierung von Nachlass und Verm\u00f6genstransfer. In einer zunehmend reglementierten und sich einem konstanten Wandel befindenden Welt pr\u00fcfen unsere Verm\u00f6gensplaner die juristischen und steuerlichen Auswirkungen verschiedener Strukturen auf die Nachplanung.[\/vc_column_text][\/vc_column][vc_column width=&#8220;1\/2&#8243;][vc_column_text text_lead=&#8220;yes&#8220;]<\/p>\n<h4>Wohnsitzverlegung<\/h4>\n<p>Unser Team an Verm\u00f6gensplanern steht unseren Kunden gleichermassen zur Verf\u00fcgung, um bei einer Wohnsitzverlegung juristische sowie steuerliche Aspekte zu ber\u00fccksichtigen und sich zum Thema Immobilien Gedanken zu machen.<\/p>\n<h4>Erbfolge<\/h4>\n<p><strong>1875 FINANCE<\/strong>\u00a0und unser Team an Verm\u00f6gensplanern begleitet unsere Kunden bei ihren \u00dcberlegungen zu Themen der Nachfolge und Family Governance.[\/vc_column_text][\/vc_column][\/vc_row][vc_row][vc_column width=&#8220;1\/1&#8243;][uncode_block id=&#8220;84818&#8243;][\/vc_column][\/vc_row]<\/p>\n<\/div>","protected":false},"excerpt":{"rendered":"<p>[vc_row row_height_percent=&#8220;0&#8243; override_padding=&#8220;yes&#8220; h_padding=&#8220;2&#8243; top_padding=&#8220;5&#8243; bottom_padding=&#8220;2&#8243; overlay_alpha=&#8220;50&#8243; gutter_size=&#8220;3&#8243; column_width_percent=&#8220;100&#8243; shift_y=&#8220;0&#8243; z_index=&#8220;0&#8243;][vc_column column_width_percent=&#8220;100&#8243; align_horizontal=&#8220;align_center&#8220; gutter_size=&#8220;3&#8243; overlay_alpha=&#8220;50&#8243; shift_x=&#8220;0&#8243; shift_y=&#8220;0&#8243; shift_y_down=&#8220;0&#8243; z_index=&#8220;0&#8243; medium_width=&#8220;0&#8243; [&hellip;]<\/p>\n","protected":false},"author":12,"featured_media":0,"parent":85363,"menu_order":0,"comment_status":"closed","ping_status":"closed","template":"","meta":{"_monsterinsights_skip_tracking":false,"_monsterinsights_sitenote_active":false,"_monsterinsights_sitenote_note":"","_monsterinsights_sitenote_category":0,"footnotes":""},"class_list":["post-85385","page","type-page","status-publish","hentry","page_category-private-clients-de"],"yoast_head":"<!-- This site is optimized with the Yoast SEO plugin v27.3 - https:\/\/yoast.com\/product\/yoast-seo-wordpress\/ -->\n<title>Verm\u00f6gensplanung - 1875 Finance<\/title>\n<meta name=\"robots\" content=\"index, follow, max-snippet:-1, max-image-preview:large, max-video-preview:-1\" \/>\n<link rel=\"canonical\" href=\"https:\/\/1875.ch\/de\/branchen\/privatkunden\/vermoegensplanung\/\" \/>\n<meta property=\"og:locale\" content=\"de_DE\" \/>\n<meta property=\"og:type\" content=\"article\" \/>\n<meta property=\"og:title\" content=\"Verm\u00f6gensplanung - 1875 Finance\" \/>\n<meta property=\"og:description\" content=\"[vc_row row_height_percent=&#8220;0&#8243; override_padding=&#8220;yes&#8220; h_padding=&#8220;2&#8243; top_padding=&#8220;5&#8243; bottom_padding=&#8220;2&#8243; overlay_alpha=&#8220;50&#8243; gutter_size=&#8220;3&#8243; column_width_percent=&#8220;100&#8243; shift_y=&#8220;0&#8243; z_index=&#8220;0&#8243;][vc_column column_width_percent=&#8220;100&#8243; align_horizontal=&#8220;align_center&#8220; gutter_size=&#8220;3&#8243; overlay_alpha=&#8220;50&#8243; shift_x=&#8220;0&#8243; shift_y=&#8220;0&#8243; shift_y_down=&#8220;0&#8243; z_index=&#8220;0&#8243; medium_width=&#8220;0&#8243; [&hellip;]\" \/>\n<meta property=\"og:url\" content=\"https:\/\/1875.ch\/de\/branchen\/privatkunden\/vermoegensplanung\/\" \/>\n<meta property=\"og:site_name\" content=\"1875 Finance\" \/>\n<meta property=\"article:publisher\" content=\"https:\/\/www.facebook.com\/1875finance\/?fref=ts\" \/>\n<meta property=\"article:modified_time\" content=\"2020-10-29T01:40:56+00:00\" \/>\n<meta name=\"twitter:card\" content=\"summary_large_image\" \/>\n<meta name=\"twitter:label1\" content=\"Gesch\u00e4tzte Lesezeit\" \/>\n\t<meta name=\"twitter:data1\" content=\"2\u00a0Minuten\" \/>\n<script type=\"application\/ld+json\" class=\"yoast-schema-graph\">{\"@context\":\"https:\\\/\\\/schema.org\",\"@graph\":[{\"@type\":\"WebPage\",\"@id\":\"https:\\\/\\\/1875.ch\\\/de\\\/branchen\\\/privatkunden\\\/vermoegensplanung\\\/\",\"url\":\"https:\\\/\\\/1875.ch\\\/de\\\/branchen\\\/privatkunden\\\/vermoegensplanung\\\/\",\"name\":\"Verm\u00f6gensplanung - 1875 Finance\",\"isPartOf\":{\"@id\":\"https:\\\/\\\/1875.ch\\\/de\\\/#website\"},\"datePublished\":\"2020-04-19T23:16:39+00:00\",\"dateModified\":\"2020-10-29T01:40:56+00:00\",\"breadcrumb\":{\"@id\":\"https:\\\/\\\/1875.ch\\\/de\\\/branchen\\\/privatkunden\\\/vermoegensplanung\\\/#breadcrumb\"},\"inLanguage\":\"de\",\"potentialAction\":[{\"@type\":\"ReadAction\",\"target\":[\"https:\\\/\\\/1875.ch\\\/de\\\/branchen\\\/privatkunden\\\/vermoegensplanung\\\/\"]}]},{\"@type\":\"BreadcrumbList\",\"@id\":\"https:\\\/\\\/1875.ch\\\/de\\\/branchen\\\/privatkunden\\\/vermoegensplanung\\\/#breadcrumb\",\"itemListElement\":[{\"@type\":\"ListItem\",\"position\":1,\"name\":\"Home\",\"item\":\"https:\\\/\\\/1875.ch\\\/de\\\/\"},{\"@type\":\"ListItem\",\"position\":2,\"name\":\"Branchen\",\"item\":\"https:\\\/\\\/1875.ch\\\/de\\\/branchen\\\/\"},{\"@type\":\"ListItem\",\"position\":3,\"name\":\"Privatkunden\",\"item\":\"https:\\\/\\\/1875.ch\\\/de\\\/branchen\\\/privatkunden\\\/\"},{\"@type\":\"ListItem\",\"position\":4,\"name\":\"Verm\u00f6gensplanung\"}]},{\"@type\":\"WebSite\",\"@id\":\"https:\\\/\\\/1875.ch\\\/de\\\/#website\",\"url\":\"https:\\\/\\\/1875.ch\\\/de\\\/\",\"name\":\"1875 Finance\",\"description\":\"The Financial Place to Be\",\"publisher\":{\"@id\":\"https:\\\/\\\/1875.ch\\\/de\\\/#organization\"},\"potentialAction\":[{\"@type\":\"SearchAction\",\"target\":{\"@type\":\"EntryPoint\",\"urlTemplate\":\"https:\\\/\\\/1875.ch\\\/de\\\/?s={search_term_string}\"},\"query-input\":{\"@type\":\"PropertyValueSpecification\",\"valueRequired\":true,\"valueName\":\"search_term_string\"}}],\"inLanguage\":\"de\"},{\"@type\":\"Organization\",\"@id\":\"https:\\\/\\\/1875.ch\\\/de\\\/#organization\",\"name\":\"1875 Finance\",\"url\":\"https:\\\/\\\/1875.ch\\\/de\\\/\",\"logo\":{\"@type\":\"ImageObject\",\"inLanguage\":\"de\",\"@id\":\"https:\\\/\\\/1875.ch\\\/de\\\/#\\\/schema\\\/logo\\\/image\\\/\",\"url\":\"https:\\\/\\\/1875.ch\\\/wp-content\\\/uploads\\\/2020\\\/03\\\/1875-logo.png\",\"contentUrl\":\"https:\\\/\\\/1875.ch\\\/wp-content\\\/uploads\\\/2020\\\/03\\\/1875-logo.png\",\"width\":220,\"height\":220,\"caption\":\"1875 Finance\"},\"image\":{\"@id\":\"https:\\\/\\\/1875.ch\\\/de\\\/#\\\/schema\\\/logo\\\/image\\\/\"},\"sameAs\":[\"https:\\\/\\\/www.facebook.com\\\/1875finance\\\/?fref=ts\",\"https:\\\/\\\/www.youtube.com\\\/channel\\\/UCZA0ykjGQrrEA3GBFkn8cAg\"]}]}<\/script>\n<!-- \/ Yoast SEO plugin. -->","yoast_head_json":{"title":"Verm\u00f6gensplanung - 1875 Finance","robots":{"index":"index","follow":"follow","max-snippet":"max-snippet:-1","max-image-preview":"max-image-preview:large","max-video-preview":"max-video-preview:-1"},"canonical":"https:\/\/1875.ch\/de\/branchen\/privatkunden\/vermoegensplanung\/","og_locale":"de_DE","og_type":"article","og_title":"Verm\u00f6gensplanung - 1875 Finance","og_description":"[vc_row row_height_percent=&#8220;0&#8243; override_padding=&#8220;yes&#8220; h_padding=&#8220;2&#8243; top_padding=&#8220;5&#8243; bottom_padding=&#8220;2&#8243; overlay_alpha=&#8220;50&#8243; gutter_size=&#8220;3&#8243; column_width_percent=&#8220;100&#8243; shift_y=&#8220;0&#8243; z_index=&#8220;0&#8243;][vc_column column_width_percent=&#8220;100&#8243; align_horizontal=&#8220;align_center&#8220; gutter_size=&#8220;3&#8243; overlay_alpha=&#8220;50&#8243; shift_x=&#8220;0&#8243; shift_y=&#8220;0&#8243; shift_y_down=&#8220;0&#8243; z_index=&#8220;0&#8243; medium_width=&#8220;0&#8243; [&hellip;]","og_url":"https:\/\/1875.ch\/de\/branchen\/privatkunden\/vermoegensplanung\/","og_site_name":"1875 Finance","article_publisher":"https:\/\/www.facebook.com\/1875finance\/?fref=ts","article_modified_time":"2020-10-29T01:40:56+00:00","twitter_card":"summary_large_image","twitter_misc":{"Gesch\u00e4tzte Lesezeit":"2\u00a0Minuten"},"schema":{"@context":"https:\/\/schema.org","@graph":[{"@type":"WebPage","@id":"https:\/\/1875.ch\/de\/branchen\/privatkunden\/vermoegensplanung\/","url":"https:\/\/1875.ch\/de\/branchen\/privatkunden\/vermoegensplanung\/","name":"Verm\u00f6gensplanung - 1875 Finance","isPartOf":{"@id":"https:\/\/1875.ch\/de\/#website"},"datePublished":"2020-04-19T23:16:39+00:00","dateModified":"2020-10-29T01:40:56+00:00","breadcrumb":{"@id":"https:\/\/1875.ch\/de\/branchen\/privatkunden\/vermoegensplanung\/#breadcrumb"},"inLanguage":"de","potentialAction":[{"@type":"ReadAction","target":["https:\/\/1875.ch\/de\/branchen\/privatkunden\/vermoegensplanung\/"]}]},{"@type":"BreadcrumbList","@id":"https:\/\/1875.ch\/de\/branchen\/privatkunden\/vermoegensplanung\/#breadcrumb","itemListElement":[{"@type":"ListItem","position":1,"name":"Home","item":"https:\/\/1875.ch\/de\/"},{"@type":"ListItem","position":2,"name":"Branchen","item":"https:\/\/1875.ch\/de\/branchen\/"},{"@type":"ListItem","position":3,"name":"Privatkunden","item":"https:\/\/1875.ch\/de\/branchen\/privatkunden\/"},{"@type":"ListItem","position":4,"name":"Verm\u00f6gensplanung"}]},{"@type":"WebSite","@id":"https:\/\/1875.ch\/de\/#website","url":"https:\/\/1875.ch\/de\/","name":"1875 Finance","description":"The Financial Place to Be","publisher":{"@id":"https:\/\/1875.ch\/de\/#organization"},"potentialAction":[{"@type":"SearchAction","target":{"@type":"EntryPoint","urlTemplate":"https:\/\/1875.ch\/de\/?s={search_term_string}"},"query-input":{"@type":"PropertyValueSpecification","valueRequired":true,"valueName":"search_term_string"}}],"inLanguage":"de"},{"@type":"Organization","@id":"https:\/\/1875.ch\/de\/#organization","name":"1875 Finance","url":"https:\/\/1875.ch\/de\/","logo":{"@type":"ImageObject","inLanguage":"de","@id":"https:\/\/1875.ch\/de\/#\/schema\/logo\/image\/","url":"https:\/\/1875.ch\/wp-content\/uploads\/2020\/03\/1875-logo.png","contentUrl":"https:\/\/1875.ch\/wp-content\/uploads\/2020\/03\/1875-logo.png","width":220,"height":220,"caption":"1875 Finance"},"image":{"@id":"https:\/\/1875.ch\/de\/#\/schema\/logo\/image\/"},"sameAs":["https:\/\/www.facebook.com\/1875finance\/?fref=ts","https:\/\/www.youtube.com\/channel\/UCZA0ykjGQrrEA3GBFkn8cAg"]}]}},"_links":{"self":[{"href":"https:\/\/1875.ch\/de\/wp-json\/wp\/v2\/pages\/85385","targetHints":{"allow":["GET"]}}],"collection":[{"href":"https:\/\/1875.ch\/de\/wp-json\/wp\/v2\/pages"}],"about":[{"href":"https:\/\/1875.ch\/de\/wp-json\/wp\/v2\/types\/page"}],"author":[{"embeddable":true,"href":"https:\/\/1875.ch\/de\/wp-json\/wp\/v2\/users\/12"}],"replies":[{"embeddable":true,"href":"https:\/\/1875.ch\/de\/wp-json\/wp\/v2\/comments?post=85385"}],"version-history":[{"count":1,"href":"https:\/\/1875.ch\/de\/wp-json\/wp\/v2\/pages\/85385\/revisions"}],"predecessor-version":[{"id":86895,"href":"https:\/\/1875.ch\/de\/wp-json\/wp\/v2\/pages\/85385\/revisions\/86895"}],"up":[{"embeddable":true,"href":"https:\/\/1875.ch\/de\/wp-json\/wp\/v2\/pages\/85363"}],"wp:attachment":[{"href":"https:\/\/1875.ch\/de\/wp-json\/wp\/v2\/media?parent=85385"}],"curies":[{"name":"wp","href":"https:\/\/api.w.org\/{rel}","templated":true}]}}