{"id":85391,"date":"2020-03-25T00:30:01","date_gmt":"2020-03-25T00:30:01","guid":{"rendered":"https:\/\/1875.ch\/company\/about-us\/"},"modified":"2022-03-04T09:42:22","modified_gmt":"2022-03-04T09:42:22","slug":"unabhaengiger-vermoegensverwaltung","status":"publish","type":"page","link":"https:\/\/1875.ch\/de\/unternehmen\/unabhaengiger-vermoegensverwaltung\/","title":{"rendered":"\u00dcber uns"},"content":{"rendered":"<div class=\"wpb-content-wrapper\"><p>[vc_row row_height_percent=&#8220;0&#8243; override_padding=&#8220;yes&#8220; h_padding=&#8220;2&#8243; top_padding=&#8220;5&#8243; bottom_padding=&#8220;2&#8243; overlay_alpha=&#8220;50&#8243; gutter_size=&#8220;3&#8243; column_width_percent=&#8220;100&#8243; shift_y=&#8220;0&#8243; z_index=&#8220;0&#8243;][vc_column column_width_percent=&#8220;100&#8243; align_horizontal=&#8220;align_center&#8220; gutter_size=&#8220;3&#8243; overlay_alpha=&#8220;50&#8243; shift_x=&#8220;0&#8243; shift_y=&#8220;0&#8243; shift_y_down=&#8220;0&#8243; z_index=&#8220;0&#8243; medium_width=&#8220;0&#8243; mobile_width=&#8220;0&#8243; width=&#8220;1\/1&#8243;][vc_custom_heading heading_semantic=&#8220;h1&#8243; separator=&#8220;yes&#8220; separator_color=&#8220;yes&#8220; sub_lead=&#8220;yes&#8220; css_animation=&#8220;curtain&#8220; animation_delay=&#8220;200&#8243; uncode_shortcode_id=&#8220;146450&#8243;]Unabh\u00e4ngiger Verm\u00f6gensverwaltung :<br \/>\nZwischen Tradition und Moderne[\/vc_custom_heading][\/vc_column][\/vc_row][vc_row row_height_percent=&#8220;0&#8243; overlay_alpha=&#8220;50&#8243; gutter_size=&#8220;3&#8243; column_width_percent=&#8220;100&#8243; shift_y=&#8220;0&#8243; z_index=&#8220;0&#8243;][vc_column width=&#8220;1\/1&#8243;][vc_column_text uncode_shortcode_id=&#8220;161532&#8243;]<\/p>\n<h4><a href=\"https:\/\/1875.lu\" target=\"_blank\" rel=\"noopener\"><strong>Unabh\u00e4ngiger Verm\u00f6gensverwaltung in Genf und Z\u00fcrich, 1875 FINANCE<\/strong><\/a>\u00a0hat sich als Referenz f\u00fcr unabh\u00e4ngige Verm\u00f6gensverwalter positioniert zwischen Tradition und Moderne, um ihren Kunden \u2013 Private wie auch institutionelle Kunden \u2013 ein Vertrauensverh\u00e4ltnis, hochwertige Tools und eine einzigartige Expertise zwecks Erzielung von Performance zu bieten.<\/h4>\n<p>[\/vc_column_text][\/vc_column][\/vc_row][vc_row row_height_percent=&#8220;0&#8243; overlay_alpha=&#8220;50&#8243; gutter_size=&#8220;3&#8243; column_width_percent=&#8220;100&#8243; shift_y=&#8220;0&#8243; z_index=&#8220;0&#8243;][vc_column width=&#8220;1\/2&#8243;][vc_column_text text_lead=&#8220;yes&#8220; uncode_shortcode_id=&#8220;710140&#8243;]<strong>1875 FINANCE<\/strong>\u00a0ist eine unabh\u00e4ngige <a href=\"https:\/\/1875.ch\/de\/gerants-independants-la-renaissance-dun-metier\/\">Verm\u00f6gensverwaltungsgesellschaft<\/a> f\u00fcr private und institutionelle Kunden und z\u00e4hlt zu den wichtigsten Multi-Family Offices in der Schweiz und in Europa (Bloomberg Ranking 2016). Dank eines einzigartigen Verm\u00f6gens-Allokationsmodells und von technologischen Werkzeugen, die f\u00fcr Multi-Family Offices entwickelt wurden, setzen wir die Tradition der Verm\u00f6gensverwaltung fort.<\/p>\n<p><strong>1875 FINANCE<\/strong>\u00a0begegnet den neuen Herausforderungen der Finanzwelt mit einem Modell, das &#8211; in der Schweiz reguliert durch die FINMA und in Luxemburg durch die CSSF &#8211; Sicherheit und Risikokontrolle f\u00fcr die Kunden miteinander verbindet.[\/vc_column_text][\/vc_column][vc_column width=&#8220;1\/2&#8243;][vc_column_text text_lead=&#8220;yes&#8220; uncode_shortcode_id=&#8220;169489&#8243;]<strong>1875 FINANCE<\/strong>\u00a0wurde 2006 von f\u00fcnf Bankiers gegr\u00fcndet, die w\u00e4hrend f\u00fcnfzehn Jahren gemeinsamer Berufserfahrung miteinander verbunden sind: Olivier Bizon, Paul Kohler, Aksel Azrac, Jacques-Antoine Ormond und Fran\u00e7ois-Michel Ormond. Seit 1875, dem Gr\u00fcndungsjahr der ersten Verwaltungsgesellschaft Ormond in Genf, sind bereits f\u00fcnf Generationen in der Betreuung der Kunden gefolgt und hinterliessen Wissen und Tradition in der Verm\u00f6gensverwaltung.<\/p>\n<p>Im Jahr 2022 schlossen <strong>1875 FINANCE<\/strong> und REYL Intesa Sanpaolo Private Banking eine Vereinbarung, durch die REYL eine 40-prozentige Beteiligung an 1875 FINANCE erwarb.<\/p>\n<p><strong>1875 FINANCE<\/strong>\u00a0gilt heute als Referenz unter den unabh\u00e4ngigen Verwaltungsgesellschaften und zeichnet sich durch ihr einzigartiges und zukunftsorientiertes Modell aus, das sich auf drei Kernbereiche konzentriert: Privatkunden, Multi-Family Office und institutionelle Kunden.[\/vc_column_text][\/vc_column][\/vc_row][vc_row row_height_percent=&#8220;0&#8243; overlay_alpha=&#8220;50&#8243; gutter_size=&#8220;3&#8243; column_width_percent=&#8220;100&#8243; shift_y=&#8220;0&#8243; z_index=&#8220;0&#8243;][vc_column width=&#8220;1\/1&#8243;][vc_single_image media=&#8220;83355&#8243; media_width_use_pixel=&#8220;yes&#8220; alignment=&#8220;center&#8220; shadow=&#8220;yes&#8220; shadow_weight=&#8220;std&#8220; css_animation=&#8220;alpha-anim&#8220; animation_speed=&#8220;500&#8243; animation_delay=&#8220;500&#8243; media_width_pixel=&#8220;800&#8243;][\/vc_column][\/vc_row][vc_row][vc_column width=&#8220;1\/1&#8243;][vc_empty_space empty_h=&#8220;2&#8243;][\/vc_column][\/vc_row][vc_row][vc_column width=&#8220;1\/1&#8243;][uncode_block id=&#8220;84522&#8243;][\/vc_column][\/vc_row][vc_row][vc_column width=&#8220;1\/1&#8243;][uncode_block id=&#8220;82642&#8243;][\/vc_column][\/vc_row]<\/p>\n<\/div>","protected":false},"excerpt":{"rendered":"<p>[vc_row row_height_percent=&#8220;0&#8243; override_padding=&#8220;yes&#8220; h_padding=&#8220;2&#8243; top_padding=&#8220;5&#8243; bottom_padding=&#8220;2&#8243; overlay_alpha=&#8220;50&#8243; gutter_size=&#8220;3&#8243; column_width_percent=&#8220;100&#8243; shift_y=&#8220;0&#8243; z_index=&#8220;0&#8243;][vc_column column_width_percent=&#8220;100&#8243; align_horizontal=&#8220;align_center&#8220; gutter_size=&#8220;3&#8243; overlay_alpha=&#8220;50&#8243; shift_x=&#8220;0&#8243; shift_y=&#8220;0&#8243; shift_y_down=&#8220;0&#8243; z_index=&#8220;0&#8243; medium_width=&#8220;0&#8243; [&hellip;]<\/p>\n","protected":false},"author":12,"featured_media":84281,"parent":85389,"menu_order":0,"comment_status":"closed","ping_status":"closed","template":"","meta":{"_monsterinsights_skip_tracking":false,"_monsterinsights_sitenote_active":false,"_monsterinsights_sitenote_note":"","_monsterinsights_sitenote_category":0,"footnotes":""},"class_list":["post-85391","page","type-page","status-publish","has-post-thumbnail","hentry","page_category-company-de"],"yoast_head":"<!-- This site is optimized with the Yoast SEO plugin v27.3 - https:\/\/yoast.com\/product\/yoast-seo-wordpress\/ -->\n<title>Unabh\u00e4ngiger Verm\u00f6gensverwaltung Genf Z\u00fcrich - 1875 Finance<\/title>\n<meta name=\"description\" content=\"Unabh\u00e4ngiger Verm\u00f6gensverwaltung Genf Z\u00fcrich : 1875 FINANCE hat sich als Referenz f\u00fcr unabh\u00e4ngige Verm\u00f6gensverwalter positioniert zwischen Tradition und Moderne, um ihren Kunden \u2013 Private wie auch institutionelle Kunden \u2013 ein Vertrauensverh\u00e4ltnis, hochwertige Tools und eine einzigartige Expertise zwecks Erzielung von Performance zu bieten. Genf, Z\u00fcrich, Luxemburg, Hongkong.\" \/>\n<meta name=\"robots\" content=\"index, follow, max-snippet:-1, max-image-preview:large, max-video-preview:-1\" \/>\n<link rel=\"canonical\" href=\"https:\/\/1875.ch\/de\/unternehmen\/unabhaengiger-vermoegensverwaltung\/\" \/>\n<meta property=\"og:locale\" content=\"de_DE\" \/>\n<meta property=\"og:type\" content=\"article\" \/>\n<meta property=\"og:title\" content=\"Unabh\u00e4ngiger Verm\u00f6gensverwaltung Genf Z\u00fcrich - 1875 Finance\" \/>\n<meta property=\"og:description\" content=\"Unabh\u00e4ngiger Verm\u00f6gensverwaltung Genf Z\u00fcrich : 1875 FINANCE hat sich als Referenz f\u00fcr unabh\u00e4ngige Verm\u00f6gensverwalter positioniert zwischen Tradition und Moderne, um ihren Kunden \u2013 Private wie auch institutionelle Kunden \u2013 ein Vertrauensverh\u00e4ltnis, hochwertige Tools und eine einzigartige Expertise zwecks Erzielung von Performance zu bieten. Genf, Z\u00fcrich, Luxemburg, Hongkong.\" \/>\n<meta property=\"og:url\" content=\"https:\/\/1875.ch\/de\/unternehmen\/unabhaengiger-vermoegensverwaltung\/\" \/>\n<meta property=\"og:site_name\" content=\"1875 Finance\" \/>\n<meta property=\"article:publisher\" content=\"https:\/\/www.facebook.com\/1875finance\/?fref=ts\" \/>\n<meta property=\"article:modified_time\" content=\"2022-03-04T09:42:22+00:00\" \/>\n<meta property=\"og:image\" content=\"https:\/\/1875.ch\/wp-content\/uploads\/2020\/03\/websiteimagery24-opt.jpg\" \/>\n\t<meta property=\"og:image:width\" content=\"2560\" \/>\n\t<meta property=\"og:image:height\" content=\"1307\" \/>\n\t<meta property=\"og:image:type\" content=\"image\/jpeg\" \/>\n<meta name=\"twitter:card\" content=\"summary_large_image\" \/>\n<meta name=\"twitter:label1\" content=\"Gesch\u00e4tzte Lesezeit\" \/>\n\t<meta name=\"twitter:data1\" content=\"2\u00a0Minuten\" \/>\n<script type=\"application\/ld+json\" class=\"yoast-schema-graph\">{\"@context\":\"https:\\\/\\\/schema.org\",\"@graph\":[{\"@type\":\"WebPage\",\"@id\":\"https:\\\/\\\/1875.ch\\\/de\\\/unternehmen\\\/unabhaengiger-vermoegensverwaltung\\\/\",\"url\":\"https:\\\/\\\/1875.ch\\\/de\\\/unternehmen\\\/unabhaengiger-vermoegensverwaltung\\\/\",\"name\":\"Unabh\u00e4ngiger Verm\u00f6gensverwaltung Genf Z\u00fcrich - 1875 Finance\",\"isPartOf\":{\"@id\":\"https:\\\/\\\/1875.ch\\\/de\\\/#website\"},\"primaryImageOfPage\":{\"@id\":\"https:\\\/\\\/1875.ch\\\/de\\\/unternehmen\\\/unabhaengiger-vermoegensverwaltung\\\/#primaryimage\"},\"image\":{\"@id\":\"https:\\\/\\\/1875.ch\\\/de\\\/unternehmen\\\/unabhaengiger-vermoegensverwaltung\\\/#primaryimage\"},\"thumbnailUrl\":\"https:\\\/\\\/1875.ch\\\/wp-content\\\/uploads\\\/2020\\\/03\\\/websiteimagery24-opt.jpg\",\"datePublished\":\"2020-03-25T00:30:01+00:00\",\"dateModified\":\"2022-03-04T09:42:22+00:00\",\"description\":\"Unabh\u00e4ngiger Verm\u00f6gensverwaltung Genf Z\u00fcrich : 1875 FINANCE hat sich als Referenz f\u00fcr unabh\u00e4ngige Verm\u00f6gensverwalter positioniert zwischen Tradition und Moderne, um ihren Kunden \u2013 Private wie auch institutionelle Kunden \u2013 ein Vertrauensverh\u00e4ltnis, hochwertige Tools und eine einzigartige Expertise zwecks Erzielung von Performance zu bieten. Genf, Z\u00fcrich, Luxemburg, Hongkong.\",\"breadcrumb\":{\"@id\":\"https:\\\/\\\/1875.ch\\\/de\\\/unternehmen\\\/unabhaengiger-vermoegensverwaltung\\\/#breadcrumb\"},\"inLanguage\":\"de\",\"potentialAction\":[{\"@type\":\"ReadAction\",\"target\":[\"https:\\\/\\\/1875.ch\\\/de\\\/unternehmen\\\/unabhaengiger-vermoegensverwaltung\\\/\"]}]},{\"@type\":\"ImageObject\",\"inLanguage\":\"de\",\"@id\":\"https:\\\/\\\/1875.ch\\\/de\\\/unternehmen\\\/unabhaengiger-vermoegensverwaltung\\\/#primaryimage\",\"url\":\"https:\\\/\\\/1875.ch\\\/wp-content\\\/uploads\\\/2020\\\/03\\\/websiteimagery24-opt.jpg\",\"contentUrl\":\"https:\\\/\\\/1875.ch\\\/wp-content\\\/uploads\\\/2020\\\/03\\\/websiteimagery24-opt.jpg\",\"width\":2560,\"height\":1307},{\"@type\":\"BreadcrumbList\",\"@id\":\"https:\\\/\\\/1875.ch\\\/de\\\/unternehmen\\\/unabhaengiger-vermoegensverwaltung\\\/#breadcrumb\",\"itemListElement\":[{\"@type\":\"ListItem\",\"position\":1,\"name\":\"Home\",\"item\":\"https:\\\/\\\/1875.ch\\\/de\\\/\"},{\"@type\":\"ListItem\",\"position\":2,\"name\":\"Unternehmen\",\"item\":\"https:\\\/\\\/1875.ch\\\/de\\\/unternehmen\\\/\"},{\"@type\":\"ListItem\",\"position\":3,\"name\":\"\u00dcber uns\"}]},{\"@type\":\"WebSite\",\"@id\":\"https:\\\/\\\/1875.ch\\\/de\\\/#website\",\"url\":\"https:\\\/\\\/1875.ch\\\/de\\\/\",\"name\":\"1875 Finance\",\"description\":\"The Financial Place to Be\",\"publisher\":{\"@id\":\"https:\\\/\\\/1875.ch\\\/de\\\/#organization\"},\"potentialAction\":[{\"@type\":\"SearchAction\",\"target\":{\"@type\":\"EntryPoint\",\"urlTemplate\":\"https:\\\/\\\/1875.ch\\\/de\\\/?s={search_term_string}\"},\"query-input\":{\"@type\":\"PropertyValueSpecification\",\"valueRequired\":true,\"valueName\":\"search_term_string\"}}],\"inLanguage\":\"de\"},{\"@type\":\"Organization\",\"@id\":\"https:\\\/\\\/1875.ch\\\/de\\\/#organization\",\"name\":\"1875 Finance\",\"url\":\"https:\\\/\\\/1875.ch\\\/de\\\/\",\"logo\":{\"@type\":\"ImageObject\",\"inLanguage\":\"de\",\"@id\":\"https:\\\/\\\/1875.ch\\\/de\\\/#\\\/schema\\\/logo\\\/image\\\/\",\"url\":\"https:\\\/\\\/1875.ch\\\/wp-content\\\/uploads\\\/2020\\\/03\\\/1875-logo.png\",\"contentUrl\":\"https:\\\/\\\/1875.ch\\\/wp-content\\\/uploads\\\/2020\\\/03\\\/1875-logo.png\",\"width\":220,\"height\":220,\"caption\":\"1875 Finance\"},\"image\":{\"@id\":\"https:\\\/\\\/1875.ch\\\/de\\\/#\\\/schema\\\/logo\\\/image\\\/\"},\"sameAs\":[\"https:\\\/\\\/www.facebook.com\\\/1875finance\\\/?fref=ts\",\"https:\\\/\\\/www.youtube.com\\\/channel\\\/UCZA0ykjGQrrEA3GBFkn8cAg\"]}]}<\/script>\n<!-- \/ Yoast SEO plugin. -->","yoast_head_json":{"title":"Unabh\u00e4ngiger Verm\u00f6gensverwaltung Genf Z\u00fcrich - 1875 Finance","description":"Unabh\u00e4ngiger Verm\u00f6gensverwaltung Genf Z\u00fcrich : 1875 FINANCE hat sich als Referenz f\u00fcr unabh\u00e4ngige Verm\u00f6gensverwalter positioniert zwischen Tradition und Moderne, um ihren Kunden \u2013 Private wie auch institutionelle Kunden \u2013 ein Vertrauensverh\u00e4ltnis, hochwertige Tools und eine einzigartige Expertise zwecks Erzielung von Performance zu bieten. Genf, Z\u00fcrich, Luxemburg, Hongkong.","robots":{"index":"index","follow":"follow","max-snippet":"max-snippet:-1","max-image-preview":"max-image-preview:large","max-video-preview":"max-video-preview:-1"},"canonical":"https:\/\/1875.ch\/de\/unternehmen\/unabhaengiger-vermoegensverwaltung\/","og_locale":"de_DE","og_type":"article","og_title":"Unabh\u00e4ngiger Verm\u00f6gensverwaltung Genf Z\u00fcrich - 1875 Finance","og_description":"Unabh\u00e4ngiger Verm\u00f6gensverwaltung Genf Z\u00fcrich : 1875 FINANCE hat sich als Referenz f\u00fcr unabh\u00e4ngige Verm\u00f6gensverwalter positioniert zwischen Tradition und Moderne, um ihren Kunden \u2013 Private wie auch institutionelle Kunden \u2013 ein Vertrauensverh\u00e4ltnis, hochwertige Tools und eine einzigartige Expertise zwecks Erzielung von Performance zu bieten. Genf, Z\u00fcrich, Luxemburg, Hongkong.","og_url":"https:\/\/1875.ch\/de\/unternehmen\/unabhaengiger-vermoegensverwaltung\/","og_site_name":"1875 Finance","article_publisher":"https:\/\/www.facebook.com\/1875finance\/?fref=ts","article_modified_time":"2022-03-04T09:42:22+00:00","og_image":[{"width":2560,"height":1307,"url":"https:\/\/1875.ch\/wp-content\/uploads\/2020\/03\/websiteimagery24-opt.jpg","type":"image\/jpeg"}],"twitter_card":"summary_large_image","twitter_misc":{"Gesch\u00e4tzte Lesezeit":"2\u00a0Minuten"},"schema":{"@context":"https:\/\/schema.org","@graph":[{"@type":"WebPage","@id":"https:\/\/1875.ch\/de\/unternehmen\/unabhaengiger-vermoegensverwaltung\/","url":"https:\/\/1875.ch\/de\/unternehmen\/unabhaengiger-vermoegensverwaltung\/","name":"Unabh\u00e4ngiger Verm\u00f6gensverwaltung Genf Z\u00fcrich - 1875 Finance","isPartOf":{"@id":"https:\/\/1875.ch\/de\/#website"},"primaryImageOfPage":{"@id":"https:\/\/1875.ch\/de\/unternehmen\/unabhaengiger-vermoegensverwaltung\/#primaryimage"},"image":{"@id":"https:\/\/1875.ch\/de\/unternehmen\/unabhaengiger-vermoegensverwaltung\/#primaryimage"},"thumbnailUrl":"https:\/\/1875.ch\/wp-content\/uploads\/2020\/03\/websiteimagery24-opt.jpg","datePublished":"2020-03-25T00:30:01+00:00","dateModified":"2022-03-04T09:42:22+00:00","description":"Unabh\u00e4ngiger Verm\u00f6gensverwaltung Genf Z\u00fcrich : 1875 FINANCE hat sich als Referenz f\u00fcr unabh\u00e4ngige Verm\u00f6gensverwalter positioniert zwischen Tradition und Moderne, um ihren Kunden \u2013 Private wie auch institutionelle Kunden \u2013 ein Vertrauensverh\u00e4ltnis, hochwertige Tools und eine einzigartige Expertise zwecks Erzielung von Performance zu bieten. Genf, Z\u00fcrich, Luxemburg, Hongkong.","breadcrumb":{"@id":"https:\/\/1875.ch\/de\/unternehmen\/unabhaengiger-vermoegensverwaltung\/#breadcrumb"},"inLanguage":"de","potentialAction":[{"@type":"ReadAction","target":["https:\/\/1875.ch\/de\/unternehmen\/unabhaengiger-vermoegensverwaltung\/"]}]},{"@type":"ImageObject","inLanguage":"de","@id":"https:\/\/1875.ch\/de\/unternehmen\/unabhaengiger-vermoegensverwaltung\/#primaryimage","url":"https:\/\/1875.ch\/wp-content\/uploads\/2020\/03\/websiteimagery24-opt.jpg","contentUrl":"https:\/\/1875.ch\/wp-content\/uploads\/2020\/03\/websiteimagery24-opt.jpg","width":2560,"height":1307},{"@type":"BreadcrumbList","@id":"https:\/\/1875.ch\/de\/unternehmen\/unabhaengiger-vermoegensverwaltung\/#breadcrumb","itemListElement":[{"@type":"ListItem","position":1,"name":"Home","item":"https:\/\/1875.ch\/de\/"},{"@type":"ListItem","position":2,"name":"Unternehmen","item":"https:\/\/1875.ch\/de\/unternehmen\/"},{"@type":"ListItem","position":3,"name":"\u00dcber uns"}]},{"@type":"WebSite","@id":"https:\/\/1875.ch\/de\/#website","url":"https:\/\/1875.ch\/de\/","name":"1875 Finance","description":"The Financial Place to Be","publisher":{"@id":"https:\/\/1875.ch\/de\/#organization"},"potentialAction":[{"@type":"SearchAction","target":{"@type":"EntryPoint","urlTemplate":"https:\/\/1875.ch\/de\/?s={search_term_string}"},"query-input":{"@type":"PropertyValueSpecification","valueRequired":true,"valueName":"search_term_string"}}],"inLanguage":"de"},{"@type":"Organization","@id":"https:\/\/1875.ch\/de\/#organization","name":"1875 Finance","url":"https:\/\/1875.ch\/de\/","logo":{"@type":"ImageObject","inLanguage":"de","@id":"https:\/\/1875.ch\/de\/#\/schema\/logo\/image\/","url":"https:\/\/1875.ch\/wp-content\/uploads\/2020\/03\/1875-logo.png","contentUrl":"https:\/\/1875.ch\/wp-content\/uploads\/2020\/03\/1875-logo.png","width":220,"height":220,"caption":"1875 Finance"},"image":{"@id":"https:\/\/1875.ch\/de\/#\/schema\/logo\/image\/"},"sameAs":["https:\/\/www.facebook.com\/1875finance\/?fref=ts","https:\/\/www.youtube.com\/channel\/UCZA0ykjGQrrEA3GBFkn8cAg"]}]}},"_links":{"self":[{"href":"https:\/\/1875.ch\/de\/wp-json\/wp\/v2\/pages\/85391","targetHints":{"allow":["GET"]}}],"collection":[{"href":"https:\/\/1875.ch\/de\/wp-json\/wp\/v2\/pages"}],"about":[{"href":"https:\/\/1875.ch\/de\/wp-json\/wp\/v2\/types\/page"}],"author":[{"embeddable":true,"href":"https:\/\/1875.ch\/de\/wp-json\/wp\/v2\/users\/12"}],"replies":[{"embeddable":true,"href":"https:\/\/1875.ch\/de\/wp-json\/wp\/v2\/comments?post=85391"}],"version-history":[{"count":4,"href":"https:\/\/1875.ch\/de\/wp-json\/wp\/v2\/pages\/85391\/revisions"}],"predecessor-version":[{"id":87357,"href":"https:\/\/1875.ch\/de\/wp-json\/wp\/v2\/pages\/85391\/revisions\/87357"}],"up":[{"embeddable":true,"href":"https:\/\/1875.ch\/de\/wp-json\/wp\/v2\/pages\/85389"}],"wp:featuredmedia":[{"embeddable":true,"href":"https:\/\/1875.ch\/de\/wp-json\/wp\/v2\/media\/84281"}],"wp:attachment":[{"href":"https:\/\/1875.ch\/de\/wp-json\/wp\/v2\/media?parent=85391"}],"curies":[{"name":"wp","href":"https:\/\/api.w.org\/{rel}","templated":true}]}}