{"id":85403,"date":"2020-04-15T00:32:09","date_gmt":"2020-04-15T00:32:09","guid":{"rendered":"https:\/\/1875.ch\/company\/affiliations\/"},"modified":"2020-11-01T14:32:05","modified_gmt":"2020-11-01T14:32:05","slug":"mitgliedschaften","status":"publish","type":"page","link":"https:\/\/1875.ch\/de\/unternehmen\/mitgliedschaften\/","title":{"rendered":"Mitgliedschaften"},"content":{"rendered":"<div class=\"wpb-content-wrapper\"><p>[vc_row row_height_percent=&#8220;0&#8243; override_padding=&#8220;yes&#8220; h_padding=&#8220;2&#8243; top_padding=&#8220;5&#8243; bottom_padding=&#8220;2&#8243; overlay_alpha=&#8220;50&#8243; gutter_size=&#8220;3&#8243; column_width_percent=&#8220;100&#8243; shift_y=&#8220;0&#8243; z_index=&#8220;0&#8243;][vc_column column_width_percent=&#8220;100&#8243; align_horizontal=&#8220;align_center&#8220; gutter_size=&#8220;3&#8243; overlay_alpha=&#8220;50&#8243; shift_x=&#8220;0&#8243; shift_y=&#8220;0&#8243; shift_y_down=&#8220;0&#8243; z_index=&#8220;0&#8243; medium_width=&#8220;0&#8243; mobile_width=&#8220;0&#8243; width=&#8220;1\/1&#8243;][vc_custom_heading heading_semantic=&#8220;h1&#8243; separator=&#8220;yes&#8220; separator_color=&#8220;yes&#8220; sub_lead=&#8220;yes&#8220; css_animation=&#8220;curtain&#8220; animation_delay=&#8220;200&#8243;]Das Unternehmen:<br \/>\nMitgliedschaften[\/vc_custom_heading][\/vc_column][\/vc_row][vc_row row_height_percent=&#8220;0&#8243; overlay_alpha=&#8220;50&#8243; gutter_size=&#8220;3&#8243; column_width_percent=&#8220;100&#8243; shift_y=&#8220;0&#8243; z_index=&#8220;0&#8243;][vc_column width=&#8220;1\/1&#8243;][vc_column_text]<\/p>\n<h4><strong>1875 FINANCE<\/strong>\u00a0\u00fcbt ihre T\u00e4tigkeit autonom aus und ist gleichzeitig Mitglied bei renommiertesten und vertrauensw\u00fcrdigsten Organisationen, um ihren Kunden und ihren Partnern die gr\u00f6sstm\u00f6gliche Qualit\u00e4tskontrolle zu bieten.<\/h4>\n<p>[\/vc_column_text][\/vc_column][\/vc_row][vc_row row_height_percent=&#8220;0&#8243; override_padding=&#8220;yes&#8220; h_padding=&#8220;2&#8243; top_padding=&#8220;2&#8243; bottom_padding=&#8220;5&#8243; overlay_alpha=&#8220;50&#8243; gutter_size=&#8220;3&#8243; column_width_percent=&#8220;100&#8243; shift_y=&#8220;0&#8243; z_index=&#8220;0&#8243;][vc_column width=&#8220;1\/2&#8243;][vc_column_text text_lead=&#8220;yes&#8220;]<\/p>\n<h4>FINMA (Eidgen\u00f6ssische Finanzmarktaufsicht)<\/h4>\n<p>Die Eidgen\u00f6ssische Finanzmarktaufsicht (FINMA) ist eine Einrichtung \u00f6ffentlichen Rechts mit eigener Rechtspers\u00f6nlichkeit und zust\u00e4ndig f\u00fcr die Anwendung des Bundesgesetzes \u00fcber die Eidgen\u00f6ssische Finanzmarktaufsicht (FINMAG) und die Gesetze zur Regulierung der Finanzm\u00e4rkte.<\/p>\n<p>Als unabh\u00e4ngige Aufsichtsbeh\u00f6rde engagiert sich die FINMA f\u00fcr den Schutz von Gl\u00e4ubigern, Anlegern und Versicherten und sichert die ordnungsgem\u00e4sse Funktionsweise der Finanzm\u00e4rkte. Individueller und funktioneller Schutz sind die wesentlichen Elemente des FINMA-Mandats.[\/vc_column_text][uncode_list larger=&#8220;yes&#8220; icon=&#8220;fa fa-arrow-right-thick&#8220; icon_color=&#8220;accent&#8220;]<\/p>\n<ul>\n<li><a href=\"https:\/\/1875.ch\/wp-content\/uploads\/2019\/05\/fassetmanager.pdf\" target=\"_blank\" rel=\"noopener noreferrer\">Liste der von der FINMA zugelassenen Verm\u00f6gensverwalter<\/a><\/li>\n<li><a href=\"https:\/\/www.finma.ch\/de\/\" target=\"_blank\" rel=\"noopener noreferrer\">Besuchen Sie die Website der FINMA<\/a><\/li>\n<\/ul>\n<p>[\/uncode_list][\/vc_column][vc_column width=&#8220;1\/2&#8243;][vc_column_text text_lead=&#8220;yes&#8220;]<\/p>\n<h4>CSSF<\/h4>\n<p>Die Commission de Surveillance du Secteur Financier ist eine \u00f6ffentliche Einrichtung zur \u00dcberwachung von Fachleuten und Produkten des luxemburgischen Finanzsektors. Sie \u00fcberwacht, reglementiert, autorisiert, informiert und sanktioniert im Falle von regulatorischen Verletzungen. Weiter ist sie damit beauftragt, Transparenz, Einfachheit und Gleichheit der Finanzprodukte und -dienstleistungen zu f\u00f6rdern und \u00fcberwacht die Anwendung der Gesetze zum Schutz der Konsumenten von Finanzprodukten und -dienstleistungen und die Gesetze zur Bek\u00e4mpfung von Geldw\u00e4sche und der Terrorismusfinanzierung.<\/p>\n<h4>VSV (Verband Schweizerischer Verm\u00f6gensverwalter)<\/h4>\n<p>Der VSV wurde 1986 gegr\u00fcndet, um dem damals neu entstandenen Sektor der unabh\u00e4ngigen Verm\u00f6gensverwalter ein klares Profil zu verleihen. Seit dessen Entstehung wurde auf unabh\u00e4ngige und professionelle Arbeitsmethoden und auf die Schaffung eines G\u00fctesiegels besonderer Wert gelegt. Heute hat sich der Verein zum einflussreichsten Verband des Sektors entwickelt.[\/vc_column_text][uncode_list larger=&#8220;yes&#8220; icon=&#8220;fa fa-arrow-right-thick&#8220; icon_color=&#8220;accent&#8220;]<\/p>\n<ul>\n<li><a href=\"https:\/\/www.vsv-asg.ch\/en\/home\" target=\"_blank\" rel=\"noopener noreferrer\">Besuchen Sie die Website des VSV<\/a><\/li>\n<\/ul>\n<p>[\/uncode_list][vc_column_text text_lead=&#8220;yes&#8220;]<\/p>\n<h4>ASV\/ASWM (Allianz Schweizer Verm\u00f6gensverwalter)<\/h4>\n<p>Die Allianz Schweizer Verm\u00f6gensverwalter wurde 2016 gegr\u00fcndet und ist eine Plattform der gr\u00f6ssten Schweizer Verm\u00f6gensverwalter. Sie erleichtert ihren Mitgliedern den Austausch von Fachwissen und Erfahrung und st\u00e4rkt damit deren Positionierung in einem anspruchsvollen Umfeld.[\/vc_column_text][uncode_list larger=&#8220;yes&#8220; icon=&#8220;fa fa-arrow-right-thick&#8220; icon_color=&#8220;accent&#8220;]<\/p>\n<ul>\n<li><a href=\"https:\/\/asv-aswm.ch\" target=\"_blank\" rel=\"noopener noreferrer\">Besuchen Sie die Website der ASV\/ASVM<\/a><\/li>\n<\/ul>\n<p>[\/uncode_list][\/vc_column][\/vc_row][vc_row][vc_column width=&#8220;1\/1&#8243;][uncode_block id=&#8220;84522&#8243;][\/vc_column][\/vc_row][vc_row][vc_column width=&#8220;1\/1&#8243;][uncode_block id=&#8220;82642&#8243;][\/vc_column][\/vc_row]<\/p>\n<\/div>","protected":false},"excerpt":{"rendered":"<p>[vc_row row_height_percent=&#8220;0&#8243; override_padding=&#8220;yes&#8220; h_padding=&#8220;2&#8243; top_padding=&#8220;5&#8243; bottom_padding=&#8220;2&#8243; overlay_alpha=&#8220;50&#8243; gutter_size=&#8220;3&#8243; column_width_percent=&#8220;100&#8243; shift_y=&#8220;0&#8243; z_index=&#8220;0&#8243;][vc_column column_width_percent=&#8220;100&#8243; align_horizontal=&#8220;align_center&#8220; gutter_size=&#8220;3&#8243; overlay_alpha=&#8220;50&#8243; shift_x=&#8220;0&#8243; shift_y=&#8220;0&#8243; shift_y_down=&#8220;0&#8243; z_index=&#8220;0&#8243; medium_width=&#8220;0&#8243; [&hellip;]<\/p>\n","protected":false},"author":12,"featured_media":84281,"parent":85389,"menu_order":0,"comment_status":"closed","ping_status":"closed","template":"","meta":{"_monsterinsights_skip_tracking":false,"_monsterinsights_sitenote_active":false,"_monsterinsights_sitenote_note":"","_monsterinsights_sitenote_category":0,"footnotes":""},"class_list":["post-85403","page","type-page","status-publish","has-post-thumbnail","hentry","page_category-company-de"],"yoast_head":"<!-- This site is optimized with the Yoast SEO plugin v27.3 - https:\/\/yoast.com\/product\/yoast-seo-wordpress\/ -->\n<title>Unternehmen - Mitgliedschaften - 1875 Finance<\/title>\n<meta name=\"description\" content=\"Unternehmen, Mitgliedschaften : 1875 FINANCE \u00fcbt ihre T\u00e4tigkeit autonom aus und ist gleichzeitig Mitglied bei renommiertesten und vertrauensw\u00fcrdigsten Organisationen, um ihren Kunden und ihren Partnern die gr\u00f6sstm\u00f6gliche Qualit\u00e4tskontrolle zu bieten. Genf, Z\u00fcrich, Luxemburg, Hongkong.\" \/>\n<meta name=\"robots\" content=\"index, follow, max-snippet:-1, max-image-preview:large, max-video-preview:-1\" \/>\n<link rel=\"canonical\" href=\"https:\/\/1875.ch\/de\/unternehmen\/mitgliedschaften\/\" \/>\n<meta property=\"og:locale\" content=\"de_DE\" \/>\n<meta property=\"og:type\" content=\"article\" \/>\n<meta property=\"og:title\" content=\"Unternehmen - Mitgliedschaften - 1875 Finance\" \/>\n<meta property=\"og:description\" content=\"Unternehmen, Mitgliedschaften : 1875 FINANCE \u00fcbt ihre T\u00e4tigkeit autonom aus und ist gleichzeitig Mitglied bei renommiertesten und vertrauensw\u00fcrdigsten Organisationen, um ihren Kunden und ihren Partnern die gr\u00f6sstm\u00f6gliche Qualit\u00e4tskontrolle zu bieten. Genf, Z\u00fcrich, Luxemburg, Hongkong.\" \/>\n<meta property=\"og:url\" content=\"https:\/\/1875.ch\/de\/unternehmen\/mitgliedschaften\/\" \/>\n<meta property=\"og:site_name\" content=\"1875 Finance\" \/>\n<meta property=\"article:publisher\" content=\"https:\/\/www.facebook.com\/1875finance\/?fref=ts\" \/>\n<meta property=\"article:modified_time\" content=\"2020-11-01T14:32:05+00:00\" \/>\n<meta property=\"og:image\" content=\"https:\/\/1875.ch\/wp-content\/uploads\/2020\/03\/websiteimagery24-opt.jpg\" \/>\n\t<meta property=\"og:image:width\" content=\"2560\" \/>\n\t<meta property=\"og:image:height\" content=\"1307\" \/>\n\t<meta property=\"og:image:type\" content=\"image\/jpeg\" \/>\n<meta name=\"twitter:card\" content=\"summary_large_image\" \/>\n<meta name=\"twitter:label1\" content=\"Gesch\u00e4tzte Lesezeit\" \/>\n\t<meta name=\"twitter:data1\" content=\"3\u00a0Minuten\" \/>\n<script type=\"application\/ld+json\" class=\"yoast-schema-graph\">{\"@context\":\"https:\\\/\\\/schema.org\",\"@graph\":[{\"@type\":\"WebPage\",\"@id\":\"https:\\\/\\\/1875.ch\\\/de\\\/unternehmen\\\/mitgliedschaften\\\/\",\"url\":\"https:\\\/\\\/1875.ch\\\/de\\\/unternehmen\\\/mitgliedschaften\\\/\",\"name\":\"Unternehmen - Mitgliedschaften - 1875 Finance\",\"isPartOf\":{\"@id\":\"https:\\\/\\\/1875.ch\\\/de\\\/#website\"},\"primaryImageOfPage\":{\"@id\":\"https:\\\/\\\/1875.ch\\\/de\\\/unternehmen\\\/mitgliedschaften\\\/#primaryimage\"},\"image\":{\"@id\":\"https:\\\/\\\/1875.ch\\\/de\\\/unternehmen\\\/mitgliedschaften\\\/#primaryimage\"},\"thumbnailUrl\":\"https:\\\/\\\/1875.ch\\\/wp-content\\\/uploads\\\/2020\\\/03\\\/websiteimagery24-opt.jpg\",\"datePublished\":\"2020-04-15T00:32:09+00:00\",\"dateModified\":\"2020-11-01T14:32:05+00:00\",\"description\":\"Unternehmen, Mitgliedschaften : 1875 FINANCE \u00fcbt ihre T\u00e4tigkeit autonom aus und ist gleichzeitig Mitglied bei renommiertesten und vertrauensw\u00fcrdigsten Organisationen, um ihren Kunden und ihren Partnern die gr\u00f6sstm\u00f6gliche Qualit\u00e4tskontrolle zu bieten. Genf, Z\u00fcrich, Luxemburg, Hongkong.\",\"breadcrumb\":{\"@id\":\"https:\\\/\\\/1875.ch\\\/de\\\/unternehmen\\\/mitgliedschaften\\\/#breadcrumb\"},\"inLanguage\":\"de\",\"potentialAction\":[{\"@type\":\"ReadAction\",\"target\":[\"https:\\\/\\\/1875.ch\\\/de\\\/unternehmen\\\/mitgliedschaften\\\/\"]}]},{\"@type\":\"ImageObject\",\"inLanguage\":\"de\",\"@id\":\"https:\\\/\\\/1875.ch\\\/de\\\/unternehmen\\\/mitgliedschaften\\\/#primaryimage\",\"url\":\"https:\\\/\\\/1875.ch\\\/wp-content\\\/uploads\\\/2020\\\/03\\\/websiteimagery24-opt.jpg\",\"contentUrl\":\"https:\\\/\\\/1875.ch\\\/wp-content\\\/uploads\\\/2020\\\/03\\\/websiteimagery24-opt.jpg\",\"width\":2560,\"height\":1307},{\"@type\":\"BreadcrumbList\",\"@id\":\"https:\\\/\\\/1875.ch\\\/de\\\/unternehmen\\\/mitgliedschaften\\\/#breadcrumb\",\"itemListElement\":[{\"@type\":\"ListItem\",\"position\":1,\"name\":\"Home\",\"item\":\"https:\\\/\\\/1875.ch\\\/de\\\/\"},{\"@type\":\"ListItem\",\"position\":2,\"name\":\"Unternehmen\",\"item\":\"https:\\\/\\\/1875.ch\\\/de\\\/unternehmen\\\/\"},{\"@type\":\"ListItem\",\"position\":3,\"name\":\"Mitgliedschaften\"}]},{\"@type\":\"WebSite\",\"@id\":\"https:\\\/\\\/1875.ch\\\/de\\\/#website\",\"url\":\"https:\\\/\\\/1875.ch\\\/de\\\/\",\"name\":\"1875 Finance\",\"description\":\"The Financial Place to Be\",\"publisher\":{\"@id\":\"https:\\\/\\\/1875.ch\\\/de\\\/#organization\"},\"potentialAction\":[{\"@type\":\"SearchAction\",\"target\":{\"@type\":\"EntryPoint\",\"urlTemplate\":\"https:\\\/\\\/1875.ch\\\/de\\\/?s={search_term_string}\"},\"query-input\":{\"@type\":\"PropertyValueSpecification\",\"valueRequired\":true,\"valueName\":\"search_term_string\"}}],\"inLanguage\":\"de\"},{\"@type\":\"Organization\",\"@id\":\"https:\\\/\\\/1875.ch\\\/de\\\/#organization\",\"name\":\"1875 Finance\",\"url\":\"https:\\\/\\\/1875.ch\\\/de\\\/\",\"logo\":{\"@type\":\"ImageObject\",\"inLanguage\":\"de\",\"@id\":\"https:\\\/\\\/1875.ch\\\/de\\\/#\\\/schema\\\/logo\\\/image\\\/\",\"url\":\"https:\\\/\\\/1875.ch\\\/wp-content\\\/uploads\\\/2020\\\/03\\\/1875-logo.png\",\"contentUrl\":\"https:\\\/\\\/1875.ch\\\/wp-content\\\/uploads\\\/2020\\\/03\\\/1875-logo.png\",\"width\":220,\"height\":220,\"caption\":\"1875 Finance\"},\"image\":{\"@id\":\"https:\\\/\\\/1875.ch\\\/de\\\/#\\\/schema\\\/logo\\\/image\\\/\"},\"sameAs\":[\"https:\\\/\\\/www.facebook.com\\\/1875finance\\\/?fref=ts\",\"https:\\\/\\\/www.youtube.com\\\/channel\\\/UCZA0ykjGQrrEA3GBFkn8cAg\"]}]}<\/script>\n<!-- \/ Yoast SEO plugin. -->","yoast_head_json":{"title":"Unternehmen - Mitgliedschaften - 1875 Finance","description":"Unternehmen, Mitgliedschaften : 1875 FINANCE \u00fcbt ihre T\u00e4tigkeit autonom aus und ist gleichzeitig Mitglied bei renommiertesten und vertrauensw\u00fcrdigsten Organisationen, um ihren Kunden und ihren Partnern die gr\u00f6sstm\u00f6gliche Qualit\u00e4tskontrolle zu bieten. Genf, Z\u00fcrich, Luxemburg, Hongkong.","robots":{"index":"index","follow":"follow","max-snippet":"max-snippet:-1","max-image-preview":"max-image-preview:large","max-video-preview":"max-video-preview:-1"},"canonical":"https:\/\/1875.ch\/de\/unternehmen\/mitgliedschaften\/","og_locale":"de_DE","og_type":"article","og_title":"Unternehmen - Mitgliedschaften - 1875 Finance","og_description":"Unternehmen, Mitgliedschaften : 1875 FINANCE \u00fcbt ihre T\u00e4tigkeit autonom aus und ist gleichzeitig Mitglied bei renommiertesten und vertrauensw\u00fcrdigsten Organisationen, um ihren Kunden und ihren Partnern die gr\u00f6sstm\u00f6gliche Qualit\u00e4tskontrolle zu bieten. Genf, Z\u00fcrich, Luxemburg, Hongkong.","og_url":"https:\/\/1875.ch\/de\/unternehmen\/mitgliedschaften\/","og_site_name":"1875 Finance","article_publisher":"https:\/\/www.facebook.com\/1875finance\/?fref=ts","article_modified_time":"2020-11-01T14:32:05+00:00","og_image":[{"width":2560,"height":1307,"url":"https:\/\/1875.ch\/wp-content\/uploads\/2020\/03\/websiteimagery24-opt.jpg","type":"image\/jpeg"}],"twitter_card":"summary_large_image","twitter_misc":{"Gesch\u00e4tzte Lesezeit":"3\u00a0Minuten"},"schema":{"@context":"https:\/\/schema.org","@graph":[{"@type":"WebPage","@id":"https:\/\/1875.ch\/de\/unternehmen\/mitgliedschaften\/","url":"https:\/\/1875.ch\/de\/unternehmen\/mitgliedschaften\/","name":"Unternehmen - Mitgliedschaften - 1875 Finance","isPartOf":{"@id":"https:\/\/1875.ch\/de\/#website"},"primaryImageOfPage":{"@id":"https:\/\/1875.ch\/de\/unternehmen\/mitgliedschaften\/#primaryimage"},"image":{"@id":"https:\/\/1875.ch\/de\/unternehmen\/mitgliedschaften\/#primaryimage"},"thumbnailUrl":"https:\/\/1875.ch\/wp-content\/uploads\/2020\/03\/websiteimagery24-opt.jpg","datePublished":"2020-04-15T00:32:09+00:00","dateModified":"2020-11-01T14:32:05+00:00","description":"Unternehmen, Mitgliedschaften : 1875 FINANCE \u00fcbt ihre T\u00e4tigkeit autonom aus und ist gleichzeitig Mitglied bei renommiertesten und vertrauensw\u00fcrdigsten Organisationen, um ihren Kunden und ihren Partnern die gr\u00f6sstm\u00f6gliche Qualit\u00e4tskontrolle zu bieten. Genf, Z\u00fcrich, Luxemburg, Hongkong.","breadcrumb":{"@id":"https:\/\/1875.ch\/de\/unternehmen\/mitgliedschaften\/#breadcrumb"},"inLanguage":"de","potentialAction":[{"@type":"ReadAction","target":["https:\/\/1875.ch\/de\/unternehmen\/mitgliedschaften\/"]}]},{"@type":"ImageObject","inLanguage":"de","@id":"https:\/\/1875.ch\/de\/unternehmen\/mitgliedschaften\/#primaryimage","url":"https:\/\/1875.ch\/wp-content\/uploads\/2020\/03\/websiteimagery24-opt.jpg","contentUrl":"https:\/\/1875.ch\/wp-content\/uploads\/2020\/03\/websiteimagery24-opt.jpg","width":2560,"height":1307},{"@type":"BreadcrumbList","@id":"https:\/\/1875.ch\/de\/unternehmen\/mitgliedschaften\/#breadcrumb","itemListElement":[{"@type":"ListItem","position":1,"name":"Home","item":"https:\/\/1875.ch\/de\/"},{"@type":"ListItem","position":2,"name":"Unternehmen","item":"https:\/\/1875.ch\/de\/unternehmen\/"},{"@type":"ListItem","position":3,"name":"Mitgliedschaften"}]},{"@type":"WebSite","@id":"https:\/\/1875.ch\/de\/#website","url":"https:\/\/1875.ch\/de\/","name":"1875 Finance","description":"The Financial Place to Be","publisher":{"@id":"https:\/\/1875.ch\/de\/#organization"},"potentialAction":[{"@type":"SearchAction","target":{"@type":"EntryPoint","urlTemplate":"https:\/\/1875.ch\/de\/?s={search_term_string}"},"query-input":{"@type":"PropertyValueSpecification","valueRequired":true,"valueName":"search_term_string"}}],"inLanguage":"de"},{"@type":"Organization","@id":"https:\/\/1875.ch\/de\/#organization","name":"1875 Finance","url":"https:\/\/1875.ch\/de\/","logo":{"@type":"ImageObject","inLanguage":"de","@id":"https:\/\/1875.ch\/de\/#\/schema\/logo\/image\/","url":"https:\/\/1875.ch\/wp-content\/uploads\/2020\/03\/1875-logo.png","contentUrl":"https:\/\/1875.ch\/wp-content\/uploads\/2020\/03\/1875-logo.png","width":220,"height":220,"caption":"1875 Finance"},"image":{"@id":"https:\/\/1875.ch\/de\/#\/schema\/logo\/image\/"},"sameAs":["https:\/\/www.facebook.com\/1875finance\/?fref=ts","https:\/\/www.youtube.com\/channel\/UCZA0ykjGQrrEA3GBFkn8cAg"]}]}},"_links":{"self":[{"href":"https:\/\/1875.ch\/de\/wp-json\/wp\/v2\/pages\/85403","targetHints":{"allow":["GET"]}}],"collection":[{"href":"https:\/\/1875.ch\/de\/wp-json\/wp\/v2\/pages"}],"about":[{"href":"https:\/\/1875.ch\/de\/wp-json\/wp\/v2\/types\/page"}],"author":[{"embeddable":true,"href":"https:\/\/1875.ch\/de\/wp-json\/wp\/v2\/users\/12"}],"replies":[{"embeddable":true,"href":"https:\/\/1875.ch\/de\/wp-json\/wp\/v2\/comments?post=85403"}],"version-history":[{"count":2,"href":"https:\/\/1875.ch\/de\/wp-json\/wp\/v2\/pages\/85403\/revisions"}],"predecessor-version":[{"id":86514,"href":"https:\/\/1875.ch\/de\/wp-json\/wp\/v2\/pages\/85403\/revisions\/86514"}],"up":[{"embeddable":true,"href":"https:\/\/1875.ch\/de\/wp-json\/wp\/v2\/pages\/85389"}],"wp:featuredmedia":[{"embeddable":true,"href":"https:\/\/1875.ch\/de\/wp-json\/wp\/v2\/media\/84281"}],"wp:attachment":[{"href":"https:\/\/1875.ch\/de\/wp-json\/wp\/v2\/media?parent=85403"}],"curies":[{"name":"wp","href":"https:\/\/api.w.org\/{rel}","templated":true}]}}