{"id":85411,"date":"2020-04-10T01:44:34","date_gmt":"2020-04-10T01:44:34","guid":{"rendered":"https:\/\/1875.ch\/company\/associates-and-management\/"},"modified":"2022-10-14T09:01:13","modified_gmt":"2022-10-14T09:01:13","slug":"mitarbeiter-und-management","status":"publish","type":"page","link":"https:\/\/1875.ch\/de\/unternehmen\/mitarbeiter-und-management\/","title":{"rendered":"Gr\u00fcndungspartner"},"content":{"rendered":"<div class=\"wpb-content-wrapper\"><p>[vc_row row_height_percent=&#8220;0&#8243; override_padding=&#8220;yes&#8220; h_padding=&#8220;2&#8243; top_padding=&#8220;5&#8243; bottom_padding=&#8220;2&#8243; overlay_alpha=&#8220;50&#8243; gutter_size=&#8220;3&#8243; column_width_percent=&#8220;100&#8243; shift_y=&#8220;0&#8243; z_index=&#8220;0&#8243;][vc_column column_width_percent=&#8220;100&#8243; align_horizontal=&#8220;align_center&#8220; gutter_size=&#8220;3&#8243; overlay_alpha=&#8220;50&#8243; shift_x=&#8220;0&#8243; shift_y=&#8220;0&#8243; shift_y_down=&#8220;0&#8243; z_index=&#8220;0&#8243; medium_width=&#8220;0&#8243; mobile_width=&#8220;0&#8243; width=&#8220;1\/1&#8243;][vc_custom_heading heading_semantic=&#8220;h1&#8243; separator=&#8220;yes&#8220; separator_color=&#8220;yes&#8220; sub_lead=&#8220;yes&#8220; css_animation=&#8220;curtain&#8220; animation_delay=&#8220;200&#8243;]Das Unternehmen:<br \/>\nEthik und Exzellenz[\/vc_custom_heading][\/vc_column][\/vc_row][vc_row row_height_percent=&#8220;0&#8243; overlay_alpha=&#8220;50&#8243; gutter_size=&#8220;3&#8243; column_width_percent=&#8220;100&#8243; shift_y=&#8220;0&#8243; z_index=&#8220;0&#8243;][vc_column width=&#8220;1\/1&#8243;][vc_column_text]<\/p>\n<h4>Entstanden aus der gemeinsamen Erfahrung ihrer Gr\u00fcnder innerhalb derselben Bank, basiert\u00a0<strong>1875 FINANCE<\/strong>\u00a0auf einem unfehlbaren Teamgeist, der einen konstanten Zusammenhalt und eine gemeinsame Verantwortung bei strategischen Entscheidungen und Kundenberatung garantiert.<\/h4>\n<p>[\/vc_column_text][\/vc_column][\/vc_row][vc_row row_height_percent=&#8220;0&#8243; overlay_alpha=&#8220;50&#8243; gutter_size=&#8220;3&#8243; column_width_percent=&#8220;100&#8243; shift_y=&#8220;0&#8243; z_index=&#8220;0&#8243;][vc_column column_width_percent=&#8220;100&#8243; gutter_size=&#8220;3&#8243; overlay_alpha=&#8220;50&#8243; shift_x=&#8220;0&#8243; shift_y=&#8220;0&#8243; shift_y_down=&#8220;0&#8243; z_index=&#8220;0&#8243; medium_width=&#8220;0&#8243; mobile_width=&#8220;0&#8243; width=&#8220;1\/1&#8243;][vc_custom_heading heading_semantic=&#8220;h1&#8243; separator=&#8220;yes&#8220; separator_color=&#8220;yes&#8220; sub_lead=&#8220;yes&#8220;]<\/p>\n<h3 class=\"widget-title\">GR\u00dcNDUNGSPARTNER<\/h3>\n<p>[\/vc_custom_heading][\/vc_column][\/vc_row][vc_row row_height_percent=&#8220;50&#8243; overlay_alpha=&#8220;50&#8243; gutter_size=&#8220;4&#8243; column_width_percent=&#8220;100&#8243; shift_y=&#8220;0&#8243; z_index=&#8220;0&#8243; el_class=&#8220;inverted-device-order&#8220;][vc_column width=&#8220;1\/2&#8243;][vc_single_image media=&#8220;83954&#8243; media_width_percent=&#8220;100&#8243; media_ratio=&#8220;one-one&#8220; shadow=&#8220;yes&#8220; shadow_weight=&#8220;std&#8220; shadow_darker=&#8220;yes&#8220;][\/vc_column][vc_column column_width_use_pixel=&#8220;yes&#8220; position_vertical=&#8220;middle&#8220; gutter_size=&#8220;3&#8243; overlay_alpha=&#8220;50&#8243; shift_x=&#8220;0&#8243; shift_y=&#8220;0&#8243; shift_y_down=&#8220;0&#8243; z_index=&#8220;0&#8243; medium_width=&#8220;0&#8243; mobile_width=&#8220;0&#8243; width=&#8220;1\/2&#8243; column_width_pixel=&#8220;900&#8243;][vc_custom_heading text_color=&#8220;accent&#8220; heading_semantic=&#8220;h6&#8243; text_size=&#8220;fontsize-160000&#8243; text_transform=&#8220;uppercase&#8220; text_space=&#8220;fontspace-210350&#8243;]Mitgr\u00fcnder, Pr\u00e4sident des Verwaltungsrates[\/vc_custom_heading][vc_custom_heading heading_semantic=&#8220;h3&#8243; text_size=&#8220;h3&#8243;]Olivier Bizon[\/vc_custom_heading][vc_column_text]Olivier Bizon startete seine Karriere 1987 bei Paribas (Suisse) SA als Finanzberater f\u00fcr die Institutionelle Kundschaft. Zwischen 1992 und 1995 war er im Privatkundengesch\u00e4ft f\u00fcr die Credit Suisse Private Banking t\u00e4tig. Bei seiner R\u00fcckkehr zu Paribas (Suisse) SA im Jahr 1995 \u00fcbernahm er den\u00a0 Privatkundenbereich Schweiz, wurde in die Gesch\u00e4ftsleitung gew\u00e4hlt und im Jahr 2000 Mitglied des Exekutivausschusses. 2001 begann er bei Ferrier Lullin &amp; Cie SA als Managing Director. Sechs Monate sp\u00e4ter wurde er Mitglied des Direktoriums und Private-Banking-Direktor Gesamtbank. Im Jahr 2005 wirkte er in einem Spezialisten Team mit, das den Verkauf von drei Privatbanken und eines Verm\u00f6gensverwalters (SBC Wealth Management AG) an die Bank Julius Baer abwickelte.<\/p>\n<p>2006 verliess er die Bank zwecks Mitgr\u00fcndung von 1875 FINANCE als Managing Partner und Vize-Pr\u00e4sident des Verwaltungsrates. Im Jahr 2016 wurde er zum Pr\u00e4sident des Verwaltungsrates ernannt.[\/vc_column_text][\/vc_column][\/vc_row][vc_row row_height_percent=&#8220;50&#8243; overlay_alpha=&#8220;50&#8243; gutter_size=&#8220;4&#8243; column_width_percent=&#8220;100&#8243; shift_y=&#8220;0&#8243; z_index=&#8220;0&#8243; el_class=&#8220;inverted-device-order&#8220;][vc_column width=&#8220;1\/2&#8243;][vc_single_image media=&#8220;87084&#8243; media_width_percent=&#8220;100&#8243; media_ratio=&#8220;one-one&#8220; shadow=&#8220;yes&#8220; shadow_weight=&#8220;std&#8220; shadow_darker=&#8220;yes&#8220;][\/vc_column][vc_column column_width_use_pixel=&#8220;yes&#8220; position_vertical=&#8220;middle&#8220; gutter_size=&#8220;3&#8243; overlay_alpha=&#8220;50&#8243; shift_x=&#8220;0&#8243; shift_y=&#8220;0&#8243; shift_y_down=&#8220;0&#8243; z_index=&#8220;0&#8243; medium_width=&#8220;0&#8243; mobile_width=&#8220;0&#8243; width=&#8220;1\/2&#8243; column_width_pixel=&#8220;900&#8243;][vc_custom_heading text_color=&#8220;accent&#8220; heading_semantic=&#8220;h6&#8243; text_size=&#8220;fontsize-160000&#8243; text_transform=&#8220;uppercase&#8220; text_space=&#8220;fontspace-210350&#8243;]Mitgr\u00fcnder,CEO (Chief Executive Officer)[\/vc_custom_heading][vc_custom_heading heading_semantic=&#8220;h3&#8243; text_size=&#8220;h3&#8243;]Paul Kohler[\/vc_custom_heading][vc_column_text]Paul Kohler startete seine Laufbahn 1991 bei ELF Trading (zuvor Total) in Genf als Assistent des Finanzdirektors und als Pr\u00fcfer des Handelsbuches f\u00fcr Roh\u00f6l und Raffiniertes \u00d6l. Im Jahre 1993 wechselt er zu Paribas (Suisse) SA in Genf, um sich der Verm\u00f6gensverwaltung von Privat\u00ackunden zu widmen. Dort wird er 1998 zum Mitglied der Direktion bef\u00f6rdert.<\/p>\n<p>Im Jahre 2001, wechselt er zur Bank Ferrier Lullin &amp; Cie, damals Teil der UBS Gruppe, und leitet dort das Privatkundengesch\u00e4ft Schweiz. 2005, vor dem Verkauf von Ferrier Lullin an Julius B\u00e4r, wird der zum Direktor bef\u00f6rdert. 2006 verl\u00e4sst er die Bank Julius B\u00e4r, um gemeinsam mit Olivier Bizon, Aksel Azrac und der Familie Ormond (Francois-Michel und Jacques-Antoine Ormond) 1875 FINANCE zu gr\u00fcnden.<\/p>\n<p>Heute hat er bei 1875 FINANCE die Rolle als CEO (Chief Executive Officer) inne.[\/vc_column_text][\/vc_column][\/vc_row][vc_row row_height_percent=&#8220;50&#8243; overlay_alpha=&#8220;50&#8243; gutter_size=&#8220;4&#8243; column_width_percent=&#8220;100&#8243; shift_y=&#8220;0&#8243; z_index=&#8220;0&#8243; el_class=&#8220;inverted-device-order&#8220;][vc_column width=&#8220;1\/2&#8243;][vc_single_image media=&#8220;82892&#8243; media_width_percent=&#8220;100&#8243; media_ratio=&#8220;one-one&#8220; shadow=&#8220;yes&#8220; shadow_weight=&#8220;std&#8220; shadow_darker=&#8220;yes&#8220;][\/vc_column][vc_column column_width_use_pixel=&#8220;yes&#8220; position_vertical=&#8220;middle&#8220; gutter_size=&#8220;3&#8243; overlay_alpha=&#8220;50&#8243; shift_x=&#8220;0&#8243; shift_y=&#8220;0&#8243; shift_y_down=&#8220;0&#8243; z_index=&#8220;0&#8243; medium_width=&#8220;0&#8243; mobile_width=&#8220;0&#8243; width=&#8220;1\/2&#8243; column_width_pixel=&#8220;900&#8243;][vc_custom_heading text_color=&#8220;accent&#8220; heading_semantic=&#8220;h6&#8243; text_size=&#8220;fontsize-160000&#8243; text_transform=&#8220;uppercase&#8220; text_space=&#8220;fontspace-210350&#8243;]Mitgr\u00fcnder, Partner und Verantwortlicher f\u00fcr das Multi-Family Office[\/vc_custom_heading][vc_custom_heading heading_semantic=&#8220;h3&#8243; text_size=&#8220;h3&#8243;]Aksel Azrac[\/vc_custom_heading][vc_column_text]Aksel Azrac begann seine Laufbahn als Berater f\u00fcr gro\u00dfe Automobilhersteller. 1997 fing er bei Paribas (Suisse) SA in Genf an, wo er den Fonds Parvest Switzerland mitverwaltete, um sp\u00e4ter seine T\u00e4tigkeit als Anlageberater im Privatkundenbereich aufzunehmen. 2001 stieg er als Kundenberater f\u00fcr Schweizer und ausl\u00e4ndische Kunden bei der Bank Ferrier Lullin &amp; Cie ein.<\/p>\n<p>2002 wurde er in die Gesch\u00e4ftsleitung der Bank Ferrier Lullin &amp; Cie gew\u00e4hlt und verliess die Firma 2006, um 1875 FINANCE als Senior Partner mitzugr\u00fcnden.[\/vc_column_text][\/vc_column][\/vc_row][vc_row row_height_percent=&#8220;50&#8243; overlay_alpha=&#8220;50&#8243; gutter_size=&#8220;4&#8243; column_width_percent=&#8220;100&#8243; shift_y=&#8220;0&#8243; z_index=&#8220;0&#8243; el_class=&#8220;inverted-device-order&#8220;][vc_column width=&#8220;1\/2&#8243;][vc_single_image media=&#8220;87485&#8243; media_width_percent=&#8220;100&#8243; media_ratio=&#8220;one-one&#8220; shadow=&#8220;yes&#8220; shadow_weight=&#8220;std&#8220; shadow_darker=&#8220;yes&#8220; uncode_shortcode_id=&#8220;165770&#8243;][\/vc_column][vc_column column_width_use_pixel=&#8220;yes&#8220; position_vertical=&#8220;middle&#8220; gutter_size=&#8220;3&#8243; overlay_alpha=&#8220;50&#8243; shift_x=&#8220;0&#8243; shift_y=&#8220;0&#8243; shift_y_down=&#8220;0&#8243; z_index=&#8220;0&#8243; medium_width=&#8220;0&#8243; mobile_width=&#8220;0&#8243; width=&#8220;1\/2&#8243; column_width_pixel=&#8220;900&#8243;][vc_custom_heading text_color=&#8220;accent&#8220; heading_semantic=&#8220;h6&#8243; text_size=&#8220;fontsize-160000&#8243; text_transform=&#8220;uppercase&#8220; text_space=&#8220;fontspace-210350&#8243;]Mitgr\u00fcnder, Partner, Verantwortlicher f\u00fcr die Privatkundschaft[\/vc_custom_heading][vc_custom_heading heading_semantic=&#8220;h3&#8243; text_size=&#8220;h3&#8243;]Jacques-Antoine Ormond[\/vc_custom_heading][vc_column_text]Jacques-Antoine Ormond begann seine Karriere 1999 bei der Bank Ferrier Lullin &amp; Cie. Nach seiner Zeit bei der UBS Warburg und GAM in London kehrt er 2001 zu Ferrier Lullin &amp; Cie als Kundenberater Privatkundschaft Schweiz zur\u00fcck. 2004 erhielt er das Diplom des Finanzanalytikers (CIIA) und wurde sp\u00e4ter in die Gesch\u00e4ftsleitung gew\u00e4hlt.<\/p>\n<p>Um 1875 FINANCE als Partner mitzugr\u00fcnden, verlie\u00df er die Bank im Jahr 2006. 2011 wurde er zum Senior Partner ernannt.[\/vc_column_text][\/vc_column][\/vc_row][vc_row row_height_percent=&#8220;0&#8243; overlay_alpha=&#8220;50&#8243; gutter_size=&#8220;3&#8243; column_width_percent=&#8220;100&#8243; shift_y=&#8220;0&#8243; z_index=&#8220;0&#8243;][vc_column column_width_percent=&#8220;100&#8243; gutter_size=&#8220;3&#8243; overlay_alpha=&#8220;50&#8243; shift_x=&#8220;0&#8243; shift_y=&#8220;0&#8243; shift_y_down=&#8220;0&#8243; z_index=&#8220;0&#8243; medium_width=&#8220;0&#8243; mobile_width=&#8220;0&#8243; width=&#8220;1\/1&#8243;][vc_custom_heading heading_semantic=&#8220;h1&#8243; separator=&#8220;yes&#8220; separator_color=&#8220;yes&#8220; sub_lead=&#8220;yes&#8220;]<\/p>\n<h3 class=\"widget-title\">PR\u00c4SIDENT DES VERWALTUNGSRATES (2006-2016)<\/h3>\n<p>[\/vc_custom_heading][\/vc_column][\/vc_row][vc_row row_height_percent=&#8220;50&#8243; override_padding=&#8220;yes&#8220; h_padding=&#8220;2&#8243; top_padding=&#8220;2&#8243; bottom_padding=&#8220;5&#8243; overlay_alpha=&#8220;50&#8243; gutter_size=&#8220;4&#8243; column_width_percent=&#8220;100&#8243; shift_y=&#8220;0&#8243; z_index=&#8220;0&#8243; el_class=&#8220;inverted-device-order&#8220;][vc_column width=&#8220;1\/2&#8243;][vc_single_image media=&#8220;83146&#8243; media_width_percent=&#8220;100&#8243; media_ratio=&#8220;one-one&#8220; shadow=&#8220;yes&#8220; shadow_weight=&#8220;std&#8220; shadow_darker=&#8220;yes&#8220;][\/vc_column][vc_column column_width_use_pixel=&#8220;yes&#8220; position_vertical=&#8220;middle&#8220; gutter_size=&#8220;3&#8243; overlay_alpha=&#8220;50&#8243; shift_x=&#8220;0&#8243; shift_y=&#8220;0&#8243; shift_y_down=&#8220;0&#8243; z_index=&#8220;0&#8243; medium_width=&#8220;0&#8243; mobile_width=&#8220;0&#8243; width=&#8220;1\/2&#8243; column_width_pixel=&#8220;900&#8243;][vc_custom_heading text_color=&#8220;accent&#8220; heading_semantic=&#8220;h6&#8243; text_size=&#8220;fontsize-160000&#8243; text_transform=&#8220;uppercase&#8220; text_space=&#8220;fontspace-210350&#8243;]Mitgr\u00fcnder, Pr\u00e4sident des Verwaltungsrates (2006-2016)[\/vc_custom_heading][vc_custom_heading heading_semantic=&#8220;h3&#8243; text_size=&#8220;h3&#8243;]Fran\u00e7ois-Michel Ormond[\/vc_custom_heading][vc_column_text]Fran\u00e7ois-Michel Ormond trat 1966 bei der Familienverm\u00f6gensverwaltung Ormond &amp; Cie ein und wurde sp\u00e4ter zum Mitgr\u00fcnder\u00a0 der Bank Ormond Burrus &amp; Cie. Bis zum Jahre 1998 war er Mitglied des Exekutivausschusses der Bank Cantrade, Ormond, Burrus Privatbank AG. Nach dem Zusammenschluss der Bank mit Ferrier Lullin &amp; Cie, Mitglied der UBS Gruppe, wurde er in den Verwaltungsrat gew\u00e4hlt.<\/p>\n<p>2006 gr\u00fcndete er 1875 FINANCE und war bis 2011 Senior Partner. Zudem blieb er bis ins Jahr 2016 Pr\u00e4sident des Verwaltungsrates.[\/vc_column_text][\/vc_column][\/vc_row]<\/p>\n<\/div>","protected":false},"excerpt":{"rendered":"<p>[vc_row row_height_percent=&#8220;0&#8243; override_padding=&#8220;yes&#8220; h_padding=&#8220;2&#8243; top_padding=&#8220;5&#8243; bottom_padding=&#8220;2&#8243; overlay_alpha=&#8220;50&#8243; gutter_size=&#8220;3&#8243; column_width_percent=&#8220;100&#8243; shift_y=&#8220;0&#8243; z_index=&#8220;0&#8243;][vc_column column_width_percent=&#8220;100&#8243; align_horizontal=&#8220;align_center&#8220; gutter_size=&#8220;3&#8243; overlay_alpha=&#8220;50&#8243; shift_x=&#8220;0&#8243; shift_y=&#8220;0&#8243; shift_y_down=&#8220;0&#8243; z_index=&#8220;0&#8243; medium_width=&#8220;0&#8243; [&hellip;]<\/p>\n","protected":false},"author":12,"featured_media":84281,"parent":85389,"menu_order":0,"comment_status":"closed","ping_status":"closed","template":"","meta":{"_monsterinsights_skip_tracking":false,"_monsterinsights_sitenote_active":false,"_monsterinsights_sitenote_note":"","_monsterinsights_sitenote_category":0,"footnotes":""},"class_list":["post-85411","page","type-page","status-publish","has-post-thumbnail","hentry","page_category-company-de"],"yoast_head":"<!-- This site is optimized with the Yoast SEO plugin v27.3 - https:\/\/yoast.com\/product\/yoast-seo-wordpress\/ -->\n<title>Gr\u00fcndungspartner - 1875 Finance<\/title>\n<meta name=\"robots\" content=\"index, follow, max-snippet:-1, max-image-preview:large, max-video-preview:-1\" \/>\n<link rel=\"canonical\" href=\"https:\/\/1875.ch\/de\/unternehmen\/mitarbeiter-und-management\/\" \/>\n<meta property=\"og:locale\" content=\"de_DE\" \/>\n<meta property=\"og:type\" content=\"article\" \/>\n<meta property=\"og:title\" content=\"Gr\u00fcndungspartner - 1875 Finance\" \/>\n<meta property=\"og:description\" content=\"[vc_row row_height_percent=&#8220;0&#8243; override_padding=&#8220;yes&#8220; h_padding=&#8220;2&#8243; top_padding=&#8220;5&#8243; bottom_padding=&#8220;2&#8243; overlay_alpha=&#8220;50&#8243; gutter_size=&#8220;3&#8243; column_width_percent=&#8220;100&#8243; shift_y=&#8220;0&#8243; z_index=&#8220;0&#8243;][vc_column column_width_percent=&#8220;100&#8243; align_horizontal=&#8220;align_center&#8220; gutter_size=&#8220;3&#8243; overlay_alpha=&#8220;50&#8243; shift_x=&#8220;0&#8243; shift_y=&#8220;0&#8243; shift_y_down=&#8220;0&#8243; z_index=&#8220;0&#8243; medium_width=&#8220;0&#8243; [&hellip;]\" \/>\n<meta property=\"og:url\" content=\"https:\/\/1875.ch\/de\/unternehmen\/mitarbeiter-und-management\/\" \/>\n<meta property=\"og:site_name\" content=\"1875 Finance\" \/>\n<meta property=\"article:publisher\" content=\"https:\/\/www.facebook.com\/1875finance\/?fref=ts\" \/>\n<meta property=\"article:modified_time\" content=\"2022-10-14T09:01:13+00:00\" \/>\n<meta property=\"og:image\" content=\"https:\/\/1875.ch\/wp-content\/uploads\/2020\/03\/websiteimagery24-opt.jpg\" \/>\n\t<meta property=\"og:image:width\" content=\"2560\" \/>\n\t<meta property=\"og:image:height\" content=\"1307\" \/>\n\t<meta property=\"og:image:type\" content=\"image\/jpeg\" \/>\n<meta name=\"twitter:card\" content=\"summary_large_image\" \/>\n<meta name=\"twitter:label1\" content=\"Gesch\u00e4tzte Lesezeit\" \/>\n\t<meta name=\"twitter:data1\" content=\"4\u00a0Minuten\" \/>\n<script type=\"application\/ld+json\" class=\"yoast-schema-graph\">{\"@context\":\"https:\\\/\\\/schema.org\",\"@graph\":[{\"@type\":\"WebPage\",\"@id\":\"https:\\\/\\\/1875.ch\\\/de\\\/unternehmen\\\/mitarbeiter-und-management\\\/\",\"url\":\"https:\\\/\\\/1875.ch\\\/de\\\/unternehmen\\\/mitarbeiter-und-management\\\/\",\"name\":\"Gr\u00fcndungspartner - 1875 Finance\",\"isPartOf\":{\"@id\":\"https:\\\/\\\/1875.ch\\\/de\\\/#website\"},\"primaryImageOfPage\":{\"@id\":\"https:\\\/\\\/1875.ch\\\/de\\\/unternehmen\\\/mitarbeiter-und-management\\\/#primaryimage\"},\"image\":{\"@id\":\"https:\\\/\\\/1875.ch\\\/de\\\/unternehmen\\\/mitarbeiter-und-management\\\/#primaryimage\"},\"thumbnailUrl\":\"https:\\\/\\\/1875.ch\\\/wp-content\\\/uploads\\\/2020\\\/03\\\/websiteimagery24-opt.jpg\",\"datePublished\":\"2020-04-10T01:44:34+00:00\",\"dateModified\":\"2022-10-14T09:01:13+00:00\",\"breadcrumb\":{\"@id\":\"https:\\\/\\\/1875.ch\\\/de\\\/unternehmen\\\/mitarbeiter-und-management\\\/#breadcrumb\"},\"inLanguage\":\"de\",\"potentialAction\":[{\"@type\":\"ReadAction\",\"target\":[\"https:\\\/\\\/1875.ch\\\/de\\\/unternehmen\\\/mitarbeiter-und-management\\\/\"]}]},{\"@type\":\"ImageObject\",\"inLanguage\":\"de\",\"@id\":\"https:\\\/\\\/1875.ch\\\/de\\\/unternehmen\\\/mitarbeiter-und-management\\\/#primaryimage\",\"url\":\"https:\\\/\\\/1875.ch\\\/wp-content\\\/uploads\\\/2020\\\/03\\\/websiteimagery24-opt.jpg\",\"contentUrl\":\"https:\\\/\\\/1875.ch\\\/wp-content\\\/uploads\\\/2020\\\/03\\\/websiteimagery24-opt.jpg\",\"width\":2560,\"height\":1307},{\"@type\":\"BreadcrumbList\",\"@id\":\"https:\\\/\\\/1875.ch\\\/de\\\/unternehmen\\\/mitarbeiter-und-management\\\/#breadcrumb\",\"itemListElement\":[{\"@type\":\"ListItem\",\"position\":1,\"name\":\"Home\",\"item\":\"https:\\\/\\\/1875.ch\\\/de\\\/\"},{\"@type\":\"ListItem\",\"position\":2,\"name\":\"Unternehmen\",\"item\":\"https:\\\/\\\/1875.ch\\\/de\\\/unternehmen\\\/\"},{\"@type\":\"ListItem\",\"position\":3,\"name\":\"Gr\u00fcndungspartner\"}]},{\"@type\":\"WebSite\",\"@id\":\"https:\\\/\\\/1875.ch\\\/de\\\/#website\",\"url\":\"https:\\\/\\\/1875.ch\\\/de\\\/\",\"name\":\"1875 Finance\",\"description\":\"The Financial Place to Be\",\"publisher\":{\"@id\":\"https:\\\/\\\/1875.ch\\\/de\\\/#organization\"},\"potentialAction\":[{\"@type\":\"SearchAction\",\"target\":{\"@type\":\"EntryPoint\",\"urlTemplate\":\"https:\\\/\\\/1875.ch\\\/de\\\/?s={search_term_string}\"},\"query-input\":{\"@type\":\"PropertyValueSpecification\",\"valueRequired\":true,\"valueName\":\"search_term_string\"}}],\"inLanguage\":\"de\"},{\"@type\":\"Organization\",\"@id\":\"https:\\\/\\\/1875.ch\\\/de\\\/#organization\",\"name\":\"1875 Finance\",\"url\":\"https:\\\/\\\/1875.ch\\\/de\\\/\",\"logo\":{\"@type\":\"ImageObject\",\"inLanguage\":\"de\",\"@id\":\"https:\\\/\\\/1875.ch\\\/de\\\/#\\\/schema\\\/logo\\\/image\\\/\",\"url\":\"https:\\\/\\\/1875.ch\\\/wp-content\\\/uploads\\\/2020\\\/03\\\/1875-logo.png\",\"contentUrl\":\"https:\\\/\\\/1875.ch\\\/wp-content\\\/uploads\\\/2020\\\/03\\\/1875-logo.png\",\"width\":220,\"height\":220,\"caption\":\"1875 Finance\"},\"image\":{\"@id\":\"https:\\\/\\\/1875.ch\\\/de\\\/#\\\/schema\\\/logo\\\/image\\\/\"},\"sameAs\":[\"https:\\\/\\\/www.facebook.com\\\/1875finance\\\/?fref=ts\",\"https:\\\/\\\/www.youtube.com\\\/channel\\\/UCZA0ykjGQrrEA3GBFkn8cAg\"]}]}<\/script>\n<!-- \/ Yoast SEO plugin. -->","yoast_head_json":{"title":"Gr\u00fcndungspartner - 1875 Finance","robots":{"index":"index","follow":"follow","max-snippet":"max-snippet:-1","max-image-preview":"max-image-preview:large","max-video-preview":"max-video-preview:-1"},"canonical":"https:\/\/1875.ch\/de\/unternehmen\/mitarbeiter-und-management\/","og_locale":"de_DE","og_type":"article","og_title":"Gr\u00fcndungspartner - 1875 Finance","og_description":"[vc_row row_height_percent=&#8220;0&#8243; override_padding=&#8220;yes&#8220; h_padding=&#8220;2&#8243; top_padding=&#8220;5&#8243; bottom_padding=&#8220;2&#8243; overlay_alpha=&#8220;50&#8243; gutter_size=&#8220;3&#8243; column_width_percent=&#8220;100&#8243; shift_y=&#8220;0&#8243; z_index=&#8220;0&#8243;][vc_column column_width_percent=&#8220;100&#8243; align_horizontal=&#8220;align_center&#8220; gutter_size=&#8220;3&#8243; overlay_alpha=&#8220;50&#8243; shift_x=&#8220;0&#8243; shift_y=&#8220;0&#8243; shift_y_down=&#8220;0&#8243; z_index=&#8220;0&#8243; medium_width=&#8220;0&#8243; [&hellip;]","og_url":"https:\/\/1875.ch\/de\/unternehmen\/mitarbeiter-und-management\/","og_site_name":"1875 Finance","article_publisher":"https:\/\/www.facebook.com\/1875finance\/?fref=ts","article_modified_time":"2022-10-14T09:01:13+00:00","og_image":[{"width":2560,"height":1307,"url":"https:\/\/1875.ch\/wp-content\/uploads\/2020\/03\/websiteimagery24-opt.jpg","type":"image\/jpeg"}],"twitter_card":"summary_large_image","twitter_misc":{"Gesch\u00e4tzte Lesezeit":"4\u00a0Minuten"},"schema":{"@context":"https:\/\/schema.org","@graph":[{"@type":"WebPage","@id":"https:\/\/1875.ch\/de\/unternehmen\/mitarbeiter-und-management\/","url":"https:\/\/1875.ch\/de\/unternehmen\/mitarbeiter-und-management\/","name":"Gr\u00fcndungspartner - 1875 Finance","isPartOf":{"@id":"https:\/\/1875.ch\/de\/#website"},"primaryImageOfPage":{"@id":"https:\/\/1875.ch\/de\/unternehmen\/mitarbeiter-und-management\/#primaryimage"},"image":{"@id":"https:\/\/1875.ch\/de\/unternehmen\/mitarbeiter-und-management\/#primaryimage"},"thumbnailUrl":"https:\/\/1875.ch\/wp-content\/uploads\/2020\/03\/websiteimagery24-opt.jpg","datePublished":"2020-04-10T01:44:34+00:00","dateModified":"2022-10-14T09:01:13+00:00","breadcrumb":{"@id":"https:\/\/1875.ch\/de\/unternehmen\/mitarbeiter-und-management\/#breadcrumb"},"inLanguage":"de","potentialAction":[{"@type":"ReadAction","target":["https:\/\/1875.ch\/de\/unternehmen\/mitarbeiter-und-management\/"]}]},{"@type":"ImageObject","inLanguage":"de","@id":"https:\/\/1875.ch\/de\/unternehmen\/mitarbeiter-und-management\/#primaryimage","url":"https:\/\/1875.ch\/wp-content\/uploads\/2020\/03\/websiteimagery24-opt.jpg","contentUrl":"https:\/\/1875.ch\/wp-content\/uploads\/2020\/03\/websiteimagery24-opt.jpg","width":2560,"height":1307},{"@type":"BreadcrumbList","@id":"https:\/\/1875.ch\/de\/unternehmen\/mitarbeiter-und-management\/#breadcrumb","itemListElement":[{"@type":"ListItem","position":1,"name":"Home","item":"https:\/\/1875.ch\/de\/"},{"@type":"ListItem","position":2,"name":"Unternehmen","item":"https:\/\/1875.ch\/de\/unternehmen\/"},{"@type":"ListItem","position":3,"name":"Gr\u00fcndungspartner"}]},{"@type":"WebSite","@id":"https:\/\/1875.ch\/de\/#website","url":"https:\/\/1875.ch\/de\/","name":"1875 Finance","description":"The Financial Place to Be","publisher":{"@id":"https:\/\/1875.ch\/de\/#organization"},"potentialAction":[{"@type":"SearchAction","target":{"@type":"EntryPoint","urlTemplate":"https:\/\/1875.ch\/de\/?s={search_term_string}"},"query-input":{"@type":"PropertyValueSpecification","valueRequired":true,"valueName":"search_term_string"}}],"inLanguage":"de"},{"@type":"Organization","@id":"https:\/\/1875.ch\/de\/#organization","name":"1875 Finance","url":"https:\/\/1875.ch\/de\/","logo":{"@type":"ImageObject","inLanguage":"de","@id":"https:\/\/1875.ch\/de\/#\/schema\/logo\/image\/","url":"https:\/\/1875.ch\/wp-content\/uploads\/2020\/03\/1875-logo.png","contentUrl":"https:\/\/1875.ch\/wp-content\/uploads\/2020\/03\/1875-logo.png","width":220,"height":220,"caption":"1875 Finance"},"image":{"@id":"https:\/\/1875.ch\/de\/#\/schema\/logo\/image\/"},"sameAs":["https:\/\/www.facebook.com\/1875finance\/?fref=ts","https:\/\/www.youtube.com\/channel\/UCZA0ykjGQrrEA3GBFkn8cAg"]}]}},"_links":{"self":[{"href":"https:\/\/1875.ch\/de\/wp-json\/wp\/v2\/pages\/85411","targetHints":{"allow":["GET"]}}],"collection":[{"href":"https:\/\/1875.ch\/de\/wp-json\/wp\/v2\/pages"}],"about":[{"href":"https:\/\/1875.ch\/de\/wp-json\/wp\/v2\/types\/page"}],"author":[{"embeddable":true,"href":"https:\/\/1875.ch\/de\/wp-json\/wp\/v2\/users\/12"}],"replies":[{"embeddable":true,"href":"https:\/\/1875.ch\/de\/wp-json\/wp\/v2\/comments?post=85411"}],"version-history":[{"count":4,"href":"https:\/\/1875.ch\/de\/wp-json\/wp\/v2\/pages\/85411\/revisions"}],"predecessor-version":[{"id":87488,"href":"https:\/\/1875.ch\/de\/wp-json\/wp\/v2\/pages\/85411\/revisions\/87488"}],"up":[{"embeddable":true,"href":"https:\/\/1875.ch\/de\/wp-json\/wp\/v2\/pages\/85389"}],"wp:featuredmedia":[{"embeddable":true,"href":"https:\/\/1875.ch\/de\/wp-json\/wp\/v2\/media\/84281"}],"wp:attachment":[{"href":"https:\/\/1875.ch\/de\/wp-json\/wp\/v2\/media?parent=85411"}],"curies":[{"name":"wp","href":"https:\/\/api.w.org\/{rel}","templated":true}]}}