{"id":85415,"date":"2020-03-26T15:25:16","date_gmt":"2020-03-26T15:25:16","guid":{"rendered":"https:\/\/1875.ch\/company\/offices\/"},"modified":"2020-11-01T14:32:19","modified_gmt":"2020-11-01T14:32:19","slug":"buros","status":"publish","type":"page","link":"https:\/\/1875.ch\/de\/unternehmen\/buros\/","title":{"rendered":"B\u00fcros"},"content":{"rendered":"<div class=\"wpb-content-wrapper\"><p>[vc_row row_height_percent=&#8220;0&#8243; override_padding=&#8220;yes&#8220; h_padding=&#8220;2&#8243; top_padding=&#8220;5&#8243; bottom_padding=&#8220;2&#8243; overlay_alpha=&#8220;50&#8243; gutter_size=&#8220;3&#8243; column_width_percent=&#8220;100&#8243; shift_y=&#8220;0&#8243; z_index=&#8220;0&#8243;][vc_column column_width_percent=&#8220;100&#8243; align_horizontal=&#8220;align_center&#8220; gutter_size=&#8220;3&#8243; overlay_alpha=&#8220;50&#8243; shift_x=&#8220;0&#8243; shift_y=&#8220;0&#8243; shift_y_down=&#8220;0&#8243; z_index=&#8220;0&#8243; medium_width=&#8220;0&#8243; mobile_width=&#8220;0&#8243; width=&#8220;1\/1&#8243;][vc_custom_heading heading_semantic=&#8220;h1&#8243; separator=&#8220;yes&#8220; separator_color=&#8220;yes&#8220; sub_lead=&#8220;yes&#8220; css_animation=&#8220;curtain&#8220; animation_delay=&#8220;200&#8243;]Das Unternehmen:<br \/>\nWo finden Sie uns?[\/vc_custom_heading][\/vc_column][\/vc_row][vc_row row_height_percent=&#8220;0&#8243; overlay_alpha=&#8220;50&#8243; gutter_size=&#8220;3&#8243; column_width_percent=&#8220;100&#8243; shift_y=&#8220;0&#8243; z_index=&#8220;0&#8243;][vc_column width=&#8220;1\/1&#8243;][vc_column_text]<\/p>\n<h4>Seit seiner Gr\u00fcndung hat sich\u00a0<strong>1875 FINANCE<\/strong>\u00a0weiterentwickelt, was sich konkret auch, neben unserem Sitz in Genf, an der Er\u00f6ffnung weiterer Repr\u00e4sentanzen an verschiedenen Finanzpl\u00e4tzen ablesen l\u00e4sst. Im Folgenden finden Sie die Koordinaten und Anfahrtspl\u00e4ne zu unseren B\u00fcros.<\/h4>\n<p>[\/vc_column_text][\/vc_column][\/vc_row][vc_row][vc_column width=&#8220;1\/1&#8243;][uncode_block id=&#8220;86656&#8243;][\/vc_column][\/vc_row]<\/p>\n<\/div>","protected":false},"excerpt":{"rendered":"<p>[vc_row row_height_percent=&#8220;0&#8243; override_padding=&#8220;yes&#8220; h_padding=&#8220;2&#8243; top_padding=&#8220;5&#8243; bottom_padding=&#8220;2&#8243; overlay_alpha=&#8220;50&#8243; gutter_size=&#8220;3&#8243; column_width_percent=&#8220;100&#8243; shift_y=&#8220;0&#8243; z_index=&#8220;0&#8243;][vc_column column_width_percent=&#8220;100&#8243; align_horizontal=&#8220;align_center&#8220; gutter_size=&#8220;3&#8243; overlay_alpha=&#8220;50&#8243; shift_x=&#8220;0&#8243; shift_y=&#8220;0&#8243; shift_y_down=&#8220;0&#8243; z_index=&#8220;0&#8243; medium_width=&#8220;0&#8243; [&hellip;]<\/p>\n","protected":false},"author":12,"featured_media":0,"parent":85389,"menu_order":0,"comment_status":"open","ping_status":"closed","template":"","meta":{"_monsterinsights_skip_tracking":false,"_monsterinsights_sitenote_active":false,"_monsterinsights_sitenote_note":"","_monsterinsights_sitenote_category":0,"footnotes":""},"class_list":["post-85415","page","type-page","status-publish","hentry","page_category-company-de"],"yoast_head":"<!-- This site is optimized with the Yoast SEO plugin v27.3 - https:\/\/yoast.com\/product\/yoast-seo-wordpress\/ -->\n<title>Unternehmen - B\u00fcros - 1875 Finance<\/title>\n<meta name=\"description\" content=\"Unternehmen, B\u00fcros : Seit seiner Gr\u00fcndung hat sich 1875 FINANCE weiterentwickelt, was sich konkret auch, neben unserem Sitz in Genf, an der Er\u00f6ffnung weiterer Repr\u00e4sentanzen an verschiedenen Finanzpl\u00e4tzen ablesen l\u00e4sst. Im Folgenden finden Sie die Koordinaten und Anfahrtspl\u00e4ne zu unseren B\u00fcros. Genf, Z\u00fcrich, Luxemburg, Hongkong.\" \/>\n<meta name=\"robots\" content=\"index, follow, max-snippet:-1, max-image-preview:large, max-video-preview:-1\" \/>\n<link rel=\"canonical\" href=\"https:\/\/1875.ch\/de\/unternehmen\/buros\/\" \/>\n<meta property=\"og:locale\" content=\"de_DE\" \/>\n<meta property=\"og:type\" content=\"article\" \/>\n<meta property=\"og:title\" content=\"Unternehmen - B\u00fcros - 1875 Finance\" \/>\n<meta property=\"og:description\" content=\"Unternehmen, B\u00fcros : Seit seiner Gr\u00fcndung hat sich 1875 FINANCE weiterentwickelt, was sich konkret auch, neben unserem Sitz in Genf, an der Er\u00f6ffnung weiterer Repr\u00e4sentanzen an verschiedenen Finanzpl\u00e4tzen ablesen l\u00e4sst. Im Folgenden finden Sie die Koordinaten und Anfahrtspl\u00e4ne zu unseren B\u00fcros. Genf, Z\u00fcrich, Luxemburg, Hongkong.\" \/>\n<meta property=\"og:url\" content=\"https:\/\/1875.ch\/de\/unternehmen\/buros\/\" \/>\n<meta property=\"og:site_name\" content=\"1875 Finance\" \/>\n<meta property=\"article:publisher\" content=\"https:\/\/www.facebook.com\/1875finance\/?fref=ts\" \/>\n<meta property=\"article:modified_time\" content=\"2020-11-01T14:32:19+00:00\" \/>\n<meta name=\"twitter:card\" content=\"summary_large_image\" \/>\n<meta name=\"twitter:label1\" content=\"Gesch\u00e4tzte Lesezeit\" \/>\n\t<meta name=\"twitter:data1\" content=\"1\u00a0Minute\" \/>\n<script type=\"application\/ld+json\" class=\"yoast-schema-graph\">{\"@context\":\"https:\\\/\\\/schema.org\",\"@graph\":[{\"@type\":\"WebPage\",\"@id\":\"https:\\\/\\\/1875.ch\\\/de\\\/unternehmen\\\/buros\\\/\",\"url\":\"https:\\\/\\\/1875.ch\\\/de\\\/unternehmen\\\/buros\\\/\",\"name\":\"Unternehmen - B\u00fcros - 1875 Finance\",\"isPartOf\":{\"@id\":\"https:\\\/\\\/1875.ch\\\/de\\\/#website\"},\"datePublished\":\"2020-03-26T15:25:16+00:00\",\"dateModified\":\"2020-11-01T14:32:19+00:00\",\"description\":\"Unternehmen, B\u00fcros : Seit seiner Gr\u00fcndung hat sich 1875 FINANCE weiterentwickelt, was sich konkret auch, neben unserem Sitz in Genf, an der Er\u00f6ffnung weiterer Repr\u00e4sentanzen an verschiedenen Finanzpl\u00e4tzen ablesen l\u00e4sst. Im Folgenden finden Sie die Koordinaten und Anfahrtspl\u00e4ne zu unseren B\u00fcros. Genf, Z\u00fcrich, Luxemburg, Hongkong.\",\"breadcrumb\":{\"@id\":\"https:\\\/\\\/1875.ch\\\/de\\\/unternehmen\\\/buros\\\/#breadcrumb\"},\"inLanguage\":\"de\",\"potentialAction\":[{\"@type\":\"ReadAction\",\"target\":[\"https:\\\/\\\/1875.ch\\\/de\\\/unternehmen\\\/buros\\\/\"]}]},{\"@type\":\"BreadcrumbList\",\"@id\":\"https:\\\/\\\/1875.ch\\\/de\\\/unternehmen\\\/buros\\\/#breadcrumb\",\"itemListElement\":[{\"@type\":\"ListItem\",\"position\":1,\"name\":\"Home\",\"item\":\"https:\\\/\\\/1875.ch\\\/de\\\/\"},{\"@type\":\"ListItem\",\"position\":2,\"name\":\"Unternehmen\",\"item\":\"https:\\\/\\\/1875.ch\\\/de\\\/unternehmen\\\/\"},{\"@type\":\"ListItem\",\"position\":3,\"name\":\"B\u00fcros\"}]},{\"@type\":\"WebSite\",\"@id\":\"https:\\\/\\\/1875.ch\\\/de\\\/#website\",\"url\":\"https:\\\/\\\/1875.ch\\\/de\\\/\",\"name\":\"1875 Finance\",\"description\":\"The Financial Place to Be\",\"publisher\":{\"@id\":\"https:\\\/\\\/1875.ch\\\/de\\\/#organization\"},\"potentialAction\":[{\"@type\":\"SearchAction\",\"target\":{\"@type\":\"EntryPoint\",\"urlTemplate\":\"https:\\\/\\\/1875.ch\\\/de\\\/?s={search_term_string}\"},\"query-input\":{\"@type\":\"PropertyValueSpecification\",\"valueRequired\":true,\"valueName\":\"search_term_string\"}}],\"inLanguage\":\"de\"},{\"@type\":\"Organization\",\"@id\":\"https:\\\/\\\/1875.ch\\\/de\\\/#organization\",\"name\":\"1875 Finance\",\"url\":\"https:\\\/\\\/1875.ch\\\/de\\\/\",\"logo\":{\"@type\":\"ImageObject\",\"inLanguage\":\"de\",\"@id\":\"https:\\\/\\\/1875.ch\\\/de\\\/#\\\/schema\\\/logo\\\/image\\\/\",\"url\":\"https:\\\/\\\/1875.ch\\\/wp-content\\\/uploads\\\/2020\\\/03\\\/1875-logo.png\",\"contentUrl\":\"https:\\\/\\\/1875.ch\\\/wp-content\\\/uploads\\\/2020\\\/03\\\/1875-logo.png\",\"width\":220,\"height\":220,\"caption\":\"1875 Finance\"},\"image\":{\"@id\":\"https:\\\/\\\/1875.ch\\\/de\\\/#\\\/schema\\\/logo\\\/image\\\/\"},\"sameAs\":[\"https:\\\/\\\/www.facebook.com\\\/1875finance\\\/?fref=ts\",\"https:\\\/\\\/www.youtube.com\\\/channel\\\/UCZA0ykjGQrrEA3GBFkn8cAg\"]}]}<\/script>\n<!-- \/ Yoast SEO plugin. -->","yoast_head_json":{"title":"Unternehmen - B\u00fcros - 1875 Finance","description":"Unternehmen, B\u00fcros : Seit seiner Gr\u00fcndung hat sich 1875 FINANCE weiterentwickelt, was sich konkret auch, neben unserem Sitz in Genf, an der Er\u00f6ffnung weiterer Repr\u00e4sentanzen an verschiedenen Finanzpl\u00e4tzen ablesen l\u00e4sst. Im Folgenden finden Sie die Koordinaten und Anfahrtspl\u00e4ne zu unseren B\u00fcros. Genf, Z\u00fcrich, Luxemburg, Hongkong.","robots":{"index":"index","follow":"follow","max-snippet":"max-snippet:-1","max-image-preview":"max-image-preview:large","max-video-preview":"max-video-preview:-1"},"canonical":"https:\/\/1875.ch\/de\/unternehmen\/buros\/","og_locale":"de_DE","og_type":"article","og_title":"Unternehmen - B\u00fcros - 1875 Finance","og_description":"Unternehmen, B\u00fcros : Seit seiner Gr\u00fcndung hat sich 1875 FINANCE weiterentwickelt, was sich konkret auch, neben unserem Sitz in Genf, an der Er\u00f6ffnung weiterer Repr\u00e4sentanzen an verschiedenen Finanzpl\u00e4tzen ablesen l\u00e4sst. Im Folgenden finden Sie die Koordinaten und Anfahrtspl\u00e4ne zu unseren B\u00fcros. Genf, Z\u00fcrich, Luxemburg, Hongkong.","og_url":"https:\/\/1875.ch\/de\/unternehmen\/buros\/","og_site_name":"1875 Finance","article_publisher":"https:\/\/www.facebook.com\/1875finance\/?fref=ts","article_modified_time":"2020-11-01T14:32:19+00:00","twitter_card":"summary_large_image","twitter_misc":{"Gesch\u00e4tzte Lesezeit":"1\u00a0Minute"},"schema":{"@context":"https:\/\/schema.org","@graph":[{"@type":"WebPage","@id":"https:\/\/1875.ch\/de\/unternehmen\/buros\/","url":"https:\/\/1875.ch\/de\/unternehmen\/buros\/","name":"Unternehmen - B\u00fcros - 1875 Finance","isPartOf":{"@id":"https:\/\/1875.ch\/de\/#website"},"datePublished":"2020-03-26T15:25:16+00:00","dateModified":"2020-11-01T14:32:19+00:00","description":"Unternehmen, B\u00fcros : Seit seiner Gr\u00fcndung hat sich 1875 FINANCE weiterentwickelt, was sich konkret auch, neben unserem Sitz in Genf, an der Er\u00f6ffnung weiterer Repr\u00e4sentanzen an verschiedenen Finanzpl\u00e4tzen ablesen l\u00e4sst. Im Folgenden finden Sie die Koordinaten und Anfahrtspl\u00e4ne zu unseren B\u00fcros. Genf, Z\u00fcrich, Luxemburg, Hongkong.","breadcrumb":{"@id":"https:\/\/1875.ch\/de\/unternehmen\/buros\/#breadcrumb"},"inLanguage":"de","potentialAction":[{"@type":"ReadAction","target":["https:\/\/1875.ch\/de\/unternehmen\/buros\/"]}]},{"@type":"BreadcrumbList","@id":"https:\/\/1875.ch\/de\/unternehmen\/buros\/#breadcrumb","itemListElement":[{"@type":"ListItem","position":1,"name":"Home","item":"https:\/\/1875.ch\/de\/"},{"@type":"ListItem","position":2,"name":"Unternehmen","item":"https:\/\/1875.ch\/de\/unternehmen\/"},{"@type":"ListItem","position":3,"name":"B\u00fcros"}]},{"@type":"WebSite","@id":"https:\/\/1875.ch\/de\/#website","url":"https:\/\/1875.ch\/de\/","name":"1875 Finance","description":"The Financial Place to Be","publisher":{"@id":"https:\/\/1875.ch\/de\/#organization"},"potentialAction":[{"@type":"SearchAction","target":{"@type":"EntryPoint","urlTemplate":"https:\/\/1875.ch\/de\/?s={search_term_string}"},"query-input":{"@type":"PropertyValueSpecification","valueRequired":true,"valueName":"search_term_string"}}],"inLanguage":"de"},{"@type":"Organization","@id":"https:\/\/1875.ch\/de\/#organization","name":"1875 Finance","url":"https:\/\/1875.ch\/de\/","logo":{"@type":"ImageObject","inLanguage":"de","@id":"https:\/\/1875.ch\/de\/#\/schema\/logo\/image\/","url":"https:\/\/1875.ch\/wp-content\/uploads\/2020\/03\/1875-logo.png","contentUrl":"https:\/\/1875.ch\/wp-content\/uploads\/2020\/03\/1875-logo.png","width":220,"height":220,"caption":"1875 Finance"},"image":{"@id":"https:\/\/1875.ch\/de\/#\/schema\/logo\/image\/"},"sameAs":["https:\/\/www.facebook.com\/1875finance\/?fref=ts","https:\/\/www.youtube.com\/channel\/UCZA0ykjGQrrEA3GBFkn8cAg"]}]}},"_links":{"self":[{"href":"https:\/\/1875.ch\/de\/wp-json\/wp\/v2\/pages\/85415","targetHints":{"allow":["GET"]}}],"collection":[{"href":"https:\/\/1875.ch\/de\/wp-json\/wp\/v2\/pages"}],"about":[{"href":"https:\/\/1875.ch\/de\/wp-json\/wp\/v2\/types\/page"}],"author":[{"embeddable":true,"href":"https:\/\/1875.ch\/de\/wp-json\/wp\/v2\/users\/12"}],"replies":[{"embeddable":true,"href":"https:\/\/1875.ch\/de\/wp-json\/wp\/v2\/comments?post=85415"}],"version-history":[{"count":4,"href":"https:\/\/1875.ch\/de\/wp-json\/wp\/v2\/pages\/85415\/revisions"}],"predecessor-version":[{"id":86662,"href":"https:\/\/1875.ch\/de\/wp-json\/wp\/v2\/pages\/85415\/revisions\/86662"}],"up":[{"embeddable":true,"href":"https:\/\/1875.ch\/de\/wp-json\/wp\/v2\/pages\/85389"}],"wp:attachment":[{"href":"https:\/\/1875.ch\/de\/wp-json\/wp\/v2\/media?parent=85415"}],"curies":[{"name":"wp","href":"https:\/\/api.w.org\/{rel}","templated":true}]}}