{"id":85419,"date":"2020-04-15T00:22:38","date_gmt":"2020-04-15T00:22:38","guid":{"rendered":"https:\/\/1875.ch\/company\/partners\/"},"modified":"2022-08-31T09:01:24","modified_gmt":"2022-08-31T09:01:24","slug":"geschaeftspartner","status":"publish","type":"page","link":"https:\/\/1875.ch\/de\/unternehmen\/geschaeftspartner\/","title":{"rendered":"Gesch\u00e4ftspartner"},"content":{"rendered":"<div class=\"wpb-content-wrapper\"><p>[vc_row row_height_percent=&#8220;0&#8243; override_padding=&#8220;yes&#8220; h_padding=&#8220;2&#8243; top_padding=&#8220;5&#8243; bottom_padding=&#8220;2&#8243; overlay_alpha=&#8220;50&#8243; gutter_size=&#8220;3&#8243; column_width_percent=&#8220;100&#8243; shift_y=&#8220;0&#8243; z_index=&#8220;0&#8243;][vc_column column_width_percent=&#8220;100&#8243; align_horizontal=&#8220;align_center&#8220; gutter_size=&#8220;3&#8243; overlay_alpha=&#8220;50&#8243; shift_x=&#8220;0&#8243; shift_y=&#8220;0&#8243; shift_y_down=&#8220;0&#8243; z_index=&#8220;0&#8243; medium_width=&#8220;0&#8243; mobile_width=&#8220;0&#8243; width=&#8220;1\/1&#8243;][vc_custom_heading heading_semantic=&#8220;h1&#8243; separator=&#8220;yes&#8220; separator_color=&#8220;yes&#8220; sub_lead=&#8220;yes&#8220; css_animation=&#8220;curtain&#8220; animation_delay=&#8220;200&#8243;]Das Unternehmen:<br \/>\nGesch\u00e4ftspartner[\/vc_custom_heading][\/vc_column][\/vc_row][vc_row row_height_percent=&#8220;0&#8243; overlay_alpha=&#8220;50&#8243; gutter_size=&#8220;3&#8243; column_width_percent=&#8220;100&#8243; shift_y=&#8220;0&#8243; z_index=&#8220;0&#8243;][vc_column width=&#8220;1\/1&#8243;][vc_column_text]<\/p>\n<h4>Aufgrund ihrer Philosophie einer offenen Architektur ist\u00a0<strong>1875 FINANCE<\/strong>\u00a0st\u00e4ndig auf der Suche nach erstklassigen Gesch\u00e4ftspartnern, um ihre Kompetenzen zu st\u00e4rken und die Interessen ihrer Kunden zu erf\u00fcllen.<\/h4>\n<p>[\/vc_column_text][\/vc_column][\/vc_row][vc_row row_height_percent=&#8220;0&#8243; override_padding=&#8220;yes&#8220; h_padding=&#8220;2&#8243; top_padding=&#8220;2&#8243; bottom_padding=&#8220;5&#8243; overlay_alpha=&#8220;50&#8243; gutter_size=&#8220;3&#8243; column_width_percent=&#8220;100&#8243; shift_y=&#8220;0&#8243; z_index=&#8220;0&#8243;][vc_column width=&#8220;1\/2&#8243;][vc_column_text text_lead=&#8220;yes&#8220;]<\/p>\n<h4>Partnerbanken<\/h4>\n<p>[\/vc_column_text][uncode_list larger=&#8220;yes&#8220; icon=&#8220;fa fa-arrow-right-thick&#8220; icon_color=&#8220;accent&#8220; uncode_shortcode_id=&#8220;161645&#8243; icon_color_type=&#8220;uncode-palette&#8220; icon_color_solid=&#8220;#ff0000&#8243;]<\/p>\n<div id=\"pgc-107-2-0\" class=\"panel-grid-cell\">\n<div id=\"panel-107-2-0-0\" class=\"so-panel widget widget_sow-editor panel-first-child panel-last-child\" data-index=\"2\">\n<div class=\"so-widget-sow-editor so-widget-sow-editor-base\">\n<div class=\"siteorigin-widget-tinymce textwidget\">\n<ul>\n<li><a href=\"https:\/\/privatebank.barclays.com\/where-we-are-located\/switzerland\/\" target=\"_blank\" rel=\"noopener noreferrer\">Barclays<\/a><\/li>\n<li><a href=\"https:\/\/www.bcge.ch\/\" target=\"_blank\" rel=\"noopener noreferrer\">BCGE<\/a><\/li>\n<li><a href=\"https:\/\/www.bcv.ch\/\" target=\"_blank\" rel=\"noopener noreferrer\">BCV<\/a><\/li>\n<li><a href=\"https:\/\/www.bcvs.ch\/fr\/accueil.html\" target=\"_blank\" rel=\"noopener noreferrer\">BCVs<\/a><\/li>\n<li><a href=\"http:\/\/www.bnpparibas.ch\/fr\/\" target=\"_blank\" rel=\"noopener noreferrer\">BNP Paribas<\/a><\/li>\n<li><a href=\"http:\/\/www.bordier.com\/\" target=\"_blank\" rel=\"noopener noreferrer\">Bordier &amp; Cie<\/a><\/li>\n<li><a href=\"https:\/\/www.ca-indosuez.com\/switzerland\/en\/\" target=\"_blank\" rel=\"noopener noreferrer\">CA Indosuez<\/a><\/li>\n<li><a href=\"https:\/\/www.citigroup.com\/citi\/about\/institutional_business.html#section5\" target=\"_blank\" rel=\"noopener noreferrer\">Citibank<\/a><\/li>\n<li><a href=\"https:\/\/www.cic.ch\/en\/\" target=\"_blank\" rel=\"noopener noreferrer\">Bank CIC<\/a><\/li>\n<li><a href=\"https:\/\/www.corner.ch\/en\/\" target=\"_blank\" rel=\"noopener noreferrer\">Corner Bank Ltd.<\/a><\/li>\n<li><a href=\"https:\/\/www.credit-suisse.com\/ch\/en.html\" target=\"_blank\" rel=\"noopener noreferrer\">Cr\u00e9dit Suisse<\/a><\/li>\n<li><a href=\"https:\/\/www.dreyfusbank.ch\/en\/about-us\" target=\"_blank\" rel=\"noopener noreferrer\">Dreyfus Sons&amp; Co Ltd.<\/a><\/li>\n<li><a href=\"https:\/\/www.efgbank.com\/\" target=\"_blank\" rel=\"noopener noreferrer\">EFG International Ltd.<\/a><\/li>\n<li><a href=\"https:\/\/www.hsbc.ch\/\" target=\"_blank\" rel=\"noopener noreferrer\">HSBC<\/a><\/li>\n<li><a href=\"https:\/\/www.jsafrasarasin.com\/internet\/com\/\" target=\"_blank\" rel=\"noopener noreferrer\">J. Safra Sarasin Ltd.<\/a><\/li>\n<li><a href=\"https:\/\/www.jpmorgan.com\/country\/CH\/en\/jpmorgan\" target=\"_blank\" rel=\"noopener noreferrer\">J.P. Morgan<\/a><\/li>\n<li><a href=\"https:\/\/www.juliusbaer.com\/global\/en\/home\" target=\"_blank\" rel=\"noopener noreferrer\">Julius B\u00e4r<\/a><\/li>\n<li><a href=\"https:\/\/www.lgt.ch\/fr\/\" target=\"_blank\" rel=\"noopener noreferrer\">LGT<\/a><\/li>\n<li><a href=\"https:\/\/www.lombardodier.com\/fr\/home.html\" target=\"_blank\" rel=\"noopener noreferrer\">Lombard Odier<\/a><\/li>\n<li><a href=\"https:\/\/www.mirabaud.com\/fr\/\" target=\"_blank\" rel=\"noopener noreferrer\">Mirabaud<\/a><\/li>\n<li><a href=\"https:\/\/oneswissbank.com\/\" target=\"_blank\" rel=\"noopener noreferrer\">One Swiss Bank<\/a><\/li>\n<li><a href=\"https:\/\/www.group.pictet\/\" target=\"_blank\" rel=\"noopener noreferrer\">Pictet<\/a><\/li>\n<li><a href=\"https:\/\/www.rahnbodmer.ch\/en\/\" target=\"_blank\" rel=\"noopener noreferrer\">Rahn Bodmer<\/a><\/li>\n<li><a href=\"https:\/\/www.raiffeisen.ch\/rch\/fr.html\" target=\"_blank\" rel=\"noopener noreferrer\">Raiffeisen<\/a><\/li>\n<li><span style=\"color: #000080;\"><a style=\"color: #000080;\" href=\"https:\/\/www.reyl.com\/fr?gclid=EAIaIQobChMIx-Czhp6i9gIV44ODBx1qtAUtEAAYASAAEgLGi_D_BwE\">Reyl Intesa SanPaolo<\/a><\/span><\/li>\n<li><a href=\"https:\/\/fr.swissquote.com\/\" target=\"_blank\" rel=\"noopener noreferrer\">Swissquote Group Holding Ltd.<\/a><\/li>\n<li><a href=\"https:\/\/www.syzgroup.com\/\" target=\"_blank\" rel=\"noopener noreferrer\">Bank Syz<\/a><\/li>\n<li><a href=\"https:\/\/www.ubp.com\/fr\" target=\"_blank\" rel=\"noopener noreferrer\">Union Bancaire Priv\u00e9e<\/a><\/li>\n<li><a href=\"https:\/\/www.ubs.com\/ch\/fr.html\" target=\"_blank\" rel=\"noopener noreferrer\">UBS<\/a><\/li>\n<li><a href=\"https:\/\/www.vontobel.com\/fr-ch\/\" target=\"_blank\" rel=\"noopener noreferrer\">Vontobel<\/a><\/li>\n<li><a href=\"https:\/\/ch.vpbank.com\/en\" target=\"_blank\" rel=\"noopener noreferrer\">VP Bank Ltd.<\/a><\/li>\n<li><a href=\"https:\/\/www.zkb.ch\/\" target=\"_blank\" rel=\"noopener noreferrer\">ZKB Zuercher Kantonalbank<\/a><\/li>\n<\/ul>\n<\/div>\n<\/div>\n<\/div>\n<\/div>\n<div id=\"pgc-107-2-1\" class=\"panel-grid-cell\">\n<div id=\"panel-107-2-1-0\" class=\"so-panel widget widget_sow-editor panel-first-child panel-last-child\" data-index=\"3\">\n<div class=\"so-widget-sow-editor so-widget-sow-editor-base\">\n<div class=\"siteorigin-widget-tinymce textwidget\">\n<p>&nbsp;<\/p>\n<\/div>\n<\/div>\n<\/div>\n<\/div>\n<p>[\/uncode_list][\/vc_column][vc_column width=&#8220;1\/2&#8243;][vc_column_text text_lead=&#8220;yes&#8220;]<\/p>\n<h4>Rechnungspr\u00fcfung und Versicherungen<\/h4>\n<p>[\/vc_column_text][uncode_list larger=&#8220;yes&#8220; icon=&#8220;fa fa-arrow-right-thick&#8220; icon_color=&#8220;accent&#8220;]<\/p>\n<div id=\"pgc-107-2-0\" class=\"panel-grid-cell\">\n<div id=\"panel-107-2-0-0\" class=\"so-panel widget widget_sow-editor panel-first-child panel-last-child\" data-index=\"2\">\n<div class=\"so-widget-sow-editor so-widget-sow-editor-base\">\n<div class=\"siteorigin-widget-tinymce textwidget\">\n<ul>\n<li><a href=\"https:\/\/home.kpmg\/ch\/fr\/home.html\" target=\"_blank\" rel=\"noopener noreferrer\">KPMG<\/a><\/li>\n<li><a href=\"https:\/\/www.libertyspecialtymarkets.com\/\" target=\"_blank\" rel=\"noopener noreferrer\">Liberty Specialty Markets<\/a><\/li>\n<\/ul>\n<\/div>\n<\/div>\n<\/div>\n<\/div>\n<p>[\/uncode_list][vc_column_text text_lead=&#8220;yes&#8220;]<strong>1875 FINANCE<\/strong>\u00a0geh\u00f6rt zu den wenigen Verm\u00f6gensverwaltern, die \u00fcber Berufshaftpflichtversicherung abgeschlossen hat, um Betrugs- und operative Risiken abzudecken.[\/vc_column_text][vc_column_text text_lead=&#8220;yes&#8220;]<\/p>\n<h4>Finanzanalyse<\/h4>\n<p>[\/vc_column_text][uncode_list larger=&#8220;yes&#8220; icon=&#8220;fa fa-arrow-right-thick&#8220; icon_color=&#8220;accent&#8220;]<\/p>\n<div id=\"pgc-107-2-0\" class=\"panel-grid-cell\">\n<div id=\"panel-107-2-0-0\" class=\"so-panel widget widget_sow-editor panel-first-child panel-last-child\" data-index=\"2\">\n<div class=\"so-widget-sow-editor so-widget-sow-editor-base\">\n<div class=\"siteorigin-widget-tinymce textwidget\">\n<ul>\n<li><a href=\"https:\/\/www.silex-partners.com\/en\/\" target=\"_blank\" rel=\"noopener noreferrer\">SILEX<\/a><\/li>\n<li><a href=\"https:\/\/www.longview.com\/\">Longview<\/a><\/li>\n<li><a href=\"https:\/\/www.morningnotes.com\/\">Morning Note<\/a><\/li>\n<li><a href=\"https:\/\/www.bridport.ch\/\" target=\"_blank\" rel=\"noopener noreferrer\">Bridport<\/a><\/li>\n<li><a href=\"https:\/\/www.exane.com\/corporate\/home.do\" target=\"_blank\" rel=\"noopener noreferrer\">Exane<\/a><\/li>\n<li><a href=\"https:\/\/www.keplercheuvreux.com\/\" target=\"_blank\" rel=\"noopener noreferrer\">Kepler Cheuvreux<\/a><\/li>\n<\/ul>\n<\/div>\n<\/div>\n<\/div>\n<\/div>\n<p>[\/uncode_list][vc_column_text text_lead=&#8220;yes&#8220;]<\/p>\n<h4>Andere Partner<\/h4>\n<p>[\/vc_column_text][uncode_list larger=&#8220;yes&#8220; icon=&#8220;fa fa-arrow-right-thick&#8220; icon_color=&#8220;accent&#8220; uncode_shortcode_id=&#8220;185754&#8243; icon_color_type=&#8220;uncode-palette&#8220; icon_color_solid=&#8220;#ff0000&#8243;]<\/p>\n<div id=\"pgc-107-2-0\" class=\"panel-grid-cell\">\n<div id=\"panel-107-2-0-0\" class=\"so-panel widget widget_sow-editor panel-first-child panel-last-child\" data-index=\"2\">\n<div class=\"so-widget-sow-editor so-widget-sow-editor-base\">\n<div class=\"siteorigin-widget-tinymce textwidget\">\n<p>&nbsp;<\/p>\n<ul>\n<li><a href=\"https:\/\/www.avobis.ch\/de\/\" target=\"_blank\" rel=\"noopener noreferrer\">Avobis Group Ltd.<\/a><\/li>\n<li><a href=\"https:\/\/baselinewealth.com\/\">Baseline Wealth Management Ltd.<\/a><\/li>\n<li><a href=\"https:\/\/www.swissasia-group.com\/\">Swiss-Asia Ltd.<\/a><\/li>\n<\/ul>\n<\/div>\n<\/div>\n<\/div>\n<\/div>\n<p>[\/uncode_list][\/vc_column][\/vc_row][vc_row][vc_column width=&#8220;1\/1&#8243;][uncode_block id=&#8220;84522&#8243;][\/vc_column][\/vc_row][vc_row][vc_column width=&#8220;1\/1&#8243;][uncode_block id=&#8220;82642&#8243;][\/vc_column][\/vc_row]<\/p>\n<\/div>","protected":false},"excerpt":{"rendered":"<p>[vc_row row_height_percent=&#8220;0&#8243; override_padding=&#8220;yes&#8220; h_padding=&#8220;2&#8243; top_padding=&#8220;5&#8243; bottom_padding=&#8220;2&#8243; overlay_alpha=&#8220;50&#8243; gutter_size=&#8220;3&#8243; column_width_percent=&#8220;100&#8243; shift_y=&#8220;0&#8243; z_index=&#8220;0&#8243;][vc_column column_width_percent=&#8220;100&#8243; align_horizontal=&#8220;align_center&#8220; gutter_size=&#8220;3&#8243; overlay_alpha=&#8220;50&#8243; shift_x=&#8220;0&#8243; shift_y=&#8220;0&#8243; shift_y_down=&#8220;0&#8243; z_index=&#8220;0&#8243; medium_width=&#8220;0&#8243; [&hellip;]<\/p>\n","protected":false},"author":12,"featured_media":84281,"parent":85389,"menu_order":0,"comment_status":"closed","ping_status":"closed","template":"","meta":{"_monsterinsights_skip_tracking":false,"_monsterinsights_sitenote_active":false,"_monsterinsights_sitenote_note":"","_monsterinsights_sitenote_category":0,"footnotes":""},"class_list":["post-85419","page","type-page","status-publish","has-post-thumbnail","hentry","page_category-company-de"],"yoast_head":"<!-- This site is optimized with the Yoast SEO plugin v27.3 - https:\/\/yoast.com\/product\/yoast-seo-wordpress\/ -->\n<title>Unternehmen - Gesch\u00e4ftspartner - 1875 Finance<\/title>\n<meta name=\"description\" content=\"Unternehmen, Gesch\u00e4ftspartner : Aufgrund ihrer Philosophie einer offenen Architektur ist 1875 FINANCE st\u00e4ndig auf der Suche nach erstklassigen Gesch\u00e4ftspartnern, um ihre Kompetenzen zu st\u00e4rken und die Interessen ihrer Kunden zu erf\u00fcllen. Genf, Z\u00fcrich, Luxemburg, Hongkong.\" \/>\n<meta name=\"robots\" content=\"index, follow, max-snippet:-1, max-image-preview:large, max-video-preview:-1\" \/>\n<link rel=\"canonical\" href=\"https:\/\/1875.ch\/de\/unternehmen\/geschaeftspartner\/\" \/>\n<meta property=\"og:locale\" content=\"de_DE\" \/>\n<meta property=\"og:type\" content=\"article\" \/>\n<meta property=\"og:title\" content=\"Unternehmen - Gesch\u00e4ftspartner - 1875 Finance\" \/>\n<meta property=\"og:description\" content=\"Unternehmen, Gesch\u00e4ftspartner : Aufgrund ihrer Philosophie einer offenen Architektur ist 1875 FINANCE st\u00e4ndig auf der Suche nach erstklassigen Gesch\u00e4ftspartnern, um ihre Kompetenzen zu st\u00e4rken und die Interessen ihrer Kunden zu erf\u00fcllen. Genf, Z\u00fcrich, Luxemburg, Hongkong.\" \/>\n<meta property=\"og:url\" content=\"https:\/\/1875.ch\/de\/unternehmen\/geschaeftspartner\/\" \/>\n<meta property=\"og:site_name\" content=\"1875 Finance\" \/>\n<meta property=\"article:publisher\" content=\"https:\/\/www.facebook.com\/1875finance\/?fref=ts\" \/>\n<meta property=\"article:modified_time\" content=\"2022-08-31T09:01:24+00:00\" \/>\n<meta property=\"og:image\" content=\"https:\/\/1875.ch\/wp-content\/uploads\/2020\/03\/websiteimagery24-opt.jpg\" \/>\n\t<meta property=\"og:image:width\" content=\"2560\" \/>\n\t<meta property=\"og:image:height\" content=\"1307\" \/>\n\t<meta property=\"og:image:type\" content=\"image\/jpeg\" \/>\n<meta name=\"twitter:card\" content=\"summary_large_image\" \/>\n<meta name=\"twitter:label1\" content=\"Gesch\u00e4tzte Lesezeit\" \/>\n\t<meta name=\"twitter:data1\" content=\"2\u00a0Minuten\" \/>\n<script type=\"application\/ld+json\" class=\"yoast-schema-graph\">{\"@context\":\"https:\\\/\\\/schema.org\",\"@graph\":[{\"@type\":\"WebPage\",\"@id\":\"https:\\\/\\\/1875.ch\\\/de\\\/unternehmen\\\/geschaeftspartner\\\/\",\"url\":\"https:\\\/\\\/1875.ch\\\/de\\\/unternehmen\\\/geschaeftspartner\\\/\",\"name\":\"Unternehmen - Gesch\u00e4ftspartner - 1875 Finance\",\"isPartOf\":{\"@id\":\"https:\\\/\\\/1875.ch\\\/de\\\/#website\"},\"primaryImageOfPage\":{\"@id\":\"https:\\\/\\\/1875.ch\\\/de\\\/unternehmen\\\/geschaeftspartner\\\/#primaryimage\"},\"image\":{\"@id\":\"https:\\\/\\\/1875.ch\\\/de\\\/unternehmen\\\/geschaeftspartner\\\/#primaryimage\"},\"thumbnailUrl\":\"https:\\\/\\\/1875.ch\\\/wp-content\\\/uploads\\\/2020\\\/03\\\/websiteimagery24-opt.jpg\",\"datePublished\":\"2020-04-15T00:22:38+00:00\",\"dateModified\":\"2022-08-31T09:01:24+00:00\",\"description\":\"Unternehmen, Gesch\u00e4ftspartner : Aufgrund ihrer Philosophie einer offenen Architektur ist 1875 FINANCE st\u00e4ndig auf der Suche nach erstklassigen Gesch\u00e4ftspartnern, um ihre Kompetenzen zu st\u00e4rken und die Interessen ihrer Kunden zu erf\u00fcllen. Genf, Z\u00fcrich, Luxemburg, Hongkong.\",\"breadcrumb\":{\"@id\":\"https:\\\/\\\/1875.ch\\\/de\\\/unternehmen\\\/geschaeftspartner\\\/#breadcrumb\"},\"inLanguage\":\"de\",\"potentialAction\":[{\"@type\":\"ReadAction\",\"target\":[\"https:\\\/\\\/1875.ch\\\/de\\\/unternehmen\\\/geschaeftspartner\\\/\"]}]},{\"@type\":\"ImageObject\",\"inLanguage\":\"de\",\"@id\":\"https:\\\/\\\/1875.ch\\\/de\\\/unternehmen\\\/geschaeftspartner\\\/#primaryimage\",\"url\":\"https:\\\/\\\/1875.ch\\\/wp-content\\\/uploads\\\/2020\\\/03\\\/websiteimagery24-opt.jpg\",\"contentUrl\":\"https:\\\/\\\/1875.ch\\\/wp-content\\\/uploads\\\/2020\\\/03\\\/websiteimagery24-opt.jpg\",\"width\":2560,\"height\":1307},{\"@type\":\"BreadcrumbList\",\"@id\":\"https:\\\/\\\/1875.ch\\\/de\\\/unternehmen\\\/geschaeftspartner\\\/#breadcrumb\",\"itemListElement\":[{\"@type\":\"ListItem\",\"position\":1,\"name\":\"Home\",\"item\":\"https:\\\/\\\/1875.ch\\\/de\\\/\"},{\"@type\":\"ListItem\",\"position\":2,\"name\":\"Unternehmen\",\"item\":\"https:\\\/\\\/1875.ch\\\/de\\\/unternehmen\\\/\"},{\"@type\":\"ListItem\",\"position\":3,\"name\":\"Gesch\u00e4ftspartner\"}]},{\"@type\":\"WebSite\",\"@id\":\"https:\\\/\\\/1875.ch\\\/de\\\/#website\",\"url\":\"https:\\\/\\\/1875.ch\\\/de\\\/\",\"name\":\"1875 Finance\",\"description\":\"The Financial Place to Be\",\"publisher\":{\"@id\":\"https:\\\/\\\/1875.ch\\\/de\\\/#organization\"},\"potentialAction\":[{\"@type\":\"SearchAction\",\"target\":{\"@type\":\"EntryPoint\",\"urlTemplate\":\"https:\\\/\\\/1875.ch\\\/de\\\/?s={search_term_string}\"},\"query-input\":{\"@type\":\"PropertyValueSpecification\",\"valueRequired\":true,\"valueName\":\"search_term_string\"}}],\"inLanguage\":\"de\"},{\"@type\":\"Organization\",\"@id\":\"https:\\\/\\\/1875.ch\\\/de\\\/#organization\",\"name\":\"1875 Finance\",\"url\":\"https:\\\/\\\/1875.ch\\\/de\\\/\",\"logo\":{\"@type\":\"ImageObject\",\"inLanguage\":\"de\",\"@id\":\"https:\\\/\\\/1875.ch\\\/de\\\/#\\\/schema\\\/logo\\\/image\\\/\",\"url\":\"https:\\\/\\\/1875.ch\\\/wp-content\\\/uploads\\\/2020\\\/03\\\/1875-logo.png\",\"contentUrl\":\"https:\\\/\\\/1875.ch\\\/wp-content\\\/uploads\\\/2020\\\/03\\\/1875-logo.png\",\"width\":220,\"height\":220,\"caption\":\"1875 Finance\"},\"image\":{\"@id\":\"https:\\\/\\\/1875.ch\\\/de\\\/#\\\/schema\\\/logo\\\/image\\\/\"},\"sameAs\":[\"https:\\\/\\\/www.facebook.com\\\/1875finance\\\/?fref=ts\",\"https:\\\/\\\/www.youtube.com\\\/channel\\\/UCZA0ykjGQrrEA3GBFkn8cAg\"]}]}<\/script>\n<!-- \/ Yoast SEO plugin. -->","yoast_head_json":{"title":"Unternehmen - Gesch\u00e4ftspartner - 1875 Finance","description":"Unternehmen, Gesch\u00e4ftspartner : Aufgrund ihrer Philosophie einer offenen Architektur ist 1875 FINANCE st\u00e4ndig auf der Suche nach erstklassigen Gesch\u00e4ftspartnern, um ihre Kompetenzen zu st\u00e4rken und die Interessen ihrer Kunden zu erf\u00fcllen. Genf, Z\u00fcrich, Luxemburg, Hongkong.","robots":{"index":"index","follow":"follow","max-snippet":"max-snippet:-1","max-image-preview":"max-image-preview:large","max-video-preview":"max-video-preview:-1"},"canonical":"https:\/\/1875.ch\/de\/unternehmen\/geschaeftspartner\/","og_locale":"de_DE","og_type":"article","og_title":"Unternehmen - Gesch\u00e4ftspartner - 1875 Finance","og_description":"Unternehmen, Gesch\u00e4ftspartner : Aufgrund ihrer Philosophie einer offenen Architektur ist 1875 FINANCE st\u00e4ndig auf der Suche nach erstklassigen Gesch\u00e4ftspartnern, um ihre Kompetenzen zu st\u00e4rken und die Interessen ihrer Kunden zu erf\u00fcllen. Genf, Z\u00fcrich, Luxemburg, Hongkong.","og_url":"https:\/\/1875.ch\/de\/unternehmen\/geschaeftspartner\/","og_site_name":"1875 Finance","article_publisher":"https:\/\/www.facebook.com\/1875finance\/?fref=ts","article_modified_time":"2022-08-31T09:01:24+00:00","og_image":[{"width":2560,"height":1307,"url":"https:\/\/1875.ch\/wp-content\/uploads\/2020\/03\/websiteimagery24-opt.jpg","type":"image\/jpeg"}],"twitter_card":"summary_large_image","twitter_misc":{"Gesch\u00e4tzte Lesezeit":"2\u00a0Minuten"},"schema":{"@context":"https:\/\/schema.org","@graph":[{"@type":"WebPage","@id":"https:\/\/1875.ch\/de\/unternehmen\/geschaeftspartner\/","url":"https:\/\/1875.ch\/de\/unternehmen\/geschaeftspartner\/","name":"Unternehmen - Gesch\u00e4ftspartner - 1875 Finance","isPartOf":{"@id":"https:\/\/1875.ch\/de\/#website"},"primaryImageOfPage":{"@id":"https:\/\/1875.ch\/de\/unternehmen\/geschaeftspartner\/#primaryimage"},"image":{"@id":"https:\/\/1875.ch\/de\/unternehmen\/geschaeftspartner\/#primaryimage"},"thumbnailUrl":"https:\/\/1875.ch\/wp-content\/uploads\/2020\/03\/websiteimagery24-opt.jpg","datePublished":"2020-04-15T00:22:38+00:00","dateModified":"2022-08-31T09:01:24+00:00","description":"Unternehmen, Gesch\u00e4ftspartner : Aufgrund ihrer Philosophie einer offenen Architektur ist 1875 FINANCE st\u00e4ndig auf der Suche nach erstklassigen Gesch\u00e4ftspartnern, um ihre Kompetenzen zu st\u00e4rken und die Interessen ihrer Kunden zu erf\u00fcllen. Genf, Z\u00fcrich, Luxemburg, Hongkong.","breadcrumb":{"@id":"https:\/\/1875.ch\/de\/unternehmen\/geschaeftspartner\/#breadcrumb"},"inLanguage":"de","potentialAction":[{"@type":"ReadAction","target":["https:\/\/1875.ch\/de\/unternehmen\/geschaeftspartner\/"]}]},{"@type":"ImageObject","inLanguage":"de","@id":"https:\/\/1875.ch\/de\/unternehmen\/geschaeftspartner\/#primaryimage","url":"https:\/\/1875.ch\/wp-content\/uploads\/2020\/03\/websiteimagery24-opt.jpg","contentUrl":"https:\/\/1875.ch\/wp-content\/uploads\/2020\/03\/websiteimagery24-opt.jpg","width":2560,"height":1307},{"@type":"BreadcrumbList","@id":"https:\/\/1875.ch\/de\/unternehmen\/geschaeftspartner\/#breadcrumb","itemListElement":[{"@type":"ListItem","position":1,"name":"Home","item":"https:\/\/1875.ch\/de\/"},{"@type":"ListItem","position":2,"name":"Unternehmen","item":"https:\/\/1875.ch\/de\/unternehmen\/"},{"@type":"ListItem","position":3,"name":"Gesch\u00e4ftspartner"}]},{"@type":"WebSite","@id":"https:\/\/1875.ch\/de\/#website","url":"https:\/\/1875.ch\/de\/","name":"1875 Finance","description":"The Financial Place to Be","publisher":{"@id":"https:\/\/1875.ch\/de\/#organization"},"potentialAction":[{"@type":"SearchAction","target":{"@type":"EntryPoint","urlTemplate":"https:\/\/1875.ch\/de\/?s={search_term_string}"},"query-input":{"@type":"PropertyValueSpecification","valueRequired":true,"valueName":"search_term_string"}}],"inLanguage":"de"},{"@type":"Organization","@id":"https:\/\/1875.ch\/de\/#organization","name":"1875 Finance","url":"https:\/\/1875.ch\/de\/","logo":{"@type":"ImageObject","inLanguage":"de","@id":"https:\/\/1875.ch\/de\/#\/schema\/logo\/image\/","url":"https:\/\/1875.ch\/wp-content\/uploads\/2020\/03\/1875-logo.png","contentUrl":"https:\/\/1875.ch\/wp-content\/uploads\/2020\/03\/1875-logo.png","width":220,"height":220,"caption":"1875 Finance"},"image":{"@id":"https:\/\/1875.ch\/de\/#\/schema\/logo\/image\/"},"sameAs":["https:\/\/www.facebook.com\/1875finance\/?fref=ts","https:\/\/www.youtube.com\/channel\/UCZA0ykjGQrrEA3GBFkn8cAg"]}]}},"_links":{"self":[{"href":"https:\/\/1875.ch\/de\/wp-json\/wp\/v2\/pages\/85419","targetHints":{"allow":["GET"]}}],"collection":[{"href":"https:\/\/1875.ch\/de\/wp-json\/wp\/v2\/pages"}],"about":[{"href":"https:\/\/1875.ch\/de\/wp-json\/wp\/v2\/types\/page"}],"author":[{"embeddable":true,"href":"https:\/\/1875.ch\/de\/wp-json\/wp\/v2\/users\/12"}],"replies":[{"embeddable":true,"href":"https:\/\/1875.ch\/de\/wp-json\/wp\/v2\/comments?post=85419"}],"version-history":[{"count":5,"href":"https:\/\/1875.ch\/de\/wp-json\/wp\/v2\/pages\/85419\/revisions"}],"predecessor-version":[{"id":87455,"href":"https:\/\/1875.ch\/de\/wp-json\/wp\/v2\/pages\/85419\/revisions\/87455"}],"up":[{"embeddable":true,"href":"https:\/\/1875.ch\/de\/wp-json\/wp\/v2\/pages\/85389"}],"wp:featuredmedia":[{"embeddable":true,"href":"https:\/\/1875.ch\/de\/wp-json\/wp\/v2\/media\/84281"}],"wp:attachment":[{"href":"https:\/\/1875.ch\/de\/wp-json\/wp\/v2\/media?parent=85419"}],"curies":[{"name":"wp","href":"https:\/\/api.w.org\/{rel}","templated":true}]}}