{"id":85427,"date":"2020-04-09T23:30:57","date_gmt":"2020-04-09T23:30:57","guid":{"rendered":"https:\/\/1875.ch\/company\/team\/"},"modified":"2025-10-02T09:34:43","modified_gmt":"2025-10-02T09:34:43","slug":"team","status":"publish","type":"page","link":"https:\/\/1875.ch\/de\/unternehmen\/team\/","title":{"rendered":"Team"},"content":{"rendered":"<div class=\"wpb-content-wrapper\"><p>[vc_row row_height_percent=&#8220;0&#8243; override_padding=&#8220;yes&#8220; h_padding=&#8220;2&#8243; top_padding=&#8220;5&#8243; bottom_padding=&#8220;2&#8243; overlay_alpha=&#8220;50&#8243; gutter_size=&#8220;3&#8243; column_width_percent=&#8220;100&#8243; shift_y=&#8220;0&#8243; z_index=&#8220;0&#8243;][vc_column column_width_percent=&#8220;100&#8243; align_horizontal=&#8220;align_center&#8220; gutter_size=&#8220;3&#8243; overlay_alpha=&#8220;50&#8243; shift_x=&#8220;0&#8243; shift_y=&#8220;0&#8243; shift_y_down=&#8220;0&#8243; z_index=&#8220;0&#8243; medium_width=&#8220;0&#8243; mobile_width=&#8220;0&#8243; width=&#8220;1\/1&#8243;][vc_custom_heading heading_semantic=&#8220;h1&#8243; separator_color=&#8220;yes&#8220; separator=&#8220;yes&#8220; sub_lead=&#8220;yes&#8220; css_animation=&#8220;curtain&#8220; animation_delay=&#8220;200&#8243;]Das Unternehmen:<br \/>\nEthik und Exzellenz[\/vc_custom_heading][\/vc_column][\/vc_row][vc_row row_height_percent=&#8220;0&#8243; overlay_alpha=&#8220;50&#8243; gutter_size=&#8220;3&#8243; column_width_percent=&#8220;100&#8243; shift_y=&#8220;0&#8243; z_index=&#8220;0&#8243;][vc_column width=&#8220;1\/1&#8243;][vc_column_text]<\/p>\n<h4>Die Gr\u00fcnder von\u00a0<strong>1875 FINANCE<\/strong>\u00a0haben ihre Erfahrungen w\u00e4hrend ihrer T\u00e4tigkeit in derselben Bank gesammelt, weshalb 1875 FINANCE heute auf Teamgeist basiert, der einen festen Zusammenhalt und eine gemeinsame Verantwortung in der strategischen Ausrichtung und in der Kundenberatung sicherstellt.<\/h4>\n<p>[\/vc_column_text][\/vc_column][\/vc_row][vc_row row_height_percent=&#8220;0&#8243; override_padding=&#8220;yes&#8220; h_padding=&#8220;2&#8243; top_padding=&#8220;2&#8243; bottom_padding=&#8220;5&#8243; overlay_alpha=&#8220;50&#8243; gutter_size=&#8220;3&#8243; column_width_percent=&#8220;100&#8243; shift_y=&#8220;0&#8243; z_index=&#8220;0&#8243;][vc_column width=&#8220;1\/2&#8243;][vc_column_text text_lead=&#8220;yes&#8220;]Dieser Esprit ist auch eine mehr als hundertj\u00e4hrige Verbundenheit mit Genf und mit Schweizer Werten: \u00fcberdurchschnittliche Leistung, Transparenz, Ethik und Respekt vor Mitarbeitenden. Ganz im Sinne der Gr\u00fcnder positioniert sich\u00a0<strong>1875 FINANCE<\/strong>\u00a0als innovatives Unternehmen und als H\u00fcter der Genfer Finanztradition.<\/p>\n<p>Klicken Sie bitte auf die folgenden Links, um unser Team kennenzulernen.[\/vc_column_text][uncode_list larger=&#8220;yes&#8220; icon=&#8220;fa fa-arrow-right-thick&#8220; icon_color=&#8220;accent&#8220;]<\/p>\n<ul>\n<li><a href=\"\/de\/unternehmen\/team\/administratoren\/\" target=\"_blank\" rel=\"noopener noreferrer\">Verwaltungsrat<\/a><\/li>\n<\/ul>\n<p>[\/uncode_list][vc_column_text text_lead=&#8220;yes&#8220; uncode_shortcode_id=&#8220;522083&#8243;]<em>1875 FINANCE ist ein unabh\u00e4ngiges Unternehmen, das Besitz der Gr\u00fcndungspartner und REYL Intesa SanPaolo ist.<\/em>[\/vc_column_text][uncode_list larger=&#8220;yes&#8220; icon=&#8220;fa fa-arrow-right-thick&#8220; icon_color=&#8220;accent&#8220;]<\/p>\n<ul>\n<li><a href=\"\/de\/unternehmen\/mitarbeiter-und-management\/\" target=\"_blank\" rel=\"noopener noreferrer\">Gr\u00fcndungspartner<\/a><\/li>\n<\/ul>\n<p>[\/uncode_list][uncode_list larger=&#8220;yes&#8220; icon=&#8220;fa fa-arrow-right-thick&#8220; icon_color=&#8220;accent&#8220; uncode_shortcode_id=&#8220;190127&#8243; icon_color_type=&#8220;uncode-palette&#8220;]<\/p>\n<ul>\n<li><a href=\"https:\/\/1875.ch\/de\/unternehmen\/team\/beirat\/\">Advisory board<\/a><\/li>\n<li><a href=\"\/de\/unternehmen\/team\/1875-capital\/\" target=\"_blank\" rel=\"noopener noreferrer\">Partner*<\/a><\/li>\n<li><a href=\"\/de\/unternehmen\/team\/senior-team\/\" target=\"_blank\" rel=\"noopener noreferrer\">Senior Team<\/a><\/li>\n<li><a href=\"\/de\/expertise\/verwaltung\/\" target=\"_blank\" rel=\"noopener noreferrer\">Administration<\/a><\/li>\n<\/ul>\n<p>[\/uncode_list][vc_column_text]<em>*Partner von 1875 Capital<\/em>[\/vc_column_text][\/vc_column][vc_column width=&#8220;1\/2&#8243;][vc_column_text text_lead=&#8220;yes&#8220; uncode_shortcode_id=&#8220;444035&#8243;]<\/p>\n<h4>Werden Sie Teil von uns<\/h4>\n<p>Unser Modell, unseren Namen und unseren Erfolg w\u00e4re nichts ohne die Personen, die das Unternehmen ausmachen.&nbsp;<strong>1875 FINANCE<\/strong>&nbsp;ist die Referenz f\u00fcr unabh\u00e4ngige Verm\u00f6gensverwalter und bietet Ihnen die M\u00f6glichkeit, Ihre St\u00e4rken und F\u00e4higkeiten zu entwickeln, um Ihre Ziele erreichen.<\/p>\n<p>Unser Modell der Verm\u00f6gensverwaltung garantiert erfahrenen Verm\u00f6gensverwaltern zum einen Unabh\u00e4ngigkeit und zum anderen die technischen Mittel, sich in ein dynamisches Team zu integrieren, um f\u00fcr die Zukunft aufgestellt zu sein.<\/p>\n<h4>Kontakt HR<\/h4>\n<p><strong>Sofia Rovere<\/strong><br \/>\nT +41 22 595 18 95<br \/>\nCourriel&nbsp;:&nbsp;<a href=\"mailto:carriere@1875.ch\">carriere@1875.ch<\/a>[\/vc_column_text][\/vc_column][\/vc_row][vc_row][vc_column width=&#8220;1\/1&#8243;][uncode_block id=&#8220;85176&#8243;][\/vc_column][\/vc_row][vc_row][vc_column width=&#8220;1\/1&#8243;][uncode_block id=&#8220;82642&#8243;][\/vc_column][\/vc_row]<\/p>\n<\/div>","protected":false},"excerpt":{"rendered":"<p>[vc_row row_height_percent=&#8220;0&#8243; override_padding=&#8220;yes&#8220; h_padding=&#8220;2&#8243; top_padding=&#8220;5&#8243; bottom_padding=&#8220;2&#8243; overlay_alpha=&#8220;50&#8243; gutter_size=&#8220;3&#8243; column_width_percent=&#8220;100&#8243; shift_y=&#8220;0&#8243; z_index=&#8220;0&#8243;][vc_column column_width_percent=&#8220;100&#8243; align_horizontal=&#8220;align_center&#8220; gutter_size=&#8220;3&#8243; overlay_alpha=&#8220;50&#8243; shift_x=&#8220;0&#8243; shift_y=&#8220;0&#8243; shift_y_down=&#8220;0&#8243; z_index=&#8220;0&#8243; medium_width=&#8220;0&#8243; [&hellip;]<\/p>\n","protected":false},"author":12,"featured_media":84281,"parent":85389,"menu_order":0,"comment_status":"closed","ping_status":"closed","template":"","meta":{"_monsterinsights_skip_tracking":false,"_monsterinsights_sitenote_active":false,"_monsterinsights_sitenote_note":"","_monsterinsights_sitenote_category":0,"footnotes":""},"class_list":["post-85427","page","type-page","status-publish","has-post-thumbnail","hentry","page_category-company-de"],"yoast_head":"<!-- This site is optimized with the Yoast SEO plugin v27.3 - https:\/\/yoast.com\/product\/yoast-seo-wordpress\/ -->\n<title>Unternehmen - Team - 1875 Finance<\/title>\n<meta name=\"description\" content=\"Unternehmen, Team : die Gr\u00fcnder von 1875 FINANCE haben ihre Erfahrungen w\u00e4hrend ihrer T\u00e4tigkeit in derselben Bank gesammelt, weshalb 1875 FINANCE heute auf Teamgeist basiert, der einen festen Zusammenhalt und eine gemeinsame Verantwortung in der strategischen Ausrichtung und in der Kundenberatung sicherstellt. Genf, Z\u00fcrich, Luxemburg, Hongkong.\" \/>\n<meta name=\"robots\" content=\"index, follow, max-snippet:-1, max-image-preview:large, max-video-preview:-1\" \/>\n<link rel=\"canonical\" href=\"https:\/\/1875.ch\/de\/unternehmen\/team\/\" \/>\n<meta property=\"og:locale\" content=\"de_DE\" \/>\n<meta property=\"og:type\" content=\"article\" \/>\n<meta property=\"og:title\" content=\"Unternehmen - Team - 1875 Finance\" \/>\n<meta property=\"og:description\" content=\"Unternehmen, Team : die Gr\u00fcnder von 1875 FINANCE haben ihre Erfahrungen w\u00e4hrend ihrer T\u00e4tigkeit in derselben Bank gesammelt, weshalb 1875 FINANCE heute auf Teamgeist basiert, der einen festen Zusammenhalt und eine gemeinsame Verantwortung in der strategischen Ausrichtung und in der Kundenberatung sicherstellt. Genf, Z\u00fcrich, Luxemburg, Hongkong.\" \/>\n<meta property=\"og:url\" content=\"https:\/\/1875.ch\/de\/unternehmen\/team\/\" \/>\n<meta property=\"og:site_name\" content=\"1875 Finance\" \/>\n<meta property=\"article:publisher\" content=\"https:\/\/www.facebook.com\/1875finance\/?fref=ts\" \/>\n<meta property=\"article:modified_time\" content=\"2025-10-02T09:34:43+00:00\" \/>\n<meta property=\"og:image\" content=\"https:\/\/1875.ch\/wp-content\/uploads\/2020\/03\/websiteimagery24-opt.jpg\" \/>\n\t<meta property=\"og:image:width\" content=\"2560\" \/>\n\t<meta property=\"og:image:height\" content=\"1307\" \/>\n\t<meta property=\"og:image:type\" content=\"image\/jpeg\" \/>\n<meta name=\"twitter:card\" content=\"summary_large_image\" \/>\n<meta name=\"twitter:label1\" content=\"Gesch\u00e4tzte Lesezeit\" \/>\n\t<meta name=\"twitter:data1\" content=\"2\u00a0Minuten\" \/>\n<script type=\"application\/ld+json\" class=\"yoast-schema-graph\">{\"@context\":\"https:\\\/\\\/schema.org\",\"@graph\":[{\"@type\":\"WebPage\",\"@id\":\"https:\\\/\\\/1875.ch\\\/de\\\/unternehmen\\\/team\\\/\",\"url\":\"https:\\\/\\\/1875.ch\\\/de\\\/unternehmen\\\/team\\\/\",\"name\":\"Unternehmen - Team - 1875 Finance\",\"isPartOf\":{\"@id\":\"https:\\\/\\\/1875.ch\\\/de\\\/#website\"},\"primaryImageOfPage\":{\"@id\":\"https:\\\/\\\/1875.ch\\\/de\\\/unternehmen\\\/team\\\/#primaryimage\"},\"image\":{\"@id\":\"https:\\\/\\\/1875.ch\\\/de\\\/unternehmen\\\/team\\\/#primaryimage\"},\"thumbnailUrl\":\"https:\\\/\\\/1875.ch\\\/wp-content\\\/uploads\\\/2020\\\/03\\\/websiteimagery24-opt.jpg\",\"datePublished\":\"2020-04-09T23:30:57+00:00\",\"dateModified\":\"2025-10-02T09:34:43+00:00\",\"description\":\"Unternehmen, Team : die Gr\u00fcnder von 1875 FINANCE haben ihre Erfahrungen w\u00e4hrend ihrer T\u00e4tigkeit in derselben Bank gesammelt, weshalb 1875 FINANCE heute auf Teamgeist basiert, der einen festen Zusammenhalt und eine gemeinsame Verantwortung in der strategischen Ausrichtung und in der Kundenberatung sicherstellt. Genf, Z\u00fcrich, Luxemburg, Hongkong.\",\"breadcrumb\":{\"@id\":\"https:\\\/\\\/1875.ch\\\/de\\\/unternehmen\\\/team\\\/#breadcrumb\"},\"inLanguage\":\"de\",\"potentialAction\":[{\"@type\":\"ReadAction\",\"target\":[\"https:\\\/\\\/1875.ch\\\/de\\\/unternehmen\\\/team\\\/\"]}]},{\"@type\":\"ImageObject\",\"inLanguage\":\"de\",\"@id\":\"https:\\\/\\\/1875.ch\\\/de\\\/unternehmen\\\/team\\\/#primaryimage\",\"url\":\"https:\\\/\\\/1875.ch\\\/wp-content\\\/uploads\\\/2020\\\/03\\\/websiteimagery24-opt.jpg\",\"contentUrl\":\"https:\\\/\\\/1875.ch\\\/wp-content\\\/uploads\\\/2020\\\/03\\\/websiteimagery24-opt.jpg\",\"width\":2560,\"height\":1307},{\"@type\":\"BreadcrumbList\",\"@id\":\"https:\\\/\\\/1875.ch\\\/de\\\/unternehmen\\\/team\\\/#breadcrumb\",\"itemListElement\":[{\"@type\":\"ListItem\",\"position\":1,\"name\":\"Home\",\"item\":\"https:\\\/\\\/1875.ch\\\/de\\\/\"},{\"@type\":\"ListItem\",\"position\":2,\"name\":\"Unternehmen\",\"item\":\"https:\\\/\\\/1875.ch\\\/de\\\/unternehmen\\\/\"},{\"@type\":\"ListItem\",\"position\":3,\"name\":\"Team\"}]},{\"@type\":\"WebSite\",\"@id\":\"https:\\\/\\\/1875.ch\\\/de\\\/#website\",\"url\":\"https:\\\/\\\/1875.ch\\\/de\\\/\",\"name\":\"1875 Finance\",\"description\":\"The Financial Place to Be\",\"publisher\":{\"@id\":\"https:\\\/\\\/1875.ch\\\/de\\\/#organization\"},\"potentialAction\":[{\"@type\":\"SearchAction\",\"target\":{\"@type\":\"EntryPoint\",\"urlTemplate\":\"https:\\\/\\\/1875.ch\\\/de\\\/?s={search_term_string}\"},\"query-input\":{\"@type\":\"PropertyValueSpecification\",\"valueRequired\":true,\"valueName\":\"search_term_string\"}}],\"inLanguage\":\"de\"},{\"@type\":\"Organization\",\"@id\":\"https:\\\/\\\/1875.ch\\\/de\\\/#organization\",\"name\":\"1875 Finance\",\"url\":\"https:\\\/\\\/1875.ch\\\/de\\\/\",\"logo\":{\"@type\":\"ImageObject\",\"inLanguage\":\"de\",\"@id\":\"https:\\\/\\\/1875.ch\\\/de\\\/#\\\/schema\\\/logo\\\/image\\\/\",\"url\":\"https:\\\/\\\/1875.ch\\\/wp-content\\\/uploads\\\/2020\\\/03\\\/1875-logo.png\",\"contentUrl\":\"https:\\\/\\\/1875.ch\\\/wp-content\\\/uploads\\\/2020\\\/03\\\/1875-logo.png\",\"width\":220,\"height\":220,\"caption\":\"1875 Finance\"},\"image\":{\"@id\":\"https:\\\/\\\/1875.ch\\\/de\\\/#\\\/schema\\\/logo\\\/image\\\/\"},\"sameAs\":[\"https:\\\/\\\/www.facebook.com\\\/1875finance\\\/?fref=ts\",\"https:\\\/\\\/www.youtube.com\\\/channel\\\/UCZA0ykjGQrrEA3GBFkn8cAg\"]}]}<\/script>\n<!-- \/ Yoast SEO plugin. -->","yoast_head_json":{"title":"Unternehmen - Team - 1875 Finance","description":"Unternehmen, Team : die Gr\u00fcnder von 1875 FINANCE haben ihre Erfahrungen w\u00e4hrend ihrer T\u00e4tigkeit in derselben Bank gesammelt, weshalb 1875 FINANCE heute auf Teamgeist basiert, der einen festen Zusammenhalt und eine gemeinsame Verantwortung in der strategischen Ausrichtung und in der Kundenberatung sicherstellt. Genf, Z\u00fcrich, Luxemburg, Hongkong.","robots":{"index":"index","follow":"follow","max-snippet":"max-snippet:-1","max-image-preview":"max-image-preview:large","max-video-preview":"max-video-preview:-1"},"canonical":"https:\/\/1875.ch\/de\/unternehmen\/team\/","og_locale":"de_DE","og_type":"article","og_title":"Unternehmen - Team - 1875 Finance","og_description":"Unternehmen, Team : die Gr\u00fcnder von 1875 FINANCE haben ihre Erfahrungen w\u00e4hrend ihrer T\u00e4tigkeit in derselben Bank gesammelt, weshalb 1875 FINANCE heute auf Teamgeist basiert, der einen festen Zusammenhalt und eine gemeinsame Verantwortung in der strategischen Ausrichtung und in der Kundenberatung sicherstellt. Genf, Z\u00fcrich, Luxemburg, Hongkong.","og_url":"https:\/\/1875.ch\/de\/unternehmen\/team\/","og_site_name":"1875 Finance","article_publisher":"https:\/\/www.facebook.com\/1875finance\/?fref=ts","article_modified_time":"2025-10-02T09:34:43+00:00","og_image":[{"width":2560,"height":1307,"url":"https:\/\/1875.ch\/wp-content\/uploads\/2020\/03\/websiteimagery24-opt.jpg","type":"image\/jpeg"}],"twitter_card":"summary_large_image","twitter_misc":{"Gesch\u00e4tzte Lesezeit":"2\u00a0Minuten"},"schema":{"@context":"https:\/\/schema.org","@graph":[{"@type":"WebPage","@id":"https:\/\/1875.ch\/de\/unternehmen\/team\/","url":"https:\/\/1875.ch\/de\/unternehmen\/team\/","name":"Unternehmen - Team - 1875 Finance","isPartOf":{"@id":"https:\/\/1875.ch\/de\/#website"},"primaryImageOfPage":{"@id":"https:\/\/1875.ch\/de\/unternehmen\/team\/#primaryimage"},"image":{"@id":"https:\/\/1875.ch\/de\/unternehmen\/team\/#primaryimage"},"thumbnailUrl":"https:\/\/1875.ch\/wp-content\/uploads\/2020\/03\/websiteimagery24-opt.jpg","datePublished":"2020-04-09T23:30:57+00:00","dateModified":"2025-10-02T09:34:43+00:00","description":"Unternehmen, Team : die Gr\u00fcnder von 1875 FINANCE haben ihre Erfahrungen w\u00e4hrend ihrer T\u00e4tigkeit in derselben Bank gesammelt, weshalb 1875 FINANCE heute auf Teamgeist basiert, der einen festen Zusammenhalt und eine gemeinsame Verantwortung in der strategischen Ausrichtung und in der Kundenberatung sicherstellt. Genf, Z\u00fcrich, Luxemburg, Hongkong.","breadcrumb":{"@id":"https:\/\/1875.ch\/de\/unternehmen\/team\/#breadcrumb"},"inLanguage":"de","potentialAction":[{"@type":"ReadAction","target":["https:\/\/1875.ch\/de\/unternehmen\/team\/"]}]},{"@type":"ImageObject","inLanguage":"de","@id":"https:\/\/1875.ch\/de\/unternehmen\/team\/#primaryimage","url":"https:\/\/1875.ch\/wp-content\/uploads\/2020\/03\/websiteimagery24-opt.jpg","contentUrl":"https:\/\/1875.ch\/wp-content\/uploads\/2020\/03\/websiteimagery24-opt.jpg","width":2560,"height":1307},{"@type":"BreadcrumbList","@id":"https:\/\/1875.ch\/de\/unternehmen\/team\/#breadcrumb","itemListElement":[{"@type":"ListItem","position":1,"name":"Home","item":"https:\/\/1875.ch\/de\/"},{"@type":"ListItem","position":2,"name":"Unternehmen","item":"https:\/\/1875.ch\/de\/unternehmen\/"},{"@type":"ListItem","position":3,"name":"Team"}]},{"@type":"WebSite","@id":"https:\/\/1875.ch\/de\/#website","url":"https:\/\/1875.ch\/de\/","name":"1875 Finance","description":"The Financial Place to Be","publisher":{"@id":"https:\/\/1875.ch\/de\/#organization"},"potentialAction":[{"@type":"SearchAction","target":{"@type":"EntryPoint","urlTemplate":"https:\/\/1875.ch\/de\/?s={search_term_string}"},"query-input":{"@type":"PropertyValueSpecification","valueRequired":true,"valueName":"search_term_string"}}],"inLanguage":"de"},{"@type":"Organization","@id":"https:\/\/1875.ch\/de\/#organization","name":"1875 Finance","url":"https:\/\/1875.ch\/de\/","logo":{"@type":"ImageObject","inLanguage":"de","@id":"https:\/\/1875.ch\/de\/#\/schema\/logo\/image\/","url":"https:\/\/1875.ch\/wp-content\/uploads\/2020\/03\/1875-logo.png","contentUrl":"https:\/\/1875.ch\/wp-content\/uploads\/2020\/03\/1875-logo.png","width":220,"height":220,"caption":"1875 Finance"},"image":{"@id":"https:\/\/1875.ch\/de\/#\/schema\/logo\/image\/"},"sameAs":["https:\/\/www.facebook.com\/1875finance\/?fref=ts","https:\/\/www.youtube.com\/channel\/UCZA0ykjGQrrEA3GBFkn8cAg"]}]}},"_links":{"self":[{"href":"https:\/\/1875.ch\/de\/wp-json\/wp\/v2\/pages\/85427","targetHints":{"allow":["GET"]}}],"collection":[{"href":"https:\/\/1875.ch\/de\/wp-json\/wp\/v2\/pages"}],"about":[{"href":"https:\/\/1875.ch\/de\/wp-json\/wp\/v2\/types\/page"}],"author":[{"embeddable":true,"href":"https:\/\/1875.ch\/de\/wp-json\/wp\/v2\/users\/12"}],"replies":[{"embeddable":true,"href":"https:\/\/1875.ch\/de\/wp-json\/wp\/v2\/comments?post=85427"}],"version-history":[{"count":5,"href":"https:\/\/1875.ch\/de\/wp-json\/wp\/v2\/pages\/85427\/revisions"}],"predecessor-version":[{"id":88235,"href":"https:\/\/1875.ch\/de\/wp-json\/wp\/v2\/pages\/85427\/revisions\/88235"}],"up":[{"embeddable":true,"href":"https:\/\/1875.ch\/de\/wp-json\/wp\/v2\/pages\/85389"}],"wp:featuredmedia":[{"embeddable":true,"href":"https:\/\/1875.ch\/de\/wp-json\/wp\/v2\/media\/84281"}],"wp:attachment":[{"href":"https:\/\/1875.ch\/de\/wp-json\/wp\/v2\/media?parent=85427"}],"curies":[{"name":"wp","href":"https:\/\/api.w.org\/{rel}","templated":true}]}}