{"id":85453,"date":"2020-04-26T01:15:11","date_gmt":"2020-04-26T01:15:11","guid":{"rendered":"https:\/\/1875.ch\/expertise\/asset-management\/philosophy\/"},"modified":"2020-10-29T02:56:15","modified_gmt":"2020-10-29T02:56:15","slug":"philosophie","status":"publish","type":"page","link":"https:\/\/1875.ch\/de\/expertise\/vermogensverwaltung\/philosophie\/","title":{"rendered":"Philosophie"},"content":{"rendered":"<div class=\"wpb-content-wrapper\"><p>[vc_row row_height_percent=&#8220;0&#8243; override_padding=&#8220;yes&#8220; h_padding=&#8220;2&#8243; top_padding=&#8220;5&#8243; bottom_padding=&#8220;2&#8243; overlay_alpha=&#8220;50&#8243; gutter_size=&#8220;3&#8243; column_width_percent=&#8220;100&#8243; shift_y=&#8220;0&#8243; z_index=&#8220;0&#8243;][vc_column column_width_percent=&#8220;100&#8243; align_horizontal=&#8220;align_center&#8220; gutter_size=&#8220;3&#8243; overlay_alpha=&#8220;50&#8243; shift_x=&#8220;0&#8243; shift_y=&#8220;0&#8243; shift_y_down=&#8220;0&#8243; z_index=&#8220;0&#8243; medium_width=&#8220;0&#8243; mobile_width=&#8220;0&#8243; width=&#8220;1\/1&#8243;][vc_custom_heading heading_semantic=&#8220;h1&#8243; separator=&#8220;yes&#8220; separator_color=&#8220;yes&#8220; sub_lead=&#8220;yes&#8220; css_animation=&#8220;curtain&#8220; animation_delay=&#8220;200&#8243;]Verm\u00f6gensverwaltung:<br \/>\nPhilosophie[\/vc_custom_heading][\/vc_column][\/vc_row][vc_row row_height_percent=&#8220;0&#8243; overlay_alpha=&#8220;50&#8243; gutter_size=&#8220;3&#8243; column_width_percent=&#8220;100&#8243; shift_y=&#8220;0&#8243; z_index=&#8220;0&#8243;][vc_column width=&#8220;1\/1&#8243;][vc_column_text]<\/p>\n<h4>Performance darf nicht vom Zufall abh\u00e4ngen. Bei\u00a0<strong>1875 FINANCE<\/strong>\u00a0ist sie das Resultat einer Vielzahl von Faktoren, wozu Kompetenz, Erfahrung und Entscheidungshilfen geh\u00f6ren, welche Sicherheit und Performance f\u00fcr unsere Kunden gew\u00e4hrleisten.<\/h4>\n<p>[\/vc_column_text][\/vc_column][\/vc_row][vc_row row_height_percent=&#8220;0&#8243; override_padding=&#8220;yes&#8220; h_padding=&#8220;2&#8243; top_padding=&#8220;3&#8243; bottom_padding=&#8220;0&#8243; overlay_alpha=&#8220;50&#8243; gutter_size=&#8220;3&#8243; column_width_percent=&#8220;100&#8243; shift_y=&#8220;0&#8243; z_index=&#8220;0&#8243;][vc_column column_width_percent=&#8220;100&#8243; gutter_size=&#8220;2&#8243; override_padding=&#8220;yes&#8220; column_padding=&#8220;0&#8243; overlay_alpha=&#8220;50&#8243; shift_x=&#8220;0&#8243; shift_y=&#8220;0&#8243; shift_y_down=&#8220;0&#8243; z_index=&#8220;0&#8243; medium_width=&#8220;0&#8243; mobile_width=&#8220;0&#8243; radius=&#8220;sm&#8220; width=&#8220;1\/1&#8243;][vc_row_inner row_inner_height_percent=&#8220;0&#8243; overlay_alpha=&#8220;50&#8243; gutter_size=&#8220;4&#8243; shift_y=&#8220;0&#8243; z_index=&#8220;0&#8243; limit_content=&#8220;&#8220;][vc_column_inner column_width_percent=&#8220;100&#8243; gutter_size=&#8220;3&#8243; font_family=&#8220;font-175345&#8243; overlay_alpha=&#8220;50&#8243; shift_x=&#8220;0&#8243; shift_y=&#8220;0&#8243; shift_y_down=&#8220;0&#8243; z_index=&#8220;0&#8243; medium_width=&#8220;3&#8243; mobile_width=&#8220;0&#8243; css_animation=&#8220;right-t-left&#8220; width=&#8220;1\/2&#8243;][vc_icon position=&#8220;left&#8220; icon=&#8220;fa fa-strategy&#8220; icon_image=&#8220;84790&#8243; icon_color=&#8220;accent&#8220; media_size=&#8220;64&#8243; text_font=&#8220;font-931455&#8243; text_weight=&#8220;300&#8243; text_space=&#8220;fontspace-781688&#8243;]<strong>Unsere Anlagephilosophie<\/strong>\u00a0beruht auf einem quantitativen Modell der Verm\u00f6gensallokation, das\u00a0<strong>kognitiven Verzerrungen<\/strong>\u00a0des Menschen korrigiert.[\/vc_icon][\/vc_column_inner][vc_column_inner column_width_percent=&#8220;100&#8243; gutter_size=&#8220;3&#8243; font_family=&#8220;font-175345&#8243; overlay_alpha=&#8220;50&#8243; shift_x=&#8220;0&#8243; shift_y=&#8220;0&#8243; shift_y_down=&#8220;0&#8243; z_index=&#8220;0&#8243; medium_width=&#8220;3&#8243; mobile_width=&#8220;0&#8243; css_animation=&#8220;right-t-left&#8220; animation_delay=&#8220;200&#8243; width=&#8220;1\/2&#8243;][vc_icon position=&#8220;left&#8220; icon=&#8220;fa fa-circle-compass&#8220; icon_image=&#8220;84787&#8243; icon_color=&#8220;accent&#8220; media_size=&#8220;64&#8243; text_weight=&#8220;300&#8243; text_space=&#8220;fontspace-781688&#8243;]Unabh\u00e4ngigkeit =\u00a0<strong>offene Architektur<\/strong>\u00a0= keine Interessenskonflikte.[\/vc_icon][\/vc_column_inner][\/vc_row_inner][vc_row_inner row_inner_height_percent=&#8220;0&#8243; overlay_alpha=&#8220;50&#8243; gutter_size=&#8220;4&#8243; shift_y=&#8220;0&#8243; z_index=&#8220;0&#8243; limit_content=&#8220;&#8220;][vc_column_inner column_width_percent=&#8220;100&#8243; gutter_size=&#8220;3&#8243; font_family=&#8220;font-175345&#8243; overlay_alpha=&#8220;50&#8243; shift_x=&#8220;0&#8243; shift_y=&#8220;0&#8243; shift_y_down=&#8220;0&#8243; z_index=&#8220;0&#8243; medium_width=&#8220;3&#8243; mobile_width=&#8220;0&#8243; css_animation=&#8220;right-t-left&#8220; width=&#8220;1\/2&#8243;][vc_icon position=&#8220;left&#8220; icon=&#8220;fa fa-strategy&#8220; icon_image=&#8220;84781&#8243; icon_color=&#8220;accent&#8220; media_size=&#8220;64&#8243; text_weight=&#8220;300&#8243; text_space=&#8220;fontspace-781688&#8243;]Zur\u00a0<strong>RisikoOptimierung von Risiken<\/strong>\u00a0und zu deren \u00dcberwachung kommen Tools zum Einsatz, um das Verh\u00e4ltnis von Risiko \/ Rendite des Portfolios zu optimieren.[\/vc_icon][\/vc_column_inner][vc_column_inner column_width_percent=&#8220;100&#8243; gutter_size=&#8220;3&#8243; font_family=&#8220;font-175345&#8243; overlay_alpha=&#8220;50&#8243; shift_x=&#8220;0&#8243; shift_y=&#8220;0&#8243; shift_y_down=&#8220;0&#8243; z_index=&#8220;0&#8243; medium_width=&#8220;3&#8243; mobile_width=&#8220;0&#8243; css_animation=&#8220;right-t-left&#8220; animation_delay=&#8220;200&#8243; width=&#8220;1\/2&#8243;][vc_icon position=&#8220;left&#8220; icon=&#8220;fa fa-circle-compass&#8220; icon_image=&#8220;84814&#8243; icon_color=&#8220;accent&#8220; media_size=&#8220;64&#8243; text_weight=&#8220;300&#8243; text_space=&#8220;fontspace-781688&#8243;]<strong>Transparenz<\/strong>,\u00a0<strong>Liquidit\u00e4t<\/strong>,\u00a0<strong>Qualit\u00e4t\u00a0<\/strong>und\u00a0<strong>Kosten<\/strong>\u00a0sind die zentralen Auswahlkriterien f\u00fcr die Selektion von Anlageinstrumenten.[\/vc_icon][\/vc_column_inner][\/vc_row_inner][vc_row_inner row_inner_height_percent=&#8220;0&#8243; overlay_alpha=&#8220;50&#8243; gutter_size=&#8220;4&#8243; shift_y=&#8220;0&#8243; z_index=&#8220;0&#8243; limit_content=&#8220;&#8220;][vc_column_inner column_width_percent=&#8220;100&#8243; gutter_size=&#8220;3&#8243; font_family=&#8220;font-175345&#8243; overlay_alpha=&#8220;50&#8243; shift_x=&#8220;0&#8243; shift_y=&#8220;0&#8243; shift_y_down=&#8220;0&#8243; z_index=&#8220;0&#8243; medium_width=&#8220;3&#8243; mobile_width=&#8220;0&#8243; css_animation=&#8220;right-t-left&#8220; width=&#8220;1\/2&#8243;][vc_icon position=&#8220;left&#8220; icon=&#8220;fa fa-strategy&#8220; icon_image=&#8220;84806&#8243; icon_color=&#8220;accent&#8220; media_size=&#8220;64&#8243; text_weight=&#8220;300&#8243; text_space=&#8220;fontspace-781688&#8243;]Wir glauben, dass das Erzielen von Performance haupts\u00e4chlich vom\u00a0<strong>Verst\u00e4ndnis der verschiedenen M\u00e4rkte<\/strong>\u00a0abh\u00e4ngt.[\/vc_icon][\/vc_column_inner][vc_column_inner column_width_percent=&#8220;100&#8243; gutter_size=&#8220;3&#8243; font_family=&#8220;font-175345&#8243; overlay_alpha=&#8220;50&#8243; shift_x=&#8220;0&#8243; shift_y=&#8220;0&#8243; shift_y_down=&#8220;0&#8243; z_index=&#8220;0&#8243; medium_width=&#8220;3&#8243; mobile_width=&#8220;0&#8243; css_animation=&#8220;right-t-left&#8220; animation_delay=&#8220;200&#8243; width=&#8220;1\/2&#8243;][vc_icon position=&#8220;left&#8220; icon=&#8220;fa fa-circle-compass&#8220; icon_image=&#8220;84784&#8243; icon_color=&#8220;accent&#8220; media_size=&#8220;64&#8243; text_weight=&#8220;300&#8243; text_space=&#8220;fontspace-781688&#8243;]Obwohl wir\u00a0<strong>quantitative Tools<\/strong>\u00a0verwenden, so bleiben doch<strong>\u00a0Erfahrung<\/strong>\u00a0und\u00a0<strong>Selbst-Erlebtes<\/strong>\u00a0die wichtigsten Faktoren zur Schaffung von Performance.[\/vc_icon][\/vc_column_inner][\/vc_row_inner][vc_row_inner row_inner_height_percent=&#8220;0&#8243; overlay_alpha=&#8220;50&#8243; gutter_size=&#8220;4&#8243; shift_y=&#8220;0&#8243; z_index=&#8220;0&#8243; limit_content=&#8220;&#8220;][vc_column_inner column_width_percent=&#8220;100&#8243; gutter_size=&#8220;3&#8243; font_family=&#8220;font-175345&#8243; overlay_alpha=&#8220;50&#8243; shift_x=&#8220;0&#8243; shift_y=&#8220;0&#8243; shift_y_down=&#8220;0&#8243; z_index=&#8220;0&#8243; medium_width=&#8220;3&#8243; mobile_width=&#8220;0&#8243; css_animation=&#8220;right-t-left&#8220; width=&#8220;1\/2&#8243;][vc_icon position=&#8220;left&#8220; icon=&#8220;fa fa-strategy&#8220; icon_image=&#8220;84799&#8243; icon_color=&#8220;accent&#8220; media_size=&#8220;64&#8243; text_weight=&#8220;300&#8243; text_space=&#8220;fontspace-781688&#8243;]1875 FINANCE geh\u00f6rt mit einer\u00a0<strong>umfassenden Regulierung durch die FINMA\u00a0<\/strong>zu den Pionieren unten den unabh\u00e4ngigen schweizerischen Verm\u00f6gensverwaltern.[\/vc_icon][\/vc_column_inner][vc_column_inner column_width_percent=&#8220;100&#8243; gutter_size=&#8220;3&#8243; font_family=&#8220;font-175345&#8243; overlay_alpha=&#8220;50&#8243; shift_x=&#8220;0&#8243; shift_y=&#8220;0&#8243; shift_y_down=&#8220;0&#8243; z_index=&#8220;0&#8243; medium_width=&#8220;3&#8243; mobile_width=&#8220;0&#8243; css_animation=&#8220;right-t-left&#8220; animation_delay=&#8220;200&#8243; width=&#8220;1\/2&#8243;][vc_icon position=&#8220;left&#8220; icon=&#8220;fa fa-circle-compass&#8220; icon_image=&#8220;84796&#8243; icon_color=&#8220;accent&#8220; media_size=&#8220;64&#8243; text_weight=&#8220;300&#8243; text_space=&#8220;fontspace-781688&#8243;]Perfekt aufgestellt, um sowohl den neuen\u00a0<strong>Regelungen<\/strong>\u00a0als auch den\u00a0<strong>technologischen Entwicklungen<\/strong>\u00a0zu entsprechen.[\/vc_icon][\/vc_column_inner][\/vc_row_inner][\/vc_column][\/vc_row][vc_row][vc_column width=&#8220;1\/1&#8243;][vc_empty_space empty_h=&#8220;2&#8243;][\/vc_column][\/vc_row][vc_row][vc_column width=&#8220;1\/1&#8243;][uncode_block id=&#8220;85101&#8243;][\/vc_column][\/vc_row]<\/p>\n<\/div>","protected":false},"excerpt":{"rendered":"<p>[vc_row row_height_percent=&#8220;0&#8243; override_padding=&#8220;yes&#8220; h_padding=&#8220;2&#8243; top_padding=&#8220;5&#8243; bottom_padding=&#8220;2&#8243; overlay_alpha=&#8220;50&#8243; gutter_size=&#8220;3&#8243; column_width_percent=&#8220;100&#8243; shift_y=&#8220;0&#8243; z_index=&#8220;0&#8243;][vc_column column_width_percent=&#8220;100&#8243; align_horizontal=&#8220;align_center&#8220; gutter_size=&#8220;3&#8243; overlay_alpha=&#8220;50&#8243; shift_x=&#8220;0&#8243; shift_y=&#8220;0&#8243; shift_y_down=&#8220;0&#8243; z_index=&#8220;0&#8243; medium_width=&#8220;0&#8243; [&hellip;]<\/p>\n","protected":false},"author":12,"featured_media":0,"parent":85443,"menu_order":0,"comment_status":"closed","ping_status":"closed","template":"","meta":{"_monsterinsights_skip_tracking":false,"_monsterinsights_sitenote_active":false,"_monsterinsights_sitenote_note":"","_monsterinsights_sitenote_category":0,"footnotes":""},"class_list":["post-85453","page","type-page","status-publish","hentry","page_category-asset-management-de"],"yoast_head":"<!-- This site is optimized with the Yoast SEO plugin v27.3 - https:\/\/yoast.com\/product\/yoast-seo-wordpress\/ -->\n<title>Philosophie - 1875 Finance<\/title>\n<meta name=\"robots\" content=\"index, follow, max-snippet:-1, max-image-preview:large, max-video-preview:-1\" \/>\n<link rel=\"canonical\" href=\"https:\/\/1875.ch\/de\/expertise\/vermogensverwaltung\/philosophie\/\" \/>\n<meta property=\"og:locale\" content=\"de_DE\" \/>\n<meta property=\"og:type\" content=\"article\" \/>\n<meta property=\"og:title\" content=\"Philosophie - 1875 Finance\" \/>\n<meta property=\"og:description\" content=\"[vc_row row_height_percent=&#8220;0&#8243; override_padding=&#8220;yes&#8220; h_padding=&#8220;2&#8243; top_padding=&#8220;5&#8243; bottom_padding=&#8220;2&#8243; overlay_alpha=&#8220;50&#8243; gutter_size=&#8220;3&#8243; column_width_percent=&#8220;100&#8243; shift_y=&#8220;0&#8243; z_index=&#8220;0&#8243;][vc_column column_width_percent=&#8220;100&#8243; align_horizontal=&#8220;align_center&#8220; gutter_size=&#8220;3&#8243; overlay_alpha=&#8220;50&#8243; shift_x=&#8220;0&#8243; shift_y=&#8220;0&#8243; shift_y_down=&#8220;0&#8243; z_index=&#8220;0&#8243; medium_width=&#8220;0&#8243; [&hellip;]\" \/>\n<meta property=\"og:url\" content=\"https:\/\/1875.ch\/de\/expertise\/vermogensverwaltung\/philosophie\/\" \/>\n<meta property=\"og:site_name\" content=\"1875 Finance\" \/>\n<meta property=\"article:publisher\" content=\"https:\/\/www.facebook.com\/1875finance\/?fref=ts\" \/>\n<meta property=\"article:modified_time\" content=\"2020-10-29T02:56:15+00:00\" \/>\n<meta name=\"twitter:card\" content=\"summary_large_image\" \/>\n<meta name=\"twitter:label1\" content=\"Gesch\u00e4tzte Lesezeit\" \/>\n\t<meta name=\"twitter:data1\" content=\"4\u00a0Minuten\" \/>\n<script type=\"application\/ld+json\" class=\"yoast-schema-graph\">{\"@context\":\"https:\\\/\\\/schema.org\",\"@graph\":[{\"@type\":\"WebPage\",\"@id\":\"https:\\\/\\\/1875.ch\\\/de\\\/expertise\\\/vermogensverwaltung\\\/philosophie\\\/\",\"url\":\"https:\\\/\\\/1875.ch\\\/de\\\/expertise\\\/vermogensverwaltung\\\/philosophie\\\/\",\"name\":\"Philosophie - 1875 Finance\",\"isPartOf\":{\"@id\":\"https:\\\/\\\/1875.ch\\\/de\\\/#website\"},\"datePublished\":\"2020-04-26T01:15:11+00:00\",\"dateModified\":\"2020-10-29T02:56:15+00:00\",\"breadcrumb\":{\"@id\":\"https:\\\/\\\/1875.ch\\\/de\\\/expertise\\\/vermogensverwaltung\\\/philosophie\\\/#breadcrumb\"},\"inLanguage\":\"de\",\"potentialAction\":[{\"@type\":\"ReadAction\",\"target\":[\"https:\\\/\\\/1875.ch\\\/de\\\/expertise\\\/vermogensverwaltung\\\/philosophie\\\/\"]}]},{\"@type\":\"BreadcrumbList\",\"@id\":\"https:\\\/\\\/1875.ch\\\/de\\\/expertise\\\/vermogensverwaltung\\\/philosophie\\\/#breadcrumb\",\"itemListElement\":[{\"@type\":\"ListItem\",\"position\":1,\"name\":\"Home\",\"item\":\"https:\\\/\\\/1875.ch\\\/de\\\/\"},{\"@type\":\"ListItem\",\"position\":2,\"name\":\"Expertise\",\"item\":\"https:\\\/\\\/1875.ch\\\/de\\\/expertise\\\/\"},{\"@type\":\"ListItem\",\"position\":3,\"name\":\"Verm\u00f6gensverwaltung\",\"item\":\"https:\\\/\\\/1875.ch\\\/de\\\/expertise\\\/vermogensverwaltung\\\/\"},{\"@type\":\"ListItem\",\"position\":4,\"name\":\"Philosophie\"}]},{\"@type\":\"WebSite\",\"@id\":\"https:\\\/\\\/1875.ch\\\/de\\\/#website\",\"url\":\"https:\\\/\\\/1875.ch\\\/de\\\/\",\"name\":\"1875 Finance\",\"description\":\"The Financial Place to Be\",\"publisher\":{\"@id\":\"https:\\\/\\\/1875.ch\\\/de\\\/#organization\"},\"potentialAction\":[{\"@type\":\"SearchAction\",\"target\":{\"@type\":\"EntryPoint\",\"urlTemplate\":\"https:\\\/\\\/1875.ch\\\/de\\\/?s={search_term_string}\"},\"query-input\":{\"@type\":\"PropertyValueSpecification\",\"valueRequired\":true,\"valueName\":\"search_term_string\"}}],\"inLanguage\":\"de\"},{\"@type\":\"Organization\",\"@id\":\"https:\\\/\\\/1875.ch\\\/de\\\/#organization\",\"name\":\"1875 Finance\",\"url\":\"https:\\\/\\\/1875.ch\\\/de\\\/\",\"logo\":{\"@type\":\"ImageObject\",\"inLanguage\":\"de\",\"@id\":\"https:\\\/\\\/1875.ch\\\/de\\\/#\\\/schema\\\/logo\\\/image\\\/\",\"url\":\"https:\\\/\\\/1875.ch\\\/wp-content\\\/uploads\\\/2020\\\/03\\\/1875-logo.png\",\"contentUrl\":\"https:\\\/\\\/1875.ch\\\/wp-content\\\/uploads\\\/2020\\\/03\\\/1875-logo.png\",\"width\":220,\"height\":220,\"caption\":\"1875 Finance\"},\"image\":{\"@id\":\"https:\\\/\\\/1875.ch\\\/de\\\/#\\\/schema\\\/logo\\\/image\\\/\"},\"sameAs\":[\"https:\\\/\\\/www.facebook.com\\\/1875finance\\\/?fref=ts\",\"https:\\\/\\\/www.youtube.com\\\/channel\\\/UCZA0ykjGQrrEA3GBFkn8cAg\"]}]}<\/script>\n<!-- \/ Yoast SEO plugin. -->","yoast_head_json":{"title":"Philosophie - 1875 Finance","robots":{"index":"index","follow":"follow","max-snippet":"max-snippet:-1","max-image-preview":"max-image-preview:large","max-video-preview":"max-video-preview:-1"},"canonical":"https:\/\/1875.ch\/de\/expertise\/vermogensverwaltung\/philosophie\/","og_locale":"de_DE","og_type":"article","og_title":"Philosophie - 1875 Finance","og_description":"[vc_row row_height_percent=&#8220;0&#8243; override_padding=&#8220;yes&#8220; h_padding=&#8220;2&#8243; top_padding=&#8220;5&#8243; bottom_padding=&#8220;2&#8243; overlay_alpha=&#8220;50&#8243; gutter_size=&#8220;3&#8243; column_width_percent=&#8220;100&#8243; shift_y=&#8220;0&#8243; z_index=&#8220;0&#8243;][vc_column column_width_percent=&#8220;100&#8243; align_horizontal=&#8220;align_center&#8220; gutter_size=&#8220;3&#8243; overlay_alpha=&#8220;50&#8243; shift_x=&#8220;0&#8243; shift_y=&#8220;0&#8243; shift_y_down=&#8220;0&#8243; z_index=&#8220;0&#8243; medium_width=&#8220;0&#8243; [&hellip;]","og_url":"https:\/\/1875.ch\/de\/expertise\/vermogensverwaltung\/philosophie\/","og_site_name":"1875 Finance","article_publisher":"https:\/\/www.facebook.com\/1875finance\/?fref=ts","article_modified_time":"2020-10-29T02:56:15+00:00","twitter_card":"summary_large_image","twitter_misc":{"Gesch\u00e4tzte Lesezeit":"4\u00a0Minuten"},"schema":{"@context":"https:\/\/schema.org","@graph":[{"@type":"WebPage","@id":"https:\/\/1875.ch\/de\/expertise\/vermogensverwaltung\/philosophie\/","url":"https:\/\/1875.ch\/de\/expertise\/vermogensverwaltung\/philosophie\/","name":"Philosophie - 1875 Finance","isPartOf":{"@id":"https:\/\/1875.ch\/de\/#website"},"datePublished":"2020-04-26T01:15:11+00:00","dateModified":"2020-10-29T02:56:15+00:00","breadcrumb":{"@id":"https:\/\/1875.ch\/de\/expertise\/vermogensverwaltung\/philosophie\/#breadcrumb"},"inLanguage":"de","potentialAction":[{"@type":"ReadAction","target":["https:\/\/1875.ch\/de\/expertise\/vermogensverwaltung\/philosophie\/"]}]},{"@type":"BreadcrumbList","@id":"https:\/\/1875.ch\/de\/expertise\/vermogensverwaltung\/philosophie\/#breadcrumb","itemListElement":[{"@type":"ListItem","position":1,"name":"Home","item":"https:\/\/1875.ch\/de\/"},{"@type":"ListItem","position":2,"name":"Expertise","item":"https:\/\/1875.ch\/de\/expertise\/"},{"@type":"ListItem","position":3,"name":"Verm\u00f6gensverwaltung","item":"https:\/\/1875.ch\/de\/expertise\/vermogensverwaltung\/"},{"@type":"ListItem","position":4,"name":"Philosophie"}]},{"@type":"WebSite","@id":"https:\/\/1875.ch\/de\/#website","url":"https:\/\/1875.ch\/de\/","name":"1875 Finance","description":"The Financial Place to Be","publisher":{"@id":"https:\/\/1875.ch\/de\/#organization"},"potentialAction":[{"@type":"SearchAction","target":{"@type":"EntryPoint","urlTemplate":"https:\/\/1875.ch\/de\/?s={search_term_string}"},"query-input":{"@type":"PropertyValueSpecification","valueRequired":true,"valueName":"search_term_string"}}],"inLanguage":"de"},{"@type":"Organization","@id":"https:\/\/1875.ch\/de\/#organization","name":"1875 Finance","url":"https:\/\/1875.ch\/de\/","logo":{"@type":"ImageObject","inLanguage":"de","@id":"https:\/\/1875.ch\/de\/#\/schema\/logo\/image\/","url":"https:\/\/1875.ch\/wp-content\/uploads\/2020\/03\/1875-logo.png","contentUrl":"https:\/\/1875.ch\/wp-content\/uploads\/2020\/03\/1875-logo.png","width":220,"height":220,"caption":"1875 Finance"},"image":{"@id":"https:\/\/1875.ch\/de\/#\/schema\/logo\/image\/"},"sameAs":["https:\/\/www.facebook.com\/1875finance\/?fref=ts","https:\/\/www.youtube.com\/channel\/UCZA0ykjGQrrEA3GBFkn8cAg"]}]}},"_links":{"self":[{"href":"https:\/\/1875.ch\/de\/wp-json\/wp\/v2\/pages\/85453","targetHints":{"allow":["GET"]}}],"collection":[{"href":"https:\/\/1875.ch\/de\/wp-json\/wp\/v2\/pages"}],"about":[{"href":"https:\/\/1875.ch\/de\/wp-json\/wp\/v2\/types\/page"}],"author":[{"embeddable":true,"href":"https:\/\/1875.ch\/de\/wp-json\/wp\/v2\/users\/12"}],"replies":[{"embeddable":true,"href":"https:\/\/1875.ch\/de\/wp-json\/wp\/v2\/comments?post=85453"}],"version-history":[{"count":2,"href":"https:\/\/1875.ch\/de\/wp-json\/wp\/v2\/pages\/85453\/revisions"}],"predecessor-version":[{"id":86914,"href":"https:\/\/1875.ch\/de\/wp-json\/wp\/v2\/pages\/85453\/revisions\/86914"}],"up":[{"embeddable":true,"href":"https:\/\/1875.ch\/de\/wp-json\/wp\/v2\/pages\/85443"}],"wp:attachment":[{"href":"https:\/\/1875.ch\/de\/wp-json\/wp\/v2\/media?parent=85453"}],"curies":[{"name":"wp","href":"https:\/\/api.w.org\/{rel}","templated":true}]}}