{"id":85738,"date":"2020-05-15T00:55:47","date_gmt":"2020-05-15T00:55:47","guid":{"rendered":"https:\/\/1875.ch\/advertisement\/"},"modified":"2020-11-01T23:44:20","modified_gmt":"2020-11-01T23:44:20","slug":"avertissement","status":"publish","type":"page","link":"https:\/\/1875.ch\/de\/avertissement\/","title":{"rendered":"Avertissement"},"content":{"rendered":"<div class=\"wpb-content-wrapper\"><p>[vc_row row_height_percent=&#8220;0&#8243; override_padding=&#8220;yes&#8220; h_padding=&#8220;2&#8243; top_padding=&#8220;5&#8243; bottom_padding=&#8220;2&#8243; overlay_alpha=&#8220;50&#8243; gutter_size=&#8220;3&#8243; column_width_percent=&#8220;100&#8243; shift_y=&#8220;0&#8243; z_index=&#8220;0&#8243;][vc_column column_width_percent=&#8220;100&#8243; align_horizontal=&#8220;align_center&#8220; gutter_size=&#8220;3&#8243; overlay_alpha=&#8220;50&#8243; shift_x=&#8220;0&#8243; shift_y=&#8220;0&#8243; shift_y_down=&#8220;0&#8243; z_index=&#8220;0&#8243; medium_width=&#8220;0&#8243; mobile_width=&#8220;0&#8243; width=&#8220;1\/1&#8243;][vc_custom_heading heading_semantic=&#8220;h1&#8243; separator=&#8220;yes&#8220; separator_color=&#8220;yes&#8220; sub_lead=&#8220;yes&#8220; css_animation=&#8220;curtain&#8220; animation_delay=&#8220;200&#8243;]Datenschutz- und Cookie-Richtlinien[\/vc_custom_heading][\/vc_column][\/vc_row][vc_row row_height_percent=&#8220;0&#8243; overlay_alpha=&#8220;50&#8243; gutter_size=&#8220;3&#8243; column_width_percent=&#8220;100&#8243; shift_y=&#8220;0&#8243; z_index=&#8220;0&#8243;][vc_column width=&#8220;1\/1&#8243;][vc_column_text]<strong>Letzte Aktualisierung: Oktober 2019<\/strong><br \/>\n1875 Finance dankt Ihnen f\u00fcr das Interesse, das Sie uns durch den Besuch dieser Website entgegenbringen. Der Schutz und die Sicherheit Ihrer personenbezogenen Daten haben f\u00fcr uns Priorit\u00e4t. Zu diesem Zweck und aus Gr\u00fcnden der Transparenz haben wir die vorliegenden Datenschutzbestimmungen f\u00fcr die Website erstellt (\u201eDatenschutzbestimmungen f\u00fcr die Website\u201c).<\/p>\n<p>Indem Sie weiter auf dieser Seite surfen, stimmen Sie den vorliegenden Datenschutzbestimmungen wie nachstehend beschrieben zu. Die vorliegenden Datenschutzbestimmungen finden auf alle m\u00f6glicherweise mittels der Nutzung dieser Website gesammelten Daten Anwendung, und sie k\u00f6nnen jederzeit aktualisiert werden. Wir bitte Sie daher, diese regelm\u00e4ssig einzusehen. Das Datum der letzten Aktualisierung wird am Anfang des Dokuments angegeben.[\/vc_column_text][\/vc_column][\/vc_row][vc_row row_height_percent=&#8220;0&#8243; overlay_alpha=&#8220;50&#8243; gutter_size=&#8220;3&#8243; column_width_percent=&#8220;100&#8243; shift_y=&#8220;0&#8243; z_index=&#8220;0&#8243;][vc_column width=&#8220;1\/2&#8243;][vc_column_text]<\/p>\n<h4>Art der gesammelten Informationen \/ Zwecke ihrer Erfassung<\/h4>\n<p class=\"disclaimer-text\">Wenn Sie unsere Website besuchen, speichert unser Server automatisch Informationen \u00fcber Ihren Besuch (insbesondere die IP-Adresse, die Website, von der aus Sie uns besuchen, die Art des verwendeten Browsers, Ihr Nutzungsverhalten auf der Seite von 1875 Finance, einschliesslich des Datums und der Dauer Ihres Besuchs). Bitte beachten Sie, dass diese Informationen von den meisten Servern im Internet automatisch erfasst werden. Sie erlauben in der Regel nicht, eine spezifische Person zu identifizieren, aber es kann sein, dass sie dies erm\u00f6glichen (insbesondere \u00fcber die IP-Adresse). 1875 Finance nutzt diese Informationen jedoch nicht, um eine spezifische Person zu identifizieren, und legt diese auch nicht offen, entsprechend den Datenschutzbestimmungen f\u00fcr die Website.<\/p>\n<p>Im \u00dcbrigen erfassen wir die Daten, die Sie uns freiwillig auf unserer Website zur Verf\u00fcgung stellen, zum Beispiel dann, wenn Sie ein Online-Formular ausf\u00fcllen.<\/p>\n<p>1875 Finance kann Ihre \u00fcber diese Website erfassten Daten verwenden:<br \/>\n&#8211; um die Entwicklung der Website zu verbessern<br \/>\n&#8211; zu Marketingzwecken und zur Personalisierung unserer Angebote<br \/>\n&#8211; um besser zu verstehen, wie Sie unsere Website nutzen, und Ihre Bewegung auf unserer Website durch die Nutzung von Cookies zu erleichtern.<br \/>\n&#8211; um die uns auferlegten gesetzlichen Pflichten zu erf\u00fcllen<\/p>\n<h4>Sicherheit<\/h4>\n<p class=\"disclaimer-text\">Alle vorstehend beschriebenen Daten werden auf gesicherten Servern mit beschr\u00e4nktem Zugriff gespeichert. 1875 Finance verpflichtet sich, im Rahmen der von ihr kontrollierten technischen Umgebung alle erforderlichen Massnahmen zu ergreifen, um Ihre Daten und deren Vertraulichkeit zu sch\u00fctzen.<\/p>\n<h4>Zugriff auf Daten, Kommunikation und \u00dcbertragung<\/h4>\n<p class=\"disclaimer-text\">1875 Finance darf Ihre Informationen nur an Konzerngesellschaften oder an eigene Beauftragte\/Mitarbeiter kommunizieren, die (i) diese Informationen kennen m\u00fcssen, um sie f\u00fcr 1875 Finance zu verarbeiten, oder um die auf der Website verf\u00fcgbaren Produkte und\/oder Dienstleistungen zu liefern, und (ii) sich verpflichtet haben, diese nicht an Dritte zu verbreiten. Einige dieser Mitarbeiter und verbundenen Gesellschaften k\u00f6nnen ausserhalb Ihres Wohnsitzlandes ans\u00e4ssig sein, einschliesslich in solchen L\u00e4ndern, die keinen mit dem an Ihrem Wohnsitz bestehenden vergleichbaren Datenschutz bieten. So hat 1875 Finance beispielsweise verbundene Gesellschaften in Luxemburg und in Hongkong, an die Ihre Daten k\u00f6nnen m\u00f6glicherweise kommuniziert werden. Durch die Nutzung der Website erteilen Sie Ihre ausdr\u00fcckliche Zustimmung, dass Ihre Daten ins Ausland \u00fcbermittelt werden k\u00f6nnen.<\/p>\n<p>1875 Finance kann Ihre Informationen gegen\u00fcber Beh\u00f6rden oder sonstigen Personen offenlegen, um die geltenden Rechts- und Verwaltungsvorschriften zu erf\u00fcllen, aber auch aufgrund eines Gerichtsentscheids oder einer offiziellen Aufforderung, oder aufgrund sonstiger \u00e4hnlicher Verfahren, die gem\u00e4ss anwendbarem Recht vorgesehen sind. 1875 Finance kann Ihre Informationen auch offenlegen, wenn wir in gutem Glauben davon ausgehen, dass die Offenlegung vern\u00fcnftigerweise erforderlich ist, um unsere Rechte, die Rechte Dritter oder der \u00d6ffentlichkeit als Ganzes zu sch\u00fctzen.<\/p>\n<p>Der Standort des Servers der Website befindet sich in der Schweiz. Wir weisen Personen mit Wohnsitz ausserhalb der Schweiz darauf hin, dass s\u00e4mtliche an unsere Website kommunizierten personenbezogenen Daten aus Ihrem Wohnsitzland in die Schweiz \u00fcbermittelt werden. Durch die Nutzung unserer Website akzeptieren Sie ausdr\u00fccklich diese \u00dcbermittlung. Dar\u00fcber hinaus best\u00e4tigen Sie, dass Sie berechtigt sind, diese Daten aus Ihrem Herkunftsland in die Schweiz zu \u00fcbermitteln.[\/vc_column_text][\/vc_column][vc_column width=&#8220;1\/2&#8243;][vc_column_text]1875 Finance m\u00f6chte Sie darauf aufmerksam machen, dass wir nicht die Sicherheit und Vertraulichkeit von Informationen garantieren k\u00f6nnen, die \u00fcber ein offenes Netzwerk \u00fcbertragen werden (insbesondere Internet oder E-Mail). Es besteht die M\u00f6glichkeit, dass diese Daten verloren gehen, oder dass ein Dritter auf diese Informationen zugreift und diese Daten folglich ohne Ihre Zustimmung nutzt. 1875 Finance ergreift jedoch alle aktuell m\u00f6glichen Massnahmen, um dieses Risiko so weit wie m\u00f6glich zu reduzieren. 1875 Finance lehnt jede Haftung bez\u00fcglich der Sicherheit Ihrer Daten w\u00e4hrend deren \u00dcbermittlung an 1875 Finance \u00fcber das Internet ab. Wir m\u00f6chten Sie daran erinnern, dass Sie andere Kommunikationsmittel nutzen k\u00f6nnen, um Ihre Daten an 1875 Finance zu \u00fcbermitteln, wenn Sie dies im Hinblick auf den Schutz Ihrer personenbezogenen Daten f\u00fcr notwendig halten.<\/p>\n<h4>Kontrolle \u00fcber Ihre personenbezogenen Daten<\/h4>\n<p class=\"disclaimer-text\">&#8211; Jede Person kann Auskunft dar\u00fcber verlangen, ob 1875 Finance sie betreffende Daten verarbeitet, und eine Kopie dieser Daten erhalten, wenn dies der Fall ist.<br \/>\n&#8211; Jede Person kann die Berichtigung falscher Daten verlangen.<br \/>\n&#8211; Jede betroffene Person kann auch die L\u00f6schung von personenbezogenen Daten verlangen oder der Verarbeitung von personenbezogenen Daten widersprechen.<\/p>\n<p>Die Nutzung dieser Rechte bleibt jedoch per Gesetz vorbehalten, insbesondere im Fall \u00fcberwiegenden privaten oder \u00f6ffentlichen Interesses. Sie k\u00f6nnen die vorstehend genannten Rechte aus\u00fcben, indem Sie Ihren Datenschutzbeauftragten kontaktieren (Kontakt: info@1875.ch).<\/p>\n<p>Die Dauer der Datenspeicherung entspricht den geltenden gesetzlichen Vorschriften. Sie betr\u00e4gt h\u00f6chstens 10 Jahre, sofern keine Ausnahme aufgrund einer gesetzlichen Pflicht vorliegt.<\/p>\n<h4>Cookies<\/h4>\n<p class=\"disclaimer-text\">Da 1875 Finance auf den Schutz Ihrer pers\u00f6nlichen Informationen und Ihrer Privatsph\u00e4re bedacht ist, m\u00f6chten wir Sie darauf hinweisen, dass diese Website Cookies verwendet.<\/p>\n<p>Die Cookies sind sehr weitverbreitet genutzte kleine Dateien, die w\u00e4hrend Ihres Besuchs einer Website auf Ihrem Ger\u00e4t gespeichert werden. Durch die Speicherung der Daten Ihrer Navigation auf unserer Website (z. B.: aufgerufene Seiten, Sprachwahl&#8230;) erm\u00f6glichen die Cookies eine Verbesserung Ihres Surferlebnisses auf der Website, indem sie diese Daten bei Ihren sp\u00e4teren Verbindungen erneut an die Website zu \u00fcbertragen.<\/p>\n<p>Sie k\u00f6nnen die Nutzung von Cookies auf dieser Seite beschr\u00e4nken oder blockieren, indem Sie die Parameter Ihres Browsers \u00e4ndern (gehen Sie zum Hilfebereich Ihres Browsers, um die Cookies zu verwalten). Bestimmte Seiten dieser Website sind m\u00f6glicherweise in ihrer Funktion beeintr\u00e4chtigt, wenn Sie die Cookies deaktivieren. Wir machen Sie darauf aufmerksam, dass bestimmte Cookies zur Funktion unserer Website unerl\u00e4sslich sind.<\/p>\n<h4>Anwendbares Recht und Gerichtsstand<\/h4>\n<p class=\"disclaimer-text\">Die vorliegenden Datenschutzbestimmungen f\u00fcr die Website sowie alle sich daraus ergebenden oder damit verbundenen Fragen unterliegen dem\u00a0<strong>schweizerischen materiellen Recht<\/strong>, unabh\u00e4ngig von den kollisionsrechtlichen Grunds\u00e4tzen. S\u00e4mtliche Streitigkeiten, Meinungsverschiedenheiten oder Beschwerden, die sich aus oder in Verbindung mit den vorliegenden Datenschutzbestimmungen f\u00fcr die Website ergeben, unterliegen der ausschliesslichen Zust\u00e4ndigkeit der\u00a0<strong>ordentlichen Gerichte des Kantons Genf<\/strong>, vorbeh\u00e4ltlich der Beschwerde an das Schweizerische Bundesgericht.<\/p>\n<p>[\/vc_column_text][\/vc_column][\/vc_row][vc_row][vc_column width=&#8220;1\/1&#8243;][vc_custom_heading heading_semantic=&#8220;h1&#8243; separator=&#8220;yes&#8220; separator_color=&#8220;yes&#8220; sub_lead=&#8220;yes&#8220; css_animation=&#8220;curtain&#8220; animation_delay=&#8220;200&#8243;]Disclaimer[\/vc_custom_heading][\/vc_column][\/vc_row][vc_row row_height_percent=&#8220;0&#8243; overlay_alpha=&#8220;50&#8243; gutter_size=&#8220;3&#8243; column_width_percent=&#8220;100&#8243; shift_y=&#8220;0&#8243; z_index=&#8220;0&#8243;][vc_column width=&#8220;1\/2&#8243;][vc_column_text]<\/p>\n<h4>Wichtige rechtliche Hinweise<\/h4>\n<p class=\"disclaimer-text\">Die Informationen in dieser Publikation stellen keine Anlageberatung oder Anlageempfehlung(en) dar, und sie d\u00fcrfen nicht als Aufforderung oder Angebot in Bezug auf den Kauf oder Verkauf irgendwelcher Produkte, die Veranlassung irgendwelcher Transaktionen oder den Abschluss irgendwelcher Rechtsgesch\u00e4fte jeglicher Art ausgelegt werden. Die Informationen sind ausschliesslich f\u00fcr die interne Verwendung gedacht, allerdings darf diese Publikation auf ausdr\u00fccklichen Wunsch an einen Kunden von 1875 Finance oder an einen Drittinvestor \u00fcbermittelt werden.<\/p>\n<p>Nichts in dieser Publikation basiert auf der Ber\u00fccksichtigung der besonderen Bed\u00fcrfnisse, den Anlagezielen und der finanziellen Situation eines bestimmten Kunden, und die hierin enthaltenen Informationen sind keine vollst\u00e4ndige Beschreibung der erw\u00e4hnten Produkte. Kunden von 1875 Finance oder Drittinvestoren sollten keine Anlageentscheidung oder sonstige Entscheidungen allein auf der Grundlage dieser Informationen treffen. Vor dem Abschluss eines Verkaufs, eines Kaufs, einer Transaktion oder sonstiger Rechtsakte jeglicher Art sollten Kunden von 1875 Finance oder Drittinvestoren sich durch ihre eigenen Berater im Hinblick auf rechtliche, aufsichtsrechtliche, steuerliche, finanzielle, wirtschaftliche und buchhalterische Angelegenheiten beraten lassen, sofern dies f\u00fcr erforderlich gehalten wird, und ihre Anlageentscheidungen (einschliesslich von Entscheidungen hinsichtlich der Geeignetheit einer Transaktion) auf der Grundlage ihres eigenen Urteils und dem Rat der von ihnen aufgesuchten Fachleute treffen. Die Wertentwicklung in der Vergangenheit ist nicht notwendigerweise ein Indikator f\u00fcr die Wertentwicklung in der Zukunft.[\/vc_column_text][\/vc_column][vc_column width=&#8220;1\/2&#8243;][vc_column_text]<\/p>\n<p class=\"disclaimer-text\">Sofern keine ausdr\u00fccklichen abweichenden Angaben vorliegen, sind alle Informationen sowie Preisinformationen rein indikativ, basierend auf Informationen von Quellen, die als verl\u00e4sslich erachtet werden, von denen jedoch nicht garantiert werden kann, dass sie richtig, exakt, vollst\u00e4ndig, angemessen oder aktuell sind. Die Informationen in dieser Publikation k\u00f6nnen ohne vorherige Ank\u00fcndigung ge\u00e4ndert werden. Es werden keine Zusicherungen oder Gew\u00e4hrleistungen (weder ausdr\u00fccklich noch impliziert) in Bezug auf die Richtigkeit, Exaktheit, Vollst\u00e4ndigkeit, Angemessenheit, Aktualit\u00e4t oder Verl\u00e4sslichkeit der Informationen abgegeben.<\/p>\n<p>1875 Finance und\/oder ihre Gesch\u00e4ftsf\u00fchrer, F\u00fchrungskr\u00e4fte, Mitarbeiter und Kunden haben m\u00f6glicherweise gegenw\u00e4rtig oder hatten in der Vergangenheit Beteiligungen oder Positionen an den in dieser Publikation beschriebenen Produkten und k\u00f6nnen jederzeit K\u00e4ufe und\/oder Verk\u00e4ufe bez\u00fcglich dieser Produkte t\u00e4tigen.<\/p>\n<p>Diese Publikation darf nicht an nat\u00fcrliche oder juristische Personen in einem Land oder einer Rechtsordnung vertrieben werden oder von diesen genutzt werden, wo eine solche Nutzung oder ein solcher Vertrieb gegen die anwendbaren lokalen gesetzlichen Vorschriften verstossen w\u00fcrde, oder 1875 Finance einem Eintragungserfordernis in diesem Land oder in dieser Rechtsordnung unterwerfen w\u00fcrde. Nat\u00fcrliche oder juristische Personen, die einem solchen Verbot unterliegen, d\u00fcrfen die vorliegende Publikation nicht benutzen.<\/p>\n<p>Diese Publikation ist nicht f\u00fcr den Vertrieb in den USA oder an US-Personen vorgesehen.[\/vc_column_text][\/vc_column][\/vc_row][vc_row][vc_column width=&#8220;1\/1&#8243;][vc_empty_space empty_h=&#8220;2&#8243;][\/vc_column][\/vc_row]<\/p>\n<\/div>","protected":false},"excerpt":{"rendered":"<p>[vc_row row_height_percent=&#8220;0&#8243; override_padding=&#8220;yes&#8220; h_padding=&#8220;2&#8243; top_padding=&#8220;5&#8243; bottom_padding=&#8220;2&#8243; overlay_alpha=&#8220;50&#8243; gutter_size=&#8220;3&#8243; column_width_percent=&#8220;100&#8243; shift_y=&#8220;0&#8243; z_index=&#8220;0&#8243;][vc_column column_width_percent=&#8220;100&#8243; align_horizontal=&#8220;align_center&#8220; gutter_size=&#8220;3&#8243; overlay_alpha=&#8220;50&#8243; shift_x=&#8220;0&#8243; shift_y=&#8220;0&#8243; shift_y_down=&#8220;0&#8243; z_index=&#8220;0&#8243; medium_width=&#8220;0&#8243; [&hellip;]<\/p>\n","protected":false},"author":12,"featured_media":0,"parent":0,"menu_order":0,"comment_status":"closed","ping_status":"closed","template":"","meta":{"_monsterinsights_skip_tracking":false,"_monsterinsights_sitenote_active":false,"_monsterinsights_sitenote_note":"","_monsterinsights_sitenote_category":0,"footnotes":""},"class_list":["post-85738","page","type-page","status-publish","hentry"],"yoast_head":"<!-- This site is optimized with the Yoast SEO plugin v27.3 - https:\/\/yoast.com\/product\/yoast-seo-wordpress\/ -->\n<title>Avertissement - 1875 Finance<\/title>\n<meta name=\"robots\" content=\"noindex, follow\" \/>\n<meta property=\"og:locale\" content=\"de_DE\" \/>\n<meta property=\"og:type\" content=\"article\" \/>\n<meta property=\"og:title\" content=\"Avertissement - 1875 Finance\" \/>\n<meta property=\"og:description\" content=\"[vc_row row_height_percent=&#8220;0&#8243; override_padding=&#8220;yes&#8220; h_padding=&#8220;2&#8243; top_padding=&#8220;5&#8243; bottom_padding=&#8220;2&#8243; overlay_alpha=&#8220;50&#8243; gutter_size=&#8220;3&#8243; column_width_percent=&#8220;100&#8243; shift_y=&#8220;0&#8243; z_index=&#8220;0&#8243;][vc_column column_width_percent=&#8220;100&#8243; align_horizontal=&#8220;align_center&#8220; gutter_size=&#8220;3&#8243; overlay_alpha=&#8220;50&#8243; shift_x=&#8220;0&#8243; shift_y=&#8220;0&#8243; shift_y_down=&#8220;0&#8243; z_index=&#8220;0&#8243; medium_width=&#8220;0&#8243; [&hellip;]\" \/>\n<meta property=\"og:url\" content=\"https:\/\/1875.ch\/de\/avertissement\/\" \/>\n<meta property=\"og:site_name\" content=\"1875 Finance\" \/>\n<meta property=\"article:publisher\" content=\"https:\/\/www.facebook.com\/1875finance\/?fref=ts\" \/>\n<meta property=\"article:modified_time\" content=\"2020-11-01T23:44:20+00:00\" \/>\n<meta name=\"twitter:card\" content=\"summary_large_image\" \/>\n<meta name=\"twitter:label1\" content=\"Gesch\u00e4tzte Lesezeit\" \/>\n\t<meta name=\"twitter:data1\" content=\"9\u00a0Minuten\" \/>\n<script type=\"application\/ld+json\" class=\"yoast-schema-graph\">{\"@context\":\"https:\\\/\\\/schema.org\",\"@graph\":[{\"@type\":\"WebPage\",\"@id\":\"https:\\\/\\\/1875.ch\\\/de\\\/avertissement\\\/\",\"url\":\"https:\\\/\\\/1875.ch\\\/de\\\/avertissement\\\/\",\"name\":\"Avertissement - 1875 Finance\",\"isPartOf\":{\"@id\":\"https:\\\/\\\/1875.ch\\\/de\\\/#website\"},\"datePublished\":\"2020-05-15T00:55:47+00:00\",\"dateModified\":\"2020-11-01T23:44:20+00:00\",\"breadcrumb\":{\"@id\":\"https:\\\/\\\/1875.ch\\\/de\\\/avertissement\\\/#breadcrumb\"},\"inLanguage\":\"de\",\"potentialAction\":[{\"@type\":\"ReadAction\",\"target\":[\"https:\\\/\\\/1875.ch\\\/de\\\/avertissement\\\/\"]}]},{\"@type\":\"BreadcrumbList\",\"@id\":\"https:\\\/\\\/1875.ch\\\/de\\\/avertissement\\\/#breadcrumb\",\"itemListElement\":[{\"@type\":\"ListItem\",\"position\":1,\"name\":\"Home\",\"item\":\"https:\\\/\\\/1875.ch\\\/de\\\/\"},{\"@type\":\"ListItem\",\"position\":2,\"name\":\"Avertissement\"}]},{\"@type\":\"WebSite\",\"@id\":\"https:\\\/\\\/1875.ch\\\/de\\\/#website\",\"url\":\"https:\\\/\\\/1875.ch\\\/de\\\/\",\"name\":\"1875 Finance\",\"description\":\"The Financial Place to Be\",\"publisher\":{\"@id\":\"https:\\\/\\\/1875.ch\\\/de\\\/#organization\"},\"potentialAction\":[{\"@type\":\"SearchAction\",\"target\":{\"@type\":\"EntryPoint\",\"urlTemplate\":\"https:\\\/\\\/1875.ch\\\/de\\\/?s={search_term_string}\"},\"query-input\":{\"@type\":\"PropertyValueSpecification\",\"valueRequired\":true,\"valueName\":\"search_term_string\"}}],\"inLanguage\":\"de\"},{\"@type\":\"Organization\",\"@id\":\"https:\\\/\\\/1875.ch\\\/de\\\/#organization\",\"name\":\"1875 Finance\",\"url\":\"https:\\\/\\\/1875.ch\\\/de\\\/\",\"logo\":{\"@type\":\"ImageObject\",\"inLanguage\":\"de\",\"@id\":\"https:\\\/\\\/1875.ch\\\/de\\\/#\\\/schema\\\/logo\\\/image\\\/\",\"url\":\"https:\\\/\\\/1875.ch\\\/wp-content\\\/uploads\\\/2020\\\/03\\\/1875-logo.png\",\"contentUrl\":\"https:\\\/\\\/1875.ch\\\/wp-content\\\/uploads\\\/2020\\\/03\\\/1875-logo.png\",\"width\":220,\"height\":220,\"caption\":\"1875 Finance\"},\"image\":{\"@id\":\"https:\\\/\\\/1875.ch\\\/de\\\/#\\\/schema\\\/logo\\\/image\\\/\"},\"sameAs\":[\"https:\\\/\\\/www.facebook.com\\\/1875finance\\\/?fref=ts\",\"https:\\\/\\\/www.youtube.com\\\/channel\\\/UCZA0ykjGQrrEA3GBFkn8cAg\"]}]}<\/script>\n<!-- \/ Yoast SEO plugin. -->","yoast_head_json":{"title":"Avertissement - 1875 Finance","robots":{"index":"noindex","follow":"follow"},"og_locale":"de_DE","og_type":"article","og_title":"Avertissement - 1875 Finance","og_description":"[vc_row row_height_percent=&#8220;0&#8243; override_padding=&#8220;yes&#8220; h_padding=&#8220;2&#8243; top_padding=&#8220;5&#8243; bottom_padding=&#8220;2&#8243; overlay_alpha=&#8220;50&#8243; gutter_size=&#8220;3&#8243; column_width_percent=&#8220;100&#8243; shift_y=&#8220;0&#8243; z_index=&#8220;0&#8243;][vc_column column_width_percent=&#8220;100&#8243; align_horizontal=&#8220;align_center&#8220; gutter_size=&#8220;3&#8243; overlay_alpha=&#8220;50&#8243; shift_x=&#8220;0&#8243; shift_y=&#8220;0&#8243; shift_y_down=&#8220;0&#8243; z_index=&#8220;0&#8243; medium_width=&#8220;0&#8243; [&hellip;]","og_url":"https:\/\/1875.ch\/de\/avertissement\/","og_site_name":"1875 Finance","article_publisher":"https:\/\/www.facebook.com\/1875finance\/?fref=ts","article_modified_time":"2020-11-01T23:44:20+00:00","twitter_card":"summary_large_image","twitter_misc":{"Gesch\u00e4tzte Lesezeit":"9\u00a0Minuten"},"schema":{"@context":"https:\/\/schema.org","@graph":[{"@type":"WebPage","@id":"https:\/\/1875.ch\/de\/avertissement\/","url":"https:\/\/1875.ch\/de\/avertissement\/","name":"Avertissement - 1875 Finance","isPartOf":{"@id":"https:\/\/1875.ch\/de\/#website"},"datePublished":"2020-05-15T00:55:47+00:00","dateModified":"2020-11-01T23:44:20+00:00","breadcrumb":{"@id":"https:\/\/1875.ch\/de\/avertissement\/#breadcrumb"},"inLanguage":"de","potentialAction":[{"@type":"ReadAction","target":["https:\/\/1875.ch\/de\/avertissement\/"]}]},{"@type":"BreadcrumbList","@id":"https:\/\/1875.ch\/de\/avertissement\/#breadcrumb","itemListElement":[{"@type":"ListItem","position":1,"name":"Home","item":"https:\/\/1875.ch\/de\/"},{"@type":"ListItem","position":2,"name":"Avertissement"}]},{"@type":"WebSite","@id":"https:\/\/1875.ch\/de\/#website","url":"https:\/\/1875.ch\/de\/","name":"1875 Finance","description":"The Financial Place to Be","publisher":{"@id":"https:\/\/1875.ch\/de\/#organization"},"potentialAction":[{"@type":"SearchAction","target":{"@type":"EntryPoint","urlTemplate":"https:\/\/1875.ch\/de\/?s={search_term_string}"},"query-input":{"@type":"PropertyValueSpecification","valueRequired":true,"valueName":"search_term_string"}}],"inLanguage":"de"},{"@type":"Organization","@id":"https:\/\/1875.ch\/de\/#organization","name":"1875 Finance","url":"https:\/\/1875.ch\/de\/","logo":{"@type":"ImageObject","inLanguage":"de","@id":"https:\/\/1875.ch\/de\/#\/schema\/logo\/image\/","url":"https:\/\/1875.ch\/wp-content\/uploads\/2020\/03\/1875-logo.png","contentUrl":"https:\/\/1875.ch\/wp-content\/uploads\/2020\/03\/1875-logo.png","width":220,"height":220,"caption":"1875 Finance"},"image":{"@id":"https:\/\/1875.ch\/de\/#\/schema\/logo\/image\/"},"sameAs":["https:\/\/www.facebook.com\/1875finance\/?fref=ts","https:\/\/www.youtube.com\/channel\/UCZA0ykjGQrrEA3GBFkn8cAg"]}]}},"_links":{"self":[{"href":"https:\/\/1875.ch\/de\/wp-json\/wp\/v2\/pages\/85738","targetHints":{"allow":["GET"]}}],"collection":[{"href":"https:\/\/1875.ch\/de\/wp-json\/wp\/v2\/pages"}],"about":[{"href":"https:\/\/1875.ch\/de\/wp-json\/wp\/v2\/types\/page"}],"author":[{"embeddable":true,"href":"https:\/\/1875.ch\/de\/wp-json\/wp\/v2\/users\/12"}],"replies":[{"embeddable":true,"href":"https:\/\/1875.ch\/de\/wp-json\/wp\/v2\/comments?post=85738"}],"version-history":[{"count":5,"href":"https:\/\/1875.ch\/de\/wp-json\/wp\/v2\/pages\/85738\/revisions"}],"predecessor-version":[{"id":86561,"href":"https:\/\/1875.ch\/de\/wp-json\/wp\/v2\/pages\/85738\/revisions\/86561"}],"wp:attachment":[{"href":"https:\/\/1875.ch\/de\/wp-json\/wp\/v2\/media?parent=85738"}],"curies":[{"name":"wp","href":"https:\/\/api.w.org\/{rel}","templated":true}]}}