{"id":85322,"date":"2020-04-26T00:31:00","date_gmt":"2020-04-26T00:31:00","guid":{"rendered":"https:\/\/1875.ch\/metiers\/clientele-institutionnelle\/investment-process\/"},"modified":"2020-10-29T17:02:28","modified_gmt":"2020-10-29T17:02:28","slug":"processus-dinvestissement","status":"publish","type":"page","link":"https:\/\/1875.ch\/fr\/metiers\/clientele-institutionnelle\/processus-dinvestissement\/","title":{"rendered":"Processus d\u2019investissement"},"content":{"rendered":"<div class=\"wpb-content-wrapper\"><p>[vc_row row_height_percent=\u00a0\u00bb0&Prime; override_padding=\u00a0\u00bbyes\u00a0\u00bb h_padding=\u00a0\u00bb2&Prime; top_padding=\u00a0\u00bb5&Prime; bottom_padding=\u00a0\u00bb2&Prime; overlay_alpha=\u00a0\u00bb50&Prime; gutter_size=\u00a0\u00bb3&Prime; column_width_percent=\u00a0\u00bb100&Prime; shift_y=\u00a0\u00bb0&Prime; z_index=\u00a0\u00bb0&Prime;][vc_column column_width_percent=\u00a0\u00bb100&Prime; align_horizontal=\u00a0\u00bbalign_center\u00a0\u00bb gutter_size=\u00a0\u00bb3&Prime; overlay_alpha=\u00a0\u00bb50&Prime; shift_x=\u00a0\u00bb0&Prime; shift_y=\u00a0\u00bb0&Prime; shift_y_down=\u00a0\u00bb0&Prime; z_index=\u00a0\u00bb0&Prime; medium_width=\u00a0\u00bb0&Prime; mobile_width=\u00a0\u00bb0&Prime; width=\u00a0\u00bb1\/1&Prime;][vc_custom_heading heading_semantic=\u00a0\u00bbh1&Prime; separator=\u00a0\u00bbyes\u00a0\u00bb separator_color=\u00a0\u00bbyes\u00a0\u00bb sub_lead=\u00a0\u00bbyes\u00a0\u00bb css_animation=\u00a0\u00bbcurtain\u00a0\u00bb animation_delay=\u00a0\u00bb200&Prime;]Client\u00e8le institutionnelle:<br \/>\nPour les caisses de pension[\/vc_custom_heading][\/vc_column][\/vc_row][vc_row row_height_percent=\u00a0\u00bb0&Prime; overlay_alpha=\u00a0\u00bb50&Prime; gutter_size=\u00a0\u00bb3&Prime; column_width_percent=\u00a0\u00bb100&Prime; shift_y=\u00a0\u00bb0&Prime; z_index=\u00a0\u00bb0&Prime;][vc_column width=\u00a0\u00bb1\/1&Prime;][vc_column_text]<\/p>\n<h4>Les investisseurs institutionnels peuvent profiter pleinement du mod\u00e8le diff\u00e9renciateur de\u00a0<strong>1875 FINANCE<\/strong>, qui allie ind\u00e9pendance et expertise, qualit\u00e9 relationnelle et outils de derni\u00e8re g\u00e9n\u00e9ration. Dans le cadre d\u2019une approche globale sp\u00e9cifiquement pens\u00e9e pour les caisses de pension, notre strat\u00e9gie d\u2019investissement exprime tout son potentiel de solidit\u00e9 et de performance.<\/h4>\n<p>[\/vc_column_text][\/vc_column][\/vc_row][vc_row row_height_percent=\u00a0\u00bb0&Prime; override_padding=\u00a0\u00bbyes\u00a0\u00bb h_padding=\u00a0\u00bb7&Prime; top_padding=\u00a0\u00bb2&Prime; bottom_padding=\u00a0\u00bb2&Prime; overlay_alpha=\u00a0\u00bb50&Prime; gutter_size=\u00a0\u00bb3&Prime; column_width_percent=\u00a0\u00bb100&Prime; shift_y=\u00a0\u00bb0&Prime; z_index=\u00a0\u00bb0&Prime;][vc_column width=\u00a0\u00bb1\/1&Prime;][vc_single_image media=\u00a0\u00bb83189&Prime; media_width_percent=\u00a0\u00bb100&Prime; css_animation=\u00a0\u00bbalpha-anim\u00a0\u00bb animation_speed=\u00a0\u00bb500&Prime; animation_delay=\u00a0\u00bb500&Prime;][\/vc_column][\/vc_row][vc_row row_height_percent=\u00a0\u00bb0&Prime; overlay_alpha=\u00a0\u00bb50&Prime; gutter_size=\u00a0\u00bb3&Prime; column_width_percent=\u00a0\u00bb100&Prime; shift_y=\u00a0\u00bb0&Prime; z_index=\u00a0\u00bb0&Prime;][vc_column width=\u00a0\u00bb1\/2&Prime;][vc_column_text text_lead=\u00a0\u00bbyes\u00a0\u00bb]<\/p>\n<h4>Convictions d\u2019investissement<\/h4>\n<p>En mati\u00e8re d\u2019investissement, notre approche se base sur plusieurs convictions fortes.[\/vc_column_text][uncode_list larger=\u00a0\u00bbyes\u00a0\u00bb icon=\u00a0\u00bbfa fa-arrow-right-thick\u00a0\u00bb icon_color=\u00a0\u00bbaccent\u00a0\u00bb]<\/p>\n<ul>\n<li>Recourir \u00e0 un mod\u00e8le robuste et \u00e9prouv\u00e9 d\u2019allocation d\u2019actifs permet de neutraliser les biais cognitifs.<\/li>\n<li>Les outils d\u2019optimisation du risque et de monitoring permettent de r\u00e9gler au mieux le ratio risque\/rendement des portefeuilles.<\/li>\n<\/ul>\n<p>[\/uncode_list][\/vc_column][vc_column width=\u00a0\u00bb1\/2&Prime;][uncode_list larger=\u00a0\u00bbyes\u00a0\u00bb icon=\u00a0\u00bbfa fa-arrow-right-thick\u00a0\u00bb icon_color=\u00a0\u00bbaccent\u00a0\u00bb]<\/p>\n<ul>\n<li>Capturer les r\u00e9gimes de march\u00e9 est le meilleur moyen de g\u00e9n\u00e9rer de la performance.<\/li>\n<li>G\u00e9rer activement les monnaies et rester principalement sur la monnaie de base du portefeuille permet de limiter le risque global de celui-ci.<\/li>\n<li>La transparence, les liquidit\u00e9s, la qualit\u00e9 et la ma\u00eetrise des co\u00fbts sont des crit\u00e8res d\u00e9terminants dans la s\u00e9lection de v\u00e9hicules de placement.<\/li>\n<li>L\u2019exp\u00e9rience est un facteur essentiel de performance.<\/li>\n<\/ul>\n<p>[\/uncode_list][\/vc_column][\/vc_row][vc_row][vc_column width=\u00a0\u00bb1\/1&Prime;][vc_empty_space empty_h=\u00a0\u00bb2&Prime;][\/vc_column][\/vc_row][vc_row][vc_column width=\u00a0\u00bb1\/1&Prime;][uncode_block id=\u00a0\u00bb85656&Prime;][\/vc_column][\/vc_row]<\/p>\n<\/div>","protected":false},"excerpt":{"rendered":"<p>[vc_row row_height_percent=\u00a0\u00bb0&Prime; override_padding=\u00a0\u00bbyes\u00a0\u00bb h_padding=\u00a0\u00bb2&Prime; top_padding=\u00a0\u00bb5&Prime; bottom_padding=\u00a0\u00bb2&Prime; overlay_alpha=\u00a0\u00bb50&Prime; gutter_size=\u00a0\u00bb3&Prime; column_width_percent=\u00a0\u00bb100&Prime; shift_y=\u00a0\u00bb0&Prime; z_index=\u00a0\u00bb0&Prime;][vc_column column_width_percent=\u00a0\u00bb100&Prime; align_horizontal=\u00a0\u00bbalign_center\u00a0\u00bb gutter_size=\u00a0\u00bb3&Prime; overlay_alpha=\u00a0\u00bb50&Prime; shift_x=\u00a0\u00bb0&Prime; shift_y=\u00a0\u00bb0&Prime; shift_y_down=\u00a0\u00bb0&Prime; z_index=\u00a0\u00bb0&Prime; medium_width=\u00a0\u00bb0&Prime; [&hellip;]<\/p>\n","protected":false},"author":12,"featured_media":0,"parent":85319,"menu_order":0,"comment_status":"closed","ping_status":"closed","template":"","meta":{"_monsterinsights_skip_tracking":false,"_monsterinsights_sitenote_active":false,"_monsterinsights_sitenote_note":"","_monsterinsights_sitenote_category":0,"footnotes":""},"class_list":["post-85322","page","type-page","status-publish","hentry","page_category-institutional-clients-fr"],"yoast_head":"<!-- This site is optimized with the Yoast SEO plugin v27.3 - https:\/\/yoast.com\/product\/yoast-seo-wordpress\/ -->\n<title>Client\u00e8le institutionnelle - Processus d\u2019investissement - 1875 Finance<\/title>\n<meta name=\"description\" content=\"Client\u00e8le institutionnelle, processus d\u2019investissement : les investisseurs institutionnels peuvent profiter pleinement du mod\u00e8le diff\u00e9renciateur de 1875 FINANCE, qui allie ind\u00e9pendance et expertise, qualit\u00e9 relationnelle et outils de derni\u00e8re g\u00e9n\u00e9ration. Gen\u00e8ve, Zurich, Luxembourg, Hong-Kong.\" \/>\n<meta name=\"robots\" content=\"index, follow, max-snippet:-1, max-image-preview:large, max-video-preview:-1\" \/>\n<link rel=\"canonical\" href=\"https:\/\/1875.ch\/fr\/metiers\/clientele-institutionnelle\/processus-dinvestissement\/\" \/>\n<meta property=\"og:locale\" content=\"fr_FR\" \/>\n<meta property=\"og:type\" content=\"article\" \/>\n<meta property=\"og:title\" content=\"Client\u00e8le institutionnelle - Processus d\u2019investissement - 1875 Finance\" \/>\n<meta property=\"og:description\" content=\"Client\u00e8le institutionnelle, processus d\u2019investissement : les investisseurs institutionnels peuvent profiter pleinement du mod\u00e8le diff\u00e9renciateur de 1875 FINANCE, qui allie ind\u00e9pendance et expertise, qualit\u00e9 relationnelle et outils de derni\u00e8re g\u00e9n\u00e9ration. Gen\u00e8ve, Zurich, Luxembourg, Hong-Kong.\" \/>\n<meta property=\"og:url\" content=\"https:\/\/1875.ch\/fr\/metiers\/clientele-institutionnelle\/processus-dinvestissement\/\" \/>\n<meta property=\"og:site_name\" content=\"1875 Finance\" \/>\n<meta property=\"article:publisher\" content=\"https:\/\/www.facebook.com\/1875finance\/?fref=ts\" \/>\n<meta property=\"article:modified_time\" content=\"2020-10-29T17:02:28+00:00\" \/>\n<meta name=\"twitter:card\" content=\"summary_large_image\" \/>\n<meta name=\"twitter:label1\" content=\"Dur\u00e9e de lecture estim\u00e9e\" \/>\n\t<meta name=\"twitter:data1\" content=\"2 minutes\" \/>\n<script type=\"application\/ld+json\" class=\"yoast-schema-graph\">{\"@context\":\"https:\\\/\\\/schema.org\",\"@graph\":[{\"@type\":\"WebPage\",\"@id\":\"https:\\\/\\\/1875.ch\\\/fr\\\/metiers\\\/clientele-institutionnelle\\\/processus-dinvestissement\\\/\",\"url\":\"https:\\\/\\\/1875.ch\\\/fr\\\/metiers\\\/clientele-institutionnelle\\\/processus-dinvestissement\\\/\",\"name\":\"Client\u00e8le institutionnelle - Processus d\u2019investissement - 1875 Finance\",\"isPartOf\":{\"@id\":\"https:\\\/\\\/1875.ch\\\/fr\\\/#website\"},\"datePublished\":\"2020-04-26T00:31:00+00:00\",\"dateModified\":\"2020-10-29T17:02:28+00:00\",\"description\":\"Client\u00e8le institutionnelle, processus d\u2019investissement : les investisseurs institutionnels peuvent profiter pleinement du mod\u00e8le diff\u00e9renciateur de 1875 FINANCE, qui allie ind\u00e9pendance et expertise, qualit\u00e9 relationnelle et outils de derni\u00e8re g\u00e9n\u00e9ration. Gen\u00e8ve, Zurich, Luxembourg, Hong-Kong.\",\"breadcrumb\":{\"@id\":\"https:\\\/\\\/1875.ch\\\/fr\\\/metiers\\\/clientele-institutionnelle\\\/processus-dinvestissement\\\/#breadcrumb\"},\"inLanguage\":\"fr-FR\",\"potentialAction\":[{\"@type\":\"ReadAction\",\"target\":[\"https:\\\/\\\/1875.ch\\\/fr\\\/metiers\\\/clientele-institutionnelle\\\/processus-dinvestissement\\\/\"]}]},{\"@type\":\"BreadcrumbList\",\"@id\":\"https:\\\/\\\/1875.ch\\\/fr\\\/metiers\\\/clientele-institutionnelle\\\/processus-dinvestissement\\\/#breadcrumb\",\"itemListElement\":[{\"@type\":\"ListItem\",\"position\":1,\"name\":\"Home\",\"item\":\"https:\\\/\\\/1875.ch\\\/fr\\\/\"},{\"@type\":\"ListItem\",\"position\":2,\"name\":\"M\u00e9tiers\",\"item\":\"https:\\\/\\\/1875.ch\\\/fr\\\/metiers\\\/\"},{\"@type\":\"ListItem\",\"position\":3,\"name\":\"Client\u00e8le institutionnelle\",\"item\":\"https:\\\/\\\/1875.ch\\\/fr\\\/metiers\\\/clientele-institutionnelle\\\/\"},{\"@type\":\"ListItem\",\"position\":4,\"name\":\"Processus d\u2019investissement\"}]},{\"@type\":\"WebSite\",\"@id\":\"https:\\\/\\\/1875.ch\\\/fr\\\/#website\",\"url\":\"https:\\\/\\\/1875.ch\\\/fr\\\/\",\"name\":\"1875 Finance\",\"description\":\"The Financial Place to Be\",\"publisher\":{\"@id\":\"https:\\\/\\\/1875.ch\\\/fr\\\/#organization\"},\"potentialAction\":[{\"@type\":\"SearchAction\",\"target\":{\"@type\":\"EntryPoint\",\"urlTemplate\":\"https:\\\/\\\/1875.ch\\\/fr\\\/?s={search_term_string}\"},\"query-input\":{\"@type\":\"PropertyValueSpecification\",\"valueRequired\":true,\"valueName\":\"search_term_string\"}}],\"inLanguage\":\"fr-FR\"},{\"@type\":\"Organization\",\"@id\":\"https:\\\/\\\/1875.ch\\\/fr\\\/#organization\",\"name\":\"1875 Finance\",\"url\":\"https:\\\/\\\/1875.ch\\\/fr\\\/\",\"logo\":{\"@type\":\"ImageObject\",\"inLanguage\":\"fr-FR\",\"@id\":\"https:\\\/\\\/1875.ch\\\/fr\\\/#\\\/schema\\\/logo\\\/image\\\/\",\"url\":\"https:\\\/\\\/1875.ch\\\/wp-content\\\/uploads\\\/2020\\\/03\\\/1875-logo.png\",\"contentUrl\":\"https:\\\/\\\/1875.ch\\\/wp-content\\\/uploads\\\/2020\\\/03\\\/1875-logo.png\",\"width\":220,\"height\":220,\"caption\":\"1875 Finance\"},\"image\":{\"@id\":\"https:\\\/\\\/1875.ch\\\/fr\\\/#\\\/schema\\\/logo\\\/image\\\/\"},\"sameAs\":[\"https:\\\/\\\/www.facebook.com\\\/1875finance\\\/?fref=ts\",\"https:\\\/\\\/www.youtube.com\\\/channel\\\/UCZA0ykjGQrrEA3GBFkn8cAg\"]}]}<\/script>\n<!-- \/ Yoast SEO plugin. -->","yoast_head_json":{"title":"Client\u00e8le institutionnelle - Processus d\u2019investissement - 1875 Finance","description":"Client\u00e8le institutionnelle, processus d\u2019investissement : les investisseurs institutionnels peuvent profiter pleinement du mod\u00e8le diff\u00e9renciateur de 1875 FINANCE, qui allie ind\u00e9pendance et expertise, qualit\u00e9 relationnelle et outils de derni\u00e8re g\u00e9n\u00e9ration. Gen\u00e8ve, Zurich, Luxembourg, Hong-Kong.","robots":{"index":"index","follow":"follow","max-snippet":"max-snippet:-1","max-image-preview":"max-image-preview:large","max-video-preview":"max-video-preview:-1"},"canonical":"https:\/\/1875.ch\/fr\/metiers\/clientele-institutionnelle\/processus-dinvestissement\/","og_locale":"fr_FR","og_type":"article","og_title":"Client\u00e8le institutionnelle - Processus d\u2019investissement - 1875 Finance","og_description":"Client\u00e8le institutionnelle, processus d\u2019investissement : les investisseurs institutionnels peuvent profiter pleinement du mod\u00e8le diff\u00e9renciateur de 1875 FINANCE, qui allie ind\u00e9pendance et expertise, qualit\u00e9 relationnelle et outils de derni\u00e8re g\u00e9n\u00e9ration. Gen\u00e8ve, Zurich, Luxembourg, Hong-Kong.","og_url":"https:\/\/1875.ch\/fr\/metiers\/clientele-institutionnelle\/processus-dinvestissement\/","og_site_name":"1875 Finance","article_publisher":"https:\/\/www.facebook.com\/1875finance\/?fref=ts","article_modified_time":"2020-10-29T17:02:28+00:00","twitter_card":"summary_large_image","twitter_misc":{"Dur\u00e9e de lecture estim\u00e9e":"2 minutes"},"schema":{"@context":"https:\/\/schema.org","@graph":[{"@type":"WebPage","@id":"https:\/\/1875.ch\/fr\/metiers\/clientele-institutionnelle\/processus-dinvestissement\/","url":"https:\/\/1875.ch\/fr\/metiers\/clientele-institutionnelle\/processus-dinvestissement\/","name":"Client\u00e8le institutionnelle - Processus d\u2019investissement - 1875 Finance","isPartOf":{"@id":"https:\/\/1875.ch\/fr\/#website"},"datePublished":"2020-04-26T00:31:00+00:00","dateModified":"2020-10-29T17:02:28+00:00","description":"Client\u00e8le institutionnelle, processus d\u2019investissement : les investisseurs institutionnels peuvent profiter pleinement du mod\u00e8le diff\u00e9renciateur de 1875 FINANCE, qui allie ind\u00e9pendance et expertise, qualit\u00e9 relationnelle et outils de derni\u00e8re g\u00e9n\u00e9ration. Gen\u00e8ve, Zurich, Luxembourg, Hong-Kong.","breadcrumb":{"@id":"https:\/\/1875.ch\/fr\/metiers\/clientele-institutionnelle\/processus-dinvestissement\/#breadcrumb"},"inLanguage":"fr-FR","potentialAction":[{"@type":"ReadAction","target":["https:\/\/1875.ch\/fr\/metiers\/clientele-institutionnelle\/processus-dinvestissement\/"]}]},{"@type":"BreadcrumbList","@id":"https:\/\/1875.ch\/fr\/metiers\/clientele-institutionnelle\/processus-dinvestissement\/#breadcrumb","itemListElement":[{"@type":"ListItem","position":1,"name":"Home","item":"https:\/\/1875.ch\/fr\/"},{"@type":"ListItem","position":2,"name":"M\u00e9tiers","item":"https:\/\/1875.ch\/fr\/metiers\/"},{"@type":"ListItem","position":3,"name":"Client\u00e8le institutionnelle","item":"https:\/\/1875.ch\/fr\/metiers\/clientele-institutionnelle\/"},{"@type":"ListItem","position":4,"name":"Processus d\u2019investissement"}]},{"@type":"WebSite","@id":"https:\/\/1875.ch\/fr\/#website","url":"https:\/\/1875.ch\/fr\/","name":"1875 Finance","description":"The Financial Place to Be","publisher":{"@id":"https:\/\/1875.ch\/fr\/#organization"},"potentialAction":[{"@type":"SearchAction","target":{"@type":"EntryPoint","urlTemplate":"https:\/\/1875.ch\/fr\/?s={search_term_string}"},"query-input":{"@type":"PropertyValueSpecification","valueRequired":true,"valueName":"search_term_string"}}],"inLanguage":"fr-FR"},{"@type":"Organization","@id":"https:\/\/1875.ch\/fr\/#organization","name":"1875 Finance","url":"https:\/\/1875.ch\/fr\/","logo":{"@type":"ImageObject","inLanguage":"fr-FR","@id":"https:\/\/1875.ch\/fr\/#\/schema\/logo\/image\/","url":"https:\/\/1875.ch\/wp-content\/uploads\/2020\/03\/1875-logo.png","contentUrl":"https:\/\/1875.ch\/wp-content\/uploads\/2020\/03\/1875-logo.png","width":220,"height":220,"caption":"1875 Finance"},"image":{"@id":"https:\/\/1875.ch\/fr\/#\/schema\/logo\/image\/"},"sameAs":["https:\/\/www.facebook.com\/1875finance\/?fref=ts","https:\/\/www.youtube.com\/channel\/UCZA0ykjGQrrEA3GBFkn8cAg"]}]}},"_links":{"self":[{"href":"https:\/\/1875.ch\/fr\/wp-json\/wp\/v2\/pages\/85322","targetHints":{"allow":["GET"]}}],"collection":[{"href":"https:\/\/1875.ch\/fr\/wp-json\/wp\/v2\/pages"}],"about":[{"href":"https:\/\/1875.ch\/fr\/wp-json\/wp\/v2\/types\/page"}],"author":[{"embeddable":true,"href":"https:\/\/1875.ch\/fr\/wp-json\/wp\/v2\/users\/12"}],"replies":[{"embeddable":true,"href":"https:\/\/1875.ch\/fr\/wp-json\/wp\/v2\/comments?post=85322"}],"version-history":[{"count":1,"href":"https:\/\/1875.ch\/fr\/wp-json\/wp\/v2\/pages\/85322\/revisions"}],"predecessor-version":[{"id":86881,"href":"https:\/\/1875.ch\/fr\/wp-json\/wp\/v2\/pages\/85322\/revisions\/86881"}],"up":[{"embeddable":true,"href":"https:\/\/1875.ch\/fr\/wp-json\/wp\/v2\/pages\/85319"}],"wp:attachment":[{"href":"https:\/\/1875.ch\/fr\/wp-json\/wp\/v2\/media?parent=85322"}],"curies":[{"name":"wp","href":"https:\/\/api.w.org\/{rel}","templated":true}]}}