{"id":85384,"date":"2020-04-19T23:16:39","date_gmt":"2020-04-19T23:16:39","guid":{"rendered":"https:\/\/1875.ch\/metiers\/private-clients\/wealth-planning\/"},"modified":"2020-10-29T17:08:23","modified_gmt":"2020-10-29T17:08:23","slug":"ingenierie-patrimoniale","status":"publish","type":"page","link":"https:\/\/1875.ch\/fr\/metiers\/clientele-privee\/ingenierie-patrimoniale\/","title":{"rendered":"Ing\u00e9nierie patrimoniale"},"content":{"rendered":"<div class=\"wpb-content-wrapper\"><p>[vc_row row_height_percent=\u00a0\u00bb0&Prime; override_padding=\u00a0\u00bbyes\u00a0\u00bb h_padding=\u00a0\u00bb2&Prime; top_padding=\u00a0\u00bb5&Prime; bottom_padding=\u00a0\u00bb2&Prime; overlay_alpha=\u00a0\u00bb50&Prime; gutter_size=\u00a0\u00bb3&Prime; column_width_percent=\u00a0\u00bb100&Prime; shift_y=\u00a0\u00bb0&Prime; z_index=\u00a0\u00bb0&Prime;][vc_column column_width_percent=\u00a0\u00bb100&Prime; align_horizontal=\u00a0\u00bbalign_center\u00a0\u00bb gutter_size=\u00a0\u00bb3&Prime; overlay_alpha=\u00a0\u00bb50&Prime; shift_x=\u00a0\u00bb0&Prime; shift_y=\u00a0\u00bb0&Prime; shift_y_down=\u00a0\u00bb0&Prime; z_index=\u00a0\u00bb0&Prime; medium_width=\u00a0\u00bb0&Prime; mobile_width=\u00a0\u00bb0&Prime; width=\u00a0\u00bb1\/1&Prime;][vc_custom_heading heading_semantic=\u00a0\u00bbh1&Prime; separator=\u00a0\u00bbyes\u00a0\u00bb separator_color=\u00a0\u00bbyes\u00a0\u00bb sub_lead=\u00a0\u00bbyes\u00a0\u00bb css_animation=\u00a0\u00bbcurtain\u00a0\u00bb animation_delay=\u00a0\u00bb200&Prime;]Client\u00e8le priv\u00e9e:<br \/>\nComp\u00e9tences et anticipation[\/vc_custom_heading][\/vc_column][\/vc_row][vc_row row_height_percent=\u00a0\u00bb0&Prime; overlay_alpha=\u00a0\u00bb50&Prime; gutter_size=\u00a0\u00bb3&Prime; column_width_percent=\u00a0\u00bb100&Prime; shift_y=\u00a0\u00bb0&Prime; z_index=\u00a0\u00bb0&Prime;][vc_column width=\u00a0\u00bb1\/1&Prime;][vc_column_text]<\/p>\n<h4>Pour \u00eatre bien g\u00e9r\u00e9 \u00e0 travers le temps, un patrimoine doit faire l&rsquo;objet d&rsquo;une constante anticipation, afin de faire le meilleur choix de structures et d\u2019assurer une bonne planification successorale. Chez\u00a0<strong>1875 FINANCE<\/strong>, vous trouvez l\u2019ensemble des comp\u00e9tences requises pour une gestion de patrimoine performante et adapt\u00e9e \u00e0 vos besoins.<\/h4>\n<p>[\/vc_column_text][\/vc_column][\/vc_row][vc_row row_height_percent=\u00a0\u00bb0&Prime; override_padding=\u00a0\u00bbyes\u00a0\u00bb h_padding=\u00a0\u00bb2&Prime; top_padding=\u00a0\u00bb2&Prime; bottom_padding=\u00a0\u00bb5&Prime; overlay_alpha=\u00a0\u00bb50&Prime; gutter_size=\u00a0\u00bb3&Prime; column_width_percent=\u00a0\u00bb100&Prime; shift_y=\u00a0\u00bb0&Prime; z_index=\u00a0\u00bb0&Prime;][vc_column width=\u00a0\u00bb1\/2&Prime;][vc_column_text text_lead=\u00a0\u00bbyes\u00a0\u00bb]Afin de coordonner au mieux leurs besoins, nous proposons \u00e0 nos clients de nombreuses options. Ainsi, gr\u00e2ce au principe d&rsquo;architecture ouverte, nous faisons intervenir diff\u00e9rents experts tels qu&rsquo;avocats, notaires, fiscalistes ou fiduciaires.<\/p>\n<h4>Structures patrimoniales<\/h4>\n<p>La structuration d\u2019un patrimoine permet d\u2019en optimiser la d\u00e9tention et la transmission. Dans un monde de plus en plus r\u00e9glement\u00e9 et en mutation constante, notre \u00e9quipe d\u2019ing\u00e9nierie patrimoniale examine en permanence l\u2019\u00e9volution juridique et fiscale des diff\u00e9rentes structures de d\u00e9tention d\u2019actifs.[\/vc_column_text][\/vc_column][vc_column width=\u00a0\u00bb1\/2&Prime;][vc_column_text text_lead=\u00a0\u00bbyes\u00a0\u00bb]<\/p>\n<h4>Transfert de domicile<\/h4>\n<p>Notre \u00e9quipe d\u2019ing\u00e9nierie patrimoniale est \u00e9galement \u00e0 la disposition de nos clients pour les aider \u00e0 mener \u00e0 bien leur r\u00e9flexion de d\u00e9localisation en prenant en compte les aspects l\u00e9gaux, fiscaux et immobiliers.<\/p>\n<h4>Succession<\/h4>\n<p><strong>1875 FINANCE<\/strong>\u00a0et notre \u00e9quipe d\u2019ing\u00e9nierie patrimoniale accompagnent nos clients dans leur r\u00e9flexion successorale et la gouvernance familiale.[\/vc_column_text][\/vc_column][\/vc_row][vc_row][vc_column width=\u00a0\u00bb1\/1&Prime;][uncode_block id=\u00a0\u00bb85627&Prime;][\/vc_column][\/vc_row]<\/p>\n<\/div>","protected":false},"excerpt":{"rendered":"<p>[vc_row row_height_percent=\u00a0\u00bb0&Prime; override_padding=\u00a0\u00bbyes\u00a0\u00bb h_padding=\u00a0\u00bb2&Prime; top_padding=\u00a0\u00bb5&Prime; bottom_padding=\u00a0\u00bb2&Prime; overlay_alpha=\u00a0\u00bb50&Prime; gutter_size=\u00a0\u00bb3&Prime; column_width_percent=\u00a0\u00bb100&Prime; shift_y=\u00a0\u00bb0&Prime; z_index=\u00a0\u00bb0&Prime;][vc_column column_width_percent=\u00a0\u00bb100&Prime; align_horizontal=\u00a0\u00bbalign_center\u00a0\u00bb gutter_size=\u00a0\u00bb3&Prime; overlay_alpha=\u00a0\u00bb50&Prime; shift_x=\u00a0\u00bb0&Prime; shift_y=\u00a0\u00bb0&Prime; shift_y_down=\u00a0\u00bb0&Prime; z_index=\u00a0\u00bb0&Prime; medium_width=\u00a0\u00bb0&Prime; [&hellip;]<\/p>\n","protected":false},"author":12,"featured_media":0,"parent":85362,"menu_order":0,"comment_status":"closed","ping_status":"closed","template":"","meta":{"_monsterinsights_skip_tracking":false,"_monsterinsights_sitenote_active":false,"_monsterinsights_sitenote_note":"","_monsterinsights_sitenote_category":0,"footnotes":""},"class_list":["post-85384","page","type-page","status-publish","hentry","page_category-private-clients-fr"],"yoast_head":"<!-- This site is optimized with the Yoast SEO plugin v27.3 - https:\/\/yoast.com\/product\/yoast-seo-wordpress\/ -->\n<title>Client\u00e8le priv\u00e9e - Ing\u00e9nierie patrimoniale - 1875 Finance<\/title>\n<meta name=\"description\" content=\"Client\u00e8le priv\u00e9e, ing\u00e9nierie patrimoniale : pour \u00eatre bien g\u00e9r\u00e9 \u00e0 travers le temps, un patrimoine doit faire l\u2019objet d\u2019une constante anticipation, afin de faire le meilleur choix de structures et d\u2019assurer une bonne planification successorale. Chez 1875 FINANCE, vous trouvez l\u2019ensemble des comp\u00e9tences requises pour une gestion de patrimoine performante et adapt\u00e9e \u00e0 vos besoins. Gen\u00e8ve, Zurich, Luxembourg, Hong-Kong.\" \/>\n<meta name=\"robots\" content=\"index, follow, max-snippet:-1, max-image-preview:large, max-video-preview:-1\" \/>\n<link rel=\"canonical\" href=\"https:\/\/1875.ch\/fr\/metiers\/clientele-privee\/ingenierie-patrimoniale\/\" \/>\n<meta property=\"og:locale\" content=\"fr_FR\" \/>\n<meta property=\"og:type\" content=\"article\" \/>\n<meta property=\"og:title\" content=\"Client\u00e8le priv\u00e9e - Ing\u00e9nierie patrimoniale - 1875 Finance\" \/>\n<meta property=\"og:description\" content=\"Client\u00e8le priv\u00e9e, ing\u00e9nierie patrimoniale : pour \u00eatre bien g\u00e9r\u00e9 \u00e0 travers le temps, un patrimoine doit faire l\u2019objet d\u2019une constante anticipation, afin de faire le meilleur choix de structures et d\u2019assurer une bonne planification successorale. Chez 1875 FINANCE, vous trouvez l\u2019ensemble des comp\u00e9tences requises pour une gestion de patrimoine performante et adapt\u00e9e \u00e0 vos besoins. Gen\u00e8ve, Zurich, Luxembourg, Hong-Kong.\" \/>\n<meta property=\"og:url\" content=\"https:\/\/1875.ch\/fr\/metiers\/clientele-privee\/ingenierie-patrimoniale\/\" \/>\n<meta property=\"og:site_name\" content=\"1875 Finance\" \/>\n<meta property=\"article:publisher\" content=\"https:\/\/www.facebook.com\/1875finance\/?fref=ts\" \/>\n<meta property=\"article:modified_time\" content=\"2020-10-29T17:08:23+00:00\" \/>\n<meta name=\"twitter:card\" content=\"summary_large_image\" \/>\n<meta name=\"twitter:label1\" content=\"Dur\u00e9e de lecture estim\u00e9e\" \/>\n\t<meta name=\"twitter:data1\" content=\"2 minutes\" \/>\n<script type=\"application\/ld+json\" class=\"yoast-schema-graph\">{\"@context\":\"https:\\\/\\\/schema.org\",\"@graph\":[{\"@type\":\"WebPage\",\"@id\":\"https:\\\/\\\/1875.ch\\\/fr\\\/metiers\\\/clientele-privee\\\/ingenierie-patrimoniale\\\/\",\"url\":\"https:\\\/\\\/1875.ch\\\/fr\\\/metiers\\\/clientele-privee\\\/ingenierie-patrimoniale\\\/\",\"name\":\"Client\u00e8le priv\u00e9e - Ing\u00e9nierie patrimoniale - 1875 Finance\",\"isPartOf\":{\"@id\":\"https:\\\/\\\/1875.ch\\\/fr\\\/#website\"},\"datePublished\":\"2020-04-19T23:16:39+00:00\",\"dateModified\":\"2020-10-29T17:08:23+00:00\",\"description\":\"Client\u00e8le priv\u00e9e, ing\u00e9nierie patrimoniale : pour \u00eatre bien g\u00e9r\u00e9 \u00e0 travers le temps, un patrimoine doit faire l\u2019objet d\u2019une constante anticipation, afin de faire le meilleur choix de structures et d\u2019assurer une bonne planification successorale. Chez 1875 FINANCE, vous trouvez l\u2019ensemble des comp\u00e9tences requises pour une gestion de patrimoine performante et adapt\u00e9e \u00e0 vos besoins. Gen\u00e8ve, Zurich, Luxembourg, Hong-Kong.\",\"breadcrumb\":{\"@id\":\"https:\\\/\\\/1875.ch\\\/fr\\\/metiers\\\/clientele-privee\\\/ingenierie-patrimoniale\\\/#breadcrumb\"},\"inLanguage\":\"fr-FR\",\"potentialAction\":[{\"@type\":\"ReadAction\",\"target\":[\"https:\\\/\\\/1875.ch\\\/fr\\\/metiers\\\/clientele-privee\\\/ingenierie-patrimoniale\\\/\"]}]},{\"@type\":\"BreadcrumbList\",\"@id\":\"https:\\\/\\\/1875.ch\\\/fr\\\/metiers\\\/clientele-privee\\\/ingenierie-patrimoniale\\\/#breadcrumb\",\"itemListElement\":[{\"@type\":\"ListItem\",\"position\":1,\"name\":\"Home\",\"item\":\"https:\\\/\\\/1875.ch\\\/fr\\\/\"},{\"@type\":\"ListItem\",\"position\":2,\"name\":\"M\u00e9tiers\",\"item\":\"https:\\\/\\\/1875.ch\\\/fr\\\/metiers\\\/\"},{\"@type\":\"ListItem\",\"position\":3,\"name\":\"Client\u00e8le priv\u00e9e\",\"item\":\"https:\\\/\\\/1875.ch\\\/fr\\\/metiers\\\/clientele-privee\\\/\"},{\"@type\":\"ListItem\",\"position\":4,\"name\":\"Ing\u00e9nierie patrimoniale\"}]},{\"@type\":\"WebSite\",\"@id\":\"https:\\\/\\\/1875.ch\\\/fr\\\/#website\",\"url\":\"https:\\\/\\\/1875.ch\\\/fr\\\/\",\"name\":\"1875 Finance\",\"description\":\"The Financial Place to Be\",\"publisher\":{\"@id\":\"https:\\\/\\\/1875.ch\\\/fr\\\/#organization\"},\"potentialAction\":[{\"@type\":\"SearchAction\",\"target\":{\"@type\":\"EntryPoint\",\"urlTemplate\":\"https:\\\/\\\/1875.ch\\\/fr\\\/?s={search_term_string}\"},\"query-input\":{\"@type\":\"PropertyValueSpecification\",\"valueRequired\":true,\"valueName\":\"search_term_string\"}}],\"inLanguage\":\"fr-FR\"},{\"@type\":\"Organization\",\"@id\":\"https:\\\/\\\/1875.ch\\\/fr\\\/#organization\",\"name\":\"1875 Finance\",\"url\":\"https:\\\/\\\/1875.ch\\\/fr\\\/\",\"logo\":{\"@type\":\"ImageObject\",\"inLanguage\":\"fr-FR\",\"@id\":\"https:\\\/\\\/1875.ch\\\/fr\\\/#\\\/schema\\\/logo\\\/image\\\/\",\"url\":\"https:\\\/\\\/1875.ch\\\/wp-content\\\/uploads\\\/2020\\\/03\\\/1875-logo.png\",\"contentUrl\":\"https:\\\/\\\/1875.ch\\\/wp-content\\\/uploads\\\/2020\\\/03\\\/1875-logo.png\",\"width\":220,\"height\":220,\"caption\":\"1875 Finance\"},\"image\":{\"@id\":\"https:\\\/\\\/1875.ch\\\/fr\\\/#\\\/schema\\\/logo\\\/image\\\/\"},\"sameAs\":[\"https:\\\/\\\/www.facebook.com\\\/1875finance\\\/?fref=ts\",\"https:\\\/\\\/www.youtube.com\\\/channel\\\/UCZA0ykjGQrrEA3GBFkn8cAg\"]}]}<\/script>\n<!-- \/ Yoast SEO plugin. -->","yoast_head_json":{"title":"Client\u00e8le priv\u00e9e - Ing\u00e9nierie patrimoniale - 1875 Finance","description":"Client\u00e8le priv\u00e9e, ing\u00e9nierie patrimoniale : pour \u00eatre bien g\u00e9r\u00e9 \u00e0 travers le temps, un patrimoine doit faire l\u2019objet d\u2019une constante anticipation, afin de faire le meilleur choix de structures et d\u2019assurer une bonne planification successorale. Chez 1875 FINANCE, vous trouvez l\u2019ensemble des comp\u00e9tences requises pour une gestion de patrimoine performante et adapt\u00e9e \u00e0 vos besoins. Gen\u00e8ve, Zurich, Luxembourg, Hong-Kong.","robots":{"index":"index","follow":"follow","max-snippet":"max-snippet:-1","max-image-preview":"max-image-preview:large","max-video-preview":"max-video-preview:-1"},"canonical":"https:\/\/1875.ch\/fr\/metiers\/clientele-privee\/ingenierie-patrimoniale\/","og_locale":"fr_FR","og_type":"article","og_title":"Client\u00e8le priv\u00e9e - Ing\u00e9nierie patrimoniale - 1875 Finance","og_description":"Client\u00e8le priv\u00e9e, ing\u00e9nierie patrimoniale : pour \u00eatre bien g\u00e9r\u00e9 \u00e0 travers le temps, un patrimoine doit faire l\u2019objet d\u2019une constante anticipation, afin de faire le meilleur choix de structures et d\u2019assurer une bonne planification successorale. Chez 1875 FINANCE, vous trouvez l\u2019ensemble des comp\u00e9tences requises pour une gestion de patrimoine performante et adapt\u00e9e \u00e0 vos besoins. Gen\u00e8ve, Zurich, Luxembourg, Hong-Kong.","og_url":"https:\/\/1875.ch\/fr\/metiers\/clientele-privee\/ingenierie-patrimoniale\/","og_site_name":"1875 Finance","article_publisher":"https:\/\/www.facebook.com\/1875finance\/?fref=ts","article_modified_time":"2020-10-29T17:08:23+00:00","twitter_card":"summary_large_image","twitter_misc":{"Dur\u00e9e de lecture estim\u00e9e":"2 minutes"},"schema":{"@context":"https:\/\/schema.org","@graph":[{"@type":"WebPage","@id":"https:\/\/1875.ch\/fr\/metiers\/clientele-privee\/ingenierie-patrimoniale\/","url":"https:\/\/1875.ch\/fr\/metiers\/clientele-privee\/ingenierie-patrimoniale\/","name":"Client\u00e8le priv\u00e9e - Ing\u00e9nierie patrimoniale - 1875 Finance","isPartOf":{"@id":"https:\/\/1875.ch\/fr\/#website"},"datePublished":"2020-04-19T23:16:39+00:00","dateModified":"2020-10-29T17:08:23+00:00","description":"Client\u00e8le priv\u00e9e, ing\u00e9nierie patrimoniale : pour \u00eatre bien g\u00e9r\u00e9 \u00e0 travers le temps, un patrimoine doit faire l\u2019objet d\u2019une constante anticipation, afin de faire le meilleur choix de structures et d\u2019assurer une bonne planification successorale. Chez 1875 FINANCE, vous trouvez l\u2019ensemble des comp\u00e9tences requises pour une gestion de patrimoine performante et adapt\u00e9e \u00e0 vos besoins. Gen\u00e8ve, Zurich, Luxembourg, Hong-Kong.","breadcrumb":{"@id":"https:\/\/1875.ch\/fr\/metiers\/clientele-privee\/ingenierie-patrimoniale\/#breadcrumb"},"inLanguage":"fr-FR","potentialAction":[{"@type":"ReadAction","target":["https:\/\/1875.ch\/fr\/metiers\/clientele-privee\/ingenierie-patrimoniale\/"]}]},{"@type":"BreadcrumbList","@id":"https:\/\/1875.ch\/fr\/metiers\/clientele-privee\/ingenierie-patrimoniale\/#breadcrumb","itemListElement":[{"@type":"ListItem","position":1,"name":"Home","item":"https:\/\/1875.ch\/fr\/"},{"@type":"ListItem","position":2,"name":"M\u00e9tiers","item":"https:\/\/1875.ch\/fr\/metiers\/"},{"@type":"ListItem","position":3,"name":"Client\u00e8le priv\u00e9e","item":"https:\/\/1875.ch\/fr\/metiers\/clientele-privee\/"},{"@type":"ListItem","position":4,"name":"Ing\u00e9nierie patrimoniale"}]},{"@type":"WebSite","@id":"https:\/\/1875.ch\/fr\/#website","url":"https:\/\/1875.ch\/fr\/","name":"1875 Finance","description":"The Financial Place to Be","publisher":{"@id":"https:\/\/1875.ch\/fr\/#organization"},"potentialAction":[{"@type":"SearchAction","target":{"@type":"EntryPoint","urlTemplate":"https:\/\/1875.ch\/fr\/?s={search_term_string}"},"query-input":{"@type":"PropertyValueSpecification","valueRequired":true,"valueName":"search_term_string"}}],"inLanguage":"fr-FR"},{"@type":"Organization","@id":"https:\/\/1875.ch\/fr\/#organization","name":"1875 Finance","url":"https:\/\/1875.ch\/fr\/","logo":{"@type":"ImageObject","inLanguage":"fr-FR","@id":"https:\/\/1875.ch\/fr\/#\/schema\/logo\/image\/","url":"https:\/\/1875.ch\/wp-content\/uploads\/2020\/03\/1875-logo.png","contentUrl":"https:\/\/1875.ch\/wp-content\/uploads\/2020\/03\/1875-logo.png","width":220,"height":220,"caption":"1875 Finance"},"image":{"@id":"https:\/\/1875.ch\/fr\/#\/schema\/logo\/image\/"},"sameAs":["https:\/\/www.facebook.com\/1875finance\/?fref=ts","https:\/\/www.youtube.com\/channel\/UCZA0ykjGQrrEA3GBFkn8cAg"]}]}},"_links":{"self":[{"href":"https:\/\/1875.ch\/fr\/wp-json\/wp\/v2\/pages\/85384","targetHints":{"allow":["GET"]}}],"collection":[{"href":"https:\/\/1875.ch\/fr\/wp-json\/wp\/v2\/pages"}],"about":[{"href":"https:\/\/1875.ch\/fr\/wp-json\/wp\/v2\/types\/page"}],"author":[{"embeddable":true,"href":"https:\/\/1875.ch\/fr\/wp-json\/wp\/v2\/users\/12"}],"replies":[{"embeddable":true,"href":"https:\/\/1875.ch\/fr\/wp-json\/wp\/v2\/comments?post=85384"}],"version-history":[{"count":1,"href":"https:\/\/1875.ch\/fr\/wp-json\/wp\/v2\/pages\/85384\/revisions"}],"predecessor-version":[{"id":86894,"href":"https:\/\/1875.ch\/fr\/wp-json\/wp\/v2\/pages\/85384\/revisions\/86894"}],"up":[{"embeddable":true,"href":"https:\/\/1875.ch\/fr\/wp-json\/wp\/v2\/pages\/85362"}],"wp:attachment":[{"href":"https:\/\/1875.ch\/fr\/wp-json\/wp\/v2\/media?parent=85384"}],"curies":[{"name":"wp","href":"https:\/\/api.w.org\/{rel}","templated":true}]}}