{"id":85390,"date":"2020-03-25T00:30:01","date_gmt":"2020-03-25T00:30:01","guid":{"rendered":"https:\/\/1875.ch\/company\/about-us\/"},"modified":"2022-03-04T09:40:58","modified_gmt":"2022-03-04T09:40:58","slug":"gerant-de-fortune-independant","status":"publish","type":"page","link":"https:\/\/1875.ch\/fr\/societe\/gerant-de-fortune-independant\/","title":{"rendered":"A propos"},"content":{"rendered":"<div class=\"wpb-content-wrapper\"><p>[vc_row row_height_percent=\u00a0\u00bb0&Prime; override_padding=\u00a0\u00bbyes\u00a0\u00bb h_padding=\u00a0\u00bb2&Prime; top_padding=\u00a0\u00bb5&Prime; bottom_padding=\u00a0\u00bb2&Prime; overlay_alpha=\u00a0\u00bb50&Prime; gutter_size=\u00a0\u00bb3&Prime; column_width_percent=\u00a0\u00bb100&Prime; shift_y=\u00a0\u00bb0&Prime; z_index=\u00a0\u00bb0&Prime;][vc_column column_width_percent=\u00a0\u00bb100&Prime; align_horizontal=\u00a0\u00bbalign_center\u00a0\u00bb gutter_size=\u00a0\u00bb3&Prime; overlay_alpha=\u00a0\u00bb50&Prime; shift_x=\u00a0\u00bb0&Prime; shift_y=\u00a0\u00bb0&Prime; shift_y_down=\u00a0\u00bb0&Prime; z_index=\u00a0\u00bb0&Prime; medium_width=\u00a0\u00bb0&Prime; mobile_width=\u00a0\u00bb0&Prime; width=\u00a0\u00bb1\/1&Prime;][vc_custom_heading heading_semantic=\u00a0\u00bbh1&Prime; separator=\u00a0\u00bbyes\u00a0\u00bb separator_color=\u00a0\u00bbyes\u00a0\u00bb sub_lead=\u00a0\u00bbyes\u00a0\u00bb css_animation=\u00a0\u00bbcurtain\u00a0\u00bb animation_delay=\u00a0\u00bb200&Prime; uncode_shortcode_id=\u00a0\u00bb160649&Prime;]G\u00e9rant de fortune ind\u00e9pendant :<br \/>\nEntre tradition et modernit\u00e9[\/vc_custom_heading][\/vc_column][\/vc_row][vc_row row_height_percent=\u00a0\u00bb0&Prime; overlay_alpha=\u00a0\u00bb50&Prime; gutter_size=\u00a0\u00bb3&Prime; column_width_percent=\u00a0\u00bb100&Prime; shift_y=\u00a0\u00bb0&Prime; z_index=\u00a0\u00bb0&Prime;][vc_column width=\u00a0\u00bb1\/1&Prime;][vc_custom_heading separator=\u00a0\u00bbyes\u00a0\u00bb separator_color=\u00a0\u00bbyes\u00a0\u00bb sub_lead=\u00a0\u00bbyes\u00a0\u00bb css_animation=\u00a0\u00bbcurtain\u00a0\u00bb animation_delay=\u00a0\u00bb200&Prime; uncode_shortcode_id=\u00a0\u00bb164601&Prime;]<\/p>\n<h4><a href=\"https:\/\/1875.ch\/fr\/gerants-independants-la-renaissance-dun-metier\/\"><strong>G\u00e9rant de fortune ind\u00e9pendant<\/strong> <\/a>de r\u00e9f\u00e9rence,\u00a0<strong><a href=\"https:\/\/1875.lu\" target=\"_blank\" rel=\"noopener\">1875 FINANCE<\/a> bas\u00e9 \u00e0 Gen\u00e8ve<\/strong>\u00a0se positionne entre tradition et modernit\u00e9 pour offrir \u00e0 ses clients, priv\u00e9s comme institutionnels, une relation de confiance, des outils de pointe et une expertise unique dans la recherche de performance.<\/h4>\n<p>[\/vc_custom_heading][\/vc_column][\/vc_row][vc_row row_height_percent=\u00a0\u00bb0&Prime; overlay_alpha=\u00a0\u00bb50&Prime; gutter_size=\u00a0\u00bb3&Prime; column_width_percent=\u00a0\u00bb100&Prime; shift_y=\u00a0\u00bb0&Prime; z_index=\u00a0\u00bb0&Prime;][vc_column width=\u00a0\u00bb1\/2&Prime;][vc_column_text text_lead=\u00a0\u00bbyes\u00a0\u00bb]<strong>1875 FINANCE<\/strong>\u00a0est un g\u00e9rant d\u2019actifs ind\u00e9pendant pour clients priv\u00e9s et institutionnels qui figure parmi les plus importants multi-family offices en Suisse et en Europe (classement Bloomberg 2015). Nous perp\u00e9tuons la tradition de la gestion de patrimoine gr\u00e2ce \u00e0 un mod\u00e8le unique d\u2019allocation d\u2019actifs et \u00e0 des outils technologiques d\u00e9velopp\u00e9s pour notre multi-family office.<\/p>\n<h4>FINMA et CSSF<\/h4>\n<p>Nous nous adaptons aux nouveaux d\u00e9fis de la finance en offrant un mod\u00e8le, r\u00e9gul\u00e9 par la FINMA en Suisse et la CSSF au Luxembourg, qui allie s\u00e9curit\u00e9 et contr\u00f4le du risque au service de la client\u00e8le.[\/vc_column_text][\/vc_column][vc_column width=\u00a0\u00bb1\/2&Prime;][vc_column_text text_lead=\u00a0\u00bbyes\u00a0\u00bb uncode_shortcode_id=\u00a0\u00bb503176&Prime;]<b>G\u00e9rant de fortune ind\u00e9pendant Gen\u00e8ve, 1875 FINANCE<\/b>\u00a0a \u00e9t\u00e9 fond\u00e9e en 2006 par cinq banquiers, Olivier Bizon, Paul Kohler, Aksel Azrac, Jacques-Antoine Ormond et Fran\u00e7ois-Michel Ormond li\u00e9s par quinze ann\u00e9es d&rsquo;exp\u00e9rience professionnelle commune. Depuis 1875, date de la fondation de la premi\u00e8re g\u00e9rance de fortune Ormond \u00e0 Gen\u00e8ve, cinq g\u00e9n\u00e9rations se sont succ\u00e9d\u00e9es aupr\u00e8s de leurs clients afin de p\u00e9renniser un savoir-faire et une tradition de gestion de patrimoine.<\/p>\n<p>En 2022 <strong>1875 FINANCE<\/strong> et REYL Intesa Sanpaolo Private Banking ont conclu un accord par lequel REYL a acquis une participation de 40\u00a0% dans 1875 FINANCE.<\/p>\n<p><strong>1875 FINANCE<\/strong> fait aujourd&rsquo;hui figure de r\u00e9f\u00e9rence dans l&rsquo;univers des <strong>g\u00e9rants ind\u00e9pendants<\/strong> et se distingue par son mod\u00e8le unique et d&rsquo;avenir ax\u00e9 sur trois m\u00e9tiers : les clients priv\u00e9s, le Multi-Family Office et les clients institutionnels.[\/vc_column_text][\/vc_column][\/vc_row][vc_row row_height_percent=\u00a0\u00bb0&Prime; overlay_alpha=\u00a0\u00bb50&Prime; gutter_size=\u00a0\u00bb3&Prime; column_width_percent=\u00a0\u00bb100&Prime; shift_y=\u00a0\u00bb0&Prime; z_index=\u00a0\u00bb0&Prime;][vc_column width=\u00a0\u00bb1\/1&Prime;][vc_single_image media=\u00a0\u00bb83355&Prime; media_width_use_pixel=\u00a0\u00bbyes\u00a0\u00bb alignment=\u00a0\u00bbcenter\u00a0\u00bb shadow=\u00a0\u00bbyes\u00a0\u00bb shadow_weight=\u00a0\u00bbstd\u00a0\u00bb css_animation=\u00a0\u00bbalpha-anim\u00a0\u00bb animation_speed=\u00a0\u00bb500&Prime; animation_delay=\u00a0\u00bb500&Prime; media_width_pixel=\u00a0\u00bb800&Prime; uncode_shortcode_id=\u00a0\u00bb611860&Prime;][\/vc_column][\/vc_row][vc_row][vc_column width=\u00a0\u00bb1\/1&Prime;][vc_empty_space empty_h=\u00a0\u00bb2&Prime;][\/vc_column][\/vc_row][vc_row][vc_column width=\u00a0\u00bb1\/1&Prime;][uncode_block id=\u00a0\u00bb85485&Prime;][\/vc_column][\/vc_row][vc_row][vc_column width=\u00a0\u00bb1\/1&Prime;][uncode_block id=\u00a0\u00bb82642&Prime;][\/vc_column][\/vc_row]<\/p>\n<\/div>","protected":false},"excerpt":{"rendered":"<p>[vc_row row_height_percent=\u00a0\u00bb0&Prime; override_padding=\u00a0\u00bbyes\u00a0\u00bb h_padding=\u00a0\u00bb2&Prime; top_padding=\u00a0\u00bb5&Prime; bottom_padding=\u00a0\u00bb2&Prime; overlay_alpha=\u00a0\u00bb50&Prime; gutter_size=\u00a0\u00bb3&Prime; column_width_percent=\u00a0\u00bb100&Prime; shift_y=\u00a0\u00bb0&Prime; z_index=\u00a0\u00bb0&Prime;][vc_column column_width_percent=\u00a0\u00bb100&Prime; align_horizontal=\u00a0\u00bbalign_center\u00a0\u00bb gutter_size=\u00a0\u00bb3&Prime; overlay_alpha=\u00a0\u00bb50&Prime; shift_x=\u00a0\u00bb0&Prime; shift_y=\u00a0\u00bb0&Prime; shift_y_down=\u00a0\u00bb0&Prime; z_index=\u00a0\u00bb0&Prime; medium_width=\u00a0\u00bb0&Prime; [&hellip;]<\/p>\n","protected":false},"author":12,"featured_media":84280,"parent":85388,"menu_order":0,"comment_status":"closed","ping_status":"closed","template":"","meta":{"_monsterinsights_skip_tracking":false,"_monsterinsights_sitenote_active":false,"_monsterinsights_sitenote_note":"","_monsterinsights_sitenote_category":0,"footnotes":""},"class_list":["post-85390","page","type-page","status-publish","has-post-thumbnail","hentry","page_category-company-fr"],"yoast_head":"<!-- This site is optimized with the Yoast SEO plugin v27.3 - https:\/\/yoast.com\/product\/yoast-seo-wordpress\/ -->\n<title>G\u00e9rant de fortune ind\u00e9pendant Gen\u00e8ve - 1875 Finance<\/title>\n<meta name=\"description\" content=\"G\u00e9rant de fortune ind\u00e9pendant Gen\u00e8ve : 1875 FINANCE se positionne entre tradition et modernit\u00e9 pour offrir \u00e0 ses clients une relation de confiance et une expertise unique dans la recherche de performance.\" \/>\n<meta name=\"robots\" content=\"index, follow, max-snippet:-1, max-image-preview:large, max-video-preview:-1\" \/>\n<link rel=\"canonical\" href=\"https:\/\/1875.ch\/fr\/societe\/gerant-de-fortune-independant\/\" \/>\n<meta property=\"og:locale\" content=\"fr_FR\" \/>\n<meta property=\"og:type\" content=\"article\" \/>\n<meta property=\"og:title\" content=\"G\u00e9rant de fortune ind\u00e9pendant Gen\u00e8ve - 1875 Finance\" \/>\n<meta property=\"og:description\" content=\"G\u00e9rant de fortune ind\u00e9pendant Gen\u00e8ve : 1875 FINANCE se positionne entre tradition et modernit\u00e9 pour offrir \u00e0 ses clients une relation de confiance et une expertise unique dans la recherche de performance.\" \/>\n<meta property=\"og:url\" content=\"https:\/\/1875.ch\/fr\/societe\/gerant-de-fortune-independant\/\" \/>\n<meta property=\"og:site_name\" content=\"1875 Finance\" \/>\n<meta property=\"article:publisher\" content=\"https:\/\/www.facebook.com\/1875finance\/?fref=ts\" \/>\n<meta property=\"article:modified_time\" content=\"2022-03-04T09:40:58+00:00\" \/>\n<meta property=\"og:image\" content=\"https:\/\/1875.ch\/wp-content\/uploads\/2020\/03\/websiteimagery24-opt.jpg\" \/>\n\t<meta property=\"og:image:width\" content=\"2560\" \/>\n\t<meta property=\"og:image:height\" content=\"1307\" \/>\n\t<meta property=\"og:image:type\" content=\"image\/jpeg\" \/>\n<meta name=\"twitter:card\" content=\"summary_large_image\" \/>\n<meta name=\"twitter:label1\" content=\"Dur\u00e9e de lecture estim\u00e9e\" \/>\n\t<meta name=\"twitter:data1\" content=\"2 minutes\" \/>\n<script type=\"application\/ld+json\" class=\"yoast-schema-graph\">{\"@context\":\"https:\\\/\\\/schema.org\",\"@graph\":[{\"@type\":\"WebPage\",\"@id\":\"https:\\\/\\\/1875.ch\\\/fr\\\/societe\\\/gerant-de-fortune-independant\\\/\",\"url\":\"https:\\\/\\\/1875.ch\\\/fr\\\/societe\\\/gerant-de-fortune-independant\\\/\",\"name\":\"G\u00e9rant de fortune ind\u00e9pendant Gen\u00e8ve - 1875 Finance\",\"isPartOf\":{\"@id\":\"https:\\\/\\\/1875.ch\\\/fr\\\/#website\"},\"primaryImageOfPage\":{\"@id\":\"https:\\\/\\\/1875.ch\\\/fr\\\/societe\\\/gerant-de-fortune-independant\\\/#primaryimage\"},\"image\":{\"@id\":\"https:\\\/\\\/1875.ch\\\/fr\\\/societe\\\/gerant-de-fortune-independant\\\/#primaryimage\"},\"thumbnailUrl\":\"https:\\\/\\\/1875.ch\\\/wp-content\\\/uploads\\\/2020\\\/03\\\/websiteimagery24-opt.jpg\",\"datePublished\":\"2020-03-25T00:30:01+00:00\",\"dateModified\":\"2022-03-04T09:40:58+00:00\",\"description\":\"G\u00e9rant de fortune ind\u00e9pendant Gen\u00e8ve : 1875 FINANCE se positionne entre tradition et modernit\u00e9 pour offrir \u00e0 ses clients une relation de confiance et une expertise unique dans la recherche de performance.\",\"breadcrumb\":{\"@id\":\"https:\\\/\\\/1875.ch\\\/fr\\\/societe\\\/gerant-de-fortune-independant\\\/#breadcrumb\"},\"inLanguage\":\"fr-FR\",\"potentialAction\":[{\"@type\":\"ReadAction\",\"target\":[\"https:\\\/\\\/1875.ch\\\/fr\\\/societe\\\/gerant-de-fortune-independant\\\/\"]}]},{\"@type\":\"ImageObject\",\"inLanguage\":\"fr-FR\",\"@id\":\"https:\\\/\\\/1875.ch\\\/fr\\\/societe\\\/gerant-de-fortune-independant\\\/#primaryimage\",\"url\":\"https:\\\/\\\/1875.ch\\\/wp-content\\\/uploads\\\/2020\\\/03\\\/websiteimagery24-opt.jpg\",\"contentUrl\":\"https:\\\/\\\/1875.ch\\\/wp-content\\\/uploads\\\/2020\\\/03\\\/websiteimagery24-opt.jpg\",\"width\":2560,\"height\":1307},{\"@type\":\"BreadcrumbList\",\"@id\":\"https:\\\/\\\/1875.ch\\\/fr\\\/societe\\\/gerant-de-fortune-independant\\\/#breadcrumb\",\"itemListElement\":[{\"@type\":\"ListItem\",\"position\":1,\"name\":\"Home\",\"item\":\"https:\\\/\\\/1875.ch\\\/fr\\\/\"},{\"@type\":\"ListItem\",\"position\":2,\"name\":\"Soci\u00e9t\u00e9\",\"item\":\"https:\\\/\\\/1875.ch\\\/fr\\\/societe\\\/\"},{\"@type\":\"ListItem\",\"position\":3,\"name\":\"A propos\"}]},{\"@type\":\"WebSite\",\"@id\":\"https:\\\/\\\/1875.ch\\\/fr\\\/#website\",\"url\":\"https:\\\/\\\/1875.ch\\\/fr\\\/\",\"name\":\"1875 Finance\",\"description\":\"The Financial Place to Be\",\"publisher\":{\"@id\":\"https:\\\/\\\/1875.ch\\\/fr\\\/#organization\"},\"potentialAction\":[{\"@type\":\"SearchAction\",\"target\":{\"@type\":\"EntryPoint\",\"urlTemplate\":\"https:\\\/\\\/1875.ch\\\/fr\\\/?s={search_term_string}\"},\"query-input\":{\"@type\":\"PropertyValueSpecification\",\"valueRequired\":true,\"valueName\":\"search_term_string\"}}],\"inLanguage\":\"fr-FR\"},{\"@type\":\"Organization\",\"@id\":\"https:\\\/\\\/1875.ch\\\/fr\\\/#organization\",\"name\":\"1875 Finance\",\"url\":\"https:\\\/\\\/1875.ch\\\/fr\\\/\",\"logo\":{\"@type\":\"ImageObject\",\"inLanguage\":\"fr-FR\",\"@id\":\"https:\\\/\\\/1875.ch\\\/fr\\\/#\\\/schema\\\/logo\\\/image\\\/\",\"url\":\"https:\\\/\\\/1875.ch\\\/wp-content\\\/uploads\\\/2020\\\/03\\\/1875-logo.png\",\"contentUrl\":\"https:\\\/\\\/1875.ch\\\/wp-content\\\/uploads\\\/2020\\\/03\\\/1875-logo.png\",\"width\":220,\"height\":220,\"caption\":\"1875 Finance\"},\"image\":{\"@id\":\"https:\\\/\\\/1875.ch\\\/fr\\\/#\\\/schema\\\/logo\\\/image\\\/\"},\"sameAs\":[\"https:\\\/\\\/www.facebook.com\\\/1875finance\\\/?fref=ts\",\"https:\\\/\\\/www.youtube.com\\\/channel\\\/UCZA0ykjGQrrEA3GBFkn8cAg\"]}]}<\/script>\n<!-- \/ Yoast SEO plugin. -->","yoast_head_json":{"title":"G\u00e9rant de fortune ind\u00e9pendant Gen\u00e8ve - 1875 Finance","description":"G\u00e9rant de fortune ind\u00e9pendant Gen\u00e8ve : 1875 FINANCE se positionne entre tradition et modernit\u00e9 pour offrir \u00e0 ses clients une relation de confiance et une expertise unique dans la recherche de performance.","robots":{"index":"index","follow":"follow","max-snippet":"max-snippet:-1","max-image-preview":"max-image-preview:large","max-video-preview":"max-video-preview:-1"},"canonical":"https:\/\/1875.ch\/fr\/societe\/gerant-de-fortune-independant\/","og_locale":"fr_FR","og_type":"article","og_title":"G\u00e9rant de fortune ind\u00e9pendant Gen\u00e8ve - 1875 Finance","og_description":"G\u00e9rant de fortune ind\u00e9pendant Gen\u00e8ve : 1875 FINANCE se positionne entre tradition et modernit\u00e9 pour offrir \u00e0 ses clients une relation de confiance et une expertise unique dans la recherche de performance.","og_url":"https:\/\/1875.ch\/fr\/societe\/gerant-de-fortune-independant\/","og_site_name":"1875 Finance","article_publisher":"https:\/\/www.facebook.com\/1875finance\/?fref=ts","article_modified_time":"2022-03-04T09:40:58+00:00","og_image":[{"width":2560,"height":1307,"url":"https:\/\/1875.ch\/wp-content\/uploads\/2020\/03\/websiteimagery24-opt.jpg","type":"image\/jpeg"}],"twitter_card":"summary_large_image","twitter_misc":{"Dur\u00e9e de lecture estim\u00e9e":"2 minutes"},"schema":{"@context":"https:\/\/schema.org","@graph":[{"@type":"WebPage","@id":"https:\/\/1875.ch\/fr\/societe\/gerant-de-fortune-independant\/","url":"https:\/\/1875.ch\/fr\/societe\/gerant-de-fortune-independant\/","name":"G\u00e9rant de fortune ind\u00e9pendant Gen\u00e8ve - 1875 Finance","isPartOf":{"@id":"https:\/\/1875.ch\/fr\/#website"},"primaryImageOfPage":{"@id":"https:\/\/1875.ch\/fr\/societe\/gerant-de-fortune-independant\/#primaryimage"},"image":{"@id":"https:\/\/1875.ch\/fr\/societe\/gerant-de-fortune-independant\/#primaryimage"},"thumbnailUrl":"https:\/\/1875.ch\/wp-content\/uploads\/2020\/03\/websiteimagery24-opt.jpg","datePublished":"2020-03-25T00:30:01+00:00","dateModified":"2022-03-04T09:40:58+00:00","description":"G\u00e9rant de fortune ind\u00e9pendant Gen\u00e8ve : 1875 FINANCE se positionne entre tradition et modernit\u00e9 pour offrir \u00e0 ses clients une relation de confiance et une expertise unique dans la recherche de performance.","breadcrumb":{"@id":"https:\/\/1875.ch\/fr\/societe\/gerant-de-fortune-independant\/#breadcrumb"},"inLanguage":"fr-FR","potentialAction":[{"@type":"ReadAction","target":["https:\/\/1875.ch\/fr\/societe\/gerant-de-fortune-independant\/"]}]},{"@type":"ImageObject","inLanguage":"fr-FR","@id":"https:\/\/1875.ch\/fr\/societe\/gerant-de-fortune-independant\/#primaryimage","url":"https:\/\/1875.ch\/wp-content\/uploads\/2020\/03\/websiteimagery24-opt.jpg","contentUrl":"https:\/\/1875.ch\/wp-content\/uploads\/2020\/03\/websiteimagery24-opt.jpg","width":2560,"height":1307},{"@type":"BreadcrumbList","@id":"https:\/\/1875.ch\/fr\/societe\/gerant-de-fortune-independant\/#breadcrumb","itemListElement":[{"@type":"ListItem","position":1,"name":"Home","item":"https:\/\/1875.ch\/fr\/"},{"@type":"ListItem","position":2,"name":"Soci\u00e9t\u00e9","item":"https:\/\/1875.ch\/fr\/societe\/"},{"@type":"ListItem","position":3,"name":"A propos"}]},{"@type":"WebSite","@id":"https:\/\/1875.ch\/fr\/#website","url":"https:\/\/1875.ch\/fr\/","name":"1875 Finance","description":"The Financial Place to Be","publisher":{"@id":"https:\/\/1875.ch\/fr\/#organization"},"potentialAction":[{"@type":"SearchAction","target":{"@type":"EntryPoint","urlTemplate":"https:\/\/1875.ch\/fr\/?s={search_term_string}"},"query-input":{"@type":"PropertyValueSpecification","valueRequired":true,"valueName":"search_term_string"}}],"inLanguage":"fr-FR"},{"@type":"Organization","@id":"https:\/\/1875.ch\/fr\/#organization","name":"1875 Finance","url":"https:\/\/1875.ch\/fr\/","logo":{"@type":"ImageObject","inLanguage":"fr-FR","@id":"https:\/\/1875.ch\/fr\/#\/schema\/logo\/image\/","url":"https:\/\/1875.ch\/wp-content\/uploads\/2020\/03\/1875-logo.png","contentUrl":"https:\/\/1875.ch\/wp-content\/uploads\/2020\/03\/1875-logo.png","width":220,"height":220,"caption":"1875 Finance"},"image":{"@id":"https:\/\/1875.ch\/fr\/#\/schema\/logo\/image\/"},"sameAs":["https:\/\/www.facebook.com\/1875finance\/?fref=ts","https:\/\/www.youtube.com\/channel\/UCZA0ykjGQrrEA3GBFkn8cAg"]}]}},"_links":{"self":[{"href":"https:\/\/1875.ch\/fr\/wp-json\/wp\/v2\/pages\/85390","targetHints":{"allow":["GET"]}}],"collection":[{"href":"https:\/\/1875.ch\/fr\/wp-json\/wp\/v2\/pages"}],"about":[{"href":"https:\/\/1875.ch\/fr\/wp-json\/wp\/v2\/types\/page"}],"author":[{"embeddable":true,"href":"https:\/\/1875.ch\/fr\/wp-json\/wp\/v2\/users\/12"}],"replies":[{"embeddable":true,"href":"https:\/\/1875.ch\/fr\/wp-json\/wp\/v2\/comments?post=85390"}],"version-history":[{"count":5,"href":"https:\/\/1875.ch\/fr\/wp-json\/wp\/v2\/pages\/85390\/revisions"}],"predecessor-version":[{"id":87356,"href":"https:\/\/1875.ch\/fr\/wp-json\/wp\/v2\/pages\/85390\/revisions\/87356"}],"up":[{"embeddable":true,"href":"https:\/\/1875.ch\/fr\/wp-json\/wp\/v2\/pages\/85388"}],"wp:featuredmedia":[{"embeddable":true,"href":"https:\/\/1875.ch\/fr\/wp-json\/wp\/v2\/media\/84280"}],"wp:attachment":[{"href":"https:\/\/1875.ch\/fr\/wp-json\/wp\/v2\/media?parent=85390"}],"curies":[{"name":"wp","href":"https:\/\/api.w.org\/{rel}","templated":true}]}}