{"id":85402,"date":"2020-04-15T00:32:09","date_gmt":"2020-04-15T00:32:09","guid":{"rendered":"https:\/\/1875.ch\/company\/affiliations\/"},"modified":"2020-10-29T16:37:40","modified_gmt":"2020-10-29T16:37:40","slug":"affiliations","status":"publish","type":"page","link":"https:\/\/1875.ch\/fr\/societe\/affiliations\/","title":{"rendered":"Affiliations"},"content":{"rendered":"<div class=\"wpb-content-wrapper\"><p>[vc_row row_height_percent=\u00a0\u00bb0&Prime; override_padding=\u00a0\u00bbyes\u00a0\u00bb h_padding=\u00a0\u00bb2&Prime; top_padding=\u00a0\u00bb5&Prime; bottom_padding=\u00a0\u00bb2&Prime; overlay_alpha=\u00a0\u00bb50&Prime; gutter_size=\u00a0\u00bb3&Prime; column_width_percent=\u00a0\u00bb100&Prime; shift_y=\u00a0\u00bb0&Prime; z_index=\u00a0\u00bb0&Prime;][vc_column column_width_percent=\u00a0\u00bb100&Prime; align_horizontal=\u00a0\u00bbalign_center\u00a0\u00bb gutter_size=\u00a0\u00bb3&Prime; overlay_alpha=\u00a0\u00bb50&Prime; shift_x=\u00a0\u00bb0&Prime; shift_y=\u00a0\u00bb0&Prime; shift_y_down=\u00a0\u00bb0&Prime; z_index=\u00a0\u00bb0&Prime; medium_width=\u00a0\u00bb0&Prime; mobile_width=\u00a0\u00bb0&Prime; width=\u00a0\u00bb1\/1&Prime;][vc_custom_heading heading_semantic=\u00a0\u00bbh1&Prime; separator=\u00a0\u00bbyes\u00a0\u00bb separator_color=\u00a0\u00bbyes\u00a0\u00bb sub_lead=\u00a0\u00bbyes\u00a0\u00bb css_animation=\u00a0\u00bbcurtain\u00a0\u00bb animation_delay=\u00a0\u00bb200&Prime;]Soci\u00e9t\u00e9:<br \/>\nAffiliations[\/vc_custom_heading][\/vc_column][\/vc_row][vc_row row_height_percent=\u00a0\u00bb0&Prime; overlay_alpha=\u00a0\u00bb50&Prime; gutter_size=\u00a0\u00bb3&Prime; column_width_percent=\u00a0\u00bb100&Prime; shift_y=\u00a0\u00bb0&Prime; z_index=\u00a0\u00bb0&Prime;][vc_column width=\u00a0\u00bb1\/1&Prime;][vc_column_text]<\/p>\n<h4><strong>1875 FINANCE<\/strong>\u00a0conduit son activit\u00e9 de fa\u00e7on autonome en s\u2019affiliant aux organismes les plus respect\u00e9s et les plus s\u00e9rieux afin de garantir \u00e0 ses clients et ses partenaires un contr\u00f4le de la qualit\u00e9 de la plus haute exigence.<\/h4>\n<p>[\/vc_column_text][\/vc_column][\/vc_row][vc_row row_height_percent=\u00a0\u00bb0&Prime; overlay_alpha=\u00a0\u00bb50&Prime; gutter_size=\u00a0\u00bb3&Prime; column_width_percent=\u00a0\u00bb100&Prime; shift_y=\u00a0\u00bb0&Prime; z_index=\u00a0\u00bb0&Prime;][vc_column width=\u00a0\u00bb1\/2&Prime;][vc_column_text text_lead=\u00a0\u00bbyes\u00a0\u00bb]<\/p>\n<h4>FINMA (Autorit\u00e9 F\u00e9d\u00e9rale de Surveillance des March\u00e9s Financiers)<\/h4>\n<p>L&rsquo;autorit\u00e9 f\u00e9d\u00e9rale de surveillance des march\u00e9s financiers (FINMA) est une institution de droit public dot\u00e9e de sa propre personnalit\u00e9 juridique et comp\u00e9tente en mati\u00e8re d&rsquo;application de la loi sur l&rsquo;Autorit\u00e9 f\u00e9d\u00e9rale de surveillance des march\u00e9s financiers (LFINMA) et des lois r\u00e9gissant les march\u00e9s financiers.<\/p>\n<p>En tant qu&rsquo;autorit\u00e9 de surveillance ind\u00e9pendante, la FINMA s&rsquo;engage pour la protection des cr\u00e9anciers, des investisseurs et des assur\u00e9s et pour celle du bon fonctionnement des march\u00e9s financiers. Protection individuelle et protection fonctionnelle sont les \u00e9l\u00e9ments essentiels du mandat de la FINMA.[\/vc_column_text][uncode_list larger=\u00a0\u00bbyes\u00a0\u00bb icon=\u00a0\u00bbfa fa-arrow-right-thick\u00a0\u00bb icon_color=\u00a0\u00bbaccent\u00a0\u00bb]<\/p>\n<ul>\n<li><a href=\"https:\/\/1875.ch\/wp-content\/uploads\/2019\/05\/fassetmanager.pdf\" target=\"_blank\" rel=\"noopener noreferrer\">Liste des gestionnaires autoris\u00e9s FINMA <\/a><\/li>\n<li><a href=\"https:\/\/www.finma.ch\/fr\/\" target=\"_blank\" rel=\"noopener noreferrer\">Visiter le site Internet de la FINMA <\/a><\/li>\n<\/ul>\n<p>[\/uncode_list][\/vc_column][vc_column width=\u00a0\u00bb1\/2&Prime;][vc_column_text text_lead=\u00a0\u00bbyes\u00a0\u00bb]<\/p>\n<h4>CSSF<\/h4>\n<p>La Commission de Surveillance du Secteur Financier est un \u00e9tablissement public qui assure la surveillance des professionnels et des produits du secteur financier luxembourgeois. Elle supervise, r\u00e8glemente, autorise, informe et, le cas \u00e9ch\u00e9ant, effectue des contr\u00f4les sur place et sanctionne. Elle est, par ailleurs, charg\u00e9e de promouvoir la transparence, la simplicit\u00e9 et l&rsquo;\u00e9quit\u00e9 sur les march\u00e9s des produits et services financiers et veille \u00e0 l&rsquo;application de la l\u00e9gislation en mati\u00e8re de protection des consommateurs financiers et de lutte contre le blanchiment des capitaux et le financement du terrorisme.<\/p>\n<h4>ASG (Association Suisse des G\u00e9rants de Fortune)<\/h4>\n<p>L&rsquo;ASG a \u00e9t\u00e9 fond\u00e9 en 1986 pour donner un profil clair au secteur alors \u00e9mergent des g\u00e9rants de fortune ind\u00e9pendants. D\u00e8s le d\u00e9but, la priorit\u00e9 a \u00e9t\u00e9 donn\u00e9e \u00e0 l&rsquo;adoption de m\u00e9thodes de travail ind\u00e9pendantes et professionnelles et \u00e0 la cr\u00e9ation d&rsquo;un label de qualit\u00e9. Aujourd&rsquo;hui, l&rsquo;association s&rsquo;est impos\u00e9e comme la plus influente du secteur.[\/vc_column_text][uncode_list larger=\u00a0\u00bbyes\u00a0\u00bb icon=\u00a0\u00bbfa fa-arrow-right-thick\u00a0\u00bb icon_color=\u00a0\u00bbaccent\u00a0\u00bb]<\/p>\n<ul>\n<li><a href=\"https:\/\/www.vsv-asg.ch\/fr\/home\" target=\"_blank\" rel=\"noopener noreferrer\"> Visiter le site Internet de l\u2019ASG<\/a><\/li>\n<\/ul>\n<p>[\/uncode_list][vc_column_text text_lead=\u00a0\u00bbyes\u00a0\u00bb]<\/p>\n<h4>ASV\/ASVM (Alliance des G\u00e9rants de Fortune Suisses)<\/h4>\n<p>Fond\u00e9 en 2016, l\u2019Alliance des g\u00e9rants de fortune suisses est un r\u00e9seau de contacts pour les grands g\u00e9rants de fortune en Suisse. Elle facilite l\u2019\u00e9change d\u2019expertise et d\u2019exp\u00e9rience entre ses membres, renfor\u00e7ant ainsi leur positionnement dans un environnement exigeant.[\/vc_column_text][uncode_list larger=\u00a0\u00bbyes\u00a0\u00bb icon=\u00a0\u00bbfa fa-arrow-right-thick\u00a0\u00bb icon_color=\u00a0\u00bbaccent\u00a0\u00bb]<\/p>\n<ul>\n<li><a href=\"https:\/\/asv-aswm.ch\/fr\" target=\"_blank\" rel=\"noopener noreferrer\">Visiter le site Internet de l\u2019ASV\/ASVM<\/a><\/li>\n<\/ul>\n<p>[\/uncode_list][\/vc_column][\/vc_row][vc_row][vc_column width=\u00a0\u00bb1\/1&Prime;][vc_empty_space empty_h=\u00a0\u00bb2&Prime;][\/vc_column][\/vc_row][vc_row][vc_column width=\u00a0\u00bb1\/1&Prime;][uncode_block id=\u00a0\u00bb85485&Prime;][\/vc_column][\/vc_row][vc_row][vc_column width=\u00a0\u00bb1\/1&Prime;][uncode_block id=\u00a0\u00bb82642&Prime;][\/vc_column][\/vc_row]<\/p>\n<\/div>","protected":false},"excerpt":{"rendered":"<p>[vc_row row_height_percent=\u00a0\u00bb0&Prime; override_padding=\u00a0\u00bbyes\u00a0\u00bb h_padding=\u00a0\u00bb2&Prime; top_padding=\u00a0\u00bb5&Prime; bottom_padding=\u00a0\u00bb2&Prime; overlay_alpha=\u00a0\u00bb50&Prime; gutter_size=\u00a0\u00bb3&Prime; column_width_percent=\u00a0\u00bb100&Prime; shift_y=\u00a0\u00bb0&Prime; z_index=\u00a0\u00bb0&Prime;][vc_column column_width_percent=\u00a0\u00bb100&Prime; align_horizontal=\u00a0\u00bbalign_center\u00a0\u00bb gutter_size=\u00a0\u00bb3&Prime; overlay_alpha=\u00a0\u00bb50&Prime; shift_x=\u00a0\u00bb0&Prime; shift_y=\u00a0\u00bb0&Prime; shift_y_down=\u00a0\u00bb0&Prime; z_index=\u00a0\u00bb0&Prime; medium_width=\u00a0\u00bb0&Prime; [&hellip;]<\/p>\n","protected":false},"author":12,"featured_media":84280,"parent":85388,"menu_order":0,"comment_status":"closed","ping_status":"closed","template":"","meta":{"_monsterinsights_skip_tracking":false,"_monsterinsights_sitenote_active":false,"_monsterinsights_sitenote_note":"","_monsterinsights_sitenote_category":0,"footnotes":""},"class_list":["post-85402","page","type-page","status-publish","has-post-thumbnail","hentry","page_category-company-fr"],"yoast_head":"<!-- This site is optimized with the Yoast SEO plugin v27.3 - https:\/\/yoast.com\/product\/yoast-seo-wordpress\/ -->\n<title>Soci\u00e9t\u00e9 - Affiliations - 1875 Finance<\/title>\n<meta name=\"description\" content=\"Soci\u00e9t\u00e9, affiliations : 1875 FINANCE conduit son activit\u00e9 de fa\u00e7on autonome en s\u2019affiliant aux organismes les plus respect\u00e9s et les plus s\u00e9rieux afin de garantir \u00e0 ses clients et ses partenaires un contr\u00f4le de la qualit\u00e9 de la plus haute exigence. Gen\u00e8ve, Zurich, Luxembourg, Hong-Kong.\" \/>\n<meta name=\"robots\" content=\"index, follow, max-snippet:-1, max-image-preview:large, max-video-preview:-1\" \/>\n<link rel=\"canonical\" href=\"https:\/\/1875.ch\/fr\/societe\/affiliations\/\" \/>\n<meta property=\"og:locale\" content=\"fr_FR\" \/>\n<meta property=\"og:type\" content=\"article\" \/>\n<meta property=\"og:title\" content=\"Soci\u00e9t\u00e9 - Affiliations - 1875 Finance\" \/>\n<meta property=\"og:description\" content=\"Soci\u00e9t\u00e9, affiliations : 1875 FINANCE conduit son activit\u00e9 de fa\u00e7on autonome en s\u2019affiliant aux organismes les plus respect\u00e9s et les plus s\u00e9rieux afin de garantir \u00e0 ses clients et ses partenaires un contr\u00f4le de la qualit\u00e9 de la plus haute exigence. Gen\u00e8ve, Zurich, Luxembourg, Hong-Kong.\" \/>\n<meta property=\"og:url\" content=\"https:\/\/1875.ch\/fr\/societe\/affiliations\/\" \/>\n<meta property=\"og:site_name\" content=\"1875 Finance\" \/>\n<meta property=\"article:publisher\" content=\"https:\/\/www.facebook.com\/1875finance\/?fref=ts\" \/>\n<meta property=\"article:modified_time\" content=\"2020-10-29T16:37:40+00:00\" \/>\n<meta property=\"og:image\" content=\"https:\/\/1875.ch\/wp-content\/uploads\/2020\/03\/websiteimagery24-opt.jpg\" \/>\n\t<meta property=\"og:image:width\" content=\"2560\" \/>\n\t<meta property=\"og:image:height\" content=\"1307\" \/>\n\t<meta property=\"og:image:type\" content=\"image\/jpeg\" \/>\n<meta name=\"twitter:card\" content=\"summary_large_image\" \/>\n<meta name=\"twitter:label1\" content=\"Dur\u00e9e de lecture estim\u00e9e\" \/>\n\t<meta name=\"twitter:data1\" content=\"3 minutes\" \/>\n<script type=\"application\/ld+json\" class=\"yoast-schema-graph\">{\"@context\":\"https:\\\/\\\/schema.org\",\"@graph\":[{\"@type\":\"WebPage\",\"@id\":\"https:\\\/\\\/1875.ch\\\/fr\\\/societe\\\/affiliations\\\/\",\"url\":\"https:\\\/\\\/1875.ch\\\/fr\\\/societe\\\/affiliations\\\/\",\"name\":\"Soci\u00e9t\u00e9 - Affiliations - 1875 Finance\",\"isPartOf\":{\"@id\":\"https:\\\/\\\/1875.ch\\\/fr\\\/#website\"},\"primaryImageOfPage\":{\"@id\":\"https:\\\/\\\/1875.ch\\\/fr\\\/societe\\\/affiliations\\\/#primaryimage\"},\"image\":{\"@id\":\"https:\\\/\\\/1875.ch\\\/fr\\\/societe\\\/affiliations\\\/#primaryimage\"},\"thumbnailUrl\":\"https:\\\/\\\/1875.ch\\\/wp-content\\\/uploads\\\/2020\\\/03\\\/websiteimagery24-opt.jpg\",\"datePublished\":\"2020-04-15T00:32:09+00:00\",\"dateModified\":\"2020-10-29T16:37:40+00:00\",\"description\":\"Soci\u00e9t\u00e9, affiliations : 1875 FINANCE conduit son activit\u00e9 de fa\u00e7on autonome en s\u2019affiliant aux organismes les plus respect\u00e9s et les plus s\u00e9rieux afin de garantir \u00e0 ses clients et ses partenaires un contr\u00f4le de la qualit\u00e9 de la plus haute exigence. Gen\u00e8ve, Zurich, Luxembourg, Hong-Kong.\",\"breadcrumb\":{\"@id\":\"https:\\\/\\\/1875.ch\\\/fr\\\/societe\\\/affiliations\\\/#breadcrumb\"},\"inLanguage\":\"fr-FR\",\"potentialAction\":[{\"@type\":\"ReadAction\",\"target\":[\"https:\\\/\\\/1875.ch\\\/fr\\\/societe\\\/affiliations\\\/\"]}]},{\"@type\":\"ImageObject\",\"inLanguage\":\"fr-FR\",\"@id\":\"https:\\\/\\\/1875.ch\\\/fr\\\/societe\\\/affiliations\\\/#primaryimage\",\"url\":\"https:\\\/\\\/1875.ch\\\/wp-content\\\/uploads\\\/2020\\\/03\\\/websiteimagery24-opt.jpg\",\"contentUrl\":\"https:\\\/\\\/1875.ch\\\/wp-content\\\/uploads\\\/2020\\\/03\\\/websiteimagery24-opt.jpg\",\"width\":2560,\"height\":1307},{\"@type\":\"BreadcrumbList\",\"@id\":\"https:\\\/\\\/1875.ch\\\/fr\\\/societe\\\/affiliations\\\/#breadcrumb\",\"itemListElement\":[{\"@type\":\"ListItem\",\"position\":1,\"name\":\"Home\",\"item\":\"https:\\\/\\\/1875.ch\\\/fr\\\/\"},{\"@type\":\"ListItem\",\"position\":2,\"name\":\"Soci\u00e9t\u00e9\",\"item\":\"https:\\\/\\\/1875.ch\\\/fr\\\/societe\\\/\"},{\"@type\":\"ListItem\",\"position\":3,\"name\":\"Affiliations\"}]},{\"@type\":\"WebSite\",\"@id\":\"https:\\\/\\\/1875.ch\\\/fr\\\/#website\",\"url\":\"https:\\\/\\\/1875.ch\\\/fr\\\/\",\"name\":\"1875 Finance\",\"description\":\"The Financial Place to Be\",\"publisher\":{\"@id\":\"https:\\\/\\\/1875.ch\\\/fr\\\/#organization\"},\"potentialAction\":[{\"@type\":\"SearchAction\",\"target\":{\"@type\":\"EntryPoint\",\"urlTemplate\":\"https:\\\/\\\/1875.ch\\\/fr\\\/?s={search_term_string}\"},\"query-input\":{\"@type\":\"PropertyValueSpecification\",\"valueRequired\":true,\"valueName\":\"search_term_string\"}}],\"inLanguage\":\"fr-FR\"},{\"@type\":\"Organization\",\"@id\":\"https:\\\/\\\/1875.ch\\\/fr\\\/#organization\",\"name\":\"1875 Finance\",\"url\":\"https:\\\/\\\/1875.ch\\\/fr\\\/\",\"logo\":{\"@type\":\"ImageObject\",\"inLanguage\":\"fr-FR\",\"@id\":\"https:\\\/\\\/1875.ch\\\/fr\\\/#\\\/schema\\\/logo\\\/image\\\/\",\"url\":\"https:\\\/\\\/1875.ch\\\/wp-content\\\/uploads\\\/2020\\\/03\\\/1875-logo.png\",\"contentUrl\":\"https:\\\/\\\/1875.ch\\\/wp-content\\\/uploads\\\/2020\\\/03\\\/1875-logo.png\",\"width\":220,\"height\":220,\"caption\":\"1875 Finance\"},\"image\":{\"@id\":\"https:\\\/\\\/1875.ch\\\/fr\\\/#\\\/schema\\\/logo\\\/image\\\/\"},\"sameAs\":[\"https:\\\/\\\/www.facebook.com\\\/1875finance\\\/?fref=ts\",\"https:\\\/\\\/www.youtube.com\\\/channel\\\/UCZA0ykjGQrrEA3GBFkn8cAg\"]}]}<\/script>\n<!-- \/ Yoast SEO plugin. -->","yoast_head_json":{"title":"Soci\u00e9t\u00e9 - Affiliations - 1875 Finance","description":"Soci\u00e9t\u00e9, affiliations : 1875 FINANCE conduit son activit\u00e9 de fa\u00e7on autonome en s\u2019affiliant aux organismes les plus respect\u00e9s et les plus s\u00e9rieux afin de garantir \u00e0 ses clients et ses partenaires un contr\u00f4le de la qualit\u00e9 de la plus haute exigence. Gen\u00e8ve, Zurich, Luxembourg, Hong-Kong.","robots":{"index":"index","follow":"follow","max-snippet":"max-snippet:-1","max-image-preview":"max-image-preview:large","max-video-preview":"max-video-preview:-1"},"canonical":"https:\/\/1875.ch\/fr\/societe\/affiliations\/","og_locale":"fr_FR","og_type":"article","og_title":"Soci\u00e9t\u00e9 - Affiliations - 1875 Finance","og_description":"Soci\u00e9t\u00e9, affiliations : 1875 FINANCE conduit son activit\u00e9 de fa\u00e7on autonome en s\u2019affiliant aux organismes les plus respect\u00e9s et les plus s\u00e9rieux afin de garantir \u00e0 ses clients et ses partenaires un contr\u00f4le de la qualit\u00e9 de la plus haute exigence. Gen\u00e8ve, Zurich, Luxembourg, Hong-Kong.","og_url":"https:\/\/1875.ch\/fr\/societe\/affiliations\/","og_site_name":"1875 Finance","article_publisher":"https:\/\/www.facebook.com\/1875finance\/?fref=ts","article_modified_time":"2020-10-29T16:37:40+00:00","og_image":[{"width":2560,"height":1307,"url":"https:\/\/1875.ch\/wp-content\/uploads\/2020\/03\/websiteimagery24-opt.jpg","type":"image\/jpeg"}],"twitter_card":"summary_large_image","twitter_misc":{"Dur\u00e9e de lecture estim\u00e9e":"3 minutes"},"schema":{"@context":"https:\/\/schema.org","@graph":[{"@type":"WebPage","@id":"https:\/\/1875.ch\/fr\/societe\/affiliations\/","url":"https:\/\/1875.ch\/fr\/societe\/affiliations\/","name":"Soci\u00e9t\u00e9 - Affiliations - 1875 Finance","isPartOf":{"@id":"https:\/\/1875.ch\/fr\/#website"},"primaryImageOfPage":{"@id":"https:\/\/1875.ch\/fr\/societe\/affiliations\/#primaryimage"},"image":{"@id":"https:\/\/1875.ch\/fr\/societe\/affiliations\/#primaryimage"},"thumbnailUrl":"https:\/\/1875.ch\/wp-content\/uploads\/2020\/03\/websiteimagery24-opt.jpg","datePublished":"2020-04-15T00:32:09+00:00","dateModified":"2020-10-29T16:37:40+00:00","description":"Soci\u00e9t\u00e9, affiliations : 1875 FINANCE conduit son activit\u00e9 de fa\u00e7on autonome en s\u2019affiliant aux organismes les plus respect\u00e9s et les plus s\u00e9rieux afin de garantir \u00e0 ses clients et ses partenaires un contr\u00f4le de la qualit\u00e9 de la plus haute exigence. Gen\u00e8ve, Zurich, Luxembourg, Hong-Kong.","breadcrumb":{"@id":"https:\/\/1875.ch\/fr\/societe\/affiliations\/#breadcrumb"},"inLanguage":"fr-FR","potentialAction":[{"@type":"ReadAction","target":["https:\/\/1875.ch\/fr\/societe\/affiliations\/"]}]},{"@type":"ImageObject","inLanguage":"fr-FR","@id":"https:\/\/1875.ch\/fr\/societe\/affiliations\/#primaryimage","url":"https:\/\/1875.ch\/wp-content\/uploads\/2020\/03\/websiteimagery24-opt.jpg","contentUrl":"https:\/\/1875.ch\/wp-content\/uploads\/2020\/03\/websiteimagery24-opt.jpg","width":2560,"height":1307},{"@type":"BreadcrumbList","@id":"https:\/\/1875.ch\/fr\/societe\/affiliations\/#breadcrumb","itemListElement":[{"@type":"ListItem","position":1,"name":"Home","item":"https:\/\/1875.ch\/fr\/"},{"@type":"ListItem","position":2,"name":"Soci\u00e9t\u00e9","item":"https:\/\/1875.ch\/fr\/societe\/"},{"@type":"ListItem","position":3,"name":"Affiliations"}]},{"@type":"WebSite","@id":"https:\/\/1875.ch\/fr\/#website","url":"https:\/\/1875.ch\/fr\/","name":"1875 Finance","description":"The Financial Place to Be","publisher":{"@id":"https:\/\/1875.ch\/fr\/#organization"},"potentialAction":[{"@type":"SearchAction","target":{"@type":"EntryPoint","urlTemplate":"https:\/\/1875.ch\/fr\/?s={search_term_string}"},"query-input":{"@type":"PropertyValueSpecification","valueRequired":true,"valueName":"search_term_string"}}],"inLanguage":"fr-FR"},{"@type":"Organization","@id":"https:\/\/1875.ch\/fr\/#organization","name":"1875 Finance","url":"https:\/\/1875.ch\/fr\/","logo":{"@type":"ImageObject","inLanguage":"fr-FR","@id":"https:\/\/1875.ch\/fr\/#\/schema\/logo\/image\/","url":"https:\/\/1875.ch\/wp-content\/uploads\/2020\/03\/1875-logo.png","contentUrl":"https:\/\/1875.ch\/wp-content\/uploads\/2020\/03\/1875-logo.png","width":220,"height":220,"caption":"1875 Finance"},"image":{"@id":"https:\/\/1875.ch\/fr\/#\/schema\/logo\/image\/"},"sameAs":["https:\/\/www.facebook.com\/1875finance\/?fref=ts","https:\/\/www.youtube.com\/channel\/UCZA0ykjGQrrEA3GBFkn8cAg"]}]}},"_links":{"self":[{"href":"https:\/\/1875.ch\/fr\/wp-json\/wp\/v2\/pages\/85402","targetHints":{"allow":["GET"]}}],"collection":[{"href":"https:\/\/1875.ch\/fr\/wp-json\/wp\/v2\/pages"}],"about":[{"href":"https:\/\/1875.ch\/fr\/wp-json\/wp\/v2\/types\/page"}],"author":[{"embeddable":true,"href":"https:\/\/1875.ch\/fr\/wp-json\/wp\/v2\/users\/12"}],"replies":[{"embeddable":true,"href":"https:\/\/1875.ch\/fr\/wp-json\/wp\/v2\/comments?post=85402"}],"version-history":[{"count":2,"href":"https:\/\/1875.ch\/fr\/wp-json\/wp\/v2\/pages\/85402\/revisions"}],"predecessor-version":[{"id":86517,"href":"https:\/\/1875.ch\/fr\/wp-json\/wp\/v2\/pages\/85402\/revisions\/86517"}],"up":[{"embeddable":true,"href":"https:\/\/1875.ch\/fr\/wp-json\/wp\/v2\/pages\/85388"}],"wp:featuredmedia":[{"embeddable":true,"href":"https:\/\/1875.ch\/fr\/wp-json\/wp\/v2\/media\/84280"}],"wp:attachment":[{"href":"https:\/\/1875.ch\/fr\/wp-json\/wp\/v2\/media?parent=85402"}],"curies":[{"name":"wp","href":"https:\/\/api.w.org\/{rel}","templated":true}]}}