{"id":85410,"date":"2020-04-10T01:44:34","date_gmt":"2020-04-10T01:44:34","guid":{"rendered":"https:\/\/1875.ch\/company\/associates-and-management\/"},"modified":"2023-11-14T07:37:16","modified_gmt":"2023-11-14T07:37:16","slug":"associes-fondateurs","status":"publish","type":"page","link":"https:\/\/1875.ch\/fr\/societe\/associes-fondateurs\/","title":{"rendered":"Associ\u00e9s fondateurs"},"content":{"rendered":"<div class=\"wpb-content-wrapper\"><p>[vc_row row_height_percent=\u00a0\u00bb0&Prime; override_padding=\u00a0\u00bbyes\u00a0\u00bb h_padding=\u00a0\u00bb2&Prime; top_padding=\u00a0\u00bb5&Prime; bottom_padding=\u00a0\u00bb2&Prime; overlay_alpha=\u00a0\u00bb50&Prime; gutter_size=\u00a0\u00bb3&Prime; column_width_percent=\u00a0\u00bb100&Prime; shift_y=\u00a0\u00bb0&Prime; z_index=\u00a0\u00bb0&Prime;][vc_column column_width_percent=\u00a0\u00bb100&Prime; align_horizontal=\u00a0\u00bbalign_center\u00a0\u00bb gutter_size=\u00a0\u00bb3&Prime; overlay_alpha=\u00a0\u00bb50&Prime; shift_x=\u00a0\u00bb0&Prime; shift_y=\u00a0\u00bb0&Prime; shift_y_down=\u00a0\u00bb0&Prime; z_index=\u00a0\u00bb0&Prime; medium_width=\u00a0\u00bb0&Prime; mobile_width=\u00a0\u00bb0&Prime; width=\u00a0\u00bb1\/1&Prime;][vc_custom_heading heading_semantic=\u00a0\u00bbh1&Prime; separator=\u00a0\u00bbyes\u00a0\u00bb separator_color=\u00a0\u00bbyes\u00a0\u00bb sub_lead=\u00a0\u00bbyes\u00a0\u00bb css_animation=\u00a0\u00bbcurtain\u00a0\u00bb animation_delay=\u00a0\u00bb200&Prime;]Soci\u00e9t\u00e9:<br \/>\nEthique et excellence[\/vc_custom_heading][\/vc_column][\/vc_row][vc_row row_height_percent=\u00a0\u00bb0&Prime; overlay_alpha=\u00a0\u00bb50&Prime; gutter_size=\u00a0\u00bb3&Prime; column_width_percent=\u00a0\u00bb100&Prime; shift_y=\u00a0\u00bb0&Prime; z_index=\u00a0\u00bb0&Prime;][vc_column width=\u00a0\u00bb1\/1&Prime;][vc_column_text]<\/p>\n<h4>N\u00e9e de l\u2019exp\u00e9rience commune de ses fondateurs au sein de la m\u00eame banque,\u00a0<strong>1875 FINANCE<\/strong>\u00a0repose sur un esprit d\u2019\u00e9quipe ind\u00e9fectible garantissant une coh\u00e9sion constante et une responsabilit\u00e9 partag\u00e9e dans les choix strat\u00e9giques et le conseil \u00e0 la client\u00e8le.<\/h4>\n<p>[\/vc_column_text][\/vc_column][\/vc_row][vc_row row_height_percent=\u00a0\u00bb0&Prime; overlay_alpha=\u00a0\u00bb50&Prime; gutter_size=\u00a0\u00bb3&Prime; column_width_percent=\u00a0\u00bb100&Prime; shift_y=\u00a0\u00bb0&Prime; z_index=\u00a0\u00bb0&Prime;][vc_column column_width_percent=\u00a0\u00bb100&Prime; gutter_size=\u00a0\u00bb3&Prime; overlay_alpha=\u00a0\u00bb50&Prime; shift_x=\u00a0\u00bb0&Prime; shift_y=\u00a0\u00bb0&Prime; shift_y_down=\u00a0\u00bb0&Prime; z_index=\u00a0\u00bb0&Prime; medium_width=\u00a0\u00bb0&Prime; mobile_width=\u00a0\u00bb0&Prime; width=\u00a0\u00bb1\/1&Prime;][vc_custom_heading heading_semantic=\u00a0\u00bbh1&Prime; separator=\u00a0\u00bbyes\u00a0\u00bb separator_color=\u00a0\u00bbyes\u00a0\u00bb sub_lead=\u00a0\u00bbyes\u00a0\u00bb]<\/p>\n<h4 class=\"widget-title\">PARTENAIRES FONDATEURS<\/h4>\n<p>[\/vc_custom_heading][\/vc_column][\/vc_row][vc_row row_height_percent=\u00a0\u00bb50&Prime; overlay_alpha=\u00a0\u00bb50&Prime; gutter_size=\u00a0\u00bb4&Prime; column_width_percent=\u00a0\u00bb100&Prime; shift_y=\u00a0\u00bb0&Prime; z_index=\u00a0\u00bb0&Prime; el_class=\u00a0\u00bbinverted-device-order\u00a0\u00bb][vc_column width=\u00a0\u00bb1\/2&Prime;][vc_single_image media=\u00a0\u00bb83954&Prime; media_width_percent=\u00a0\u00bb100&Prime; media_ratio=\u00a0\u00bbone-one\u00a0\u00bb shadow=\u00a0\u00bbyes\u00a0\u00bb shadow_weight=\u00a0\u00bbstd\u00a0\u00bb shadow_darker=\u00a0\u00bbyes\u00a0\u00bb][\/vc_column][vc_column column_width_use_pixel=\u00a0\u00bbyes\u00a0\u00bb position_vertical=\u00a0\u00bbmiddle\u00a0\u00bb gutter_size=\u00a0\u00bb3&Prime; overlay_alpha=\u00a0\u00bb50&Prime; shift_x=\u00a0\u00bb0&Prime; shift_y=\u00a0\u00bb0&Prime; shift_y_down=\u00a0\u00bb0&Prime; z_index=\u00a0\u00bb0&Prime; medium_width=\u00a0\u00bb0&Prime; mobile_width=\u00a0\u00bb0&Prime; width=\u00a0\u00bb1\/2&Prime; column_width_pixel=\u00a0\u00bb900&Prime;][vc_custom_heading text_color=\u00a0\u00bbaccent\u00a0\u00bb heading_semantic=\u00a0\u00bbh6&Prime; text_size=\u00a0\u00bbfontsize-160000&Prime; text_transform=\u00a0\u00bbuppercase\u00a0\u00bb text_space=\u00a0\u00bbfontspace-210350&Prime;]Associ\u00e9, Pr\u00e9sident du Conseil d\u2019Administration[\/vc_custom_heading][vc_custom_heading heading_semantic=\u00a0\u00bbh3&Prime; text_size=\u00a0\u00bbh3&Prime;]Olivier Bizon[\/vc_custom_heading][vc_column_text]Olivier Bizon commence sa carri\u00e8re en 1987 aupr\u00e8s de Paribas (Suisse) SA en qualit\u00e9 de conseiller financier \u00e0 la client\u00e8le institutionnelle. De 1992 \u00e0 1995, il rejoint Cr\u00e9dit Suisse Private Banking, o\u00f9 il se consacre \u00e0 la gestion de clients priv\u00e9s et professionnels. En 1995, r\u00e9int\u00e9grant Paribas (Suisse) SA, il reprend le secteur suisse des clients priv\u00e9s puis est nomm\u00e9 Membre de la Direction puis Membre du Comit\u00e9 de Direction-m\u00e9tier en 2000. En 2001, il entre chez Ferrier Lullin &amp; Cie SA en tant que Managing Director. Six mois plus tard, il devient Membre du Directoire, Responsable du Private Banking pour l&rsquo;ensemble de la Banque. En 2005, il fait partie de l&rsquo;\u00e9quipe de Direction qui vend trois banques priv\u00e9es et un g\u00e9rant d&rsquo;actifs (SBC Wealth Management AG) \u00e0 Julius Baer.<\/p>\n<p>En 2006, il quitte la Banque pour fonder 1875 FINANCE dont il sera le Managing Partner et le Vice- Pr\u00e9sident du Conseil d\u2019Administration jusqu\u2019en 2016, date \u00e0 laquelle il reprend la pr\u00e9sidence du Conseil.[\/vc_column_text][\/vc_column][\/vc_row][vc_row row_height_percent=\u00a0\u00bb50&Prime; overlay_alpha=\u00a0\u00bb50&Prime; gutter_size=\u00a0\u00bb4&Prime; column_width_percent=\u00a0\u00bb100&Prime; shift_y=\u00a0\u00bb0&Prime; z_index=\u00a0\u00bb0&Prime; el_class=\u00a0\u00bbinverted-device-order\u00a0\u00bb][vc_column width=\u00a0\u00bb1\/2&Prime;][vc_single_image media=\u00a0\u00bb87082&Prime; media_width_percent=\u00a0\u00bb100&Prime; media_ratio=\u00a0\u00bbone-one\u00a0\u00bb shadow=\u00a0\u00bbyes\u00a0\u00bb shadow_weight=\u00a0\u00bbstd\u00a0\u00bb shadow_darker=\u00a0\u00bbyes\u00a0\u00bb][\/vc_column][vc_column column_width_use_pixel=\u00a0\u00bbyes\u00a0\u00bb position_vertical=\u00a0\u00bbmiddle\u00a0\u00bb gutter_size=\u00a0\u00bb3&Prime; overlay_alpha=\u00a0\u00bb50&Prime; shift_x=\u00a0\u00bb0&Prime; shift_y=\u00a0\u00bb0&Prime; shift_y_down=\u00a0\u00bb0&Prime; z_index=\u00a0\u00bb0&Prime; medium_width=\u00a0\u00bb0&Prime; mobile_width=\u00a0\u00bb0&Prime; width=\u00a0\u00bb1\/2&Prime; column_width_pixel=\u00a0\u00bb900&Prime;][vc_custom_heading text_color=\u00a0\u00bbaccent\u00a0\u00bb heading_semantic=\u00a0\u00bbh6&Prime; text_size=\u00a0\u00bbfontsize-160000&Prime; text_transform=\u00a0\u00bbuppercase\u00a0\u00bb text_space=\u00a0\u00bbfontspace-210350&Prime;]Associ\u00e9, CEO (Chief Executive Officer)[\/vc_custom_heading][vc_custom_heading heading_semantic=\u00a0\u00bbh3&Prime; text_size=\u00a0\u00bbh3&Prime;]Paul Kohler[\/vc_custom_heading][vc_column_text uncode_shortcode_id=\u00a0\u00bb585660&Prime;]Paul Kohler entame sa carri\u00e8re financi\u00e8re en 1991 chez ELF Trading \u00e0 Gen\u00e8ve. En 1993, il rejoint Paribas (Suisse) SA \u00e0 Gen\u00e8ve, pour se consacrer \u00e0 la gestion de clients priv\u00e9s, puis est nomm\u00e9 Membre de la Direction en 1998.<\/p>\n<p>Il rejoint Ferrier Lullin &amp; Cie, membre du Groupe UBS, en 2001 pour diriger le groupe de gestion suisse. Il est nomm\u00e9 Managing Director en 2005 avant la vente de Ferrier Lullin \u00e0 Julius Baer.<\/p>\n<p>En 2006, il quitte la Banque afin de fonder 1875 FINANCE avec Olivier Bizon, Aksel Azrac et la famille Ormond, Fran\u00e7ois-Michel Ormond et Jacques-Antoine Ormond.<\/p>\n<p>Aujourd&rsquo;hui Paul Kohler occupe le r\u00f4le de CEO de 1875 FINANCE.[\/vc_column_text][\/vc_column][\/vc_row][vc_row row_height_percent=\u00a0\u00bb50&Prime; overlay_alpha=\u00a0\u00bb50&Prime; gutter_size=\u00a0\u00bb4&Prime; column_width_percent=\u00a0\u00bb100&Prime; shift_y=\u00a0\u00bb0&Prime; z_index=\u00a0\u00bb0&Prime; el_class=\u00a0\u00bbinverted-device-order\u00a0\u00bb][vc_column width=\u00a0\u00bb1\/2&Prime;][vc_single_image media=\u00a0\u00bb82892&Prime; media_width_percent=\u00a0\u00bb100&Prime; media_ratio=\u00a0\u00bbone-one\u00a0\u00bb shadow=\u00a0\u00bbyes\u00a0\u00bb shadow_weight=\u00a0\u00bbstd\u00a0\u00bb shadow_darker=\u00a0\u00bbyes\u00a0\u00bb][\/vc_column][vc_column column_width_use_pixel=\u00a0\u00bbyes\u00a0\u00bb position_vertical=\u00a0\u00bbmiddle\u00a0\u00bb gutter_size=\u00a0\u00bb3&Prime; overlay_alpha=\u00a0\u00bb50&Prime; shift_x=\u00a0\u00bb0&Prime; shift_y=\u00a0\u00bb0&Prime; shift_y_down=\u00a0\u00bb0&Prime; z_index=\u00a0\u00bb0&Prime; medium_width=\u00a0\u00bb0&Prime; mobile_width=\u00a0\u00bb0&Prime; width=\u00a0\u00bb1\/2&Prime; column_width_pixel=\u00a0\u00bb900&Prime;][vc_custom_heading text_color=\u00a0\u00bbaccent\u00a0\u00bb heading_semantic=\u00a0\u00bbh6&Prime; text_size=\u00a0\u00bbfontsize-160000&Prime; text_transform=\u00a0\u00bbuppercase\u00a0\u00bb text_space=\u00a0\u00bbfontspace-210350&Prime;]Associ\u00e9, en charge du Multi-Family Office[\/vc_custom_heading][vc_custom_heading heading_semantic=\u00a0\u00bbh3&Prime; text_size=\u00a0\u00bbh3&Prime;]Aksel Azrac[\/vc_custom_heading][vc_column_text]Aksel Azrac fait ses premi\u00e8res armes en tant que consultant pour de grandes marques automobiles. Il rejoint la Banque Paribas (Suisse) SA \u00e0 Gen\u00e8ve en 1997 pour cog\u00e9rer le fonds Parvest Switzerland, puis reprendre l&rsquo;activit\u00e9 de conseil. Il rejoint la Banque Ferrier Lullin &amp; Cie en 2001, o\u00f9 il est responsable d&rsquo;un portefeuille de clients suisses et \u00e9trangers. Il est nomm\u00e9 Membre de la Direction en 2002.<\/p>\n<p>En 2006, il quitte la Banque pour fonder 1875 FINANCE en tant qu\u2019Associ\u00e9-G\u00e9rant senior.[\/vc_column_text][\/vc_column][\/vc_row][vc_row row_height_percent=\u00a0\u00bb50&Prime; overlay_alpha=\u00a0\u00bb50&Prime; gutter_size=\u00a0\u00bb4&Prime; column_width_percent=\u00a0\u00bb100&Prime; shift_y=\u00a0\u00bb0&Prime; z_index=\u00a0\u00bb0&Prime; el_class=\u00a0\u00bbinverted-device-order\u00a0\u00bb][vc_column width=\u00a0\u00bb1\/2&Prime;][vc_single_image media=\u00a0\u00bb87483&Prime; media_width_percent=\u00a0\u00bb100&Prime; media_ratio=\u00a0\u00bbone-one\u00a0\u00bb shadow=\u00a0\u00bbyes\u00a0\u00bb shadow_weight=\u00a0\u00bbstd\u00a0\u00bb shadow_darker=\u00a0\u00bbyes\u00a0\u00bb uncode_shortcode_id=\u00a0\u00bb165443&Prime;][\/vc_column][vc_column column_width_use_pixel=\u00a0\u00bbyes\u00a0\u00bb position_vertical=\u00a0\u00bbmiddle\u00a0\u00bb gutter_size=\u00a0\u00bb3&Prime; overlay_alpha=\u00a0\u00bb50&Prime; shift_x=\u00a0\u00bb0&Prime; shift_y=\u00a0\u00bb0&Prime; shift_y_down=\u00a0\u00bb0&Prime; z_index=\u00a0\u00bb0&Prime; medium_width=\u00a0\u00bb0&Prime; mobile_width=\u00a0\u00bb0&Prime; width=\u00a0\u00bb1\/2&Prime; column_width_pixel=\u00a0\u00bb900&Prime;][vc_custom_heading text_color=\u00a0\u00bbaccent\u00a0\u00bb heading_semantic=\u00a0\u00bbh6&Prime; text_size=\u00a0\u00bbfontsize-160000&Prime; text_transform=\u00a0\u00bbuppercase\u00a0\u00bb text_space=\u00a0\u00bbfontspace-210350&Prime;]Associ\u00e9, en charge de l&rsquo;Asset Management[\/vc_custom_heading][vc_custom_heading heading_semantic=\u00a0\u00bbh3&Prime; text_size=\u00a0\u00bbh3&Prime;]Jacques-Antoine Ormond[\/vc_custom_heading][vc_column_text]Jacques-Antoine Ormond d\u00e9bute sa carri\u00e8re en 1999 \u00e0 la Banque Ferrier Lullin &amp; Cie. Apr\u00e8s un passage chez UBS Warburg et GAM \u00e0 Londres, il rejoint en 2001 le march\u00e9 suisse de Ferrier Lullin \u00e0 Gen\u00e8ve en qualit\u00e9 de gestionnaire. En 2004, il obtient le dipl\u00f4me d&rsquo;analyste financier (CIIA), puis est nomm\u00e9 Membre de la Direction.<\/p>\n<p>En 2006, il quitte la Banque pour fonder 1875 FINANCE en tant qu\u2019Associ\u00e9, puis en tant qu\u2019Associ\u00e9-G\u00e9rant senior depuis 2011.[\/vc_column_text][\/vc_column][\/vc_row][vc_row row_height_percent=\u00a0\u00bb0&Prime; overlay_alpha=\u00a0\u00bb50&Prime; gutter_size=\u00a0\u00bb3&Prime; column_width_percent=\u00a0\u00bb100&Prime; shift_y=\u00a0\u00bb0&Prime; z_index=\u00a0\u00bb0&Prime;][vc_column column_width_percent=\u00a0\u00bb100&Prime; gutter_size=\u00a0\u00bb3&Prime; overlay_alpha=\u00a0\u00bb50&Prime; shift_x=\u00a0\u00bb0&Prime; shift_y=\u00a0\u00bb0&Prime; shift_y_down=\u00a0\u00bb0&Prime; z_index=\u00a0\u00bb0&Prime; medium_width=\u00a0\u00bb0&Prime; mobile_width=\u00a0\u00bb0&Prime; width=\u00a0\u00bb1\/1&Prime;][vc_custom_heading heading_semantic=\u00a0\u00bbh1&Prime; separator=\u00a0\u00bbyes\u00a0\u00bb separator_color=\u00a0\u00bbyes\u00a0\u00bb sub_lead=\u00a0\u00bbyes\u00a0\u00bb]<\/p>\n<h3 class=\"widget-title\">PR\u00c9SIDENT DU CONSEIL D&rsquo;ADMINISTRATION (2006-2016)<\/h3>\n<p>[\/vc_custom_heading][\/vc_column][\/vc_row][vc_row row_height_percent=\u00a0\u00bb50&Prime; override_padding=\u00a0\u00bbyes\u00a0\u00bb h_padding=\u00a0\u00bb2&Prime; top_padding=\u00a0\u00bb2&Prime; bottom_padding=\u00a0\u00bb5&Prime; overlay_alpha=\u00a0\u00bb50&Prime; gutter_size=\u00a0\u00bb4&Prime; column_width_percent=\u00a0\u00bb100&Prime; shift_y=\u00a0\u00bb0&Prime; z_index=\u00a0\u00bb0&Prime; el_class=\u00a0\u00bbinverted-device-order\u00a0\u00bb][vc_column width=\u00a0\u00bb1\/2&Prime;][vc_single_image media=\u00a0\u00bb83146&Prime; media_width_percent=\u00a0\u00bb100&Prime; media_ratio=\u00a0\u00bbone-one\u00a0\u00bb shadow=\u00a0\u00bbyes\u00a0\u00bb shadow_weight=\u00a0\u00bbstd\u00a0\u00bb shadow_darker=\u00a0\u00bbyes\u00a0\u00bb][\/vc_column][vc_column column_width_use_pixel=\u00a0\u00bbyes\u00a0\u00bb position_vertical=\u00a0\u00bbmiddle\u00a0\u00bb gutter_size=\u00a0\u00bb3&Prime; overlay_alpha=\u00a0\u00bb50&Prime; shift_x=\u00a0\u00bb0&Prime; shift_y=\u00a0\u00bb0&Prime; shift_y_down=\u00a0\u00bb0&Prime; z_index=\u00a0\u00bb0&Prime; medium_width=\u00a0\u00bb0&Prime; mobile_width=\u00a0\u00bb0&Prime; width=\u00a0\u00bb1\/2&Prime; column_width_pixel=\u00a0\u00bb900&Prime;][vc_custom_heading text_color=\u00a0\u00bbaccent\u00a0\u00bb heading_semantic=\u00a0\u00bbh6&Prime; text_size=\u00a0\u00bbfontsize-160000&Prime; text_transform=\u00a0\u00bbuppercase\u00a0\u00bb text_space=\u00a0\u00bbfontspace-210350&Prime;]Pr\u00e9sident du Conseil d\u2019Administration (2006-2016)[\/vc_custom_heading][vc_custom_heading heading_semantic=\u00a0\u00bbh3&Prime; text_size=\u00a0\u00bbh3&Prime;]Fran\u00e7ois-Michel Ormond[\/vc_custom_heading][vc_column_text]Fran\u00e7ois-Michel Ormond rejoint en 1966 Ormond &amp; Cie, bureau de g\u00e9rance de fortune familial puis cofonde la Banque Ormond Burrus et Cie en 1971. Jusqu&rsquo;en 1998, il est Membre du Comit\u00e9 de Direction de la Banque Cantrade Ormond Burrus. Apr\u00e8s la fusion de la Banque avec Ferrier Lullin &amp; Cie, membre du groupe UBS, il en devient Administrateur.<\/p>\n<p>En 2006, il fonde 1875 FINANCE en tant qu\u2019Associ\u00e9-G\u00e9rant senior, poste qu\u2019il occupe jusqu\u2019en 2011 et en tant que Pr\u00e9sident du Conseil d\u2019Administration jusqu\u2019en 2016.[\/vc_column_text][\/vc_column][\/vc_row]<\/p>\n<\/div>","protected":false},"excerpt":{"rendered":"<p>[vc_row row_height_percent=\u00a0\u00bb0&Prime; override_padding=\u00a0\u00bbyes\u00a0\u00bb h_padding=\u00a0\u00bb2&Prime; top_padding=\u00a0\u00bb5&Prime; bottom_padding=\u00a0\u00bb2&Prime; overlay_alpha=\u00a0\u00bb50&Prime; gutter_size=\u00a0\u00bb3&Prime; column_width_percent=\u00a0\u00bb100&Prime; shift_y=\u00a0\u00bb0&Prime; z_index=\u00a0\u00bb0&Prime;][vc_column column_width_percent=\u00a0\u00bb100&Prime; align_horizontal=\u00a0\u00bbalign_center\u00a0\u00bb gutter_size=\u00a0\u00bb3&Prime; overlay_alpha=\u00a0\u00bb50&Prime; shift_x=\u00a0\u00bb0&Prime; shift_y=\u00a0\u00bb0&Prime; shift_y_down=\u00a0\u00bb0&Prime; z_index=\u00a0\u00bb0&Prime; medium_width=\u00a0\u00bb0&Prime; [&hellip;]<\/p>\n","protected":false},"author":12,"featured_media":84280,"parent":85388,"menu_order":0,"comment_status":"closed","ping_status":"closed","template":"","meta":{"_monsterinsights_skip_tracking":false,"_monsterinsights_sitenote_active":false,"_monsterinsights_sitenote_note":"","_monsterinsights_sitenote_category":0,"footnotes":""},"class_list":["post-85410","page","type-page","status-publish","has-post-thumbnail","hentry","page_category-company-fr"],"yoast_head":"<!-- This site is optimized with the Yoast SEO plugin v27.3 - https:\/\/yoast.com\/product\/yoast-seo-wordpress\/ -->\n<title>Associ\u00e9s fondateurs - 1875 Finance<\/title>\n<meta name=\"robots\" content=\"index, follow, max-snippet:-1, max-image-preview:large, max-video-preview:-1\" \/>\n<link rel=\"canonical\" href=\"https:\/\/1875.ch\/fr\/societe\/associes-fondateurs\/\" \/>\n<meta property=\"og:locale\" content=\"fr_FR\" \/>\n<meta property=\"og:type\" content=\"article\" \/>\n<meta property=\"og:title\" content=\"Associ\u00e9s fondateurs - 1875 Finance\" \/>\n<meta property=\"og:description\" content=\"[vc_row row_height_percent=\u00a0\u00bb0&Prime; override_padding=\u00a0\u00bbyes\u00a0\u00bb h_padding=\u00a0\u00bb2&Prime; top_padding=\u00a0\u00bb5&Prime; bottom_padding=\u00a0\u00bb2&Prime; overlay_alpha=\u00a0\u00bb50&Prime; gutter_size=\u00a0\u00bb3&Prime; column_width_percent=\u00a0\u00bb100&Prime; shift_y=\u00a0\u00bb0&Prime; z_index=\u00a0\u00bb0&Prime;][vc_column column_width_percent=\u00a0\u00bb100&Prime; align_horizontal=\u00a0\u00bbalign_center\u00a0\u00bb gutter_size=\u00a0\u00bb3&Prime; overlay_alpha=\u00a0\u00bb50&Prime; shift_x=\u00a0\u00bb0&Prime; shift_y=\u00a0\u00bb0&Prime; shift_y_down=\u00a0\u00bb0&Prime; z_index=\u00a0\u00bb0&Prime; medium_width=\u00a0\u00bb0&Prime; [&hellip;]\" \/>\n<meta property=\"og:url\" content=\"https:\/\/1875.ch\/fr\/societe\/associes-fondateurs\/\" \/>\n<meta property=\"og:site_name\" content=\"1875 Finance\" \/>\n<meta property=\"article:publisher\" content=\"https:\/\/www.facebook.com\/1875finance\/?fref=ts\" \/>\n<meta property=\"article:modified_time\" content=\"2023-11-14T07:37:16+00:00\" \/>\n<meta property=\"og:image\" content=\"https:\/\/1875.ch\/wp-content\/uploads\/2020\/03\/websiteimagery24-opt.jpg\" \/>\n\t<meta property=\"og:image:width\" content=\"2560\" \/>\n\t<meta property=\"og:image:height\" content=\"1307\" \/>\n\t<meta property=\"og:image:type\" content=\"image\/jpeg\" \/>\n<meta name=\"twitter:card\" content=\"summary_large_image\" \/>\n<meta name=\"twitter:label1\" content=\"Dur\u00e9e de lecture estim\u00e9e\" \/>\n\t<meta name=\"twitter:data1\" content=\"4 minutes\" \/>\n<script type=\"application\/ld+json\" class=\"yoast-schema-graph\">{\"@context\":\"https:\\\/\\\/schema.org\",\"@graph\":[{\"@type\":\"WebPage\",\"@id\":\"https:\\\/\\\/1875.ch\\\/fr\\\/societe\\\/associes-fondateurs\\\/\",\"url\":\"https:\\\/\\\/1875.ch\\\/fr\\\/societe\\\/associes-fondateurs\\\/\",\"name\":\"Associ\u00e9s fondateurs - 1875 Finance\",\"isPartOf\":{\"@id\":\"https:\\\/\\\/1875.ch\\\/fr\\\/#website\"},\"primaryImageOfPage\":{\"@id\":\"https:\\\/\\\/1875.ch\\\/fr\\\/societe\\\/associes-fondateurs\\\/#primaryimage\"},\"image\":{\"@id\":\"https:\\\/\\\/1875.ch\\\/fr\\\/societe\\\/associes-fondateurs\\\/#primaryimage\"},\"thumbnailUrl\":\"https:\\\/\\\/1875.ch\\\/wp-content\\\/uploads\\\/2020\\\/03\\\/websiteimagery24-opt.jpg\",\"datePublished\":\"2020-04-10T01:44:34+00:00\",\"dateModified\":\"2023-11-14T07:37:16+00:00\",\"breadcrumb\":{\"@id\":\"https:\\\/\\\/1875.ch\\\/fr\\\/societe\\\/associes-fondateurs\\\/#breadcrumb\"},\"inLanguage\":\"fr-FR\",\"potentialAction\":[{\"@type\":\"ReadAction\",\"target\":[\"https:\\\/\\\/1875.ch\\\/fr\\\/societe\\\/associes-fondateurs\\\/\"]}]},{\"@type\":\"ImageObject\",\"inLanguage\":\"fr-FR\",\"@id\":\"https:\\\/\\\/1875.ch\\\/fr\\\/societe\\\/associes-fondateurs\\\/#primaryimage\",\"url\":\"https:\\\/\\\/1875.ch\\\/wp-content\\\/uploads\\\/2020\\\/03\\\/websiteimagery24-opt.jpg\",\"contentUrl\":\"https:\\\/\\\/1875.ch\\\/wp-content\\\/uploads\\\/2020\\\/03\\\/websiteimagery24-opt.jpg\",\"width\":2560,\"height\":1307},{\"@type\":\"BreadcrumbList\",\"@id\":\"https:\\\/\\\/1875.ch\\\/fr\\\/societe\\\/associes-fondateurs\\\/#breadcrumb\",\"itemListElement\":[{\"@type\":\"ListItem\",\"position\":1,\"name\":\"Home\",\"item\":\"https:\\\/\\\/1875.ch\\\/fr\\\/\"},{\"@type\":\"ListItem\",\"position\":2,\"name\":\"Soci\u00e9t\u00e9\",\"item\":\"https:\\\/\\\/1875.ch\\\/fr\\\/societe\\\/\"},{\"@type\":\"ListItem\",\"position\":3,\"name\":\"Associ\u00e9s fondateurs\"}]},{\"@type\":\"WebSite\",\"@id\":\"https:\\\/\\\/1875.ch\\\/fr\\\/#website\",\"url\":\"https:\\\/\\\/1875.ch\\\/fr\\\/\",\"name\":\"1875 Finance\",\"description\":\"The Financial Place to Be\",\"publisher\":{\"@id\":\"https:\\\/\\\/1875.ch\\\/fr\\\/#organization\"},\"potentialAction\":[{\"@type\":\"SearchAction\",\"target\":{\"@type\":\"EntryPoint\",\"urlTemplate\":\"https:\\\/\\\/1875.ch\\\/fr\\\/?s={search_term_string}\"},\"query-input\":{\"@type\":\"PropertyValueSpecification\",\"valueRequired\":true,\"valueName\":\"search_term_string\"}}],\"inLanguage\":\"fr-FR\"},{\"@type\":\"Organization\",\"@id\":\"https:\\\/\\\/1875.ch\\\/fr\\\/#organization\",\"name\":\"1875 Finance\",\"url\":\"https:\\\/\\\/1875.ch\\\/fr\\\/\",\"logo\":{\"@type\":\"ImageObject\",\"inLanguage\":\"fr-FR\",\"@id\":\"https:\\\/\\\/1875.ch\\\/fr\\\/#\\\/schema\\\/logo\\\/image\\\/\",\"url\":\"https:\\\/\\\/1875.ch\\\/wp-content\\\/uploads\\\/2020\\\/03\\\/1875-logo.png\",\"contentUrl\":\"https:\\\/\\\/1875.ch\\\/wp-content\\\/uploads\\\/2020\\\/03\\\/1875-logo.png\",\"width\":220,\"height\":220,\"caption\":\"1875 Finance\"},\"image\":{\"@id\":\"https:\\\/\\\/1875.ch\\\/fr\\\/#\\\/schema\\\/logo\\\/image\\\/\"},\"sameAs\":[\"https:\\\/\\\/www.facebook.com\\\/1875finance\\\/?fref=ts\",\"https:\\\/\\\/www.youtube.com\\\/channel\\\/UCZA0ykjGQrrEA3GBFkn8cAg\"]}]}<\/script>\n<!-- \/ Yoast SEO plugin. -->","yoast_head_json":{"title":"Associ\u00e9s fondateurs - 1875 Finance","robots":{"index":"index","follow":"follow","max-snippet":"max-snippet:-1","max-image-preview":"max-image-preview:large","max-video-preview":"max-video-preview:-1"},"canonical":"https:\/\/1875.ch\/fr\/societe\/associes-fondateurs\/","og_locale":"fr_FR","og_type":"article","og_title":"Associ\u00e9s fondateurs - 1875 Finance","og_description":"[vc_row row_height_percent=\u00a0\u00bb0&Prime; override_padding=\u00a0\u00bbyes\u00a0\u00bb h_padding=\u00a0\u00bb2&Prime; top_padding=\u00a0\u00bb5&Prime; bottom_padding=\u00a0\u00bb2&Prime; overlay_alpha=\u00a0\u00bb50&Prime; gutter_size=\u00a0\u00bb3&Prime; column_width_percent=\u00a0\u00bb100&Prime; shift_y=\u00a0\u00bb0&Prime; z_index=\u00a0\u00bb0&Prime;][vc_column column_width_percent=\u00a0\u00bb100&Prime; align_horizontal=\u00a0\u00bbalign_center\u00a0\u00bb gutter_size=\u00a0\u00bb3&Prime; overlay_alpha=\u00a0\u00bb50&Prime; shift_x=\u00a0\u00bb0&Prime; shift_y=\u00a0\u00bb0&Prime; shift_y_down=\u00a0\u00bb0&Prime; z_index=\u00a0\u00bb0&Prime; medium_width=\u00a0\u00bb0&Prime; [&hellip;]","og_url":"https:\/\/1875.ch\/fr\/societe\/associes-fondateurs\/","og_site_name":"1875 Finance","article_publisher":"https:\/\/www.facebook.com\/1875finance\/?fref=ts","article_modified_time":"2023-11-14T07:37:16+00:00","og_image":[{"width":2560,"height":1307,"url":"https:\/\/1875.ch\/wp-content\/uploads\/2020\/03\/websiteimagery24-opt.jpg","type":"image\/jpeg"}],"twitter_card":"summary_large_image","twitter_misc":{"Dur\u00e9e de lecture estim\u00e9e":"4 minutes"},"schema":{"@context":"https:\/\/schema.org","@graph":[{"@type":"WebPage","@id":"https:\/\/1875.ch\/fr\/societe\/associes-fondateurs\/","url":"https:\/\/1875.ch\/fr\/societe\/associes-fondateurs\/","name":"Associ\u00e9s fondateurs - 1875 Finance","isPartOf":{"@id":"https:\/\/1875.ch\/fr\/#website"},"primaryImageOfPage":{"@id":"https:\/\/1875.ch\/fr\/societe\/associes-fondateurs\/#primaryimage"},"image":{"@id":"https:\/\/1875.ch\/fr\/societe\/associes-fondateurs\/#primaryimage"},"thumbnailUrl":"https:\/\/1875.ch\/wp-content\/uploads\/2020\/03\/websiteimagery24-opt.jpg","datePublished":"2020-04-10T01:44:34+00:00","dateModified":"2023-11-14T07:37:16+00:00","breadcrumb":{"@id":"https:\/\/1875.ch\/fr\/societe\/associes-fondateurs\/#breadcrumb"},"inLanguage":"fr-FR","potentialAction":[{"@type":"ReadAction","target":["https:\/\/1875.ch\/fr\/societe\/associes-fondateurs\/"]}]},{"@type":"ImageObject","inLanguage":"fr-FR","@id":"https:\/\/1875.ch\/fr\/societe\/associes-fondateurs\/#primaryimage","url":"https:\/\/1875.ch\/wp-content\/uploads\/2020\/03\/websiteimagery24-opt.jpg","contentUrl":"https:\/\/1875.ch\/wp-content\/uploads\/2020\/03\/websiteimagery24-opt.jpg","width":2560,"height":1307},{"@type":"BreadcrumbList","@id":"https:\/\/1875.ch\/fr\/societe\/associes-fondateurs\/#breadcrumb","itemListElement":[{"@type":"ListItem","position":1,"name":"Home","item":"https:\/\/1875.ch\/fr\/"},{"@type":"ListItem","position":2,"name":"Soci\u00e9t\u00e9","item":"https:\/\/1875.ch\/fr\/societe\/"},{"@type":"ListItem","position":3,"name":"Associ\u00e9s fondateurs"}]},{"@type":"WebSite","@id":"https:\/\/1875.ch\/fr\/#website","url":"https:\/\/1875.ch\/fr\/","name":"1875 Finance","description":"The Financial Place to Be","publisher":{"@id":"https:\/\/1875.ch\/fr\/#organization"},"potentialAction":[{"@type":"SearchAction","target":{"@type":"EntryPoint","urlTemplate":"https:\/\/1875.ch\/fr\/?s={search_term_string}"},"query-input":{"@type":"PropertyValueSpecification","valueRequired":true,"valueName":"search_term_string"}}],"inLanguage":"fr-FR"},{"@type":"Organization","@id":"https:\/\/1875.ch\/fr\/#organization","name":"1875 Finance","url":"https:\/\/1875.ch\/fr\/","logo":{"@type":"ImageObject","inLanguage":"fr-FR","@id":"https:\/\/1875.ch\/fr\/#\/schema\/logo\/image\/","url":"https:\/\/1875.ch\/wp-content\/uploads\/2020\/03\/1875-logo.png","contentUrl":"https:\/\/1875.ch\/wp-content\/uploads\/2020\/03\/1875-logo.png","width":220,"height":220,"caption":"1875 Finance"},"image":{"@id":"https:\/\/1875.ch\/fr\/#\/schema\/logo\/image\/"},"sameAs":["https:\/\/www.facebook.com\/1875finance\/?fref=ts","https:\/\/www.youtube.com\/channel\/UCZA0ykjGQrrEA3GBFkn8cAg"]}]}},"_links":{"self":[{"href":"https:\/\/1875.ch\/fr\/wp-json\/wp\/v2\/pages\/85410","targetHints":{"allow":["GET"]}}],"collection":[{"href":"https:\/\/1875.ch\/fr\/wp-json\/wp\/v2\/pages"}],"about":[{"href":"https:\/\/1875.ch\/fr\/wp-json\/wp\/v2\/types\/page"}],"author":[{"embeddable":true,"href":"https:\/\/1875.ch\/fr\/wp-json\/wp\/v2\/users\/12"}],"replies":[{"embeddable":true,"href":"https:\/\/1875.ch\/fr\/wp-json\/wp\/v2\/comments?post=85410"}],"version-history":[{"count":5,"href":"https:\/\/1875.ch\/fr\/wp-json\/wp\/v2\/pages\/85410\/revisions"}],"predecessor-version":[{"id":87740,"href":"https:\/\/1875.ch\/fr\/wp-json\/wp\/v2\/pages\/85410\/revisions\/87740"}],"up":[{"embeddable":true,"href":"https:\/\/1875.ch\/fr\/wp-json\/wp\/v2\/pages\/85388"}],"wp:featuredmedia":[{"embeddable":true,"href":"https:\/\/1875.ch\/fr\/wp-json\/wp\/v2\/media\/84280"}],"wp:attachment":[{"href":"https:\/\/1875.ch\/fr\/wp-json\/wp\/v2\/media?parent=85410"}],"curies":[{"name":"wp","href":"https:\/\/api.w.org\/{rel}","templated":true}]}}