{"id":85414,"date":"2020-03-26T15:25:16","date_gmt":"2020-03-26T15:25:16","guid":{"rendered":"https:\/\/1875.ch\/company\/offices\/"},"modified":"2020-10-29T16:37:25","modified_gmt":"2020-10-29T16:37:25","slug":"bureaux","status":"publish","type":"page","link":"https:\/\/1875.ch\/fr\/societe\/bureaux\/","title":{"rendered":"Bureaux"},"content":{"rendered":"<div class=\"wpb-content-wrapper\"><p>[vc_row row_height_percent=\u00a0\u00bb0&Prime; override_padding=\u00a0\u00bbyes\u00a0\u00bb h_padding=\u00a0\u00bb2&Prime; top_padding=\u00a0\u00bb5&Prime; bottom_padding=\u00a0\u00bb2&Prime; overlay_alpha=\u00a0\u00bb50&Prime; gutter_size=\u00a0\u00bb3&Prime; column_width_percent=\u00a0\u00bb100&Prime; shift_y=\u00a0\u00bb0&Prime; z_index=\u00a0\u00bb0&Prime;][vc_column column_width_percent=\u00a0\u00bb100&Prime; align_horizontal=\u00a0\u00bbalign_center\u00a0\u00bb gutter_size=\u00a0\u00bb3&Prime; overlay_alpha=\u00a0\u00bb50&Prime; shift_x=\u00a0\u00bb0&Prime; shift_y=\u00a0\u00bb0&Prime; shift_y_down=\u00a0\u00bb0&Prime; z_index=\u00a0\u00bb0&Prime; medium_width=\u00a0\u00bb0&Prime; mobile_width=\u00a0\u00bb0&Prime; width=\u00a0\u00bb1\/1&Prime;][vc_custom_heading heading_semantic=\u00a0\u00bbh1&Prime; separator=\u00a0\u00bbyes\u00a0\u00bb separator_color=\u00a0\u00bbyes\u00a0\u00bb sub_lead=\u00a0\u00bbyes\u00a0\u00bb css_animation=\u00a0\u00bbcurtain\u00a0\u00bb animation_delay=\u00a0\u00bb200&Prime;]Soci\u00e9t\u00e9:<br \/>\nO\u00f9 nous trouver ?[\/vc_custom_heading][\/vc_column][\/vc_row][vc_row row_height_percent=\u00a0\u00bb0&Prime; overlay_alpha=\u00a0\u00bb50&Prime; gutter_size=\u00a0\u00bb3&Prime; column_width_percent=\u00a0\u00bb100&Prime; shift_y=\u00a0\u00bb0&Prime; z_index=\u00a0\u00bb0&Prime;][vc_column width=\u00a0\u00bb1\/1&Prime;][vc_column_text]<\/p>\n<h4>Depuis sa cr\u00e9ation,\u00a0<strong>1875 FINANCE<\/strong>\u00a0n\u2019a eu de cesse de se d\u00e9velopper, notamment en ouvrant, apr\u00e8s notre si\u00e8ge de Gen\u00e8ve, des bureaux de repr\u00e9sentation dans diff\u00e9rentes places financi\u00e8res du monde. Voici les coordonn\u00e9es et plans d\u2019acc\u00e8s de nos bureaux.<\/h4>\n<p>[\/vc_column_text][\/vc_column][\/vc_row][vc_row][vc_column width=\u00a0\u00bb1\/1&Prime;][uncode_block id=\u00a0\u00bb86651&Prime;][\/vc_column][\/vc_row]<\/p>\n<\/div>","protected":false},"excerpt":{"rendered":"<p>[vc_row row_height_percent=\u00a0\u00bb0&Prime; override_padding=\u00a0\u00bbyes\u00a0\u00bb h_padding=\u00a0\u00bb2&Prime; top_padding=\u00a0\u00bb5&Prime; bottom_padding=\u00a0\u00bb2&Prime; overlay_alpha=\u00a0\u00bb50&Prime; gutter_size=\u00a0\u00bb3&Prime; column_width_percent=\u00a0\u00bb100&Prime; shift_y=\u00a0\u00bb0&Prime; z_index=\u00a0\u00bb0&Prime;][vc_column column_width_percent=\u00a0\u00bb100&Prime; align_horizontal=\u00a0\u00bbalign_center\u00a0\u00bb gutter_size=\u00a0\u00bb3&Prime; overlay_alpha=\u00a0\u00bb50&Prime; shift_x=\u00a0\u00bb0&Prime; shift_y=\u00a0\u00bb0&Prime; shift_y_down=\u00a0\u00bb0&Prime; z_index=\u00a0\u00bb0&Prime; medium_width=\u00a0\u00bb0&Prime; [&hellip;]<\/p>\n","protected":false},"author":12,"featured_media":0,"parent":85388,"menu_order":0,"comment_status":"open","ping_status":"closed","template":"","meta":{"_monsterinsights_skip_tracking":false,"_monsterinsights_sitenote_active":false,"_monsterinsights_sitenote_note":"","_monsterinsights_sitenote_category":0,"footnotes":""},"class_list":["post-85414","page","type-page","status-publish","hentry","page_category-company-fr"],"yoast_head":"<!-- This site is optimized with the Yoast SEO plugin v27.3 - https:\/\/yoast.com\/product\/yoast-seo-wordpress\/ -->\n<title>Soci\u00e9t\u00e9 - Bureaux - 1875 Finance<\/title>\n<meta name=\"description\" content=\"Soci\u00e9t\u00e9, bureaux : Depuis sa cr\u00e9ation, 1875 FINANCE n\u2019a eu de cesse de se d\u00e9velopper, notamment en ouvrant, apr\u00e8s notre si\u00e8ge de Gen\u00e8ve, des bureaux de repr\u00e9sentation dans diff\u00e9rentes places financi\u00e8res du monde. Voici les coordonn\u00e9es et plans d\u2019acc\u00e8s de nos bureaux. Gen\u00e8ve, Zurich, Luxembourg, Hong-Kong.\" \/>\n<meta name=\"robots\" content=\"index, follow, max-snippet:-1, max-image-preview:large, max-video-preview:-1\" \/>\n<link rel=\"canonical\" href=\"https:\/\/1875.ch\/fr\/societe\/bureaux\/\" \/>\n<meta property=\"og:locale\" content=\"fr_FR\" \/>\n<meta property=\"og:type\" content=\"article\" \/>\n<meta property=\"og:title\" content=\"Soci\u00e9t\u00e9 - Bureaux - 1875 Finance\" \/>\n<meta property=\"og:description\" content=\"Soci\u00e9t\u00e9, bureaux : Depuis sa cr\u00e9ation, 1875 FINANCE n\u2019a eu de cesse de se d\u00e9velopper, notamment en ouvrant, apr\u00e8s notre si\u00e8ge de Gen\u00e8ve, des bureaux de repr\u00e9sentation dans diff\u00e9rentes places financi\u00e8res du monde. Voici les coordonn\u00e9es et plans d\u2019acc\u00e8s de nos bureaux. Gen\u00e8ve, Zurich, Luxembourg, Hong-Kong.\" \/>\n<meta property=\"og:url\" content=\"https:\/\/1875.ch\/fr\/societe\/bureaux\/\" \/>\n<meta property=\"og:site_name\" content=\"1875 Finance\" \/>\n<meta property=\"article:publisher\" content=\"https:\/\/www.facebook.com\/1875finance\/?fref=ts\" \/>\n<meta property=\"article:modified_time\" content=\"2020-10-29T16:37:25+00:00\" \/>\n<meta name=\"twitter:card\" content=\"summary_large_image\" \/>\n<meta name=\"twitter:label1\" content=\"Dur\u00e9e de lecture estim\u00e9e\" \/>\n\t<meta name=\"twitter:data1\" content=\"1 minute\" \/>\n<script type=\"application\/ld+json\" class=\"yoast-schema-graph\">{\"@context\":\"https:\\\/\\\/schema.org\",\"@graph\":[{\"@type\":\"WebPage\",\"@id\":\"https:\\\/\\\/1875.ch\\\/fr\\\/societe\\\/bureaux\\\/\",\"url\":\"https:\\\/\\\/1875.ch\\\/fr\\\/societe\\\/bureaux\\\/\",\"name\":\"Soci\u00e9t\u00e9 - Bureaux - 1875 Finance\",\"isPartOf\":{\"@id\":\"https:\\\/\\\/1875.ch\\\/fr\\\/#website\"},\"datePublished\":\"2020-03-26T15:25:16+00:00\",\"dateModified\":\"2020-10-29T16:37:25+00:00\",\"description\":\"Soci\u00e9t\u00e9, bureaux : Depuis sa cr\u00e9ation, 1875 FINANCE n\u2019a eu de cesse de se d\u00e9velopper, notamment en ouvrant, apr\u00e8s notre si\u00e8ge de Gen\u00e8ve, des bureaux de repr\u00e9sentation dans diff\u00e9rentes places financi\u00e8res du monde. Voici les coordonn\u00e9es et plans d\u2019acc\u00e8s de nos bureaux. Gen\u00e8ve, Zurich, Luxembourg, Hong-Kong.\",\"breadcrumb\":{\"@id\":\"https:\\\/\\\/1875.ch\\\/fr\\\/societe\\\/bureaux\\\/#breadcrumb\"},\"inLanguage\":\"fr-FR\",\"potentialAction\":[{\"@type\":\"ReadAction\",\"target\":[\"https:\\\/\\\/1875.ch\\\/fr\\\/societe\\\/bureaux\\\/\"]}]},{\"@type\":\"BreadcrumbList\",\"@id\":\"https:\\\/\\\/1875.ch\\\/fr\\\/societe\\\/bureaux\\\/#breadcrumb\",\"itemListElement\":[{\"@type\":\"ListItem\",\"position\":1,\"name\":\"Home\",\"item\":\"https:\\\/\\\/1875.ch\\\/fr\\\/\"},{\"@type\":\"ListItem\",\"position\":2,\"name\":\"Soci\u00e9t\u00e9\",\"item\":\"https:\\\/\\\/1875.ch\\\/fr\\\/societe\\\/\"},{\"@type\":\"ListItem\",\"position\":3,\"name\":\"Bureaux\"}]},{\"@type\":\"WebSite\",\"@id\":\"https:\\\/\\\/1875.ch\\\/fr\\\/#website\",\"url\":\"https:\\\/\\\/1875.ch\\\/fr\\\/\",\"name\":\"1875 Finance\",\"description\":\"The Financial Place to Be\",\"publisher\":{\"@id\":\"https:\\\/\\\/1875.ch\\\/fr\\\/#organization\"},\"potentialAction\":[{\"@type\":\"SearchAction\",\"target\":{\"@type\":\"EntryPoint\",\"urlTemplate\":\"https:\\\/\\\/1875.ch\\\/fr\\\/?s={search_term_string}\"},\"query-input\":{\"@type\":\"PropertyValueSpecification\",\"valueRequired\":true,\"valueName\":\"search_term_string\"}}],\"inLanguage\":\"fr-FR\"},{\"@type\":\"Organization\",\"@id\":\"https:\\\/\\\/1875.ch\\\/fr\\\/#organization\",\"name\":\"1875 Finance\",\"url\":\"https:\\\/\\\/1875.ch\\\/fr\\\/\",\"logo\":{\"@type\":\"ImageObject\",\"inLanguage\":\"fr-FR\",\"@id\":\"https:\\\/\\\/1875.ch\\\/fr\\\/#\\\/schema\\\/logo\\\/image\\\/\",\"url\":\"https:\\\/\\\/1875.ch\\\/wp-content\\\/uploads\\\/2020\\\/03\\\/1875-logo.png\",\"contentUrl\":\"https:\\\/\\\/1875.ch\\\/wp-content\\\/uploads\\\/2020\\\/03\\\/1875-logo.png\",\"width\":220,\"height\":220,\"caption\":\"1875 Finance\"},\"image\":{\"@id\":\"https:\\\/\\\/1875.ch\\\/fr\\\/#\\\/schema\\\/logo\\\/image\\\/\"},\"sameAs\":[\"https:\\\/\\\/www.facebook.com\\\/1875finance\\\/?fref=ts\",\"https:\\\/\\\/www.youtube.com\\\/channel\\\/UCZA0ykjGQrrEA3GBFkn8cAg\"]}]}<\/script>\n<!-- \/ Yoast SEO plugin. -->","yoast_head_json":{"title":"Soci\u00e9t\u00e9 - Bureaux - 1875 Finance","description":"Soci\u00e9t\u00e9, bureaux : Depuis sa cr\u00e9ation, 1875 FINANCE n\u2019a eu de cesse de se d\u00e9velopper, notamment en ouvrant, apr\u00e8s notre si\u00e8ge de Gen\u00e8ve, des bureaux de repr\u00e9sentation dans diff\u00e9rentes places financi\u00e8res du monde. Voici les coordonn\u00e9es et plans d\u2019acc\u00e8s de nos bureaux. Gen\u00e8ve, Zurich, Luxembourg, Hong-Kong.","robots":{"index":"index","follow":"follow","max-snippet":"max-snippet:-1","max-image-preview":"max-image-preview:large","max-video-preview":"max-video-preview:-1"},"canonical":"https:\/\/1875.ch\/fr\/societe\/bureaux\/","og_locale":"fr_FR","og_type":"article","og_title":"Soci\u00e9t\u00e9 - Bureaux - 1875 Finance","og_description":"Soci\u00e9t\u00e9, bureaux : Depuis sa cr\u00e9ation, 1875 FINANCE n\u2019a eu de cesse de se d\u00e9velopper, notamment en ouvrant, apr\u00e8s notre si\u00e8ge de Gen\u00e8ve, des bureaux de repr\u00e9sentation dans diff\u00e9rentes places financi\u00e8res du monde. Voici les coordonn\u00e9es et plans d\u2019acc\u00e8s de nos bureaux. Gen\u00e8ve, Zurich, Luxembourg, Hong-Kong.","og_url":"https:\/\/1875.ch\/fr\/societe\/bureaux\/","og_site_name":"1875 Finance","article_publisher":"https:\/\/www.facebook.com\/1875finance\/?fref=ts","article_modified_time":"2020-10-29T16:37:25+00:00","twitter_card":"summary_large_image","twitter_misc":{"Dur\u00e9e de lecture estim\u00e9e":"1 minute"},"schema":{"@context":"https:\/\/schema.org","@graph":[{"@type":"WebPage","@id":"https:\/\/1875.ch\/fr\/societe\/bureaux\/","url":"https:\/\/1875.ch\/fr\/societe\/bureaux\/","name":"Soci\u00e9t\u00e9 - Bureaux - 1875 Finance","isPartOf":{"@id":"https:\/\/1875.ch\/fr\/#website"},"datePublished":"2020-03-26T15:25:16+00:00","dateModified":"2020-10-29T16:37:25+00:00","description":"Soci\u00e9t\u00e9, bureaux : Depuis sa cr\u00e9ation, 1875 FINANCE n\u2019a eu de cesse de se d\u00e9velopper, notamment en ouvrant, apr\u00e8s notre si\u00e8ge de Gen\u00e8ve, des bureaux de repr\u00e9sentation dans diff\u00e9rentes places financi\u00e8res du monde. Voici les coordonn\u00e9es et plans d\u2019acc\u00e8s de nos bureaux. Gen\u00e8ve, Zurich, Luxembourg, Hong-Kong.","breadcrumb":{"@id":"https:\/\/1875.ch\/fr\/societe\/bureaux\/#breadcrumb"},"inLanguage":"fr-FR","potentialAction":[{"@type":"ReadAction","target":["https:\/\/1875.ch\/fr\/societe\/bureaux\/"]}]},{"@type":"BreadcrumbList","@id":"https:\/\/1875.ch\/fr\/societe\/bureaux\/#breadcrumb","itemListElement":[{"@type":"ListItem","position":1,"name":"Home","item":"https:\/\/1875.ch\/fr\/"},{"@type":"ListItem","position":2,"name":"Soci\u00e9t\u00e9","item":"https:\/\/1875.ch\/fr\/societe\/"},{"@type":"ListItem","position":3,"name":"Bureaux"}]},{"@type":"WebSite","@id":"https:\/\/1875.ch\/fr\/#website","url":"https:\/\/1875.ch\/fr\/","name":"1875 Finance","description":"The Financial Place to Be","publisher":{"@id":"https:\/\/1875.ch\/fr\/#organization"},"potentialAction":[{"@type":"SearchAction","target":{"@type":"EntryPoint","urlTemplate":"https:\/\/1875.ch\/fr\/?s={search_term_string}"},"query-input":{"@type":"PropertyValueSpecification","valueRequired":true,"valueName":"search_term_string"}}],"inLanguage":"fr-FR"},{"@type":"Organization","@id":"https:\/\/1875.ch\/fr\/#organization","name":"1875 Finance","url":"https:\/\/1875.ch\/fr\/","logo":{"@type":"ImageObject","inLanguage":"fr-FR","@id":"https:\/\/1875.ch\/fr\/#\/schema\/logo\/image\/","url":"https:\/\/1875.ch\/wp-content\/uploads\/2020\/03\/1875-logo.png","contentUrl":"https:\/\/1875.ch\/wp-content\/uploads\/2020\/03\/1875-logo.png","width":220,"height":220,"caption":"1875 Finance"},"image":{"@id":"https:\/\/1875.ch\/fr\/#\/schema\/logo\/image\/"},"sameAs":["https:\/\/www.facebook.com\/1875finance\/?fref=ts","https:\/\/www.youtube.com\/channel\/UCZA0ykjGQrrEA3GBFkn8cAg"]}]}},"_links":{"self":[{"href":"https:\/\/1875.ch\/fr\/wp-json\/wp\/v2\/pages\/85414","targetHints":{"allow":["GET"]}}],"collection":[{"href":"https:\/\/1875.ch\/fr\/wp-json\/wp\/v2\/pages"}],"about":[{"href":"https:\/\/1875.ch\/fr\/wp-json\/wp\/v2\/types\/page"}],"author":[{"embeddable":true,"href":"https:\/\/1875.ch\/fr\/wp-json\/wp\/v2\/users\/12"}],"replies":[{"embeddable":true,"href":"https:\/\/1875.ch\/fr\/wp-json\/wp\/v2\/comments?post=85414"}],"version-history":[{"count":5,"href":"https:\/\/1875.ch\/fr\/wp-json\/wp\/v2\/pages\/85414\/revisions"}],"predecessor-version":[{"id":86659,"href":"https:\/\/1875.ch\/fr\/wp-json\/wp\/v2\/pages\/85414\/revisions\/86659"}],"up":[{"embeddable":true,"href":"https:\/\/1875.ch\/fr\/wp-json\/wp\/v2\/pages\/85388"}],"wp:attachment":[{"href":"https:\/\/1875.ch\/fr\/wp-json\/wp\/v2\/media?parent=85414"}],"curies":[{"name":"wp","href":"https:\/\/api.w.org\/{rel}","templated":true}]}}