{"id":85418,"date":"2020-04-15T00:22:38","date_gmt":"2020-04-15T00:22:38","guid":{"rendered":"https:\/\/1875.ch\/company\/partners\/"},"modified":"2026-04-16T16:02:39","modified_gmt":"2026-04-16T16:02:39","slug":"partenaires","status":"publish","type":"page","link":"https:\/\/1875.ch\/fr\/societe\/partenaires\/","title":{"rendered":"Partenaires"},"content":{"rendered":"<div class=\"wpb-content-wrapper\"><p>[vc_row row_height_percent=\u00a0\u00bb0&Prime; override_padding=\u00a0\u00bbyes\u00a0\u00bb h_padding=\u00a0\u00bb2&Prime; top_padding=\u00a0\u00bb5&Prime; bottom_padding=\u00a0\u00bb2&Prime; overlay_alpha=\u00a0\u00bb50&Prime; gutter_size=\u00a0\u00bb3&Prime; column_width_percent=\u00a0\u00bb100&Prime; shift_y=\u00a0\u00bb0&Prime; z_index=\u00a0\u00bb0&Prime;][vc_column column_width_percent=\u00a0\u00bb100&Prime; align_horizontal=\u00a0\u00bbalign_center\u00a0\u00bb gutter_size=\u00a0\u00bb3&Prime; overlay_alpha=\u00a0\u00bb50&Prime; shift_x=\u00a0\u00bb0&Prime; shift_y=\u00a0\u00bb0&Prime; shift_y_down=\u00a0\u00bb0&Prime; z_index=\u00a0\u00bb0&Prime; medium_width=\u00a0\u00bb0&Prime; mobile_width=\u00a0\u00bb0&Prime; width=\u00a0\u00bb1\/1&Prime;][vc_custom_heading heading_semantic=\u00a0\u00bbh1&Prime; separator_color=\u00a0\u00bbyes\u00a0\u00bb separator=\u00a0\u00bbyes\u00a0\u00bb sub_lead=\u00a0\u00bbyes\u00a0\u00bb css_animation=\u00a0\u00bbcurtain\u00a0\u00bb animation_delay=\u00a0\u00bb200&Prime;]Soci\u00e9t\u00e9:<br \/>\nPartenaires[\/vc_custom_heading][\/vc_column][\/vc_row][vc_row row_height_percent=\u00a0\u00bb0&Prime; overlay_alpha=\u00a0\u00bb50&Prime; gutter_size=\u00a0\u00bb3&Prime; column_width_percent=\u00a0\u00bb100&Prime; shift_y=\u00a0\u00bb0&Prime; z_index=\u00a0\u00bb0&Prime;][vc_column width=\u00a0\u00bb1\/1&Prime;][vc_column_text]<\/p>\n<h4><strong>1875 FINANCE<\/strong>, en raison de sa philosophie bas\u00e9e sur l\u2019architecture ouverte, est en permanence \u00e0 la recherche de partenaires de premier ordre afin de renforcer ses comp\u00e9tences et de servir sa client\u00e8le.<\/h4>\n<p>[\/vc_column_text][\/vc_column][\/vc_row][vc_row row_height_percent=\u00a0\u00bb0&Prime; override_padding=\u00a0\u00bbyes\u00a0\u00bb h_padding=\u00a0\u00bb2&Prime; top_padding=\u00a0\u00bb2&Prime; bottom_padding=\u00a0\u00bb5&Prime; overlay_alpha=\u00a0\u00bb50&Prime; gutter_size=\u00a0\u00bb3&Prime; column_width_percent=\u00a0\u00bb100&Prime; shift_y=\u00a0\u00bb0&Prime; z_index=\u00a0\u00bb0&Prime;][vc_column width=\u00a0\u00bb1\/2&Prime;][vc_column_text text_lead=\u00a0\u00bbyes\u00a0\u00bb]<\/p>\n<h4>Partenaires bancaires<\/h4>\n<p>[\/vc_column_text][uncode_list larger=\u00a0\u00bbyes\u00a0\u00bb icon=\u00a0\u00bbfa fa-arrow-right-thick\u00a0\u00bb icon_color=\u00a0\u00bbaccent\u00a0\u00bb uncode_shortcode_id=\u00a0\u00bb733116&Prime; icon_color_type=\u00a0\u00bbuncode-palette\u00a0\u00bb]<\/p>\n<div id=\"pgc-107-2-0\" class=\"panel-grid-cell\">\n<div id=\"panel-107-2-0-0\" class=\"so-panel widget widget_sow-editor panel-first-child panel-last-child\" data-index=\"2\">\n<div class=\"so-widget-sow-editor so-widget-sow-editor-base\">\n<div class=\"siteorigin-widget-tinymce textwidget\">\n<ul>\n<li><a href=\"https:\/\/privatebank.barclays.com\/where-we-are-located\/switzerland\/\" target=\"_blank\" rel=\"noopener noreferrer\">Barclays<\/a><\/li>\n<li><a href=\"https:\/\/www.bcge.ch\/\" target=\"_blank\" rel=\"noopener noreferrer\">BCGE<\/a><\/li>\n<li><a href=\"https:\/\/www.bcv.ch\/\" target=\"_blank\" rel=\"noopener noreferrer\">BCV<\/a><\/li>\n<li><a href=\"https:\/\/www.bcvs.ch\/fr\/accueil.html\" target=\"_blank\" rel=\"noopener noreferrer\">BCVs<\/a><\/li>\n<li><a href=\"http:\/\/www.bnpparibas.ch\/fr\/\" target=\"_blank\" rel=\"noopener noreferrer\">BNP Paribas<\/a><\/li>\n<li><a href=\"http:\/\/www.bordier.com\/\" target=\"_blank\" rel=\"noopener noreferrer\">Bordier &amp; Cie<\/a><\/li>\n<li><a href=\"https:\/\/www.ca-indosuez.com\/switzerland\/en\/\" target=\"_blank\" rel=\"noopener noreferrer\">CA Indosuez<\/a><\/li>\n<li><a href=\"https:\/\/www.citigroup.com\/citi\/about\/institutional_business.html#section5\" target=\"_blank\" rel=\"noopener noreferrer\">Citibank<\/a><\/li>\n<li><a href=\"https:\/\/www.cic.ch\/en\/\" target=\"_blank\" rel=\"noopener noreferrer\">Bank CIC<\/a><\/li>\n<li><a href=\"https:\/\/www.corner.ch\/en\/\" target=\"_blank\" rel=\"noopener noreferrer\">Corner Bank Ltd.<\/a><\/li>\n<li><a href=\"https:\/\/www.dreyfusbank.ch\/en\/about-us\" target=\"_blank\" rel=\"noopener noreferrer\">Dreyfus Sons&amp; Co Ltd.<\/a><\/li>\n<li><a href=\"https:\/\/www.efgbank.com\/\" target=\"_blank\" rel=\"noopener noreferrer\">EFG International Ltd.<\/a><\/li>\n<li><a href=\"https:\/\/www.hsbc.ch\/\" target=\"_blank\" rel=\"noopener noreferrer\">HSBC<\/a><\/li>\n<li><a href=\"https:\/\/www.jsafrasarasin.com\/internet\/com\/\" target=\"_blank\" rel=\"noopener noreferrer\">J. Safra Sarasin Ltd.<\/a><\/li>\n<li><a href=\"https:\/\/www.jpmorgan.com\/country\/CH\/en\/jpmorgan\" target=\"_blank\" rel=\"noopener noreferrer\">J.P. Morgan<\/a><\/li>\n<li><a href=\"https:\/\/www.juliusbaer.com\/global\/en\/home\" target=\"_blank\" rel=\"noopener noreferrer\">Julius B\u00e4r<\/a><\/li>\n<li><a href=\"https:\/\/www.lgt.ch\/fr\/\" target=\"_blank\" rel=\"noopener noreferrer\">LGT<\/a><\/li>\n<li><a href=\"https:\/\/www.lombardodier.com\/fr\/home.html\" target=\"_blank\" rel=\"noopener noreferrer\">Lombard Odier<\/a><\/li>\n<li><a href=\"https:\/\/www.mirabaud.com\/fr\/\" target=\"_blank\" rel=\"noopener noreferrer\">Mirabaud<\/a><\/li>\n<li><a href=\"https:\/\/oneswissbank.com\/\" target=\"_blank\" rel=\"noopener noreferrer\">One Swiss Bank<\/a><\/li>\n<li><a href=\"https:\/\/www.group.pictet\/\" target=\"_blank\" rel=\"noopener noreferrer\">Pictet<\/a><\/li>\n<li><a href=\"https:\/\/www.rahnbodmer.ch\/en\/\" target=\"_blank\" rel=\"noopener noreferrer\">Rahn Bodmer<\/a><\/li>\n<li><a href=\"https:\/\/www.raiffeisen.ch\/rch\/fr.html\" target=\"_blank\" rel=\"noopener noreferrer\">Raiffeisen<\/a><\/li>\n<li><span style=\"color: #000080;\"><a style=\"color: #000080;\" href=\"https:\/\/www.reyl.com\/fr?gclid=EAIaIQobChMIx-Czhp6i9gIV44ODBx1qtAUtEAAYASAAEgLGi_D_BwE\">Reyl Intesa SanPaolo<\/a><\/span><\/li>\n<li><a href=\"https:\/\/fr.swissquote.com\/\" target=\"_blank\" rel=\"noopener noreferrer\">Swissquote Group Holding Ltd.<\/a><\/li>\n<li><a href=\"https:\/\/www.syzgroup.com\/\" target=\"_blank\" rel=\"noopener noreferrer\">Bank Syz<\/a><\/li>\n<li><a href=\"https:\/\/www.ubp.com\/fr\" target=\"_blank\" rel=\"noopener noreferrer\">Union Bancaire Priv\u00e9e<\/a><\/li>\n<li><a href=\"https:\/\/www.ubs.com\/ch\/fr.html\" target=\"_blank\" rel=\"noopener noreferrer\">UBS<\/a><\/li>\n<li><a href=\"https:\/\/www.vontobel.com\/fr-ch\/\" target=\"_blank\" rel=\"noopener noreferrer\">Vontobel<\/a><\/li>\n<li><a href=\"https:\/\/ch.vpbank.com\/en\" target=\"_blank\" rel=\"noopener noreferrer\">VP Bank Ltd.<\/a><\/li>\n<li><a href=\"https:\/\/www.zkb.ch\/\" target=\"_blank\" rel=\"noopener noreferrer\">ZKB Zuercher Kantonalbank<\/a><\/li>\n<\/ul>\n<\/div>\n<\/div>\n<\/div>\n<\/div>\n<div id=\"pgc-107-2-1\" class=\"panel-grid-cell\">\n<div id=\"panel-107-2-1-0\" class=\"so-panel widget widget_sow-editor panel-first-child panel-last-child\" data-index=\"3\">\n<div class=\"so-widget-sow-editor so-widget-sow-editor-base\">\n<div class=\"siteorigin-widget-tinymce textwidget\">\n<p>&nbsp;<\/p>\n<\/div>\n<\/div>\n<\/div>\n<\/div>\n<p>[\/uncode_list][\/vc_column][vc_column width=\u00a0\u00bb1\/2&Prime;][vc_column_text text_lead=\u00a0\u00bbyes\u00a0\u00bb]<\/p>\n<h4>Audit et assurance<\/h4>\n<p>[\/vc_column_text][uncode_list larger=\u00a0\u00bbyes\u00a0\u00bb icon=\u00a0\u00bbfa fa-arrow-right-thick\u00a0\u00bb icon_color=\u00a0\u00bbaccent\u00a0\u00bb]<\/p>\n<div id=\"pgc-107-2-0\" class=\"panel-grid-cell\">\n<div id=\"panel-107-2-0-0\" class=\"so-panel widget widget_sow-editor panel-first-child panel-last-child\" data-index=\"2\">\n<div class=\"so-widget-sow-editor so-widget-sow-editor-base\">\n<div class=\"siteorigin-widget-tinymce textwidget\">\n<ul>\n<li><a href=\"https:\/\/home.kpmg\/ch\/fr\/home.html\" target=\"_blank\" rel=\"noopener noreferrer\">KPMG<\/a><\/li>\n<li><a href=\"https:\/\/www.libertyspecialtymarkets.com\/\" target=\"_blank\" rel=\"noopener noreferrer\">Liberty Specialty Markets<\/a><\/li>\n<\/ul>\n<\/div>\n<\/div>\n<\/div>\n<\/div>\n<p>[\/uncode_list][vc_column_text text_lead=\u00a0\u00bbyes\u00a0\u00bb]<strong>1875 FINANCE<\/strong>\u00a0fait partie des rares soci\u00e9t\u00e9s de gestion souscrivant \u00e0 une assurance professionnelle couvrant les risques de fraude et les risques op\u00e9rationnels.[\/vc_column_text][vc_column_text text_lead=\u00a0\u00bbyes\u00a0\u00bb]<\/p>\n<h4>Recherche financi\u00e8re<\/h4>\n<p>[\/vc_column_text][uncode_list larger=\u00a0\u00bbyes\u00a0\u00bb icon=\u00a0\u00bbfa fa-arrow-right-thick\u00a0\u00bb icon_color=\u00a0\u00bbaccent\u00a0\u00bb]<\/p>\n<div id=\"pgc-107-2-0\" class=\"panel-grid-cell\">\n<div id=\"panel-107-2-0-0\" class=\"so-panel widget widget_sow-editor panel-first-child panel-last-child\" data-index=\"2\">\n<div class=\"so-widget-sow-editor so-widget-sow-editor-base\">\n<div class=\"siteorigin-widget-tinymce textwidget\">\n<ul>\n<li><a href=\"https:\/\/www.silex-partners.com\/fr\/\" target=\"_blank\" rel=\"noopener noreferrer\">SILEX<\/a><\/li>\n<li><a href=\"https:\/\/www.longview.com\/\">Longview<\/a><\/li>\n<li><a href=\"https:\/\/www.morningnotes.com\/\">Morning Note<\/a><\/li>\n<li><a href=\"https:\/\/www.bridport.ch\/\" target=\"_blank\" rel=\"noopener noreferrer\">Bridport<\/a><\/li>\n<li><a href=\"https:\/\/www.exane.com\/corporate\/home.do\" target=\"_blank\" rel=\"noopener noreferrer\">Exane<\/a><\/li>\n<li><a href=\"https:\/\/www.keplercheuvreux.com\/\" target=\"_blank\" rel=\"noopener noreferrer\">Kepler Cheuvreux<\/a><\/li>\n<\/ul>\n<\/div>\n<\/div>\n<\/div>\n<\/div>\n<p>[\/uncode_list][vc_column_text text_lead=\u00a0\u00bbyes\u00a0\u00bb]<\/p>\n<h4>Autres partenaires<\/h4>\n<p>[\/vc_column_text][uncode_list larger=\u00a0\u00bbyes\u00a0\u00bb icon=\u00a0\u00bbfa fa-arrow-right-thick\u00a0\u00bb icon_color=\u00a0\u00bbaccent\u00a0\u00bb uncode_shortcode_id=\u00a0\u00bb613796&Prime; icon_color_type=\u00a0\u00bbuncode-palette\u00a0\u00bb]<\/p>\n<div id=\"pgc-107-2-0\" class=\"panel-grid-cell\">\n<div id=\"panel-107-2-0-0\" class=\"so-panel widget widget_sow-editor panel-first-child panel-last-child\" data-index=\"2\">\n<div class=\"so-widget-sow-editor so-widget-sow-editor-base\">\n<div class=\"siteorigin-widget-tinymce textwidget\">\n<p>&nbsp;<\/p>\n<ul>\n<li><a href=\"https:\/\/www.avobis.ch\/fr\/\" target=\"_blank\" rel=\"noopener noreferrer\">Avobis Group Ltd.<\/a><\/li>\n<li><a href=\"https:\/\/baselinewealth.com\/\">Baseline Wealth Management Ltd.<\/a><\/li>\n<li><a href=\"https:\/\/www.swissasia-group.com\/\">Swiss-Asia Ltd.<\/a><\/li>\n<\/ul>\n<\/div>\n<\/div>\n<\/div>\n<\/div>\n<p>[\/uncode_list][\/vc_column][\/vc_row][vc_row][vc_column width=\u00a0\u00bb1\/1&Prime;][uncode_block id=\u00a0\u00bb85485&Prime;][\/vc_column][\/vc_row][vc_row][vc_column width=\u00a0\u00bb1\/1&Prime;][uncode_block id=\u00a0\u00bb82642&Prime;][\/vc_column][\/vc_row]<\/p>\n<\/div>","protected":false},"excerpt":{"rendered":"<p>[vc_row row_height_percent=\u00a0\u00bb0&Prime; override_padding=\u00a0\u00bbyes\u00a0\u00bb h_padding=\u00a0\u00bb2&Prime; top_padding=\u00a0\u00bb5&Prime; bottom_padding=\u00a0\u00bb2&Prime; overlay_alpha=\u00a0\u00bb50&Prime; gutter_size=\u00a0\u00bb3&Prime; column_width_percent=\u00a0\u00bb100&Prime; shift_y=\u00a0\u00bb0&Prime; z_index=\u00a0\u00bb0&Prime;][vc_column column_width_percent=\u00a0\u00bb100&Prime; align_horizontal=\u00a0\u00bbalign_center\u00a0\u00bb gutter_size=\u00a0\u00bb3&Prime; overlay_alpha=\u00a0\u00bb50&Prime; shift_x=\u00a0\u00bb0&Prime; shift_y=\u00a0\u00bb0&Prime; shift_y_down=\u00a0\u00bb0&Prime; z_index=\u00a0\u00bb0&Prime; medium_width=\u00a0\u00bb0&Prime; [&hellip;]<\/p>\n","protected":false},"author":12,"featured_media":84280,"parent":85388,"menu_order":0,"comment_status":"closed","ping_status":"closed","template":"","meta":{"_monsterinsights_skip_tracking":false,"_monsterinsights_sitenote_active":false,"_monsterinsights_sitenote_note":"","_monsterinsights_sitenote_category":0,"footnotes":""},"class_list":["post-85418","page","type-page","status-publish","has-post-thumbnail","hentry","page_category-company-fr"],"yoast_head":"<!-- This site is optimized with the Yoast SEO plugin v27.3 - https:\/\/yoast.com\/product\/yoast-seo-wordpress\/ -->\n<title>Soci\u00e9t\u00e9 - Partenaires - 1875 Finance<\/title>\n<meta name=\"description\" content=\"Soci\u00e9t\u00e9, partenaires : 1875 FINANCE, en raison de sa philosophie bas\u00e9e sur l\u2019architecture ouverte, est en permanence \u00e0 la recherche de partenaires de premier ordre afin de renforcer ses comp\u00e9tences et de servir sa client\u00e8le. Gen\u00e8ve, Zurich, Luxembourg, Hong-Kong.\" \/>\n<meta name=\"robots\" content=\"index, follow, max-snippet:-1, max-image-preview:large, max-video-preview:-1\" \/>\n<link rel=\"canonical\" href=\"https:\/\/1875.ch\/fr\/societe\/partenaires\/\" \/>\n<meta property=\"og:locale\" content=\"fr_FR\" \/>\n<meta property=\"og:type\" content=\"article\" \/>\n<meta property=\"og:title\" content=\"Soci\u00e9t\u00e9 - Partenaires - 1875 Finance\" \/>\n<meta property=\"og:description\" content=\"Soci\u00e9t\u00e9, partenaires : 1875 FINANCE, en raison de sa philosophie bas\u00e9e sur l\u2019architecture ouverte, est en permanence \u00e0 la recherche de partenaires de premier ordre afin de renforcer ses comp\u00e9tences et de servir sa client\u00e8le. Gen\u00e8ve, Zurich, Luxembourg, Hong-Kong.\" \/>\n<meta property=\"og:url\" content=\"https:\/\/1875.ch\/fr\/societe\/partenaires\/\" \/>\n<meta property=\"og:site_name\" content=\"1875 Finance\" \/>\n<meta property=\"article:publisher\" content=\"https:\/\/www.facebook.com\/1875finance\/?fref=ts\" \/>\n<meta property=\"article:modified_time\" content=\"2026-04-16T16:02:39+00:00\" \/>\n<meta property=\"og:image\" content=\"https:\/\/1875.ch\/wp-content\/uploads\/2020\/03\/websiteimagery24-opt.jpg\" \/>\n\t<meta property=\"og:image:width\" content=\"2560\" \/>\n\t<meta property=\"og:image:height\" content=\"1307\" \/>\n\t<meta property=\"og:image:type\" content=\"image\/jpeg\" \/>\n<meta name=\"twitter:card\" content=\"summary_large_image\" \/>\n<meta name=\"twitter:label1\" content=\"Dur\u00e9e de lecture estim\u00e9e\" \/>\n\t<meta name=\"twitter:data1\" content=\"2 minutes\" \/>\n<script type=\"application\/ld+json\" class=\"yoast-schema-graph\">{\"@context\":\"https:\\\/\\\/schema.org\",\"@graph\":[{\"@type\":\"WebPage\",\"@id\":\"https:\\\/\\\/1875.ch\\\/fr\\\/societe\\\/partenaires\\\/\",\"url\":\"https:\\\/\\\/1875.ch\\\/fr\\\/societe\\\/partenaires\\\/\",\"name\":\"Soci\u00e9t\u00e9 - Partenaires - 1875 Finance\",\"isPartOf\":{\"@id\":\"https:\\\/\\\/1875.ch\\\/fr\\\/#website\"},\"primaryImageOfPage\":{\"@id\":\"https:\\\/\\\/1875.ch\\\/fr\\\/societe\\\/partenaires\\\/#primaryimage\"},\"image\":{\"@id\":\"https:\\\/\\\/1875.ch\\\/fr\\\/societe\\\/partenaires\\\/#primaryimage\"},\"thumbnailUrl\":\"https:\\\/\\\/1875.ch\\\/wp-content\\\/uploads\\\/2020\\\/03\\\/websiteimagery24-opt.jpg\",\"datePublished\":\"2020-04-15T00:22:38+00:00\",\"dateModified\":\"2026-04-16T16:02:39+00:00\",\"description\":\"Soci\u00e9t\u00e9, partenaires : 1875 FINANCE, en raison de sa philosophie bas\u00e9e sur l\u2019architecture ouverte, est en permanence \u00e0 la recherche de partenaires de premier ordre afin de renforcer ses comp\u00e9tences et de servir sa client\u00e8le. Gen\u00e8ve, Zurich, Luxembourg, Hong-Kong.\",\"breadcrumb\":{\"@id\":\"https:\\\/\\\/1875.ch\\\/fr\\\/societe\\\/partenaires\\\/#breadcrumb\"},\"inLanguage\":\"fr-FR\",\"potentialAction\":[{\"@type\":\"ReadAction\",\"target\":[\"https:\\\/\\\/1875.ch\\\/fr\\\/societe\\\/partenaires\\\/\"]}]},{\"@type\":\"ImageObject\",\"inLanguage\":\"fr-FR\",\"@id\":\"https:\\\/\\\/1875.ch\\\/fr\\\/societe\\\/partenaires\\\/#primaryimage\",\"url\":\"https:\\\/\\\/1875.ch\\\/wp-content\\\/uploads\\\/2020\\\/03\\\/websiteimagery24-opt.jpg\",\"contentUrl\":\"https:\\\/\\\/1875.ch\\\/wp-content\\\/uploads\\\/2020\\\/03\\\/websiteimagery24-opt.jpg\",\"width\":2560,\"height\":1307},{\"@type\":\"BreadcrumbList\",\"@id\":\"https:\\\/\\\/1875.ch\\\/fr\\\/societe\\\/partenaires\\\/#breadcrumb\",\"itemListElement\":[{\"@type\":\"ListItem\",\"position\":1,\"name\":\"Home\",\"item\":\"https:\\\/\\\/1875.ch\\\/fr\\\/\"},{\"@type\":\"ListItem\",\"position\":2,\"name\":\"Soci\u00e9t\u00e9\",\"item\":\"https:\\\/\\\/1875.ch\\\/fr\\\/societe\\\/\"},{\"@type\":\"ListItem\",\"position\":3,\"name\":\"Partenaires\"}]},{\"@type\":\"WebSite\",\"@id\":\"https:\\\/\\\/1875.ch\\\/fr\\\/#website\",\"url\":\"https:\\\/\\\/1875.ch\\\/fr\\\/\",\"name\":\"1875 Finance\",\"description\":\"The Financial Place to Be\",\"publisher\":{\"@id\":\"https:\\\/\\\/1875.ch\\\/fr\\\/#organization\"},\"potentialAction\":[{\"@type\":\"SearchAction\",\"target\":{\"@type\":\"EntryPoint\",\"urlTemplate\":\"https:\\\/\\\/1875.ch\\\/fr\\\/?s={search_term_string}\"},\"query-input\":{\"@type\":\"PropertyValueSpecification\",\"valueRequired\":true,\"valueName\":\"search_term_string\"}}],\"inLanguage\":\"fr-FR\"},{\"@type\":\"Organization\",\"@id\":\"https:\\\/\\\/1875.ch\\\/fr\\\/#organization\",\"name\":\"1875 Finance\",\"url\":\"https:\\\/\\\/1875.ch\\\/fr\\\/\",\"logo\":{\"@type\":\"ImageObject\",\"inLanguage\":\"fr-FR\",\"@id\":\"https:\\\/\\\/1875.ch\\\/fr\\\/#\\\/schema\\\/logo\\\/image\\\/\",\"url\":\"https:\\\/\\\/1875.ch\\\/wp-content\\\/uploads\\\/2020\\\/03\\\/1875-logo.png\",\"contentUrl\":\"https:\\\/\\\/1875.ch\\\/wp-content\\\/uploads\\\/2020\\\/03\\\/1875-logo.png\",\"width\":220,\"height\":220,\"caption\":\"1875 Finance\"},\"image\":{\"@id\":\"https:\\\/\\\/1875.ch\\\/fr\\\/#\\\/schema\\\/logo\\\/image\\\/\"},\"sameAs\":[\"https:\\\/\\\/www.facebook.com\\\/1875finance\\\/?fref=ts\",\"https:\\\/\\\/www.youtube.com\\\/channel\\\/UCZA0ykjGQrrEA3GBFkn8cAg\"]}]}<\/script>\n<!-- \/ Yoast SEO plugin. -->","yoast_head_json":{"title":"Soci\u00e9t\u00e9 - Partenaires - 1875 Finance","description":"Soci\u00e9t\u00e9, partenaires : 1875 FINANCE, en raison de sa philosophie bas\u00e9e sur l\u2019architecture ouverte, est en permanence \u00e0 la recherche de partenaires de premier ordre afin de renforcer ses comp\u00e9tences et de servir sa client\u00e8le. Gen\u00e8ve, Zurich, Luxembourg, Hong-Kong.","robots":{"index":"index","follow":"follow","max-snippet":"max-snippet:-1","max-image-preview":"max-image-preview:large","max-video-preview":"max-video-preview:-1"},"canonical":"https:\/\/1875.ch\/fr\/societe\/partenaires\/","og_locale":"fr_FR","og_type":"article","og_title":"Soci\u00e9t\u00e9 - Partenaires - 1875 Finance","og_description":"Soci\u00e9t\u00e9, partenaires : 1875 FINANCE, en raison de sa philosophie bas\u00e9e sur l\u2019architecture ouverte, est en permanence \u00e0 la recherche de partenaires de premier ordre afin de renforcer ses comp\u00e9tences et de servir sa client\u00e8le. Gen\u00e8ve, Zurich, Luxembourg, Hong-Kong.","og_url":"https:\/\/1875.ch\/fr\/societe\/partenaires\/","og_site_name":"1875 Finance","article_publisher":"https:\/\/www.facebook.com\/1875finance\/?fref=ts","article_modified_time":"2026-04-16T16:02:39+00:00","og_image":[{"width":2560,"height":1307,"url":"https:\/\/1875.ch\/wp-content\/uploads\/2020\/03\/websiteimagery24-opt.jpg","type":"image\/jpeg"}],"twitter_card":"summary_large_image","twitter_misc":{"Dur\u00e9e de lecture estim\u00e9e":"2 minutes"},"schema":{"@context":"https:\/\/schema.org","@graph":[{"@type":"WebPage","@id":"https:\/\/1875.ch\/fr\/societe\/partenaires\/","url":"https:\/\/1875.ch\/fr\/societe\/partenaires\/","name":"Soci\u00e9t\u00e9 - Partenaires - 1875 Finance","isPartOf":{"@id":"https:\/\/1875.ch\/fr\/#website"},"primaryImageOfPage":{"@id":"https:\/\/1875.ch\/fr\/societe\/partenaires\/#primaryimage"},"image":{"@id":"https:\/\/1875.ch\/fr\/societe\/partenaires\/#primaryimage"},"thumbnailUrl":"https:\/\/1875.ch\/wp-content\/uploads\/2020\/03\/websiteimagery24-opt.jpg","datePublished":"2020-04-15T00:22:38+00:00","dateModified":"2026-04-16T16:02:39+00:00","description":"Soci\u00e9t\u00e9, partenaires : 1875 FINANCE, en raison de sa philosophie bas\u00e9e sur l\u2019architecture ouverte, est en permanence \u00e0 la recherche de partenaires de premier ordre afin de renforcer ses comp\u00e9tences et de servir sa client\u00e8le. Gen\u00e8ve, Zurich, Luxembourg, Hong-Kong.","breadcrumb":{"@id":"https:\/\/1875.ch\/fr\/societe\/partenaires\/#breadcrumb"},"inLanguage":"fr-FR","potentialAction":[{"@type":"ReadAction","target":["https:\/\/1875.ch\/fr\/societe\/partenaires\/"]}]},{"@type":"ImageObject","inLanguage":"fr-FR","@id":"https:\/\/1875.ch\/fr\/societe\/partenaires\/#primaryimage","url":"https:\/\/1875.ch\/wp-content\/uploads\/2020\/03\/websiteimagery24-opt.jpg","contentUrl":"https:\/\/1875.ch\/wp-content\/uploads\/2020\/03\/websiteimagery24-opt.jpg","width":2560,"height":1307},{"@type":"BreadcrumbList","@id":"https:\/\/1875.ch\/fr\/societe\/partenaires\/#breadcrumb","itemListElement":[{"@type":"ListItem","position":1,"name":"Home","item":"https:\/\/1875.ch\/fr\/"},{"@type":"ListItem","position":2,"name":"Soci\u00e9t\u00e9","item":"https:\/\/1875.ch\/fr\/societe\/"},{"@type":"ListItem","position":3,"name":"Partenaires"}]},{"@type":"WebSite","@id":"https:\/\/1875.ch\/fr\/#website","url":"https:\/\/1875.ch\/fr\/","name":"1875 Finance","description":"The Financial Place to Be","publisher":{"@id":"https:\/\/1875.ch\/fr\/#organization"},"potentialAction":[{"@type":"SearchAction","target":{"@type":"EntryPoint","urlTemplate":"https:\/\/1875.ch\/fr\/?s={search_term_string}"},"query-input":{"@type":"PropertyValueSpecification","valueRequired":true,"valueName":"search_term_string"}}],"inLanguage":"fr-FR"},{"@type":"Organization","@id":"https:\/\/1875.ch\/fr\/#organization","name":"1875 Finance","url":"https:\/\/1875.ch\/fr\/","logo":{"@type":"ImageObject","inLanguage":"fr-FR","@id":"https:\/\/1875.ch\/fr\/#\/schema\/logo\/image\/","url":"https:\/\/1875.ch\/wp-content\/uploads\/2020\/03\/1875-logo.png","contentUrl":"https:\/\/1875.ch\/wp-content\/uploads\/2020\/03\/1875-logo.png","width":220,"height":220,"caption":"1875 Finance"},"image":{"@id":"https:\/\/1875.ch\/fr\/#\/schema\/logo\/image\/"},"sameAs":["https:\/\/www.facebook.com\/1875finance\/?fref=ts","https:\/\/www.youtube.com\/channel\/UCZA0ykjGQrrEA3GBFkn8cAg"]}]}},"_links":{"self":[{"href":"https:\/\/1875.ch\/fr\/wp-json\/wp\/v2\/pages\/85418","targetHints":{"allow":["GET"]}}],"collection":[{"href":"https:\/\/1875.ch\/fr\/wp-json\/wp\/v2\/pages"}],"about":[{"href":"https:\/\/1875.ch\/fr\/wp-json\/wp\/v2\/types\/page"}],"author":[{"embeddable":true,"href":"https:\/\/1875.ch\/fr\/wp-json\/wp\/v2\/users\/12"}],"replies":[{"embeddable":true,"href":"https:\/\/1875.ch\/fr\/wp-json\/wp\/v2\/comments?post=85418"}],"version-history":[{"count":6,"href":"https:\/\/1875.ch\/fr\/wp-json\/wp\/v2\/pages\/85418\/revisions"}],"predecessor-version":[{"id":88465,"href":"https:\/\/1875.ch\/fr\/wp-json\/wp\/v2\/pages\/85418\/revisions\/88465"}],"up":[{"embeddable":true,"href":"https:\/\/1875.ch\/fr\/wp-json\/wp\/v2\/pages\/85388"}],"wp:featuredmedia":[{"embeddable":true,"href":"https:\/\/1875.ch\/fr\/wp-json\/wp\/v2\/media\/84280"}],"wp:attachment":[{"href":"https:\/\/1875.ch\/fr\/wp-json\/wp\/v2\/media?parent=85418"}],"curies":[{"name":"wp","href":"https:\/\/api.w.org\/{rel}","templated":true}]}}