{"id":85426,"date":"2020-04-09T23:30:57","date_gmt":"2020-04-09T23:30:57","guid":{"rendered":"https:\/\/1875.ch\/company\/team\/"},"modified":"2025-10-01T14:35:51","modified_gmt":"2025-10-01T14:35:51","slug":"equipe-et-carriere","status":"publish","type":"page","link":"https:\/\/1875.ch\/fr\/societe\/equipe-et-carriere\/","title":{"rendered":"Equipe et carri\u00e8re"},"content":{"rendered":"<div class=\"wpb-content-wrapper\"><p>[vc_row row_height_percent=\u00a0\u00bb0&Prime; override_padding=\u00a0\u00bbyes\u00a0\u00bb h_padding=\u00a0\u00bb2&Prime; top_padding=\u00a0\u00bb5&Prime; bottom_padding=\u00a0\u00bb2&Prime; overlay_alpha=\u00a0\u00bb50&Prime; gutter_size=\u00a0\u00bb3&Prime; column_width_percent=\u00a0\u00bb100&Prime; shift_y=\u00a0\u00bb0&Prime; z_index=\u00a0\u00bb0&Prime;][vc_column column_width_percent=\u00a0\u00bb100&Prime; align_horizontal=\u00a0\u00bbalign_center\u00a0\u00bb gutter_size=\u00a0\u00bb3&Prime; overlay_alpha=\u00a0\u00bb50&Prime; shift_x=\u00a0\u00bb0&Prime; shift_y=\u00a0\u00bb0&Prime; shift_y_down=\u00a0\u00bb0&Prime; z_index=\u00a0\u00bb0&Prime; medium_width=\u00a0\u00bb0&Prime; mobile_width=\u00a0\u00bb0&Prime; width=\u00a0\u00bb1\/1&Prime;][vc_custom_heading heading_semantic=\u00a0\u00bbh1&Prime; separator_color=\u00a0\u00bbyes\u00a0\u00bb separator=\u00a0\u00bbyes\u00a0\u00bb sub_lead=\u00a0\u00bbyes\u00a0\u00bb css_animation=\u00a0\u00bbcurtain\u00a0\u00bb animation_delay=\u00a0\u00bb200&Prime;]Soci\u00e9t\u00e9:<br \/>\nEthique et excellence[\/vc_custom_heading][\/vc_column][\/vc_row][vc_row row_height_percent=\u00a0\u00bb0&Prime; overlay_alpha=\u00a0\u00bb50&Prime; gutter_size=\u00a0\u00bb3&Prime; column_width_percent=\u00a0\u00bb100&Prime; shift_y=\u00a0\u00bb0&Prime; z_index=\u00a0\u00bb0&Prime;][vc_column width=\u00a0\u00bb1\/1&Prime;][vc_column_text]<\/p>\n<h4>N\u00e9e de l\u2019exp\u00e9rience commune de ses fondateurs au sein de la m\u00eame banque,\u00a0<strong>1875 FINANCE<\/strong>\u00a0repose sur un esprit d\u2019\u00e9quipe ind\u00e9fectible garantissant une coh\u00e9sion constante et une responsabilit\u00e9 partag\u00e9e dans les choix strat\u00e9giques et le conseil \u00e0 la client\u00e8le.<\/h4>\n<p>[\/vc_column_text][\/vc_column][\/vc_row][vc_row row_height_percent=\u00a0\u00bb0&Prime; override_padding=\u00a0\u00bbyes\u00a0\u00bb h_padding=\u00a0\u00bb2&Prime; top_padding=\u00a0\u00bb2&Prime; bottom_padding=\u00a0\u00bb5&Prime; overlay_alpha=\u00a0\u00bb50&Prime; gutter_size=\u00a0\u00bb3&Prime; column_width_percent=\u00a0\u00bb100&Prime; shift_y=\u00a0\u00bb0&Prime; z_index=\u00a0\u00bb0&Prime;][vc_column width=\u00a0\u00bb1\/2&Prime;][vc_column_text text_lead=\u00a0\u00bbyes\u00a0\u00bb]<\/p>\n<h4>Equipe<\/h4>\n<p>Cet esprit est aussi celui d\u2019un attachement plus que centenaire \u00e0 Gen\u00e8ve et aux valeurs suisses : excellence, ouverture d\u2019esprit, \u00e9thique et respect des collaborateurs. A l\u2019image de ses fondateurs,\u00a0<strong>1875 FINANCE<\/strong>\u00a0se positionne \u00e0 la fois comme une compagnie innovante et comme un gardien de la tradition financi\u00e8re genevoise.<\/p>\n<p>Veuillez cliquer sur les liens ci-dessous pour d\u00e9couvrir notre \u00e9quipe.[\/vc_column_text][uncode_list larger=\u00a0\u00bbyes\u00a0\u00bb icon=\u00a0\u00bbfa fa-arrow-right-thick\u00a0\u00bb icon_color=\u00a0\u00bbaccent\u00a0\u00bb]<\/p>\n<ul>\n<li><a href=\"\/fr\/societe\/equipe-et-carriere\/administrateurs\/\" target=\"_blank\" rel=\"noopener noreferrer\">Administrateurs<\/a><\/li>\n<\/ul>\n<p>[\/uncode_list][vc_column_text text_lead=\u00a0\u00bbyes\u00a0\u00bb uncode_shortcode_id=\u00a0\u00bb135914&Prime;]<em>1875 FINANCE, soci\u00e9t\u00e9 ind\u00e9pendante d\u00e9tenue par ses Associ\u00e9s fondateurs et le Groupe REYL Intesa SanPaolo.<\/em>[\/vc_column_text][uncode_list larger=\u00a0\u00bbyes\u00a0\u00bb icon=\u00a0\u00bbfa fa-arrow-right-thick\u00a0\u00bb icon_color=\u00a0\u00bbaccent\u00a0\u00bb uncode_shortcode_id=\u00a0\u00bb168325&Prime; icon_color_type=\u00a0\u00bbuncode-palette\u00a0\u00bb]<\/p>\n<ul>\n<li><a href=\"\/fr\/societe\/associes-fondateurs\/\" target=\"_blank\" rel=\"noopener noreferrer\">Associ\u00e9s fondateurs<\/a><\/li>\n<li><a href=\"https:\/\/1875.ch\/fr\/societe\/equipe-et-carriere\/conseil-consultatif\/\">Advisory Board<\/a><\/li>\n<li><a href=\"\/fr\/societe\/equipe-et-carriere\/1875-capital\/\" target=\"_blank\" rel=\"noopener noreferrer\">Associ\u00e9s*<\/a><\/li>\n<li><a href=\"\/fr\/societe\/equipe-et-carriere\/senior-team\/\" target=\"_blank\" rel=\"noopener noreferrer\">Senior team<\/a><\/li>\n<li><a href=\"\/fr\/expertise\/administration\/\" target=\"_blank\" rel=\"noopener noreferrer\">Administration<\/a><\/li>\n<\/ul>\n<p>[\/uncode_list][vc_column_text]<em>*Associ\u00e9s de 1875 Capital<\/em>[\/vc_column_text][\/vc_column][vc_column width=\u00a0\u00bb1\/2&Prime;][vc_column_text text_lead=\u00a0\u00bbyes\u00a0\u00bb uncode_shortcode_id=\u00a0\u00bb185404&Prime;]<\/p>\n<h4>Rejoignez-nous !<\/h4>\n<p>Notre mod\u00e8le, notre nom, notre succ\u00e8s ne sont rien sans les hommes et les femmes qui en font la force.&nbsp;<strong>1875 FINANCE<\/strong>&nbsp;fait figure de r\u00e9f\u00e9rence dans l\u2019univers des g\u00e9rants ind\u00e9pendants et vous offre l\u2019opportunit\u00e9 de d\u00e9velopper vos talents et vos comp\u00e9tences afin d\u2019atteindre vos objectifs.<\/p>\n<p>Notre mod\u00e8le de gestion d\u2019actifs garantit \u00e0 la fois l\u2019ind\u00e9pendance et les moyens techniques pour des gestionnaires exp\u00e9riment\u00e9s, d\u00e9sireux d\u2019int\u00e9grer une structure dynamique \u00e9quip\u00e9e pour affronter le march\u00e9 de demain.<\/p>\n<h4>Contact RH<\/h4>\n<p><strong>Sofia Rovere<\/strong><br \/>\nT +41 22 595 18 95<br \/>\nEmail : <a href=\"mailto:carriere@1875.ch\">carriere@1875.ch<\/a>[\/vc_column_text][\/vc_column][\/vc_row][vc_row][vc_column width=\u00a0\u00bb1\/1&Prime;][uncode_block id=\u00a0\u00bb85697&Prime;][\/vc_column][\/vc_row][vc_row][vc_column width=\u00a0\u00bb1\/1&Prime;][uncode_block id=\u00a0\u00bb82642&Prime;][\/vc_column][\/vc_row]<\/p>\n<\/div>","protected":false},"excerpt":{"rendered":"<p>[vc_row row_height_percent=\u00a0\u00bb0&Prime; override_padding=\u00a0\u00bbyes\u00a0\u00bb h_padding=\u00a0\u00bb2&Prime; top_padding=\u00a0\u00bb5&Prime; bottom_padding=\u00a0\u00bb2&Prime; overlay_alpha=\u00a0\u00bb50&Prime; gutter_size=\u00a0\u00bb3&Prime; column_width_percent=\u00a0\u00bb100&Prime; shift_y=\u00a0\u00bb0&Prime; z_index=\u00a0\u00bb0&Prime;][vc_column column_width_percent=\u00a0\u00bb100&Prime; align_horizontal=\u00a0\u00bbalign_center\u00a0\u00bb gutter_size=\u00a0\u00bb3&Prime; overlay_alpha=\u00a0\u00bb50&Prime; shift_x=\u00a0\u00bb0&Prime; shift_y=\u00a0\u00bb0&Prime; shift_y_down=\u00a0\u00bb0&Prime; z_index=\u00a0\u00bb0&Prime; medium_width=\u00a0\u00bb0&Prime; [&hellip;]<\/p>\n","protected":false},"author":12,"featured_media":84280,"parent":85388,"menu_order":0,"comment_status":"closed","ping_status":"closed","template":"","meta":{"_monsterinsights_skip_tracking":false,"_monsterinsights_sitenote_active":false,"_monsterinsights_sitenote_note":"","_monsterinsights_sitenote_category":0,"footnotes":""},"class_list":["post-85426","page","type-page","status-publish","has-post-thumbnail","hentry","page_category-company-fr"],"yoast_head":"<!-- This site is optimized with the Yoast SEO plugin v27.3 - https:\/\/yoast.com\/product\/yoast-seo-wordpress\/ -->\n<title>Soci\u00e9t\u00e9 - Equipe et carri\u00e8re - 1875 Finance<\/title>\n<meta name=\"description\" content=\"N\u00e9e de l\u2019exp\u00e9rience commune de ses fondateurs au sein de la m\u00eame banque, 1875 FINANCE repose sur un esprit d\u2019\u00e9quipe ind\u00e9fectible garantissant une coh\u00e9sion constante et une responsabilit\u00e9 partag\u00e9e dans les choix strat\u00e9giques et le conseil \u00e0 la client\u00e8le. Gen\u00e8ve, Zurich, Luxembourg, Hong-Kong.\" \/>\n<meta name=\"robots\" content=\"index, follow, max-snippet:-1, max-image-preview:large, max-video-preview:-1\" \/>\n<link rel=\"canonical\" href=\"https:\/\/1875.ch\/fr\/societe\/equipe-et-carriere\/\" \/>\n<meta property=\"og:locale\" content=\"fr_FR\" \/>\n<meta property=\"og:type\" content=\"article\" \/>\n<meta property=\"og:title\" content=\"Soci\u00e9t\u00e9 - Equipe et carri\u00e8re - 1875 Finance\" \/>\n<meta property=\"og:description\" content=\"N\u00e9e de l\u2019exp\u00e9rience commune de ses fondateurs au sein de la m\u00eame banque, 1875 FINANCE repose sur un esprit d\u2019\u00e9quipe ind\u00e9fectible garantissant une coh\u00e9sion constante et une responsabilit\u00e9 partag\u00e9e dans les choix strat\u00e9giques et le conseil \u00e0 la client\u00e8le. Gen\u00e8ve, Zurich, Luxembourg, Hong-Kong.\" \/>\n<meta property=\"og:url\" content=\"https:\/\/1875.ch\/fr\/societe\/equipe-et-carriere\/\" \/>\n<meta property=\"og:site_name\" content=\"1875 Finance\" \/>\n<meta property=\"article:publisher\" content=\"https:\/\/www.facebook.com\/1875finance\/?fref=ts\" \/>\n<meta property=\"article:modified_time\" content=\"2025-10-01T14:35:51+00:00\" \/>\n<meta property=\"og:image\" content=\"https:\/\/1875.ch\/wp-content\/uploads\/2020\/03\/websiteimagery24-opt.jpg\" \/>\n\t<meta property=\"og:image:width\" content=\"2560\" \/>\n\t<meta property=\"og:image:height\" content=\"1307\" \/>\n\t<meta property=\"og:image:type\" content=\"image\/jpeg\" \/>\n<meta name=\"twitter:card\" content=\"summary_large_image\" \/>\n<meta name=\"twitter:label1\" content=\"Dur\u00e9e de lecture estim\u00e9e\" \/>\n\t<meta name=\"twitter:data1\" content=\"2 minutes\" \/>\n<script type=\"application\/ld+json\" class=\"yoast-schema-graph\">{\"@context\":\"https:\\\/\\\/schema.org\",\"@graph\":[{\"@type\":\"WebPage\",\"@id\":\"https:\\\/\\\/1875.ch\\\/fr\\\/societe\\\/equipe-et-carriere\\\/\",\"url\":\"https:\\\/\\\/1875.ch\\\/fr\\\/societe\\\/equipe-et-carriere\\\/\",\"name\":\"Soci\u00e9t\u00e9 - Equipe et carri\u00e8re - 1875 Finance\",\"isPartOf\":{\"@id\":\"https:\\\/\\\/1875.ch\\\/fr\\\/#website\"},\"primaryImageOfPage\":{\"@id\":\"https:\\\/\\\/1875.ch\\\/fr\\\/societe\\\/equipe-et-carriere\\\/#primaryimage\"},\"image\":{\"@id\":\"https:\\\/\\\/1875.ch\\\/fr\\\/societe\\\/equipe-et-carriere\\\/#primaryimage\"},\"thumbnailUrl\":\"https:\\\/\\\/1875.ch\\\/wp-content\\\/uploads\\\/2020\\\/03\\\/websiteimagery24-opt.jpg\",\"datePublished\":\"2020-04-09T23:30:57+00:00\",\"dateModified\":\"2025-10-01T14:35:51+00:00\",\"description\":\"N\u00e9e de l\u2019exp\u00e9rience commune de ses fondateurs au sein de la m\u00eame banque, 1875 FINANCE repose sur un esprit d\u2019\u00e9quipe ind\u00e9fectible garantissant une coh\u00e9sion constante et une responsabilit\u00e9 partag\u00e9e dans les choix strat\u00e9giques et le conseil \u00e0 la client\u00e8le. Gen\u00e8ve, Zurich, Luxembourg, Hong-Kong.\",\"breadcrumb\":{\"@id\":\"https:\\\/\\\/1875.ch\\\/fr\\\/societe\\\/equipe-et-carriere\\\/#breadcrumb\"},\"inLanguage\":\"fr-FR\",\"potentialAction\":[{\"@type\":\"ReadAction\",\"target\":[\"https:\\\/\\\/1875.ch\\\/fr\\\/societe\\\/equipe-et-carriere\\\/\"]}]},{\"@type\":\"ImageObject\",\"inLanguage\":\"fr-FR\",\"@id\":\"https:\\\/\\\/1875.ch\\\/fr\\\/societe\\\/equipe-et-carriere\\\/#primaryimage\",\"url\":\"https:\\\/\\\/1875.ch\\\/wp-content\\\/uploads\\\/2020\\\/03\\\/websiteimagery24-opt.jpg\",\"contentUrl\":\"https:\\\/\\\/1875.ch\\\/wp-content\\\/uploads\\\/2020\\\/03\\\/websiteimagery24-opt.jpg\",\"width\":2560,\"height\":1307},{\"@type\":\"BreadcrumbList\",\"@id\":\"https:\\\/\\\/1875.ch\\\/fr\\\/societe\\\/equipe-et-carriere\\\/#breadcrumb\",\"itemListElement\":[{\"@type\":\"ListItem\",\"position\":1,\"name\":\"Home\",\"item\":\"https:\\\/\\\/1875.ch\\\/fr\\\/\"},{\"@type\":\"ListItem\",\"position\":2,\"name\":\"Soci\u00e9t\u00e9\",\"item\":\"https:\\\/\\\/1875.ch\\\/fr\\\/societe\\\/\"},{\"@type\":\"ListItem\",\"position\":3,\"name\":\"Equipe et carri\u00e8re\"}]},{\"@type\":\"WebSite\",\"@id\":\"https:\\\/\\\/1875.ch\\\/fr\\\/#website\",\"url\":\"https:\\\/\\\/1875.ch\\\/fr\\\/\",\"name\":\"1875 Finance\",\"description\":\"The Financial Place to Be\",\"publisher\":{\"@id\":\"https:\\\/\\\/1875.ch\\\/fr\\\/#organization\"},\"potentialAction\":[{\"@type\":\"SearchAction\",\"target\":{\"@type\":\"EntryPoint\",\"urlTemplate\":\"https:\\\/\\\/1875.ch\\\/fr\\\/?s={search_term_string}\"},\"query-input\":{\"@type\":\"PropertyValueSpecification\",\"valueRequired\":true,\"valueName\":\"search_term_string\"}}],\"inLanguage\":\"fr-FR\"},{\"@type\":\"Organization\",\"@id\":\"https:\\\/\\\/1875.ch\\\/fr\\\/#organization\",\"name\":\"1875 Finance\",\"url\":\"https:\\\/\\\/1875.ch\\\/fr\\\/\",\"logo\":{\"@type\":\"ImageObject\",\"inLanguage\":\"fr-FR\",\"@id\":\"https:\\\/\\\/1875.ch\\\/fr\\\/#\\\/schema\\\/logo\\\/image\\\/\",\"url\":\"https:\\\/\\\/1875.ch\\\/wp-content\\\/uploads\\\/2020\\\/03\\\/1875-logo.png\",\"contentUrl\":\"https:\\\/\\\/1875.ch\\\/wp-content\\\/uploads\\\/2020\\\/03\\\/1875-logo.png\",\"width\":220,\"height\":220,\"caption\":\"1875 Finance\"},\"image\":{\"@id\":\"https:\\\/\\\/1875.ch\\\/fr\\\/#\\\/schema\\\/logo\\\/image\\\/\"},\"sameAs\":[\"https:\\\/\\\/www.facebook.com\\\/1875finance\\\/?fref=ts\",\"https:\\\/\\\/www.youtube.com\\\/channel\\\/UCZA0ykjGQrrEA3GBFkn8cAg\"]}]}<\/script>\n<!-- \/ Yoast SEO plugin. -->","yoast_head_json":{"title":"Soci\u00e9t\u00e9 - Equipe et carri\u00e8re - 1875 Finance","description":"N\u00e9e de l\u2019exp\u00e9rience commune de ses fondateurs au sein de la m\u00eame banque, 1875 FINANCE repose sur un esprit d\u2019\u00e9quipe ind\u00e9fectible garantissant une coh\u00e9sion constante et une responsabilit\u00e9 partag\u00e9e dans les choix strat\u00e9giques et le conseil \u00e0 la client\u00e8le. Gen\u00e8ve, Zurich, Luxembourg, Hong-Kong.","robots":{"index":"index","follow":"follow","max-snippet":"max-snippet:-1","max-image-preview":"max-image-preview:large","max-video-preview":"max-video-preview:-1"},"canonical":"https:\/\/1875.ch\/fr\/societe\/equipe-et-carriere\/","og_locale":"fr_FR","og_type":"article","og_title":"Soci\u00e9t\u00e9 - Equipe et carri\u00e8re - 1875 Finance","og_description":"N\u00e9e de l\u2019exp\u00e9rience commune de ses fondateurs au sein de la m\u00eame banque, 1875 FINANCE repose sur un esprit d\u2019\u00e9quipe ind\u00e9fectible garantissant une coh\u00e9sion constante et une responsabilit\u00e9 partag\u00e9e dans les choix strat\u00e9giques et le conseil \u00e0 la client\u00e8le. Gen\u00e8ve, Zurich, Luxembourg, Hong-Kong.","og_url":"https:\/\/1875.ch\/fr\/societe\/equipe-et-carriere\/","og_site_name":"1875 Finance","article_publisher":"https:\/\/www.facebook.com\/1875finance\/?fref=ts","article_modified_time":"2025-10-01T14:35:51+00:00","og_image":[{"width":2560,"height":1307,"url":"https:\/\/1875.ch\/wp-content\/uploads\/2020\/03\/websiteimagery24-opt.jpg","type":"image\/jpeg"}],"twitter_card":"summary_large_image","twitter_misc":{"Dur\u00e9e de lecture estim\u00e9e":"2 minutes"},"schema":{"@context":"https:\/\/schema.org","@graph":[{"@type":"WebPage","@id":"https:\/\/1875.ch\/fr\/societe\/equipe-et-carriere\/","url":"https:\/\/1875.ch\/fr\/societe\/equipe-et-carriere\/","name":"Soci\u00e9t\u00e9 - Equipe et carri\u00e8re - 1875 Finance","isPartOf":{"@id":"https:\/\/1875.ch\/fr\/#website"},"primaryImageOfPage":{"@id":"https:\/\/1875.ch\/fr\/societe\/equipe-et-carriere\/#primaryimage"},"image":{"@id":"https:\/\/1875.ch\/fr\/societe\/equipe-et-carriere\/#primaryimage"},"thumbnailUrl":"https:\/\/1875.ch\/wp-content\/uploads\/2020\/03\/websiteimagery24-opt.jpg","datePublished":"2020-04-09T23:30:57+00:00","dateModified":"2025-10-01T14:35:51+00:00","description":"N\u00e9e de l\u2019exp\u00e9rience commune de ses fondateurs au sein de la m\u00eame banque, 1875 FINANCE repose sur un esprit d\u2019\u00e9quipe ind\u00e9fectible garantissant une coh\u00e9sion constante et une responsabilit\u00e9 partag\u00e9e dans les choix strat\u00e9giques et le conseil \u00e0 la client\u00e8le. Gen\u00e8ve, Zurich, Luxembourg, Hong-Kong.","breadcrumb":{"@id":"https:\/\/1875.ch\/fr\/societe\/equipe-et-carriere\/#breadcrumb"},"inLanguage":"fr-FR","potentialAction":[{"@type":"ReadAction","target":["https:\/\/1875.ch\/fr\/societe\/equipe-et-carriere\/"]}]},{"@type":"ImageObject","inLanguage":"fr-FR","@id":"https:\/\/1875.ch\/fr\/societe\/equipe-et-carriere\/#primaryimage","url":"https:\/\/1875.ch\/wp-content\/uploads\/2020\/03\/websiteimagery24-opt.jpg","contentUrl":"https:\/\/1875.ch\/wp-content\/uploads\/2020\/03\/websiteimagery24-opt.jpg","width":2560,"height":1307},{"@type":"BreadcrumbList","@id":"https:\/\/1875.ch\/fr\/societe\/equipe-et-carriere\/#breadcrumb","itemListElement":[{"@type":"ListItem","position":1,"name":"Home","item":"https:\/\/1875.ch\/fr\/"},{"@type":"ListItem","position":2,"name":"Soci\u00e9t\u00e9","item":"https:\/\/1875.ch\/fr\/societe\/"},{"@type":"ListItem","position":3,"name":"Equipe et carri\u00e8re"}]},{"@type":"WebSite","@id":"https:\/\/1875.ch\/fr\/#website","url":"https:\/\/1875.ch\/fr\/","name":"1875 Finance","description":"The Financial Place to Be","publisher":{"@id":"https:\/\/1875.ch\/fr\/#organization"},"potentialAction":[{"@type":"SearchAction","target":{"@type":"EntryPoint","urlTemplate":"https:\/\/1875.ch\/fr\/?s={search_term_string}"},"query-input":{"@type":"PropertyValueSpecification","valueRequired":true,"valueName":"search_term_string"}}],"inLanguage":"fr-FR"},{"@type":"Organization","@id":"https:\/\/1875.ch\/fr\/#organization","name":"1875 Finance","url":"https:\/\/1875.ch\/fr\/","logo":{"@type":"ImageObject","inLanguage":"fr-FR","@id":"https:\/\/1875.ch\/fr\/#\/schema\/logo\/image\/","url":"https:\/\/1875.ch\/wp-content\/uploads\/2020\/03\/1875-logo.png","contentUrl":"https:\/\/1875.ch\/wp-content\/uploads\/2020\/03\/1875-logo.png","width":220,"height":220,"caption":"1875 Finance"},"image":{"@id":"https:\/\/1875.ch\/fr\/#\/schema\/logo\/image\/"},"sameAs":["https:\/\/www.facebook.com\/1875finance\/?fref=ts","https:\/\/www.youtube.com\/channel\/UCZA0ykjGQrrEA3GBFkn8cAg"]}]}},"_links":{"self":[{"href":"https:\/\/1875.ch\/fr\/wp-json\/wp\/v2\/pages\/85426","targetHints":{"allow":["GET"]}}],"collection":[{"href":"https:\/\/1875.ch\/fr\/wp-json\/wp\/v2\/pages"}],"about":[{"href":"https:\/\/1875.ch\/fr\/wp-json\/wp\/v2\/types\/page"}],"author":[{"embeddable":true,"href":"https:\/\/1875.ch\/fr\/wp-json\/wp\/v2\/users\/12"}],"replies":[{"embeddable":true,"href":"https:\/\/1875.ch\/fr\/wp-json\/wp\/v2\/comments?post=85426"}],"version-history":[{"count":5,"href":"https:\/\/1875.ch\/fr\/wp-json\/wp\/v2\/pages\/85426\/revisions"}],"predecessor-version":[{"id":88199,"href":"https:\/\/1875.ch\/fr\/wp-json\/wp\/v2\/pages\/85426\/revisions\/88199"}],"up":[{"embeddable":true,"href":"https:\/\/1875.ch\/fr\/wp-json\/wp\/v2\/pages\/85388"}],"wp:featuredmedia":[{"embeddable":true,"href":"https:\/\/1875.ch\/fr\/wp-json\/wp\/v2\/media\/84280"}],"wp:attachment":[{"href":"https:\/\/1875.ch\/fr\/wp-json\/wp\/v2\/media?parent=85426"}],"curies":[{"name":"wp","href":"https:\/\/api.w.org\/{rel}","templated":true}]}}