{"id":85452,"date":"2020-04-26T01:15:11","date_gmt":"2020-04-26T01:15:11","guid":{"rendered":"https:\/\/1875.ch\/expertise\/asset-management\/philosophy\/"},"modified":"2020-10-29T16:56:31","modified_gmt":"2020-10-29T16:56:31","slug":"philosophie","status":"publish","type":"page","link":"https:\/\/1875.ch\/fr\/expertise\/asset-management\/philosophie\/","title":{"rendered":"Philosophie"},"content":{"rendered":"<div class=\"wpb-content-wrapper\"><p>[vc_row row_height_percent=\u00a0\u00bb0&Prime; override_padding=\u00a0\u00bbyes\u00a0\u00bb h_padding=\u00a0\u00bb2&Prime; top_padding=\u00a0\u00bb5&Prime; bottom_padding=\u00a0\u00bb2&Prime; overlay_alpha=\u00a0\u00bb50&Prime; gutter_size=\u00a0\u00bb3&Prime; column_width_percent=\u00a0\u00bb100&Prime; shift_y=\u00a0\u00bb0&Prime; z_index=\u00a0\u00bb0&Prime;][vc_column column_width_percent=\u00a0\u00bb100&Prime; align_horizontal=\u00a0\u00bbalign_center\u00a0\u00bb gutter_size=\u00a0\u00bb3&Prime; overlay_alpha=\u00a0\u00bb50&Prime; shift_x=\u00a0\u00bb0&Prime; shift_y=\u00a0\u00bb0&Prime; shift_y_down=\u00a0\u00bb0&Prime; z_index=\u00a0\u00bb0&Prime; medium_width=\u00a0\u00bb0&Prime; mobile_width=\u00a0\u00bb0&Prime; width=\u00a0\u00bb1\/1&Prime;][vc_custom_heading heading_semantic=\u00a0\u00bbh1&Prime; separator=\u00a0\u00bbyes\u00a0\u00bb separator_color=\u00a0\u00bbyes\u00a0\u00bb sub_lead=\u00a0\u00bbyes\u00a0\u00bb css_animation=\u00a0\u00bbcurtain\u00a0\u00bb animation_delay=\u00a0\u00bb200&Prime;]Asset Management:<br \/>\nPhilosophie[\/vc_custom_heading][\/vc_column][\/vc_row][vc_row row_height_percent=\u00a0\u00bb0&Prime; overlay_alpha=\u00a0\u00bb50&Prime; gutter_size=\u00a0\u00bb3&Prime; column_width_percent=\u00a0\u00bb100&Prime; shift_y=\u00a0\u00bb0&Prime; z_index=\u00a0\u00bb0&Prime;][vc_column width=\u00a0\u00bb1\/1&Prime;][vc_column_text]<\/p>\n<h4>La performance ne doit pas d\u00e9pendre du hasard. Chez\u00a0<strong>1875 FINANCE<\/strong>, elle est le r\u00e9sultat d\u2019un ensemble de facteurs, dans lequel la comp\u00e9tence, l\u2019exp\u00e9rience ainsi que les outils d\u2019aide \u00e0 la d\u00e9cision sont un gage de s\u00e9curit\u00e9 et de performance pour nos clients.<\/h4>\n<p>[\/vc_column_text][\/vc_column][\/vc_row][vc_row row_height_percent=\u00a0\u00bb0&Prime; override_padding=\u00a0\u00bbyes\u00a0\u00bb h_padding=\u00a0\u00bb2&Prime; top_padding=\u00a0\u00bb3&Prime; bottom_padding=\u00a0\u00bb0&Prime; overlay_alpha=\u00a0\u00bb50&Prime; gutter_size=\u00a0\u00bb3&Prime; column_width_percent=\u00a0\u00bb100&Prime; shift_y=\u00a0\u00bb0&Prime; z_index=\u00a0\u00bb0&Prime;][vc_column column_width_percent=\u00a0\u00bb100&Prime; gutter_size=\u00a0\u00bb2&Prime; override_padding=\u00a0\u00bbyes\u00a0\u00bb column_padding=\u00a0\u00bb0&Prime; overlay_alpha=\u00a0\u00bb50&Prime; shift_x=\u00a0\u00bb0&Prime; shift_y=\u00a0\u00bb0&Prime; shift_y_down=\u00a0\u00bb0&Prime; z_index=\u00a0\u00bb0&Prime; medium_width=\u00a0\u00bb0&Prime; mobile_width=\u00a0\u00bb0&Prime; radius=\u00a0\u00bbsm\u00a0\u00bb width=\u00a0\u00bb1\/1&Prime;][vc_row_inner row_inner_height_percent=\u00a0\u00bb0&Prime; overlay_alpha=\u00a0\u00bb50&Prime; gutter_size=\u00a0\u00bb4&Prime; shift_y=\u00a0\u00bb0&Prime; z_index=\u00a0\u00bb0&Prime; limit_content=\u00a0\u00bb\u00a0\u00bb][vc_column_inner column_width_percent=\u00a0\u00bb100&Prime; gutter_size=\u00a0\u00bb3&Prime; font_family=\u00a0\u00bbfont-175345&Prime; overlay_alpha=\u00a0\u00bb50&Prime; shift_x=\u00a0\u00bb0&Prime; shift_y=\u00a0\u00bb0&Prime; shift_y_down=\u00a0\u00bb0&Prime; z_index=\u00a0\u00bb0&Prime; medium_width=\u00a0\u00bb3&Prime; mobile_width=\u00a0\u00bb0&Prime; css_animation=\u00a0\u00bbright-t-left\u00a0\u00bb width=\u00a0\u00bb1\/2&Prime;][vc_icon position=\u00a0\u00bbleft\u00a0\u00bb icon=\u00a0\u00bbfa fa-strategy\u00a0\u00bb icon_image=\u00a0\u00bb84790&Prime; icon_color=\u00a0\u00bbaccent\u00a0\u00bb media_size=\u00a0\u00bb64&Prime; text_font=\u00a0\u00bbfont-931455&Prime; text_weight=\u00a0\u00bb300&Prime; text_space=\u00a0\u00bbfontspace-781688&Prime;]<strong>Notre philosophie<\/strong>\u00a0d&rsquo;investissement s&rsquo;appuie sur un mod\u00e8le d&rsquo;allocation d&rsquo;actifs quantitatif qui permet de\u00a0<strong>neutraliser les biais cognitifs<\/strong>\u00a0de l&rsquo;\u00eatre humain.[\/vc_icon][\/vc_column_inner][vc_column_inner column_width_percent=\u00a0\u00bb100&Prime; gutter_size=\u00a0\u00bb3&Prime; font_family=\u00a0\u00bbfont-175345&Prime; overlay_alpha=\u00a0\u00bb50&Prime; shift_x=\u00a0\u00bb0&Prime; shift_y=\u00a0\u00bb0&Prime; shift_y_down=\u00a0\u00bb0&Prime; z_index=\u00a0\u00bb0&Prime; medium_width=\u00a0\u00bb3&Prime; mobile_width=\u00a0\u00bb0&Prime; css_animation=\u00a0\u00bbright-t-left\u00a0\u00bb animation_delay=\u00a0\u00bb200&Prime; width=\u00a0\u00bb1\/2&Prime;][vc_icon position=\u00a0\u00bbleft\u00a0\u00bb icon=\u00a0\u00bbfa fa-circle-compass\u00a0\u00bb icon_image=\u00a0\u00bb84787&Prime; icon_color=\u00a0\u00bbaccent\u00a0\u00bb media_size=\u00a0\u00bb64&Prime; text_weight=\u00a0\u00bb300&Prime; text_space=\u00a0\u00bbfontspace-781688&Prime;]Ind\u00e9pendance =\u00a0<strong>architecture ouverte<\/strong>\u00a0= absence de conflits d&rsquo;int\u00e9r\u00eats.[\/vc_icon][\/vc_column_inner][\/vc_row_inner][vc_row_inner row_inner_height_percent=\u00a0\u00bb0&Prime; overlay_alpha=\u00a0\u00bb50&Prime; gutter_size=\u00a0\u00bb4&Prime; shift_y=\u00a0\u00bb0&Prime; z_index=\u00a0\u00bb0&Prime; limit_content=\u00a0\u00bb\u00a0\u00bb][vc_column_inner column_width_percent=\u00a0\u00bb100&Prime; gutter_size=\u00a0\u00bb3&Prime; font_family=\u00a0\u00bbfont-175345&Prime; overlay_alpha=\u00a0\u00bb50&Prime; shift_x=\u00a0\u00bb0&Prime; shift_y=\u00a0\u00bb0&Prime; shift_y_down=\u00a0\u00bb0&Prime; z_index=\u00a0\u00bb0&Prime; medium_width=\u00a0\u00bb3&Prime; mobile_width=\u00a0\u00bb0&Prime; css_animation=\u00a0\u00bbright-t-left\u00a0\u00bb width=\u00a0\u00bb1\/2&Prime;][vc_icon position=\u00a0\u00bbleft\u00a0\u00bb icon=\u00a0\u00bbfa fa-strategy\u00a0\u00bb icon_image=\u00a0\u00bb84781&Prime; icon_color=\u00a0\u00bbaccent\u00a0\u00bb media_size=\u00a0\u00bb64&Prime; text_weight=\u00a0\u00bb300&Prime; text_space=\u00a0\u00bbfontspace-781688&Prime;]Des outils d&rsquo;<strong>optimisation des risques<\/strong>\u00a0et de suivi sont utilis\u00e9s pour calibrer le risque \/ rendement des portefeuilles.[\/vc_icon][\/vc_column_inner][vc_column_inner column_width_percent=\u00a0\u00bb100&Prime; gutter_size=\u00a0\u00bb3&Prime; font_family=\u00a0\u00bbfont-175345&Prime; overlay_alpha=\u00a0\u00bb50&Prime; shift_x=\u00a0\u00bb0&Prime; shift_y=\u00a0\u00bb0&Prime; shift_y_down=\u00a0\u00bb0&Prime; z_index=\u00a0\u00bb0&Prime; medium_width=\u00a0\u00bb3&Prime; mobile_width=\u00a0\u00bb0&Prime; css_animation=\u00a0\u00bbright-t-left\u00a0\u00bb animation_delay=\u00a0\u00bb200&Prime; width=\u00a0\u00bb1\/2&Prime;][vc_icon position=\u00a0\u00bbleft\u00a0\u00bb icon=\u00a0\u00bbfa fa-circle-compass\u00a0\u00bb icon_image=\u00a0\u00bb84814&Prime; icon_color=\u00a0\u00bbaccent\u00a0\u00bb media_size=\u00a0\u00bb64&Prime; text_weight=\u00a0\u00bb300&Prime; text_space=\u00a0\u00bbfontspace-781688&Prime;]<strong>La transparence<\/strong>,\u00a0<strong>la liquidit\u00e9<\/strong>,\u00a0<strong>la qualit\u00e9<\/strong>\u00a0et\u00a0<strong>les frais<\/strong>\u00a0sont des crit\u00e8res cl\u00e9s lors du choix des v\u00e9hicules d&rsquo;investissement.[\/vc_icon][\/vc_column_inner][\/vc_row_inner][vc_row_inner row_inner_height_percent=\u00a0\u00bb0&Prime; overlay_alpha=\u00a0\u00bb50&Prime; gutter_size=\u00a0\u00bb4&Prime; shift_y=\u00a0\u00bb0&Prime; z_index=\u00a0\u00bb0&Prime; limit_content=\u00a0\u00bb\u00a0\u00bb][vc_column_inner column_width_percent=\u00a0\u00bb100&Prime; gutter_size=\u00a0\u00bb3&Prime; font_family=\u00a0\u00bbfont-175345&Prime; overlay_alpha=\u00a0\u00bb50&Prime; shift_x=\u00a0\u00bb0&Prime; shift_y=\u00a0\u00bb0&Prime; shift_y_down=\u00a0\u00bb0&Prime; z_index=\u00a0\u00bb0&Prime; medium_width=\u00a0\u00bb3&Prime; mobile_width=\u00a0\u00bb0&Prime; css_animation=\u00a0\u00bbright-t-left\u00a0\u00bb width=\u00a0\u00bb1\/2&Prime;][vc_icon position=\u00a0\u00bbleft\u00a0\u00bb icon=\u00a0\u00bbfa fa-strategy\u00a0\u00bb icon_image=\u00a0\u00bb84806&Prime; icon_color=\u00a0\u00bbaccent\u00a0\u00bb media_size=\u00a0\u00bb64&Prime; text_weight=\u00a0\u00bb300&Prime; text_space=\u00a0\u00bbfontspace-781688&Prime;]Nous estimons que la g\u00e9n\u00e9ration de performance d\u00e9pend principalement de\u00a0<strong>la capture des diff\u00e9rents r\u00e9gimes de march\u00e9<\/strong>.[\/vc_icon][\/vc_column_inner][vc_column_inner column_width_percent=\u00a0\u00bb100&Prime; gutter_size=\u00a0\u00bb3&Prime; font_family=\u00a0\u00bbfont-175345&Prime; overlay_alpha=\u00a0\u00bb50&Prime; shift_x=\u00a0\u00bb0&Prime; shift_y=\u00a0\u00bb0&Prime; shift_y_down=\u00a0\u00bb0&Prime; z_index=\u00a0\u00bb0&Prime; medium_width=\u00a0\u00bb3&Prime; mobile_width=\u00a0\u00bb0&Prime; css_animation=\u00a0\u00bbright-t-left\u00a0\u00bb animation_delay=\u00a0\u00bb200&Prime; width=\u00a0\u00bb1\/2&Prime;][vc_icon position=\u00a0\u00bbleft\u00a0\u00bb icon=\u00a0\u00bbfa fa-circle-compass\u00a0\u00bb icon_image=\u00a0\u00bb84784&Prime; icon_color=\u00a0\u00bbaccent\u00a0\u00bb media_size=\u00a0\u00bb64&Prime; text_weight=\u00a0\u00bb300&Prime; text_space=\u00a0\u00bbfontspace-781688&Prime;]Bien que nous utilisons des\u00a0<strong>outils quantitatifs<\/strong>,\u00a0<strong>l&rsquo;exp\u00e9rience<\/strong>\u00a0et\u00a0<strong>le v\u00e9cu<\/strong>\u00a0restent des facteurs cl\u00e9 dans la contribution \u00e0 la performance.[\/vc_icon][\/vc_column_inner][\/vc_row_inner][vc_row_inner row_inner_height_percent=\u00a0\u00bb0&Prime; overlay_alpha=\u00a0\u00bb50&Prime; gutter_size=\u00a0\u00bb4&Prime; shift_y=\u00a0\u00bb0&Prime; z_index=\u00a0\u00bb0&Prime; limit_content=\u00a0\u00bb\u00a0\u00bb][vc_column_inner column_width_percent=\u00a0\u00bb100&Prime; gutter_size=\u00a0\u00bb3&Prime; font_family=\u00a0\u00bbfont-175345&Prime; overlay_alpha=\u00a0\u00bb50&Prime; shift_x=\u00a0\u00bb0&Prime; shift_y=\u00a0\u00bb0&Prime; shift_y_down=\u00a0\u00bb0&Prime; z_index=\u00a0\u00bb0&Prime; medium_width=\u00a0\u00bb3&Prime; mobile_width=\u00a0\u00bb0&Prime; css_animation=\u00a0\u00bbright-t-left\u00a0\u00bb width=\u00a0\u00bb1\/2&Prime;][vc_icon position=\u00a0\u00bbleft\u00a0\u00bb icon=\u00a0\u00bbfa fa-strategy\u00a0\u00bb icon_image=\u00a0\u00bb84799&Prime; icon_color=\u00a0\u00bbaccent\u00a0\u00bb media_size=\u00a0\u00bb64&Prime; text_weight=\u00a0\u00bb300&Prime; text_space=\u00a0\u00bbfontspace-781688&Prime;]1875 FINANCE est l&rsquo;un des pionniers chez les g\u00e9rant ind\u00e9pendant suisse\u00a0<strong>\u00e9tant r\u00e9gul\u00e9 de mani\u00e8re transversale par la FINMA<\/strong>.[\/vc_icon][\/vc_column_inner][vc_column_inner column_width_percent=\u00a0\u00bb100&Prime; gutter_size=\u00a0\u00bb3&Prime; font_family=\u00a0\u00bbfont-175345&Prime; overlay_alpha=\u00a0\u00bb50&Prime; shift_x=\u00a0\u00bb0&Prime; shift_y=\u00a0\u00bb0&Prime; shift_y_down=\u00a0\u00bb0&Prime; z_index=\u00a0\u00bb0&Prime; medium_width=\u00a0\u00bb3&Prime; mobile_width=\u00a0\u00bb0&Prime; css_animation=\u00a0\u00bbright-t-left\u00a0\u00bb animation_delay=\u00a0\u00bb200&Prime; width=\u00a0\u00bb1\/2&Prime;][vc_icon position=\u00a0\u00bbleft\u00a0\u00bb icon=\u00a0\u00bbfa fa-circle-compass\u00a0\u00bb icon_image=\u00a0\u00bb84796&Prime; icon_color=\u00a0\u00bbaccent\u00a0\u00bb media_size=\u00a0\u00bb64&Prime; text_weight=\u00a0\u00bb300&Prime; text_space=\u00a0\u00bbfontspace-781688&Prime;]Parfaitement positionn\u00e9 pour \u00eatre \u00e0 la fois en\u00a0<strong>conformit\u00e9<\/strong>\u00a0avec les nouvelles\u00a0<strong>r\u00e8glementations<\/strong>\u00a0et\u00a0<strong>avanc\u00e9es technologiques<\/strong>.[\/vc_icon][\/vc_column_inner][\/vc_row_inner][\/vc_column][\/vc_row][vc_row][vc_column width=\u00a0\u00bb1\/1&Prime;][vc_empty_space empty_h=\u00a0\u00bb2&Prime;][\/vc_column][\/vc_row][vc_row][vc_column width=\u00a0\u00bb1\/1&Prime;][uncode_block id=\u00a0\u00bb85690&Prime;][\/vc_column][\/vc_row]<\/p>\n<\/div>","protected":false},"excerpt":{"rendered":"<p>[vc_row row_height_percent=\u00a0\u00bb0&Prime; override_padding=\u00a0\u00bbyes\u00a0\u00bb h_padding=\u00a0\u00bb2&Prime; top_padding=\u00a0\u00bb5&Prime; bottom_padding=\u00a0\u00bb2&Prime; overlay_alpha=\u00a0\u00bb50&Prime; gutter_size=\u00a0\u00bb3&Prime; column_width_percent=\u00a0\u00bb100&Prime; shift_y=\u00a0\u00bb0&Prime; z_index=\u00a0\u00bb0&Prime;][vc_column column_width_percent=\u00a0\u00bb100&Prime; align_horizontal=\u00a0\u00bbalign_center\u00a0\u00bb gutter_size=\u00a0\u00bb3&Prime; overlay_alpha=\u00a0\u00bb50&Prime; shift_x=\u00a0\u00bb0&Prime; shift_y=\u00a0\u00bb0&Prime; shift_y_down=\u00a0\u00bb0&Prime; z_index=\u00a0\u00bb0&Prime; medium_width=\u00a0\u00bb0&Prime; [&hellip;]<\/p>\n","protected":false},"author":12,"featured_media":0,"parent":85442,"menu_order":0,"comment_status":"closed","ping_status":"closed","template":"","meta":{"_monsterinsights_skip_tracking":false,"_monsterinsights_sitenote_active":false,"_monsterinsights_sitenote_note":"","_monsterinsights_sitenote_category":0,"footnotes":""},"class_list":["post-85452","page","type-page","status-publish","hentry","page_category-asset-management-fr"],"yoast_head":"<!-- This site is optimized with the Yoast SEO plugin v27.3 - https:\/\/yoast.com\/product\/yoast-seo-wordpress\/ -->\n<title>Asset Management - Philosophie - 1875 Finance<\/title>\n<meta name=\"description\" content=\"Asset Management, philosophie : la performance ne doit pas d\u00e9pendre du hasard. Chez 1875 FINANCE, elle est le r\u00e9sultat d\u2019un ensemble de facteurs, dans lequel la comp\u00e9tence, l\u2019exp\u00e9rience ainsi que les outils d\u2019aide \u00e0 la d\u00e9cision sont un gage de s\u00e9curit\u00e9 et de performance pour nos clients. Gen\u00e8ve, Zurich, Luxembourg, Hong-Kong.\" \/>\n<meta name=\"robots\" content=\"index, follow, max-snippet:-1, max-image-preview:large, max-video-preview:-1\" \/>\n<link rel=\"canonical\" href=\"https:\/\/1875.ch\/fr\/expertise\/asset-management\/philosophie\/\" \/>\n<meta property=\"og:locale\" content=\"fr_FR\" \/>\n<meta property=\"og:type\" content=\"article\" \/>\n<meta property=\"og:title\" content=\"Asset Management - Philosophie - 1875 Finance\" \/>\n<meta property=\"og:description\" content=\"Asset Management, philosophie : la performance ne doit pas d\u00e9pendre du hasard. Chez 1875 FINANCE, elle est le r\u00e9sultat d\u2019un ensemble de facteurs, dans lequel la comp\u00e9tence, l\u2019exp\u00e9rience ainsi que les outils d\u2019aide \u00e0 la d\u00e9cision sont un gage de s\u00e9curit\u00e9 et de performance pour nos clients. Gen\u00e8ve, Zurich, Luxembourg, Hong-Kong.\" \/>\n<meta property=\"og:url\" content=\"https:\/\/1875.ch\/fr\/expertise\/asset-management\/philosophie\/\" \/>\n<meta property=\"og:site_name\" content=\"1875 Finance\" \/>\n<meta property=\"article:publisher\" content=\"https:\/\/www.facebook.com\/1875finance\/?fref=ts\" \/>\n<meta property=\"article:modified_time\" content=\"2020-10-29T16:56:31+00:00\" \/>\n<meta name=\"twitter:card\" content=\"summary_large_image\" \/>\n<meta name=\"twitter:label1\" content=\"Dur\u00e9e de lecture estim\u00e9e\" \/>\n\t<meta name=\"twitter:data1\" content=\"5 minutes\" \/>\n<script type=\"application\/ld+json\" class=\"yoast-schema-graph\">{\"@context\":\"https:\\\/\\\/schema.org\",\"@graph\":[{\"@type\":\"WebPage\",\"@id\":\"https:\\\/\\\/1875.ch\\\/fr\\\/expertise\\\/asset-management\\\/philosophie\\\/\",\"url\":\"https:\\\/\\\/1875.ch\\\/fr\\\/expertise\\\/asset-management\\\/philosophie\\\/\",\"name\":\"Asset Management - Philosophie - 1875 Finance\",\"isPartOf\":{\"@id\":\"https:\\\/\\\/1875.ch\\\/fr\\\/#website\"},\"datePublished\":\"2020-04-26T01:15:11+00:00\",\"dateModified\":\"2020-10-29T16:56:31+00:00\",\"description\":\"Asset Management, philosophie : la performance ne doit pas d\u00e9pendre du hasard. Chez 1875 FINANCE, elle est le r\u00e9sultat d\u2019un ensemble de facteurs, dans lequel la comp\u00e9tence, l\u2019exp\u00e9rience ainsi que les outils d\u2019aide \u00e0 la d\u00e9cision sont un gage de s\u00e9curit\u00e9 et de performance pour nos clients. Gen\u00e8ve, Zurich, Luxembourg, Hong-Kong.\",\"breadcrumb\":{\"@id\":\"https:\\\/\\\/1875.ch\\\/fr\\\/expertise\\\/asset-management\\\/philosophie\\\/#breadcrumb\"},\"inLanguage\":\"fr-FR\",\"potentialAction\":[{\"@type\":\"ReadAction\",\"target\":[\"https:\\\/\\\/1875.ch\\\/fr\\\/expertise\\\/asset-management\\\/philosophie\\\/\"]}]},{\"@type\":\"BreadcrumbList\",\"@id\":\"https:\\\/\\\/1875.ch\\\/fr\\\/expertise\\\/asset-management\\\/philosophie\\\/#breadcrumb\",\"itemListElement\":[{\"@type\":\"ListItem\",\"position\":1,\"name\":\"Home\",\"item\":\"https:\\\/\\\/1875.ch\\\/fr\\\/\"},{\"@type\":\"ListItem\",\"position\":2,\"name\":\"Expertise\",\"item\":\"https:\\\/\\\/1875.ch\\\/fr\\\/expertise\\\/\"},{\"@type\":\"ListItem\",\"position\":3,\"name\":\"Asset Management\",\"item\":\"https:\\\/\\\/1875.ch\\\/fr\\\/expertise\\\/asset-management\\\/\"},{\"@type\":\"ListItem\",\"position\":4,\"name\":\"Philosophie\"}]},{\"@type\":\"WebSite\",\"@id\":\"https:\\\/\\\/1875.ch\\\/fr\\\/#website\",\"url\":\"https:\\\/\\\/1875.ch\\\/fr\\\/\",\"name\":\"1875 Finance\",\"description\":\"The Financial Place to Be\",\"publisher\":{\"@id\":\"https:\\\/\\\/1875.ch\\\/fr\\\/#organization\"},\"potentialAction\":[{\"@type\":\"SearchAction\",\"target\":{\"@type\":\"EntryPoint\",\"urlTemplate\":\"https:\\\/\\\/1875.ch\\\/fr\\\/?s={search_term_string}\"},\"query-input\":{\"@type\":\"PropertyValueSpecification\",\"valueRequired\":true,\"valueName\":\"search_term_string\"}}],\"inLanguage\":\"fr-FR\"},{\"@type\":\"Organization\",\"@id\":\"https:\\\/\\\/1875.ch\\\/fr\\\/#organization\",\"name\":\"1875 Finance\",\"url\":\"https:\\\/\\\/1875.ch\\\/fr\\\/\",\"logo\":{\"@type\":\"ImageObject\",\"inLanguage\":\"fr-FR\",\"@id\":\"https:\\\/\\\/1875.ch\\\/fr\\\/#\\\/schema\\\/logo\\\/image\\\/\",\"url\":\"https:\\\/\\\/1875.ch\\\/wp-content\\\/uploads\\\/2020\\\/03\\\/1875-logo.png\",\"contentUrl\":\"https:\\\/\\\/1875.ch\\\/wp-content\\\/uploads\\\/2020\\\/03\\\/1875-logo.png\",\"width\":220,\"height\":220,\"caption\":\"1875 Finance\"},\"image\":{\"@id\":\"https:\\\/\\\/1875.ch\\\/fr\\\/#\\\/schema\\\/logo\\\/image\\\/\"},\"sameAs\":[\"https:\\\/\\\/www.facebook.com\\\/1875finance\\\/?fref=ts\",\"https:\\\/\\\/www.youtube.com\\\/channel\\\/UCZA0ykjGQrrEA3GBFkn8cAg\"]}]}<\/script>\n<!-- \/ Yoast SEO plugin. -->","yoast_head_json":{"title":"Asset Management - Philosophie - 1875 Finance","description":"Asset Management, philosophie : la performance ne doit pas d\u00e9pendre du hasard. Chez 1875 FINANCE, elle est le r\u00e9sultat d\u2019un ensemble de facteurs, dans lequel la comp\u00e9tence, l\u2019exp\u00e9rience ainsi que les outils d\u2019aide \u00e0 la d\u00e9cision sont un gage de s\u00e9curit\u00e9 et de performance pour nos clients. Gen\u00e8ve, Zurich, Luxembourg, Hong-Kong.","robots":{"index":"index","follow":"follow","max-snippet":"max-snippet:-1","max-image-preview":"max-image-preview:large","max-video-preview":"max-video-preview:-1"},"canonical":"https:\/\/1875.ch\/fr\/expertise\/asset-management\/philosophie\/","og_locale":"fr_FR","og_type":"article","og_title":"Asset Management - Philosophie - 1875 Finance","og_description":"Asset Management, philosophie : la performance ne doit pas d\u00e9pendre du hasard. Chez 1875 FINANCE, elle est le r\u00e9sultat d\u2019un ensemble de facteurs, dans lequel la comp\u00e9tence, l\u2019exp\u00e9rience ainsi que les outils d\u2019aide \u00e0 la d\u00e9cision sont un gage de s\u00e9curit\u00e9 et de performance pour nos clients. Gen\u00e8ve, Zurich, Luxembourg, Hong-Kong.","og_url":"https:\/\/1875.ch\/fr\/expertise\/asset-management\/philosophie\/","og_site_name":"1875 Finance","article_publisher":"https:\/\/www.facebook.com\/1875finance\/?fref=ts","article_modified_time":"2020-10-29T16:56:31+00:00","twitter_card":"summary_large_image","twitter_misc":{"Dur\u00e9e de lecture estim\u00e9e":"5 minutes"},"schema":{"@context":"https:\/\/schema.org","@graph":[{"@type":"WebPage","@id":"https:\/\/1875.ch\/fr\/expertise\/asset-management\/philosophie\/","url":"https:\/\/1875.ch\/fr\/expertise\/asset-management\/philosophie\/","name":"Asset Management - Philosophie - 1875 Finance","isPartOf":{"@id":"https:\/\/1875.ch\/fr\/#website"},"datePublished":"2020-04-26T01:15:11+00:00","dateModified":"2020-10-29T16:56:31+00:00","description":"Asset Management, philosophie : la performance ne doit pas d\u00e9pendre du hasard. Chez 1875 FINANCE, elle est le r\u00e9sultat d\u2019un ensemble de facteurs, dans lequel la comp\u00e9tence, l\u2019exp\u00e9rience ainsi que les outils d\u2019aide \u00e0 la d\u00e9cision sont un gage de s\u00e9curit\u00e9 et de performance pour nos clients. Gen\u00e8ve, Zurich, Luxembourg, Hong-Kong.","breadcrumb":{"@id":"https:\/\/1875.ch\/fr\/expertise\/asset-management\/philosophie\/#breadcrumb"},"inLanguage":"fr-FR","potentialAction":[{"@type":"ReadAction","target":["https:\/\/1875.ch\/fr\/expertise\/asset-management\/philosophie\/"]}]},{"@type":"BreadcrumbList","@id":"https:\/\/1875.ch\/fr\/expertise\/asset-management\/philosophie\/#breadcrumb","itemListElement":[{"@type":"ListItem","position":1,"name":"Home","item":"https:\/\/1875.ch\/fr\/"},{"@type":"ListItem","position":2,"name":"Expertise","item":"https:\/\/1875.ch\/fr\/expertise\/"},{"@type":"ListItem","position":3,"name":"Asset Management","item":"https:\/\/1875.ch\/fr\/expertise\/asset-management\/"},{"@type":"ListItem","position":4,"name":"Philosophie"}]},{"@type":"WebSite","@id":"https:\/\/1875.ch\/fr\/#website","url":"https:\/\/1875.ch\/fr\/","name":"1875 Finance","description":"The Financial Place to Be","publisher":{"@id":"https:\/\/1875.ch\/fr\/#organization"},"potentialAction":[{"@type":"SearchAction","target":{"@type":"EntryPoint","urlTemplate":"https:\/\/1875.ch\/fr\/?s={search_term_string}"},"query-input":{"@type":"PropertyValueSpecification","valueRequired":true,"valueName":"search_term_string"}}],"inLanguage":"fr-FR"},{"@type":"Organization","@id":"https:\/\/1875.ch\/fr\/#organization","name":"1875 Finance","url":"https:\/\/1875.ch\/fr\/","logo":{"@type":"ImageObject","inLanguage":"fr-FR","@id":"https:\/\/1875.ch\/fr\/#\/schema\/logo\/image\/","url":"https:\/\/1875.ch\/wp-content\/uploads\/2020\/03\/1875-logo.png","contentUrl":"https:\/\/1875.ch\/wp-content\/uploads\/2020\/03\/1875-logo.png","width":220,"height":220,"caption":"1875 Finance"},"image":{"@id":"https:\/\/1875.ch\/fr\/#\/schema\/logo\/image\/"},"sameAs":["https:\/\/www.facebook.com\/1875finance\/?fref=ts","https:\/\/www.youtube.com\/channel\/UCZA0ykjGQrrEA3GBFkn8cAg"]}]}},"_links":{"self":[{"href":"https:\/\/1875.ch\/fr\/wp-json\/wp\/v2\/pages\/85452","targetHints":{"allow":["GET"]}}],"collection":[{"href":"https:\/\/1875.ch\/fr\/wp-json\/wp\/v2\/pages"}],"about":[{"href":"https:\/\/1875.ch\/fr\/wp-json\/wp\/v2\/types\/page"}],"author":[{"embeddable":true,"href":"https:\/\/1875.ch\/fr\/wp-json\/wp\/v2\/users\/12"}],"replies":[{"embeddable":true,"href":"https:\/\/1875.ch\/fr\/wp-json\/wp\/v2\/comments?post=85452"}],"version-history":[{"count":1,"href":"https:\/\/1875.ch\/fr\/wp-json\/wp\/v2\/pages\/85452\/revisions"}],"predecessor-version":[{"id":86872,"href":"https:\/\/1875.ch\/fr\/wp-json\/wp\/v2\/pages\/85452\/revisions\/86872"}],"up":[{"embeddable":true,"href":"https:\/\/1875.ch\/fr\/wp-json\/wp\/v2\/pages\/85442"}],"wp:attachment":[{"href":"https:\/\/1875.ch\/fr\/wp-json\/wp\/v2\/media?parent=85452"}],"curies":[{"name":"wp","href":"https:\/\/api.w.org\/{rel}","templated":true}]}}