{"id":85737,"date":"2020-05-15T00:55:47","date_gmt":"2020-05-15T00:55:47","guid":{"rendered":"https:\/\/1875.ch\/advertisement\/"},"modified":"2020-11-01T23:43:56","modified_gmt":"2020-11-01T23:43:56","slug":"advertisement","status":"publish","type":"page","link":"https:\/\/1875.ch\/fr\/advertisement\/","title":{"rendered":"Avestissement"},"content":{"rendered":"<div class=\"wpb-content-wrapper\"><p>[vc_row row_height_percent=\u00a0\u00bb0&Prime; override_padding=\u00a0\u00bbyes\u00a0\u00bb h_padding=\u00a0\u00bb2&Prime; top_padding=\u00a0\u00bb5&Prime; bottom_padding=\u00a0\u00bb2&Prime; overlay_alpha=\u00a0\u00bb50&Prime; gutter_size=\u00a0\u00bb3&Prime; column_width_percent=\u00a0\u00bb100&Prime; shift_y=\u00a0\u00bb0&Prime; z_index=\u00a0\u00bb0&Prime;][vc_column column_width_percent=\u00a0\u00bb100&Prime; align_horizontal=\u00a0\u00bbalign_center\u00a0\u00bb gutter_size=\u00a0\u00bb3&Prime; overlay_alpha=\u00a0\u00bb50&Prime; shift_x=\u00a0\u00bb0&Prime; shift_y=\u00a0\u00bb0&Prime; shift_y_down=\u00a0\u00bb0&Prime; z_index=\u00a0\u00bb0&Prime; medium_width=\u00a0\u00bb0&Prime; mobile_width=\u00a0\u00bb0&Prime; width=\u00a0\u00bb1\/1&Prime;][vc_custom_heading heading_semantic=\u00a0\u00bbh1&Prime; separator=\u00a0\u00bbyes\u00a0\u00bb separator_color=\u00a0\u00bbyes\u00a0\u00bb sub_lead=\u00a0\u00bbyes\u00a0\u00bb css_animation=\u00a0\u00bbcurtain\u00a0\u00bb animation_delay=\u00a0\u00bb200&Prime;]Politique de confidentialit\u00e9 et de cookies[\/vc_custom_heading][\/vc_column][\/vc_row][vc_row row_height_percent=\u00a0\u00bb0&Prime; overlay_alpha=\u00a0\u00bb50&Prime; gutter_size=\u00a0\u00bb3&Prime; column_width_percent=\u00a0\u00bb100&Prime; shift_y=\u00a0\u00bb0&Prime; z_index=\u00a0\u00bb0&Prime;][vc_column width=\u00a0\u00bb1\/1&Prime;][vc_column_text]<strong>Derni\u00e8re mise \u00e0 jour : Octobre 2019<\/strong><br \/>\n1875 Finance vous remercie de l\u2019int\u00e9r\u00eat que vous nous manifestez en consultant ce site. La confidentialit\u00e9 de vos donn\u00e9es personnelles ainsi que leur s\u00e9curit\u00e9 sont pour nous une priorit\u00e9. C\u2019est dans ce but et par souci de transparence que nous avons r\u00e9dig\u00e9 la pr\u00e9sente politique en mati\u00e8re de confidentialit\u00e9 du site internet (\u00ab Politique de confidentialit\u00e9 du site internet \u00bb).<\/p>\n<p>En poursuivant votre navigation sur ce site, vous consentez \u00e0 la pr\u00e9sente politique en mati\u00e8re de confidentialit\u00e9 d\u00e9crite ci-dessous. La pr\u00e9sente politique s\u2019applique \u00e0 toute donn\u00e9e susceptible d\u2019\u00eatre r\u00e9colt\u00e9e via l\u2019usage de ce site et peut \u00eatre mise \u00e0 jour \u00e0 tout moment. Nous vous invitons donc \u00e0 la consulter r\u00e9guli\u00e8rement. La derni\u00e8re date de mise \u00e0 jour figure au d\u00e9but du pr\u00e9sent document.[\/vc_column_text][\/vc_column][\/vc_row][vc_row row_height_percent=\u00a0\u00bb0&Prime; overlay_alpha=\u00a0\u00bb50&Prime; gutter_size=\u00a0\u00bb3&Prime; column_width_percent=\u00a0\u00bb100&Prime; shift_y=\u00a0\u00bb0&Prime; z_index=\u00a0\u00bb0&Prime;][vc_column width=\u00a0\u00bb1\/2&Prime;][vc_column_text]<\/p>\n<h4>Types d\u2019informations recueillies \/ buts de leur collecte<\/h4>\n<p class=\"disclaimer-text\">Lorsque vous consultez notre site web, notre serveur enregistre automatiquement des informations sur votre visite (notamment l\u2019adresse IP, le site web \u00e0 partir duquel vous nous visitez, le type de navigateur utilis\u00e9, votre historique de navigation sur le site de 1875 Finance y compris la date et la dur\u00e9e de votre visite). Il faut savoir que ces renseignements sont collect\u00e9s automatiquement par la majorit\u00e9 des serveurs sur internet. Ils ne permettent g\u00e9n\u00e9ralement pas d\u2019identifier une personne en particulier mais il se peut qu\u2019ils le puissent (notamment via l\u2019adresse IP). Toutefois, 1875 Finance n\u2019utilise pas ces renseignements pour identifier une personne en particulier, ni ne les divulgue, conform\u00e9ment \u00e0 la Politique de confidentialit\u00e9 du site internet.<\/p>\n<p>Par ailleurs, nous collectons les donn\u00e9es que vous nous fournissez volontairement sur notre site web par exemple lorsque vous remplissez un formulaire en ligne.<\/p>\n<p>1875 Finance peut utiliser vos donn\u00e9es r\u00e9colt\u00e9es via ce site :<br \/>\n&#8211; Afin d\u2019am\u00e9liorer le d\u00e9veloppement de notre site web<br \/>\n&#8211; \u00c0 des fins marketings et de personnalisation de nos offres<br \/>\n&#8211; Afin de mieux comprendre l\u2019usage que vous faites de notre site web et ainsi de faciliter votre d\u00e9placement sur notre site ceci via l\u2019usage de cookies.<br \/>\n&#8211; Afin de respecter les obligations l\u00e9gales qui nous sont impos\u00e9es<\/p>\n<h4>S\u00e9curit\u00e9<\/h4>\n<p class=\"disclaimer-text\">Toutes les donn\u00e9es d\u00e9crites ci-dessus sont conserv\u00e9es dans des serveurs s\u00e9curis\u00e9s auxquels l\u2019acc\u00e8s est restreint. 1875 Finance s\u2019engage, au sein de l\u2019environnement technologique qu\u2019elle contr\u00f4le, \u00e0 prendre toutes les mesures n\u00e9cessaires afin de pr\u00e9server vos donn\u00e9es et leur confidentialit\u00e9.<\/p>\n<h4>Acc\u00e8s aux donn\u00e9es, communication et transfert<\/h4>\n<p class=\"disclaimer-text\">1875 Finance peut communiquer vos informations uniquement \u00e0 des soci\u00e9t\u00e9s du groupe ou \u00e0 ses propres agents\/ salari\u00e9s qui (i) ont besoin de conna\u00eetre ces informations afin de les traiter pour le compte de 1875 Finance ou pour fournir les produits et\/ou services disponibles sur le site, et (ii) ont convenu de ne pas les diffuser \u00e0 des tiers. Certains de ces salari\u00e9s et soci\u00e9t\u00e9s affili\u00e9es peuvent \u00eatre domicili\u00e9s en dehors de votre pays de r\u00e9sidence, y compris dans des pays qui ne garantissent pas une protection des donn\u00e9es similaire \u00e0 celui de votre lieu de r\u00e9sidence. Ainsi 1875 Finance poss\u00e8de des soci\u00e9t\u00e9s li\u00e9es au Luxembourg et \u00e0 Hong Kong o\u00f9 vos donn\u00e9es sont susceptibles d\u2019\u00eatre communiqu\u00e9es. En utilisant le site, vous consentez express\u00e9ment au fait que vos donn\u00e9es puissent \u00eatre transf\u00e9r\u00e9es \u00e0 l\u2019\u00e9tranger.<\/p>\n<p>1875 Finance peut divulguer vos informations \u00e0 des entit\u00e9s gouvernementales, ou \u00e0 d\u2019autres personnes afin d\u2019\u00eatre en conformit\u00e9 avec les normes l\u00e9gislatives, administratives ou r\u00e9glementaires en vigueur, mais aussi en raison d\u2019une d\u00e9cision judiciaire ou d\u2019une requ\u00eate officielle, ou autres proc\u00e9dures similaires telles que pr\u00e9vues par le droit applicable. 1875 Finance peut aussi divulguer vos informations lorsque nous estimons en toute bonne foi que la diffusion est raisonnablement n\u00e9cessaire pour prot\u00e9ger nos droits, ceux des tiers ou du public dans son ensemble.<\/p>\n<p>La localisation du serveur du site est situ\u00e9e en Suisse. Pour les personnes r\u00e9sidant en dehors de la Suisse, veuillez noter que toute donn\u00e9e personnelle communiqu\u00e9e vers notre site sera transf\u00e9r\u00e9e en dehors de votre pays de r\u00e9sidence vers la Suisse.[\/vc_column_text][\/vc_column][vc_column width=\u00a0\u00bb1\/2&Prime;][vc_column_text]En utilisant notre site, vous acceptez explicitement ce transfert. En outre, vous confirmez que vous disposez du droit de transf\u00e9rer ces donn\u00e9es en dehors de leur pays de provenance vers la Suisse.<\/p>\n<p>1875 Finance aimerait attirer votre attention sur le fait que nous ne sommes pas en mesure de garantir la s\u00e9curit\u00e9 et la confidentialit\u00e9 des informations transitant via un r\u00e9seau ouvert (notamment internet ou le courrier \u00e9lectronique). Il est possible que ces donn\u00e9es se perdent ou qu\u2019un tiers acc\u00e8de \u00e0 ces informations et, en cons\u00e9quence, qu\u2019il utilise ces donn\u00e9es sans votre consentement. N\u00e9anmoins 1875 Finance met en \u0153uvre toutes les mesures actuellement possibles afin de mitiger ce risque au maximum. 1875 Finance d\u00e9cline toute responsabilit\u00e9 concernant la s\u00e9curit\u00e9 de vos donn\u00e9es au cours de leur transfert vers 1875 Finance via Internet. Nous vous rappelons que vous pouvez utiliser d&rsquo;autres moyens de communication pour transmettre vos donn\u00e9es \u00e0 1875 Finance lorsque vous le jugez n\u00e9cessaire en vue de la protection de vos donn\u00e9es personnelles.<\/p>\n<h4>Ma\u00eetrise de vos donn\u00e9es personnelles<\/h4>\n<p class=\"disclaimer-text\">&#8211; Toute personne peut demander si des donn\u00e9es la concernant sont trait\u00e9es par 1875 Finance et en recevoir copie si tel est le cas.<br \/>\n&#8211; Toute personne concern\u00e9e peut requ\u00e9rir la rectification de donn\u00e9es inexactes.<br \/>\n&#8211; Toute personne concern\u00e9e peut aussi demander l\u2019effacement ou s\u2019opposer au traitement de donn\u00e9es personnelles.<\/p>\n<p>L\u2019usage de ces droits demeure toutefois r\u00e9serv\u00e9 de par la loi notamment en cas d\u2019int\u00e9r\u00eat pr\u00e9pond\u00e9rant priv\u00e9 ou public. Vous pouvez exercer les droits pr\u00e9vus ci-dessus en contactant notre d\u00e9l\u00e9gu\u00e9 \u00e0 la protection des donn\u00e9es (contact : info@1875.ch).<\/p>\n<p>La dur\u00e9e de conservation de vos donn\u00e9es ob\u00e9it aux prescriptions l\u00e9gales en vigueur. Elle est d\u2019un maximum de 10 ans sauf si une obligation l\u00e9gale y fait exception.<\/p>\n<h4>Cookies<\/h4>\n<p class=\"disclaimer-text\">Soucieux de vos informations personnelles et de votre vie priv\u00e9e, 1875 Finance vous rends attentif au fait que ce site web utilise des cookies.<\/p>\n<p>Les cookies sont de petits fichiers \u00e0 l\u2019usage tr\u00e8s r\u00e9pandus qui sont stock\u00e9s sur votre appareil au cours de votre visite d\u2019un site web. En sauvegardant vos donn\u00e9es de navigation sur notre site (ex : pages consult\u00e9es, choix de langue\u2026) afin de les retransmettre \u00e0 ce m\u00eame site web lors de vos connexions subs\u00e9quentes, les cookies permettent d\u2019am\u00e9liorer votre exp\u00e9rience de navigation sur le site.<\/p>\n<p>Vous pouvez limiter ou bloquer l\u2019usage de cookies sur ce site en modifiant les param\u00e8tres de votre navigateur (consultez la section aide de votre navigateur afin de mieux g\u00e9rer les cookies). Certaines pages de ce site peuvent voir leur fonctionnement alt\u00e9r\u00e9 si vous d\u00e9cidez de d\u00e9sactiver les cookies. Nous attirons votre attention sur le fait que certains cookies sont indispensables au fonctionnement de notre site.<\/p>\n<h4>Droit applicable et juridiction<\/h4>\n<p class=\"disclaimer-text\">La pr\u00e9sente Politique de confidentialit\u00e9 du site internet ainsi que toutes questions d\u00e9coulant ou li\u00e9es \u00e0 celle-ci doivent \u00eatre r\u00e9gies par le\u00a0<strong>droit mat\u00e9riel suisse<\/strong>, ind\u00e9pendamment des principes de conflits de lois. Tout litige, diff\u00e9rend ou toute r\u00e9clamation d\u00e9coulant ou en lien avec la pr\u00e9sente Politique de confidentialit\u00e9 du site internet doit \u00eatre soumis \u00e0 la comp\u00e9tence exclusive des\u00a0<strong>tribunaux de droit commun du canton de Gen\u00e8ve<\/strong>, \u00e0 l\u2019exception d\u2019un appel devant le Tribunal f\u00e9d\u00e9ral suisse.<\/p>\n<p>[\/vc_column_text][\/vc_column][\/vc_row][vc_row][vc_column width=\u00a0\u00bb1\/1&Prime;][vc_custom_heading heading_semantic=\u00a0\u00bbh1&Prime; separator=\u00a0\u00bbyes\u00a0\u00bb separator_color=\u00a0\u00bbyes\u00a0\u00bb sub_lead=\u00a0\u00bbyes\u00a0\u00bb css_animation=\u00a0\u00bbcurtain\u00a0\u00bb animation_delay=\u00a0\u00bb200&Prime;]Disclaimer[\/vc_custom_heading][\/vc_column][\/vc_row][vc_row row_height_percent=\u00a0\u00bb0&Prime; overlay_alpha=\u00a0\u00bb50&Prime; gutter_size=\u00a0\u00bb3&Prime; column_width_percent=\u00a0\u00bb100&Prime; shift_y=\u00a0\u00bb0&Prime; z_index=\u00a0\u00bb0&Prime;][vc_column width=\u00a0\u00bb1\/2&Prime;][vc_column_text]<\/p>\n<h4>Information juridique importante<\/h4>\n<p class=\"disclaimer-text\">Les informations pr\u00e9sent\u00e9es dans cette publication ne constituent en aucun cas des conseils ou recommandations de placement et ne doivent pas \u00eatre interpr\u00e9t\u00e9es comme des offres de vente ou d&rsquo;achats de produits, ni comme des invitations ou incitations \u00e0 effectuer des transactions ou des actes juridiques. Les informations sont strictement r\u00e9serv\u00e9es \u00e0 l&rsquo;usage interne ; toutefois, la publication peut \u00eatre transmise \u00e0 un client de 1875 Finance ou un investisseur tiers \u00e0 la demande expresse de ces derniers.<\/p>\n<p>Aucun \u00e9l\u00e9ment de la publication n&rsquo;est bas\u00e9 sur les besoins sp\u00e9cifiques, les objectifs de placement et la situation financi\u00e8re d&rsquo;un client particulier, ni ne constitue une description exhaustive des produits mentionn\u00e9s. Les clients de 1875 Finance, ainsi que tout investisseur tiers, doivent \u00e9viter de se baser sur ces seules informations pour leurs d\u00e9cisions de placement ou autres. Avant d&rsquo;effectuer une vente, un achat, une transaction ou un acte juridique quel qu&rsquo;il soit, les clients de 1875 Finance et les investisseurs tiers doivent, dans la mesure du n\u00e9cessaire, s&rsquo;adresser \u00e0 leurs consultants en mati\u00e8re juridique, r\u00e8glementaire, fiscale, financi\u00e8re, \u00e9conomique et comptable, puis prendre leurs d\u00e9cisions de placement (y compris les d\u00e9cisions quant \u00e0 la pertinence d&rsquo;une transaction) d&rsquo;apr\u00e8s leur propre appr\u00e9ciation et les conseils des sp\u00e9cialistes consult\u00e9s. Les performances pass\u00e9es ne sont pas forc\u00e9ment repr\u00e9sentatives des performances futures.[\/vc_column_text][\/vc_column][vc_column width=\u00a0\u00bb1\/2&Prime;][vc_column_text]<\/p>\n<p class=\"disclaimer-text\">Sauf indication contraire expresse, toute information, notamment quant aux prix, est fournie \u00e0 titre informatif, sur la base d&rsquo;informations obtenues de sources consid\u00e9r\u00e9es comme fiables, mais dont le caract\u00e8re exact, complet, pertinent ou actuel ne saurait \u00eatre garanti. Les informations de cette publication peuvent changer sans pr\u00e9avis. Nous d\u00e9clinons toute responsabilit\u00e9 (expresse ou tacite) quant au caract\u00e8re exact, complet, pertinent, actuel et fiable de ces informations.<\/p>\n<p>1875 Finance et\/ou ses directeurs, cadres, employ\u00e9s et clients peuvent d\u00e9tenir ou avoir d\u00e9tenu des int\u00e9r\u00eats ou des positions dans les produits d\u00e9crits dans cette publication ; ils peuvent \u00e0 tout moment effectuer des op\u00e9rations sur ces positions.<\/p>\n<p>La publication n&rsquo;est pas con\u00e7ue pour \u00eatre distribu\u00e9e \u00e0 des personnes, physiques ou morales, situ\u00e9es dans des pays ou des ordres juridiques o\u00f9 sa distribution ou son utilisation serait contraire au droit en vigueur ou obligerait 1875 Finance \u00e0 s&rsquo;annoncer ou \u00e0 s&rsquo;inscrire aupr\u00e8s des autorit\u00e9s, ni \u00e0 \u00eatre utilis\u00e9e par celles-ci. Les personnes physiques ou morales sujettes \u00e0 une telle interdiction ne sont pas autoris\u00e9es \u00e0 utiliser la publication.<\/p>\n<p>Cette publication n&rsquo;est pas con\u00e7ue pour \u00eatre distribu\u00e9e sur le territoire des \u00c9tats-Unis d&rsquo;Am\u00e9rique, ni aux personnes US.[\/vc_column_text][\/vc_column][\/vc_row][vc_row][vc_column width=\u00a0\u00bb1\/1&Prime;][vc_empty_space empty_h=\u00a0\u00bb2&Prime;][\/vc_column][\/vc_row]<\/p>\n<\/div>","protected":false},"excerpt":{"rendered":"<p>[vc_row row_height_percent=\u00a0\u00bb0&Prime; override_padding=\u00a0\u00bbyes\u00a0\u00bb h_padding=\u00a0\u00bb2&Prime; top_padding=\u00a0\u00bb5&Prime; bottom_padding=\u00a0\u00bb2&Prime; overlay_alpha=\u00a0\u00bb50&Prime; gutter_size=\u00a0\u00bb3&Prime; column_width_percent=\u00a0\u00bb100&Prime; shift_y=\u00a0\u00bb0&Prime; z_index=\u00a0\u00bb0&Prime;][vc_column column_width_percent=\u00a0\u00bb100&Prime; align_horizontal=\u00a0\u00bbalign_center\u00a0\u00bb gutter_size=\u00a0\u00bb3&Prime; overlay_alpha=\u00a0\u00bb50&Prime; shift_x=\u00a0\u00bb0&Prime; shift_y=\u00a0\u00bb0&Prime; shift_y_down=\u00a0\u00bb0&Prime; z_index=\u00a0\u00bb0&Prime; medium_width=\u00a0\u00bb0&Prime; [&hellip;]<\/p>\n","protected":false},"author":12,"featured_media":0,"parent":0,"menu_order":0,"comment_status":"closed","ping_status":"closed","template":"","meta":{"_monsterinsights_skip_tracking":false,"_monsterinsights_sitenote_active":false,"_monsterinsights_sitenote_note":"","_monsterinsights_sitenote_category":0,"footnotes":""},"class_list":["post-85737","page","type-page","status-publish","hentry"],"yoast_head":"<!-- This site is optimized with the Yoast SEO plugin v27.3 - https:\/\/yoast.com\/product\/yoast-seo-wordpress\/ -->\n<title>Avestissement - 1875 Finance<\/title>\n<meta name=\"robots\" content=\"noindex, follow\" \/>\n<meta property=\"og:locale\" content=\"fr_FR\" \/>\n<meta property=\"og:type\" content=\"article\" \/>\n<meta property=\"og:title\" content=\"Avestissement - 1875 Finance\" \/>\n<meta property=\"og:description\" content=\"[vc_row row_height_percent=\u00a0\u00bb0&Prime; override_padding=\u00a0\u00bbyes\u00a0\u00bb h_padding=\u00a0\u00bb2&Prime; top_padding=\u00a0\u00bb5&Prime; bottom_padding=\u00a0\u00bb2&Prime; overlay_alpha=\u00a0\u00bb50&Prime; gutter_size=\u00a0\u00bb3&Prime; column_width_percent=\u00a0\u00bb100&Prime; shift_y=\u00a0\u00bb0&Prime; z_index=\u00a0\u00bb0&Prime;][vc_column column_width_percent=\u00a0\u00bb100&Prime; align_horizontal=\u00a0\u00bbalign_center\u00a0\u00bb gutter_size=\u00a0\u00bb3&Prime; overlay_alpha=\u00a0\u00bb50&Prime; shift_x=\u00a0\u00bb0&Prime; shift_y=\u00a0\u00bb0&Prime; shift_y_down=\u00a0\u00bb0&Prime; z_index=\u00a0\u00bb0&Prime; medium_width=\u00a0\u00bb0&Prime; [&hellip;]\" \/>\n<meta property=\"og:url\" content=\"https:\/\/1875.ch\/fr\/advertisement\/\" \/>\n<meta property=\"og:site_name\" content=\"1875 Finance\" \/>\n<meta property=\"article:publisher\" content=\"https:\/\/www.facebook.com\/1875finance\/?fref=ts\" \/>\n<meta property=\"article:modified_time\" content=\"2020-11-01T23:43:56+00:00\" \/>\n<meta name=\"twitter:card\" content=\"summary_large_image\" \/>\n<meta name=\"twitter:label1\" content=\"Dur\u00e9e de lecture estim\u00e9e\" \/>\n\t<meta name=\"twitter:data1\" content=\"10 minutes\" \/>\n<script type=\"application\/ld+json\" class=\"yoast-schema-graph\">{\"@context\":\"https:\\\/\\\/schema.org\",\"@graph\":[{\"@type\":\"WebPage\",\"@id\":\"https:\\\/\\\/1875.ch\\\/fr\\\/advertisement\\\/\",\"url\":\"https:\\\/\\\/1875.ch\\\/fr\\\/advertisement\\\/\",\"name\":\"Avestissement - 1875 Finance\",\"isPartOf\":{\"@id\":\"https:\\\/\\\/1875.ch\\\/fr\\\/#website\"},\"datePublished\":\"2020-05-15T00:55:47+00:00\",\"dateModified\":\"2020-11-01T23:43:56+00:00\",\"breadcrumb\":{\"@id\":\"https:\\\/\\\/1875.ch\\\/fr\\\/advertisement\\\/#breadcrumb\"},\"inLanguage\":\"fr-FR\",\"potentialAction\":[{\"@type\":\"ReadAction\",\"target\":[\"https:\\\/\\\/1875.ch\\\/fr\\\/advertisement\\\/\"]}]},{\"@type\":\"BreadcrumbList\",\"@id\":\"https:\\\/\\\/1875.ch\\\/fr\\\/advertisement\\\/#breadcrumb\",\"itemListElement\":[{\"@type\":\"ListItem\",\"position\":1,\"name\":\"Home\",\"item\":\"https:\\\/\\\/1875.ch\\\/fr\\\/\"},{\"@type\":\"ListItem\",\"position\":2,\"name\":\"Avestissement\"}]},{\"@type\":\"WebSite\",\"@id\":\"https:\\\/\\\/1875.ch\\\/fr\\\/#website\",\"url\":\"https:\\\/\\\/1875.ch\\\/fr\\\/\",\"name\":\"1875 Finance\",\"description\":\"The Financial Place to Be\",\"publisher\":{\"@id\":\"https:\\\/\\\/1875.ch\\\/fr\\\/#organization\"},\"potentialAction\":[{\"@type\":\"SearchAction\",\"target\":{\"@type\":\"EntryPoint\",\"urlTemplate\":\"https:\\\/\\\/1875.ch\\\/fr\\\/?s={search_term_string}\"},\"query-input\":{\"@type\":\"PropertyValueSpecification\",\"valueRequired\":true,\"valueName\":\"search_term_string\"}}],\"inLanguage\":\"fr-FR\"},{\"@type\":\"Organization\",\"@id\":\"https:\\\/\\\/1875.ch\\\/fr\\\/#organization\",\"name\":\"1875 Finance\",\"url\":\"https:\\\/\\\/1875.ch\\\/fr\\\/\",\"logo\":{\"@type\":\"ImageObject\",\"inLanguage\":\"fr-FR\",\"@id\":\"https:\\\/\\\/1875.ch\\\/fr\\\/#\\\/schema\\\/logo\\\/image\\\/\",\"url\":\"https:\\\/\\\/1875.ch\\\/wp-content\\\/uploads\\\/2020\\\/03\\\/1875-logo.png\",\"contentUrl\":\"https:\\\/\\\/1875.ch\\\/wp-content\\\/uploads\\\/2020\\\/03\\\/1875-logo.png\",\"width\":220,\"height\":220,\"caption\":\"1875 Finance\"},\"image\":{\"@id\":\"https:\\\/\\\/1875.ch\\\/fr\\\/#\\\/schema\\\/logo\\\/image\\\/\"},\"sameAs\":[\"https:\\\/\\\/www.facebook.com\\\/1875finance\\\/?fref=ts\",\"https:\\\/\\\/www.youtube.com\\\/channel\\\/UCZA0ykjGQrrEA3GBFkn8cAg\"]}]}<\/script>\n<!-- \/ Yoast SEO plugin. -->","yoast_head_json":{"title":"Avestissement - 1875 Finance","robots":{"index":"noindex","follow":"follow"},"og_locale":"fr_FR","og_type":"article","og_title":"Avestissement - 1875 Finance","og_description":"[vc_row row_height_percent=\u00a0\u00bb0&Prime; override_padding=\u00a0\u00bbyes\u00a0\u00bb h_padding=\u00a0\u00bb2&Prime; top_padding=\u00a0\u00bb5&Prime; bottom_padding=\u00a0\u00bb2&Prime; overlay_alpha=\u00a0\u00bb50&Prime; gutter_size=\u00a0\u00bb3&Prime; column_width_percent=\u00a0\u00bb100&Prime; shift_y=\u00a0\u00bb0&Prime; z_index=\u00a0\u00bb0&Prime;][vc_column column_width_percent=\u00a0\u00bb100&Prime; align_horizontal=\u00a0\u00bbalign_center\u00a0\u00bb gutter_size=\u00a0\u00bb3&Prime; overlay_alpha=\u00a0\u00bb50&Prime; shift_x=\u00a0\u00bb0&Prime; shift_y=\u00a0\u00bb0&Prime; shift_y_down=\u00a0\u00bb0&Prime; z_index=\u00a0\u00bb0&Prime; medium_width=\u00a0\u00bb0&Prime; [&hellip;]","og_url":"https:\/\/1875.ch\/fr\/advertisement\/","og_site_name":"1875 Finance","article_publisher":"https:\/\/www.facebook.com\/1875finance\/?fref=ts","article_modified_time":"2020-11-01T23:43:56+00:00","twitter_card":"summary_large_image","twitter_misc":{"Dur\u00e9e de lecture estim\u00e9e":"10 minutes"},"schema":{"@context":"https:\/\/schema.org","@graph":[{"@type":"WebPage","@id":"https:\/\/1875.ch\/fr\/advertisement\/","url":"https:\/\/1875.ch\/fr\/advertisement\/","name":"Avestissement - 1875 Finance","isPartOf":{"@id":"https:\/\/1875.ch\/fr\/#website"},"datePublished":"2020-05-15T00:55:47+00:00","dateModified":"2020-11-01T23:43:56+00:00","breadcrumb":{"@id":"https:\/\/1875.ch\/fr\/advertisement\/#breadcrumb"},"inLanguage":"fr-FR","potentialAction":[{"@type":"ReadAction","target":["https:\/\/1875.ch\/fr\/advertisement\/"]}]},{"@type":"BreadcrumbList","@id":"https:\/\/1875.ch\/fr\/advertisement\/#breadcrumb","itemListElement":[{"@type":"ListItem","position":1,"name":"Home","item":"https:\/\/1875.ch\/fr\/"},{"@type":"ListItem","position":2,"name":"Avestissement"}]},{"@type":"WebSite","@id":"https:\/\/1875.ch\/fr\/#website","url":"https:\/\/1875.ch\/fr\/","name":"1875 Finance","description":"The Financial Place to Be","publisher":{"@id":"https:\/\/1875.ch\/fr\/#organization"},"potentialAction":[{"@type":"SearchAction","target":{"@type":"EntryPoint","urlTemplate":"https:\/\/1875.ch\/fr\/?s={search_term_string}"},"query-input":{"@type":"PropertyValueSpecification","valueRequired":true,"valueName":"search_term_string"}}],"inLanguage":"fr-FR"},{"@type":"Organization","@id":"https:\/\/1875.ch\/fr\/#organization","name":"1875 Finance","url":"https:\/\/1875.ch\/fr\/","logo":{"@type":"ImageObject","inLanguage":"fr-FR","@id":"https:\/\/1875.ch\/fr\/#\/schema\/logo\/image\/","url":"https:\/\/1875.ch\/wp-content\/uploads\/2020\/03\/1875-logo.png","contentUrl":"https:\/\/1875.ch\/wp-content\/uploads\/2020\/03\/1875-logo.png","width":220,"height":220,"caption":"1875 Finance"},"image":{"@id":"https:\/\/1875.ch\/fr\/#\/schema\/logo\/image\/"},"sameAs":["https:\/\/www.facebook.com\/1875finance\/?fref=ts","https:\/\/www.youtube.com\/channel\/UCZA0ykjGQrrEA3GBFkn8cAg"]}]}},"_links":{"self":[{"href":"https:\/\/1875.ch\/fr\/wp-json\/wp\/v2\/pages\/85737","targetHints":{"allow":["GET"]}}],"collection":[{"href":"https:\/\/1875.ch\/fr\/wp-json\/wp\/v2\/pages"}],"about":[{"href":"https:\/\/1875.ch\/fr\/wp-json\/wp\/v2\/types\/page"}],"author":[{"embeddable":true,"href":"https:\/\/1875.ch\/fr\/wp-json\/wp\/v2\/users\/12"}],"replies":[{"embeddable":true,"href":"https:\/\/1875.ch\/fr\/wp-json\/wp\/v2\/comments?post=85737"}],"version-history":[{"count":5,"href":"https:\/\/1875.ch\/fr\/wp-json\/wp\/v2\/pages\/85737\/revisions"}],"predecessor-version":[{"id":86560,"href":"https:\/\/1875.ch\/fr\/wp-json\/wp\/v2\/pages\/85737\/revisions\/86560"}],"wp:attachment":[{"href":"https:\/\/1875.ch\/fr\/wp-json\/wp\/v2\/media?parent=85737"}],"curies":[{"name":"wp","href":"https:\/\/api.w.org\/{rel}","templated":true}]}}